{"id":670910,"date":"2024-02-04T23:17:04","date_gmt":"2024-02-04T23:17:04","guid":{"rendered":"https:\/\/dev.medandbeauty.com\/product\/damske-lekarske-nohavice-v1-scrubs-basic-khaki\/"},"modified":"2026-02-25T14:13:28","modified_gmt":"2026-02-25T13:13:28","slug":"damske-lekarske-nohavice-v1-scrubs-basic-khaki","status":"publish","type":"product","link":"https:\/\/dev.medandbeauty.com\/sk\/product\/damske-lekarske-nohavice-v1-scrubs-basic-khaki\/","title":{"rendered":"D\u00e1mske lek\u00e1rske nohavice v1 scrubs Basic KHAKI"},"content":{"rendered":"<p style=\"caret-color: #000000; color: #000000;\">H\u013ead\u00e1te pohodln\u00e9 <strong>lek\u00e1rske be\u017eeck\u00e9 nohavice na<\/strong> ka\u017edodenn\u00e9 pou\u017eitie?<\/p>\n<p style=\"caret-color: #000000; color: #000000;\">Na\u0161a str\u00e1nka <a href=\"https:\/\/dev.medandbeauty.com\/sk\/shop\/pre-nu\/zakladna-kolekcia\/\" target=\"_blank\" rel=\"noopener\"><strong>z\u00e1kladn\u00e9 odevy<\/strong><\/a> splnia v\u0161etky va\u0161e o\u010dak\u00e1vania!<\/p>\n<p style=\"caret-color: #000000; color: #000000;\">Ak chcete ma\u0165 zdravotn\u00edcke oble\u010denie z najkvalitnej\u0161\u00edch materi\u00e1lov pre maxim\u00e1lne pohodlie, na\u0161e <strong>z\u00e1kladn\u00e9 zdravotn\u00edcke tepl\u00e1ky v khaki farbe mus\u00edte ma\u0165<\/strong> vo svojom \u0161atn\u00edku.<\/p>\n<p style=\"caret-color: #000000; color: #000000;\"><strong>D\u00e1mske lek\u00e1rske nohavice Scrubs Basic khaki jogger s\u00fa<\/strong> u\u0161it\u00e9 z na dotyk jemnej a na nosenie mimoriadne pr\u00edjemnej tkaniny, ktor\u00e1 zaru\u010duje maxim\u00e1lne pohodlie pri nosen\u00ed a zachovanie pln\u00e9ho rozsahu pohybu. V\u010faka kombin\u00e1cii polyesteru, visk\u00f3zy a lycry sa tkanina dokonale prisp\u00f4sob\u00ed \u017eenskej postave a z\u00e1rove\u0148 je mimoriadne odoln\u00e1 a ve\u013emi priedu\u0161n\u00e1. <\/p>\n<p style=\"caret-color: #000000; color: #000000;\">Stopercentn\u00e9 pohodlie zaru\u010duje mierne zv\u00fd\u0161en\u00fd vrchn\u00fd diel a \u0161irok\u00fd a elastick\u00fd p\u00e1s.<strong>. Zdravotn\u00edcke be\u017eeck\u00e9 nohavice z <a href=\"https:\/\/dev.medandbeauty.com\/sk\/shop\/pre-nu\/zakladna-kolekcia\/\" target=\"_blank\" rel=\"noopener\">kolekcie Med &amp; Beauty Basic<\/a><\/strong>  neobmedzuj\u00fa pohyb ani pri dlhom nosen\u00ed.<\/p>\n<p style=\"caret-color: #000000; color: #000000;\"><strong>Zdravotn\u00edcke be\u017eeck\u00e9 nohavice v khaki farbe sa bud\u00fa <\/strong>hodi\u0165 ku ka\u017ed\u00e9mu oble\u010deniu a \u0161es\u0165 priestrann\u00fdch, praktick\u00fdch a spo\u013eahliv\u00fdch vreciek v\u00e1m umo\u017en\u00ed ma\u0165 v\u0161etky pracovn\u00e9 potreby a n\u00e1stroje po ruke.<\/p>\n<p style=\"caret-color: #000000; color: #000000;\"><strong>D\u00e1mske pracovn\u00e9 nohavice Basic medical joggers<\/strong> sme vybavili \u0161n\u00farkami na stiahnutie v spodnej \u010dasti nohav\u00edc, aby sa nohavice po\u010das intenz\u00edvnej pr\u00e1ce nevy\u0165ahovali.<\/p>\n<p style=\"caret-color: #000000; color: #000000;\">Zostavte si vysn\u00edvan\u00fa <strong>s\u00fapravu lek\u00e1rskeho oble\u010denia<\/strong> tak, \u017ee skombinujete<strong> d\u00e1mske lek\u00e1rske d\u017eogingy v khaki farbe s lek\u00e1rskou <a href=\"https:\/\/dev.medandbeauty.com\/product\/bluzka-medyczna-damska-scrubs-basic-khaki\/\" target=\"_blank\" rel=\"noopener\">bl\u00fazkou z<\/a><\/strong> rovnak\u00e9ho materi\u00e1lu.<\/p>\n<p style=\"caret-color: #000000; color: #000000;\">Vo\u013ene kombinujte farby a vytvorte jedine\u010dn\u00fd vzh\u013ead alebo si vyberte klasick\u00fd a nad\u010dasov\u00fd jednofarebn\u00fd vzh\u013ead.<\/p>\n<ul style=\"caret-color: #000000; color: #000000;\">\n<li>Elastick\u00fd p\u00e1s so \u0161n\u00farkou na stiahnutie<\/li>\n<li><span style=\"font-family: inherit;\">6 praktick\u00fdch a priestrann\u00fdch vreciek<\/span><\/li>\n<li><span style=\"font-family: inherit;\">Bavlnen\u00e9 rebr\u00e1 na noh\u00e1ch<\/span><\/li>\n<li><span style=\"font-family: inherit;\">Obop\u00ednaj\u00faci vzostup<\/span><\/li>\n<\/ul>\n<p style=\"caret-color: #000000; color: #000000;\"><strong> <\/strong><\/p>\n<p style=\"caret-color: #000000; color: #000000;\"><strong>\u010eal\u0161ie inform\u00e1cie:<\/strong><br \/>\nModelky na fotografi\u00e1ch maj\u00fa na sebe ve\u013ekos\u0165 S a s\u00fa vysok\u00e9 170-174 cm.<\/p>\n<p style=\"caret-color: #000000; color: #000000;\">Ak si neviete vybra\u0165 ve\u013ekos\u0165, pozrite si tabu\u013eku ve\u013ekost\u00ed. Ak m\u00e1te \u010fal\u0161ie pochybnosti &#8211; po\u0161lite n\u00e1m svoje miery a my v\u00e1m ju prisp\u00f4sob\u00edme. <\/p>\n<p style=\"caret-color: #000000; color: #000000;\">Farby odevov v <a href=\"https:\/\/dev.medandbeauty.com\/sk\/shop\/pre-nu\/zakladna-kolekcia\/\" target=\"_blank\" rel=\"noopener\">kolekcii Basic<\/a> sa nezhoduj\u00fa s farbami odevov v <a href=\"https:\/\/dev.medandbeauty.com\/sk\/shop\/pre-nu\/kolekcia-premium\/\" target=\"_blank\" rel=\"noopener\">kolekcii Premium<\/a> &#8211; s\u00fa vyroben\u00e9 z r\u00f4znych materi\u00e1lov.<\/p>\n<p style=\"caret-color: #000000; color: #000000;\">Odtiene jednotliv\u00fdch odevov na obr\u00e1zkoch sa m\u00f4\u017eu l\u00ed\u0161i\u0165 od skuto\u010dn\u00fdch &#8211; je to sp\u00f4soben\u00e9 r\u00f4znorodos\u0165ou dostupn\u00fdch elektronick\u00fdch zariaden\u00ed a ich individu\u00e1lnym nastaven\u00edm.<\/p>\n<p>&nbsp;<\/p>\n","protected":false},"excerpt":{"rendered":"<p>H\u013ead\u00e1te pohodln\u00e9 lek\u00e1rske be\u017eeck\u00e9 nohavice na ka\u017edodenn\u00e9 pou\u017eitie? Na\u0161a str\u00e1nka z\u00e1kladn\u00e9 odevy splnia v\u0161etky va\u0161e o\u010dak\u00e1vania! Ak chcete ma\u0165 zdravotn\u00edcke oble\u010denie z najkvalitnej\u0161\u00edch materi\u00e1lov pre maxim\u00e1lne pohodlie, na\u0161e z\u00e1kladn\u00e9 zdravotn\u00edcke tepl\u00e1ky v khaki farbe mus\u00edte ma\u0165 vo svojom \u0161atn\u00edku. D\u00e1mske lek\u00e1rske nohavice Scrubs Basic khaki jogger s\u00fa u\u0161it\u00e9 z na dotyk jemnej a na nosenie [&hellip;]<\/p>\n","protected":false},"featured_media":477286,"comment_status":"open","ping_status":"closed","template":"","meta":{"_acf_changed":false,"inline_featured_image":false},"kolor":[1123],"rodzaj-ubrania":[1082,1095],"ubranie":[1271],"product_brand":[],"product_cat":[1058,1138,2130],"product_tag":[],"class_list":{"0":"post-670910","1":"product","2":"type-product","3":"status-publish","4":"has-post-thumbnail","6":"kolor-zeleni","7":"rodzaj-ubrania-kroviny","8":"rodzaj-ubrania-lekarske-nohavice","9":"ubranie-damske-lekarske-nohavice-jogger-v1-basic-outlet","10":"product_cat-pre-nu","11":"product_cat-vystup","12":"product_cat-zimny-predaj","14":"first","15":"instock","16":"sale","17":"taxable","18":"shipping-taxable","19":"purchasable","20":"product-type-variable"},"acf":[],"_links":{"self":[{"href":"https:\/\/dev.medandbeauty.com\/sk\/wp-json\/wp\/v2\/product\/670910","targetHints":{"allow":["GET"]}}],"collection":[{"href":"https:\/\/dev.medandbeauty.com\/sk\/wp-json\/wp\/v2\/product"}],"about":[{"href":"https:\/\/dev.medandbeauty.com\/sk\/wp-json\/wp\/v2\/types\/product"}],"replies":[{"embeddable":true,"href":"https:\/\/dev.medandbeauty.com\/sk\/wp-json\/wp\/v2\/comments?post=670910"}],"wp:featuredmedia":[{"embeddable":true,"href":"https:\/\/dev.medandbeauty.com\/sk\/wp-json\/wp\/v2\/media\/477286"}],"wp:attachment":[{"href":"https:\/\/dev.medandbeauty.com\/sk\/wp-json\/wp\/v2\/media?parent=670910"}],"wp:term":[{"taxonomy":"kolor","embeddable":true,"href":"https:\/\/dev.medandbeauty.com\/sk\/wp-json\/wp\/v2\/kolor?post=670910"},{"taxonomy":"rodzaj-ubrania","embeddable":true,"href":"https:\/\/dev.medandbeauty.com\/sk\/wp-json\/wp\/v2\/rodzaj-ubrania?post=670910"},{"taxonomy":"ubranie","embeddable":true,"href":"https:\/\/dev.medandbeauty.com\/sk\/wp-json\/wp\/v2\/ubranie?post=670910"},{"taxonomy":"product_brand","embeddable":true,"href":"https:\/\/dev.medandbeauty.com\/sk\/wp-json\/wp\/v2\/product_brand?post=670910"},{"taxonomy":"product_cat","embeddable":true,"href":"https:\/\/dev.medandbeauty.com\/sk\/wp-json\/wp\/v2\/product_cat?post=670910"},{"taxonomy":"product_tag","embeddable":true,"href":"https:\/\/dev.medandbeauty.com\/sk\/wp-json\/wp\/v2\/product_tag?post=670910"}],"curies":[{"name":"wp","href":"https:\/\/api.w.org\/{rel}","templated":true}]}}