{"id":559169,"date":"2025-10-13T14:38:46","date_gmt":"2025-10-13T12:38:46","guid":{"rendered":"https:\/\/dev.medandbeauty.com\/product\/damsky-lekarsky-fleecovy-top-latte-2\/"},"modified":"2026-02-02T11:49:27","modified_gmt":"2026-02-02T10:49:27","slug":"damsky-lekarsky-fleecovy-top-latte-2","status":"publish","type":"product","link":"https:\/\/dev.medandbeauty.com\/sk\/product\/damsky-lekarsky-fleecovy-top-latte-2\/","title":{"rendered":"D\u00e1msky lek\u00e1rsky fleecov\u00fd top LATTE"},"content":{"rendered":"<h2>Lek\u00e1rska fleecov\u00e1 mikina &#8211; pohodln\u00e1 na nosenie<\/h2>\n<p>Objavte n\u00e1\u0161 najnov\u0161\u00ed hit &#8211; klasick\u00e9 a spo\u013eahliv\u00e9 lek\u00e1rske fleecov\u00e9 mikiny, ktor\u00e9 v\u00e1s po\u010das chladnej\u0161\u00edch dn\u00ed udr\u017eia v teple a maxim\u00e1lnom pohodl\u00ed.<\/p>\n<p>D\u00e1mska zdravotn\u00e1 fleecov\u00e1 mikina vo farbe LATTE je vyroben\u00e1 zo 100 % recyklovan\u00e9ho polyesteru od renomovanej spolo\u010dnosti POLARTEC.<\/p>\n<p><strong>D\u00e1mska zdravotn\u00e1 fleecov\u00e1 mikina m\u00e1 certifik\u00e1ty OEKO-TEX a Bluesign.<\/strong><\/p>\n<p><strong>Polartec 200<\/strong> je jednou z l\u00edni\u00ed tkan\u00edn spolo\u010dnosti POLARTEC, ktor\u00e1 <strong>sa \u0161pecializuje na v\u00fdrobu najkvalitnej\u0161ieho outdoorov\u00e9ho a technick\u00e9ho oble\u010denia.<\/strong><\/p>\n<p>R\u00fano, z ktor\u00e9ho s\u00fa vyroben\u00e9 na\u0161e lek\u00e1rske mikiny, je <strong>materi\u00e1l s gram\u00e1\u017eou 250 g\/m2 (gramov na meter \u0161tvorcov\u00fd)<\/strong>, \u010do z neho rob\u00ed ide\u00e1lny materi\u00e1l pre lek\u00e1rsky a kozmetick\u00fd priemysel.<\/p>\n<p>Tkanina m\u00e1 stredn\u00fa hr\u00fabku, tak\u017ee poskytuje vynikaj\u00facu tepeln\u00fa izol\u00e1ciu pri n\u00edzkej hmotnosti a zaru\u010duje aj r\u00fdchle schnutie.<\/p>\n<p>Zdravotn\u00edcka mikina je u\u0161it\u00e1 z priedu\u0161n\u00e9ho materi\u00e1lu, \u010do znamen\u00e1, \u017ee odv\u00e1dza vlhkos\u0165 od tela a udr\u017euje v\u00e1s v pohodl\u00ed po\u010das intenz\u00edvnej pr\u00e1ce.<\/p>\n<p>Tkanina je <strong>ve\u013emi odoln\u00e1, mimoriadne m\u00e4kk\u00e1 a v\u00fdnimo\u010dne pr\u00edjemn\u00e1 na dotyk, ako aj mimoriadne odoln\u00e1 vo\u010di \u017emolkovaniu.<\/strong><\/p>\n<h2><strong>Tepl\u00e1 lek\u00e1rska mikina &#8211; ide\u00e1lna na ka\u017ed\u00e9 pracovisko<\/strong><\/h2>\n<p>Po prvom pran\u00ed z\u00edska vn\u00fatorn\u00e1 strana r\u00fana pr\u00edjemne nad\u00fdchan\u00fd efekt, pripom\u00ednaj\u00faci m\u00e4kk\u00e9ho &#8222;bar\u00e1nka&#8220;.<\/p>\n<p>V\u010faka tomu je materi\u00e1l e\u0161te m\u00e4k\u0161\u00ed a pohodlnej\u0161\u00ed na nosenie.<\/p>\n<p>D\u00e1mska lek\u00e1rska fleecov\u00e1 mikina sa prisp\u00f4sob\u00ed ka\u017ed\u00e9mu typu postavy, neobmedzuje v pohybe a, \u010do je pri lek\u00e1rskych mikin\u00e1ch obzvl\u00e1\u0161\u0165 d\u00f4le\u017eit\u00e9, je ve\u013emi tepl\u00e1.<\/p>\n<p>Tepl\u00e1 lek\u00e1rska mikina je vybaven\u00e1 dvoma hlbok\u00fdmi predn\u00fdmi vreckami na ulo\u017eenie v\u0161etk\u00e9ho pr\u00edslu\u0161enstva potrebn\u00e9ho pri pr\u00e1ci.<\/p>\n<p>V\u010faka pohodln\u00e9mu zipsu po celej d\u013a\u017eke a praktick\u00fdm \u0161n\u00farkam s\u00fa <a href=\"https:\/\/dev.medandbeauty.com\/sk\/shop\/pre-nu\/zakladna-kolekcia\/lekarske-bluzky-sk-2\/\">d\u00e1mske lek\u00e1rske fleecov\u00e9 mikiny<\/a> vysoko funk\u010dn\u00e9.<\/p>\n<p>Na ruk\u00e1ve a hrudi s\u00fa decentn\u00e9 log\u00e1 vo farbe mikiny.<\/p>\n<p>Kombinujte <strong>lek\u00e1rsku fleecov\u00fa mikinu s <\/strong> <strong>lek\u00e1rskou bl\u00fazkou s dvoma vreckami, lek\u00e1rskou bl\u00fazkou s jedn\u00fdm vreckom, lek\u00e1rskymi<\/strong> <strong>be\u017eeck\u00fdmi nohavicami alebo klasick\u00fdmi <\/strong>rovn\u00fdmi <strong>lek\u00e1rskymi nohavicami v rovnakej farbe<\/strong> alebo si vyberte in\u00fd odtie\u0148 z mnoh\u00fdch dostupn\u00fdch v <a href=\"https:\/\/dev.medandbeauty.com\/sk\/shop\/pre-nu\/zakladna-kolekcia\/\" target=\"_blank\" rel=\"noopener\"><strong>kolekcie<\/strong> <strong>Med &amp; Beauty Basic<\/strong><\/a>.<\/p>\n<p>Zabezpe\u010dte si maxim\u00e1lne pohodlie a profesion\u00e1lny vzh\u013ead v pr\u00e1ci so <strong>zdravotn\u00edckymi <\/strong><strong> mikinami<\/strong> <strong>Med &amp; Beauty <\/strong><strong>.<\/strong>  <\/p>\n<p>Na\u0161a lek\u00e1rska mikina m\u00e1:<\/p>\n<ul>\n<li>certifikovan\u00fd materi\u00e1l,<\/li>\n<li>dve hlbok\u00e9 predn\u00e9 vreck\u00e1,<\/li>\n<li>vysok\u00fd golier, ktor\u00fd v\u00e1s udr\u017e\u00ed v teple po\u010das chladnej\u0161\u00edch dn\u00ed,<\/li>\n<li>pohodln\u00fd zips po celej d\u013a\u017eke,<\/li>\n<li>praktick\u00e9 \u0161r\u00e1my.<\/li>\n<\/ul>\n<h2>D\u00e1mska lek\u00e1rska fleecov\u00e1 mikina &#8211; ve\u013ekosti<\/h2>\n<p><strong>\u010eal\u0161ie inform\u00e1cie: Modelky<\/strong> na fotografi\u00e1ch maj\u00fa na sebe lek\u00e1rsku mikinu ve\u013ekosti S a s\u00fa vysok\u00e9 170-174 cm.<\/p>\n<p>Ak si neviete vybra\u0165 ve\u013ekos\u0165, pozrite si tabu\u013eku ve\u013ekost\u00ed. Ak ste st\u00e1le na pochyb\u00e1ch &#8211; po\u0161lite n\u00e1m svoje miery a my v\u00e1m <a href=\"https:\/\/dev.medandbeauty.com\/sk\/rodzaj-ubrania\/lekarske-bluzky-sk\/\">lek\u00e1rske fleecov\u00e9 mikiny<\/a> prisp\u00f4sob\u00edme. <\/p>\n<p>Farby odevov v <a href=\"https:\/\/dev.medandbeauty.com\/sk\/shop\/pre-nu\/zakladna-kolekcia\/\" target=\"_blank\" rel=\"noopener\">kolekcii Basic<\/a> sa nezhoduj\u00fa s farbami odevov v<a href=\"https:\/\/dev.medandbeauty.com\/sk\/shop\/pre-nu\/kolekcia-premium\/\" target=\"_blank\" rel=\"noopener\"> kolekcii Premium<\/a> &#8211; s\u00fa vyroben\u00e9 z r\u00f4znych materi\u00e1lov.<\/p>\n<p>Odtiene jednotliv\u00fdch odevov na obr\u00e1zkoch sa m\u00f4\u017eu l\u00ed\u0161i\u0165 od skuto\u010dn\u00fdch &#8211; je to sp\u00f4soben\u00e9 r\u00f4znorodos\u0165ou dostupn\u00fdch elektronick\u00fdch zariaden\u00ed a ich individu\u00e1lnym nastaven\u00edm.<\/p>\n<p><a href=\"https:\/\/dev.medandbeauty.com\/sk\/\">Obchod so zdravotn\u00edckym oble\u010den\u00edm<\/a> Med&amp;Beauty pon\u00faka kvalitn\u00e9 <a href=\"https:\/\/dev.medandbeauty.com\/sk\/shop\/pre-nu\/\">d\u00e1mske zdravotn\u00edcke oble\u010denie.<\/a><\/p>\n<p>Odpor\u00fa\u010dame v\u00e1m zad\u00e1va\u0165 objedn\u00e1vky.<\/p>\n","protected":false},"excerpt":{"rendered":"<p>Lek\u00e1rska fleecov\u00e1 mikina &#8211; pohodln\u00e1 na nosenie Objavte n\u00e1\u0161 najnov\u0161\u00ed hit &#8211; klasick\u00e9 a spo\u013eahliv\u00e9 lek\u00e1rske fleecov\u00e9 mikiny, ktor\u00e9 v\u00e1s po\u010das chladnej\u0161\u00edch dn\u00ed udr\u017eia v teple a maxim\u00e1lnom pohodl\u00ed. D\u00e1mska zdravotn\u00e1 fleecov\u00e1 mikina vo farbe LATTE je vyroben\u00e1 zo 100 % recyklovan\u00e9ho polyesteru od renomovanej spolo\u010dnosti POLARTEC. D\u00e1mska zdravotn\u00e1 fleecov\u00e1 mikina m\u00e1 certifik\u00e1ty OEKO-TEX a [&hellip;]<\/p>\n","protected":false},"featured_media":679231,"comment_status":"open","ping_status":"closed","template":"","meta":{"_acf_changed":false,"inline_featured_image":false},"kolor":[1057],"rodzaj-ubrania":[1152],"ubranie":[1192],"product_brand":[],"product_cat":[1191,1058,1079],"product_tag":[],"class_list":{"0":"post-559169","1":"product","2":"type-product","3":"status-publish","4":"has-post-thumbnail","6":"kolor-beiges-sk","7":"rodzaj-ubrania-lekarske-bluzky-sk","8":"ubranie-damska-lekarska-fleecova-bluzka-basic","9":"product_cat-lekarske-bluzky-sk-2","10":"product_cat-pre-nu","11":"product_cat-zakladna-kolekcia","13":"first","14":"instock","15":"taxable","16":"shipping-taxable","17":"purchasable","18":"product-type-variable"},"acf":[],"_links":{"self":[{"href":"https:\/\/dev.medandbeauty.com\/sk\/wp-json\/wp\/v2\/product\/559169","targetHints":{"allow":["GET"]}}],"collection":[{"href":"https:\/\/dev.medandbeauty.com\/sk\/wp-json\/wp\/v2\/product"}],"about":[{"href":"https:\/\/dev.medandbeauty.com\/sk\/wp-json\/wp\/v2\/types\/product"}],"replies":[{"embeddable":true,"href":"https:\/\/dev.medandbeauty.com\/sk\/wp-json\/wp\/v2\/comments?post=559169"}],"wp:featuredmedia":[{"embeddable":true,"href":"https:\/\/dev.medandbeauty.com\/sk\/wp-json\/wp\/v2\/media\/679231"}],"wp:attachment":[{"href":"https:\/\/dev.medandbeauty.com\/sk\/wp-json\/wp\/v2\/media?parent=559169"}],"wp:term":[{"taxonomy":"kolor","embeddable":true,"href":"https:\/\/dev.medandbeauty.com\/sk\/wp-json\/wp\/v2\/kolor?post=559169"},{"taxonomy":"rodzaj-ubrania","embeddable":true,"href":"https:\/\/dev.medandbeauty.com\/sk\/wp-json\/wp\/v2\/rodzaj-ubrania?post=559169"},{"taxonomy":"ubranie","embeddable":true,"href":"https:\/\/dev.medandbeauty.com\/sk\/wp-json\/wp\/v2\/ubranie?post=559169"},{"taxonomy":"product_brand","embeddable":true,"href":"https:\/\/dev.medandbeauty.com\/sk\/wp-json\/wp\/v2\/product_brand?post=559169"},{"taxonomy":"product_cat","embeddable":true,"href":"https:\/\/dev.medandbeauty.com\/sk\/wp-json\/wp\/v2\/product_cat?post=559169"},{"taxonomy":"product_tag","embeddable":true,"href":"https:\/\/dev.medandbeauty.com\/sk\/wp-json\/wp\/v2\/product_tag?post=559169"}],"curies":[{"name":"wp","href":"https:\/\/api.w.org\/{rel}","templated":true}]}}