{"id":434981,"date":"2024-02-04T23:26:43","date_gmt":"2024-02-04T23:26:43","guid":{"rendered":"https:\/\/dev.medandbeauty.com\/product\/damske-lekarske-nohavice-v1-scrubs-basic-magic-violet-outlet\/"},"modified":"2026-02-25T14:17:51","modified_gmt":"2026-02-25T13:17:51","slug":"damske-lekarske-nohavice-v1-scrubs-basic-magic-violet-outlet","status":"publish","type":"product","link":"https:\/\/dev.medandbeauty.com\/sk\/product\/damske-lekarske-nohavice-v1-scrubs-basic-magic-violet-outlet\/","title":{"rendered":"D\u00e1mske lek\u00e1rske nohavice v1 scrubs Basic MAGIC VIOLET"},"content":{"rendered":"<p style=\"caret-color: #000000; color: #000000;\">H\u013ead\u00e1te dokonal\u00e9 a najpohodlnej\u0161ie <strong>lek\u00e1rske be\u017eeck\u00e9 nohavice na<\/strong> ka\u017edodenn\u00e9 nosenie?<\/p>\n<p style=\"caret-color: #000000; color: #000000;\">Na\u0161a str\u00e1nka <a href=\"https:\/\/dev.medandbeauty.com\/sk\/shop\/pre-nu\/zakladna-kolekcia\/\" target=\"_blank\" rel=\"noopener\"><strong>z\u00e1kladn\u00e9 odevy<\/strong><\/a> splnia v\u0161etky va\u0161e o\u010dak\u00e1vania!<\/p>\n<p><span style=\"color: #000000;\"><span style=\"caret-color: #000000;\">Ak chcete zdravotn\u00edcke oble\u010denie z najkvalitnej\u0161\u00edch materi\u00e1lov pre maxim\u00e1lne pohodlie &#8211; na\u0161e <\/span><\/span><strong><span style=\"color: #000000;\"><span style=\"caret-color: #000000;\">Z\u00e1kladn\u00e9 lek\u00e1rske be\u017eeck\u00e9 nohavice v matnej magickej fialovej farbe<\/span><\/span><\/strong><span style=\"color: #000000;\"><span style=\"caret-color: #000000;\"> nesm\u00fa ch\u00fdba\u0165 vo va\u0161om \u0161atn\u00edku.<\/span><\/span><\/p>\n<p><strong><span style=\"color: #000000;\"><span style=\"caret-color: #000000;\">D\u00e1mske lek\u00e1rske nohavice jogger scrubs basic magic violet<\/span><\/span><\/strong><span style=\"color: #000000;\"><span style=\"caret-color: #000000;\">  s\u00fa u\u0161it\u00e9 z na dotyk jemnej a na nosenie mimoriadne pr\u00edjemnej tkaniny, ktor\u00e1 poskytuje maxim\u00e1lne pohodlie pri nosen\u00ed a zachovan\u00ed pln\u00e9ho rozsahu pohybu. Kombin\u00e1cia polyesteru, visk\u00f3zy a lycry znamen\u00e1, \u017ee tkanina sa dokonale prisp\u00f4sob\u00ed \u017eenskej siluete, je mimoriadne odoln\u00e1 a ve\u013emi priedu\u0161n\u00e1. <\/span><\/span><\/p>\n<p style=\"caret-color: #000000; color: #000000;\">Stopercentn\u00e9 pohodlie v\u00e1m zaru\u010d\u00ed jemne vyv\u00fd\u0161en\u00fd vrchn\u00fd diel a \u0161irok\u00fd a elastick\u00fd p\u00e1s.<strong> Zdravotn\u00e9 be\u017eeck\u00e9 nohavice Med &amp; Beauty<\/strong> neobmedzuj\u00fa v pohybe ani pri dlhom nosen\u00ed.<\/p>\n<p><strong><span style=\"color: #000000;\"><span style=\"caret-color: #000000;\">Zdravotn\u00edcke be\u017eeck\u00e9 nohavice v magickej fialovej farbe <\/span><\/span><\/strong><span style=\"color: #000000;\"><span style=\"caret-color: #000000;\">V\u010faka \u0161iestim priestrann\u00fdm a praktick\u00fdm vreck\u00e1m budete ma\u0165 v\u0161etky pracovn\u00e9 potreby a n\u00e1stroje v\u017edy po ruke.<\/span><\/span><\/p>\n<p style=\"caret-color: #000000; color: #000000;\"><strong>D\u00e1mske pracovn\u00e9 nohavice Basic medical joggers<\/strong> sme vybavili \u0161n\u00farkami na stiahnutie v spodnej \u010dasti nohav\u00edc, aby sa nohavice po\u010das intenz\u00edvnej pr\u00e1ce nevy\u0165ahovali.<\/p>\n<p><span style=\"color: #000000;\"><span style=\"caret-color: #000000;\">Zostavte si sadu snov <\/span><\/span><strong style=\"caret-color: #000000; color: #000000;\">zdravotn\u00edckeho oble\u010denia<\/strong><span style=\"color: #000000;\"><span style=\"caret-color: #000000;\">zladen\u00edm<\/span><\/span><strong><span style=\"color: #000000;\"><span style=\"caret-color: #000000;\"> d\u00e1mskych lek\u00e1rskych be\u017eeck\u00fdch nohav\u00edc magic violet s <a href=\"https:\/\/dev.medandbeauty.com\/product\/bluzka-medyczna-damska-scrubs-basic-magic-violet\/\" target=\"_blank\" rel=\"noopener\">lek\u00e1rskou bl\u00fazkou<\/a><\/span><\/span><\/strong><span style=\"color: #000000;\"><span style=\"caret-color: #000000;\"> z rovnak\u00e9ho materi\u00e1lu.<\/span><\/span><\/p>\n<p style=\"caret-color: #000000; color: #000000;\">Vo\u013ene kombinujte farby a vytv\u00e1rajte jedine\u010dn\u00e9 vzh\u013eady alebo sa rozhodnite pre klasick\u00fd a nad\u010dasov\u00fd jednofarebn\u00fd vzh\u013ead.<\/p>\n<ul style=\"caret-color: #000000; color: #000000;\">\n<li>Elastick\u00fd p\u00e1s so \u0161n\u00farkou na stiahnutie<\/li>\n<li><span style=\"font-family: inherit;\">6 praktick\u00fdch a priestrann\u00fdch vreciek<\/span><\/li>\n<li><span style=\"font-family: inherit;\">Bavlnen\u00e9 rebr\u00e1 na noh\u00e1ch<\/span><\/li>\n<li><span style=\"font-family: inherit;\">Obop\u00ednaj\u00faci vzostup<\/span><\/li>\n<\/ul>\n<p style=\"caret-color: #000000; color: #000000;\"><strong> <\/strong><\/p>\n<p style=\"caret-color: #000000; color: #000000;\"><strong>\u010eal\u0161ie inform\u00e1cie:<\/strong><br \/>\nModelky na fotografi\u00e1ch maj\u00fa na sebe ve\u013ekos\u0165 S a s\u00fa vysok\u00e9 170-174 cm.<\/p>\n<p style=\"caret-color: #000000; color: #000000;\">Ak si neviete vybra\u0165 ve\u013ekos\u0165, pozrite si tabu\u013eku ve\u013ekost\u00ed. Ak m\u00e1te \u010fal\u0161ie pochybnosti &#8211; po\u0161lite n\u00e1m svoje miery a my v\u00e1m ju prisp\u00f4sob\u00edme. <\/p>\n<p style=\"caret-color: #000000; color: #000000;\">Farby odevov v <a href=\"https:\/\/dev.medandbeauty.com\/sk\/shop\/pre-nu\/zakladna-kolekcia\/\" target=\"_blank\" rel=\"noopener\">kolekcii Basic<\/a> sa nezhoduj\u00fa s farbami odevov v <a href=\"https:\/\/dev.medandbeauty.com\/sk\/shop\/pre-nu\/kolekcia-premium\/\" target=\"_blank\" rel=\"noopener\">kolekcii Premium<\/a> &#8211; s\u00fa vyroben\u00e9 z r\u00f4znych materi\u00e1lov.<\/p>\n<p style=\"caret-color: #000000; color: #000000;\">Odtiene jednotliv\u00fdch odevov na obr\u00e1zkoch sa m\u00f4\u017eu l\u00ed\u0161i\u0165 od skuto\u010dn\u00fdch &#8211; je to sp\u00f4soben\u00e9 r\u00f4znorodos\u0165ou dostupn\u00fdch elektronick\u00fdch zariaden\u00ed a ich individu\u00e1lnym nastaven\u00edm.<\/p>\n<p>&nbsp;<\/p>\n","protected":false},"excerpt":{"rendered":"<p>H\u013ead\u00e1te dokonal\u00e9 a najpohodlnej\u0161ie lek\u00e1rske be\u017eeck\u00e9 nohavice na ka\u017edodenn\u00e9 nosenie? Na\u0161a str\u00e1nka z\u00e1kladn\u00e9 odevy splnia v\u0161etky va\u0161e o\u010dak\u00e1vania! Ak chcete zdravotn\u00edcke oble\u010denie z najkvalitnej\u0161\u00edch materi\u00e1lov pre maxim\u00e1lne pohodlie &#8211; na\u0161e Z\u00e1kladn\u00e9 lek\u00e1rske be\u017eeck\u00e9 nohavice v matnej magickej fialovej farbe nesm\u00fa ch\u00fdba\u0165 vo va\u0161om \u0161atn\u00edku. D\u00e1mske lek\u00e1rske nohavice jogger scrubs basic magic violet s\u00fa u\u0161it\u00e9 z [&hellip;]<\/p>\n","protected":false},"featured_media":434983,"comment_status":"open","ping_status":"closed","template":"","meta":{"_acf_changed":false,"inline_featured_image":false},"kolor":[1185],"rodzaj-ubrania":[1082,1095],"ubranie":[1271],"product_brand":[],"product_cat":[1058,1138,2130],"product_tag":[],"class_list":{"0":"post-434981","1":"product","2":"type-product","3":"status-publish","4":"has-post-thumbnail","6":"kolor-fialky","7":"rodzaj-ubrania-kroviny","8":"rodzaj-ubrania-lekarske-nohavice","9":"ubranie-damske-lekarske-nohavice-jogger-v1-basic-outlet","10":"product_cat-pre-nu","11":"product_cat-vystup","12":"product_cat-zimny-predaj","14":"first","15":"instock","16":"sale","17":"taxable","18":"shipping-taxable","19":"purchasable","20":"product-type-variable"},"acf":[],"_links":{"self":[{"href":"https:\/\/dev.medandbeauty.com\/sk\/wp-json\/wp\/v2\/product\/434981","targetHints":{"allow":["GET"]}}],"collection":[{"href":"https:\/\/dev.medandbeauty.com\/sk\/wp-json\/wp\/v2\/product"}],"about":[{"href":"https:\/\/dev.medandbeauty.com\/sk\/wp-json\/wp\/v2\/types\/product"}],"replies":[{"embeddable":true,"href":"https:\/\/dev.medandbeauty.com\/sk\/wp-json\/wp\/v2\/comments?post=434981"}],"wp:featuredmedia":[{"embeddable":true,"href":"https:\/\/dev.medandbeauty.com\/sk\/wp-json\/wp\/v2\/media\/434983"}],"wp:attachment":[{"href":"https:\/\/dev.medandbeauty.com\/sk\/wp-json\/wp\/v2\/media?parent=434981"}],"wp:term":[{"taxonomy":"kolor","embeddable":true,"href":"https:\/\/dev.medandbeauty.com\/sk\/wp-json\/wp\/v2\/kolor?post=434981"},{"taxonomy":"rodzaj-ubrania","embeddable":true,"href":"https:\/\/dev.medandbeauty.com\/sk\/wp-json\/wp\/v2\/rodzaj-ubrania?post=434981"},{"taxonomy":"ubranie","embeddable":true,"href":"https:\/\/dev.medandbeauty.com\/sk\/wp-json\/wp\/v2\/ubranie?post=434981"},{"taxonomy":"product_brand","embeddable":true,"href":"https:\/\/dev.medandbeauty.com\/sk\/wp-json\/wp\/v2\/product_brand?post=434981"},{"taxonomy":"product_cat","embeddable":true,"href":"https:\/\/dev.medandbeauty.com\/sk\/wp-json\/wp\/v2\/product_cat?post=434981"},{"taxonomy":"product_tag","embeddable":true,"href":"https:\/\/dev.medandbeauty.com\/sk\/wp-json\/wp\/v2\/product_tag?post=434981"}],"curies":[{"name":"wp","href":"https:\/\/api.w.org\/{rel}","templated":true}]}}