{"id":431475,"date":"2025-05-29T10:25:40","date_gmt":"2025-05-29T08:25:40","guid":{"rendered":"https:\/\/dev.medandbeauty.com\/?post_type=product&#038;p=431475"},"modified":"2025-12-23T11:13:49","modified_gmt":"2025-12-23T10:13:49","slug":"damsky-lekarsky-plast-lab-premium","status":"publish","type":"product","link":"https:\/\/dev.medandbeauty.com\/sk\/product\/damsky-lekarsky-plast-lab-premium\/","title":{"rendered":"D\u00e1msky lek\u00e1rsky pl\u00e1\u0161\u0165 LAB Premium"},"content":{"rendered":"<p><strong>Biela lek\u00e1rska z\u00e1stera LAB Premium<\/strong> je dokonal\u00fdm modelom lek\u00e1rskej uniformy pre v\u0161etky \u017eeny pracuj\u00face v zdravotn\u00edctve a kozmetike, ktor\u00e9 oce\u0148uj\u00fa klasick\u00e9 a minimalistick\u00e9 strihy.<\/p>\n<p><strong>Biela lek\u00e1rska z\u00e1stera LAB Premium<\/strong> je vyroben\u00e1 zo zmesi najkvalitnej\u0161ej bavlny, nylonu a lycry.<\/p>\n<p>V\u010faka tejto kombin\u00e1cii vl\u00e1kien v tkanine <a href=\"https:\/\/dev.medandbeauty.com\/sk\/shop\/pre-nu\/kolekcia-premium\/\" target=\"_blank\" rel=\"noopener\"><strong>Med &amp; Beauty Pr\u00e9miov\u00e9 zdravotn\u00edcke oble\u010denie <\/strong><\/a>je priedu\u0161n\u00fd, dokonale sa prisp\u00f4sob\u00ed ka\u017ed\u00e9mu typu \u017eenskej postavy a zaru\u010duje pln\u00e9 pohodlie po\u010das dlh\u00fdch hod\u00edn v pr\u00e1ci.<\/p>\n<p>V\u0161etky modely vrchn\u00fdch <strong>zdravotn\u00edckych odevov<\/strong> od spolo\u010dnosti <strong>Med &amp; Beauty<\/strong> s\u00fa vybaven\u00e9 praktick\u00fdmi a priestrann\u00fdmi vreckami, ktor\u00e9 v\u00e1m umo\u017enia ulo\u017ei\u0165 v\u0161etky drobnosti, ktor\u00e9 chcete ma\u0165 po ruke.<\/p>\n<p>Hlavn\u00fdmi prednos\u0165ami <strong>bielej lek\u00e1rskej z\u00e1stery LAB<\/strong> z pr\u00e9miovej kolekcie s\u00fa dlh\u00e9 rovn\u00e9 ruk\u00e1vy, d\u013a\u017eka, ktor\u00e1 dokonale sed\u00ed na postave, a pohodln\u00e9 zap\u00ednanie na gomb\u00edky.<\/p>\n<p>V <strong>Med &amp; Beauty<\/strong> sa zameriavame nielen na pohodlie pri nosen\u00ed, ale aj na estetick\u00fd a profesion\u00e1lny vzh\u013ead. <strong>Biela lek\u00e1rska z\u00e1stera LAB Premium<\/strong> m\u00e1 \u00fazky strih, ktor\u00fd dokonale zv\u00fdrazn\u00ed v\u0161etky prednosti \u017eenskej postavy, a klasick\u00fd, elegantn\u00fd v\u00fdstrih.<\/p>\n<p><strong>Biely lek\u00e1rsky pl\u00e1\u0161\u0165 LAB Premium<\/strong> vyzer\u00e1 skvele s <a href=\"https:\/\/dev.medandbeauty.com\/produkt\/spodnie-medyczne-damskie-przylegajace-premium-biale\/\" target=\"_blank\" rel=\"noopener\"><strong>zodpovedaj\u00facimi lek\u00e1rskymi nohavicami<\/strong><\/a>ktor\u00e9 s\u00fa vyroben\u00e9 z rovnak\u00e9ho materi\u00e1lu.<\/p>\n<p>Zla\u010fte <strong>lek\u00e1rske nohavice<\/strong> s rovnakou bielou farbou alebo s \u013eubovo\u013en\u00fdm odtie\u0148om z mnoh\u00fdch dostupn\u00fdch v na\u0161ej ponuke.<\/p>\n<ul>\n<li>Elegantn\u00fd golier<\/li>\n<li><span style=\"font-family: inherit;\">Kr\u00e1tky, \u0161t\u00edhly strih<\/span><\/li>\n<li><span style=\"font-family: inherit;\">\u0160tyri priestrann\u00e9 vreck\u00e1 &#8211; jedno na hrudi, dve na boku a jedno skryt\u00e9 vn\u00fatri<\/span><\/li>\n<li><span style=\"font-family: inherit;\">Dlh\u00fd ruk\u00e1v a zap\u00ednanie na gomb\u00edky<\/span><\/li>\n<li><span style=\"font-family: inherit;\">Mo\u017eno personalizova\u0165 v\u00fd\u0161ivkou<\/span><\/li>\n<\/ul>\n<p>&nbsp;<\/p>\n<p><strong>\u010eal\u0161ie inform\u00e1cie:<\/strong><br \/>\nModelky na fotografi\u00e1ch maj\u00fa na sebe ve\u013ekos\u0165 S a s\u00fa vysok\u00e9 170-174 cm.<\/p>\n<p>Ak si neviete vybra\u0165 ve\u013ekos\u0165, pozrite si tabu\u013eku ve\u013ekost\u00ed. Ak m\u00e1te \u010fal\u0161ie pochybnosti &#8211; po\u0161lite n\u00e1m svoje miery a my v\u00e1m ju prisp\u00f4sob\u00edme. <\/p>\n<p>Farby odevov v <a href=\"https:\/\/dev.medandbeauty.com\/sk\/shop\/pre-nu\/kolekcia-premium\/\" target=\"_blank\" rel=\"noopener\">kolekcii Premium<\/a> sa nezhoduj\u00fa s farbami odevov v <a href=\"https:\/\/dev.medandbeauty.com\/sk\/shop\/pre-nu\/zakladna-kolekcia\/\" target=\"_blank\" rel=\"noopener\">kolekcii Basic<\/a> &#8211; s\u00fa vyroben\u00e9 z in\u00fdch materi\u00e1lov.<\/p>\n<p>Odtiene jednotliv\u00fdch odevov na obr\u00e1zkoch sa m\u00f4\u017eu l\u00ed\u0161i\u0165 od skuto\u010dn\u00fdch &#8211; je to sp\u00f4soben\u00e9 r\u00f4znorodos\u0165ou dostupn\u00fdch elektronick\u00fdch zariaden\u00ed a ich individu\u00e1lnym nastaven\u00edm.<\/p>\n","protected":false},"excerpt":{"rendered":"<p>Biela lek\u00e1rska z\u00e1stera LAB Premium je dokonal\u00fdm modelom lek\u00e1rskej uniformy pre v\u0161etky \u017eeny pracuj\u00face v zdravotn\u00edctve a kozmetike, ktor\u00e9 oce\u0148uj\u00fa klasick\u00e9 a minimalistick\u00e9 strihy. Biela lek\u00e1rska z\u00e1stera LAB Premium je vyroben\u00e1 zo zmesi najkvalitnej\u0161ej bavlny, nylonu a lycry. V\u010faka tejto kombin\u00e1cii vl\u00e1kien v tkanine Med &amp; Beauty Pr\u00e9miov\u00e9 zdravotn\u00edcke oble\u010denie je priedu\u0161n\u00fd, dokonale sa prisp\u00f4sob\u00ed [&hellip;]<\/p>\n","protected":false},"featured_media":440944,"comment_status":"open","ping_status":"closed","template":"","meta":{"_acf_changed":false,"inline_featured_image":false},"kolor":[1065],"rodzaj-ubrania":[1315],"ubranie":[1518],"product_brand":[],"product_cat":[1175,1314,1058],"product_tag":[],"class_list":{"0":"post-431475","1":"product","2":"type-product","3":"status-publish","4":"has-post-thumbnail","6":"kolor-biela","7":"rodzaj-ubrania-lekarske-plaste","8":"ubranie-damsky-lekarsky-plast-lab-premium-sk","9":"product_cat-kolekcia-premium","10":"product_cat-lekarske-plaste","11":"product_cat-pre-nu","13":"first","14":"instock","15":"taxable","16":"shipping-taxable","17":"purchasable","18":"product-type-variable"},"acf":[],"_links":{"self":[{"href":"https:\/\/dev.medandbeauty.com\/sk\/wp-json\/wp\/v2\/product\/431475","targetHints":{"allow":["GET"]}}],"collection":[{"href":"https:\/\/dev.medandbeauty.com\/sk\/wp-json\/wp\/v2\/product"}],"about":[{"href":"https:\/\/dev.medandbeauty.com\/sk\/wp-json\/wp\/v2\/types\/product"}],"replies":[{"embeddable":true,"href":"https:\/\/dev.medandbeauty.com\/sk\/wp-json\/wp\/v2\/comments?post=431475"}],"wp:featuredmedia":[{"embeddable":true,"href":"https:\/\/dev.medandbeauty.com\/sk\/wp-json\/wp\/v2\/media\/440944"}],"wp:attachment":[{"href":"https:\/\/dev.medandbeauty.com\/sk\/wp-json\/wp\/v2\/media?parent=431475"}],"wp:term":[{"taxonomy":"kolor","embeddable":true,"href":"https:\/\/dev.medandbeauty.com\/sk\/wp-json\/wp\/v2\/kolor?post=431475"},{"taxonomy":"rodzaj-ubrania","embeddable":true,"href":"https:\/\/dev.medandbeauty.com\/sk\/wp-json\/wp\/v2\/rodzaj-ubrania?post=431475"},{"taxonomy":"ubranie","embeddable":true,"href":"https:\/\/dev.medandbeauty.com\/sk\/wp-json\/wp\/v2\/ubranie?post=431475"},{"taxonomy":"product_brand","embeddable":true,"href":"https:\/\/dev.medandbeauty.com\/sk\/wp-json\/wp\/v2\/product_brand?post=431475"},{"taxonomy":"product_cat","embeddable":true,"href":"https:\/\/dev.medandbeauty.com\/sk\/wp-json\/wp\/v2\/product_cat?post=431475"},{"taxonomy":"product_tag","embeddable":true,"href":"https:\/\/dev.medandbeauty.com\/sk\/wp-json\/wp\/v2\/product_tag?post=431475"}],"curies":[{"name":"wp","href":"https:\/\/api.w.org\/{rel}","templated":true}]}}