{"id":396573,"date":"2024-01-02T17:28:07","date_gmt":"2024-01-02T17:28:07","guid":{"rendered":"https:\/\/dev.medandbeauty.com\/product\/damske-lekarske-nohavice-jogger-premium-white\/"},"modified":"2025-12-23T12:05:41","modified_gmt":"2025-12-23T11:05:41","slug":"damske-lekarske-nohavice-jogger-premium-white","status":"publish","type":"product","link":"https:\/\/dev.medandbeauty.com\/sk\/product\/damske-lekarske-nohavice-jogger-premium-white\/","title":{"rendered":"D\u00e1mske lek\u00e1rske nohavice jogger premium WHITE"},"content":{"rendered":"<p style=\"font-weight: 400;\">Zozn\u00e1mte sa s <strong>lek\u00e1rskymi be\u017ecami, ktor\u00fdch<\/strong> nebudete chcie\u0165 vyzliec\u0165.<\/p>\n<p style=\"font-weight: 400;\">Na z\u00e1klade po\u017eiadaviek na\u0161ich z\u00e1kazn\u00ed\u010dok s\u00fa teraz na\u0161e najpred\u00e1vanej\u0161ie <strong>\u0161atky<\/strong> k dispoz\u00edcii v pr\u00e9miovej verzii!<\/p>\n<p style=\"font-weight: 400;\">Ak si cen\u00edte maxim\u00e1lne pohodlie a materi\u00e1ly vynikaj\u00facej kvality a m\u00e1te radi \u0161portov\u00fd, ale z\u00e1rove\u0148 profesion\u00e1lny \u0161t\u00fdl &#8211; na\u0161e <strong>pr\u00e9miov\u00e9 lek\u00e1rske tepl\u00e1ky<\/strong> mus\u00edte ma\u0165 vo svojom \u0161atn\u00edku.<\/p>\n<p style=\"font-weight: 400;\"><strong>Biele d\u00e1mske lek\u00e1rske nohavice joggers z <a href=\"https:\/\/dev.medandbeauty.com\/sk\/shop\/pre-nu\/kolekcia-premium\/\" target=\"_blank\" rel=\"noopener\">pr\u00e9miovej kolekcie<\/a><\/strong> boli vyroben\u00e9 z pr\u00edjemn\u00e9ho a na dotyk m\u00e4kk\u00e9ho materi\u00e1lu, tak\u017ee zaru\u010duj\u00fa \u00fapln\u00fa vo\u013enos\u0165 pohybu a pohodlie pri nosen\u00ed. V\u010faka kombin\u00e1cii 80 % prvotriednej bavlny s lycrou a nylonom tkanina dokonale sed\u00ed, je priedu\u0161n\u00e1 a odoln\u00e1.<\/p>\n<p style=\"font-weight: 400;\">Mierne zv\u00fd\u0161en\u00fd \u0161irok\u00fd elastick\u00fd p\u00e1s zaru\u010duje 100 % pohodlie a neobmedzuje pohyb ani pri dlh\u0161om nosen\u00ed.<\/p>\n<p style=\"font-weight: 400;\">Klasick\u00e1 biela farba <strong>lek\u00e1rskych be\u017eeck\u00fdch nohav\u00edc<\/strong> sa hod\u00ed ku ka\u017ed\u00e9mu oble\u010deniu a v\u010faka \u0161iestim praktick\u00fdm a priestrann\u00fdm vreck\u00e1m si budete m\u00f4c\u0165 vzia\u0165 so sebou v\u0161etky potrebn\u00e9 doplnky a n\u00e1stroje.<\/p>\n<p style=\"font-weight: 400;\">Na\u0161e <strong>pr\u00e9miov\u00e9 d\u00e1mske zdravotn\u00edcke nohavice Scrubs<\/strong> s\u00fa vybaven\u00e9 rebrovan\u00fdmi nohavicami, ktor\u00e9 zabra\u0148uj\u00fa vyhr\u0148ovaniu nohav\u00edc po\u010das intenz\u00edvnej pr\u00e1ce.<\/p>\n<p style=\"font-weight: 400;\">Zostavte si vysn\u00edvan\u00fa sadu <strong>lek\u00e1rskeho oble\u010denia<\/strong> tak, \u017ee skombinujete <strong>biele d\u00e1mske lek\u00e1rske be\u017eeck\u00e9 nohavice<\/strong> s <strong> <a href=\"https:\/\/dev.medandbeauty.com\/produkt\/bluzka-medyczna-damska-scrubs-premium-biala\/\" target=\"_blank\" rel=\"noopener\">lek\u00e1rskou bl\u00fazkou<\/a><\/strong> z rovnak\u00e9ho materi\u00e1lu.<\/p>\n<p style=\"font-weight: 400;\">Vo\u013ene kombinujte farby a vytvorte jedine\u010dn\u00fd vzh\u013ead alebo sa rozhodnite pre jednofarebn\u00fd a nad\u010dasov\u00fd vzh\u013ead.<\/p>\n<ul>\n<li style=\"font-weight: 400;\">6 praktick\u00fdch a priestrann\u00fdch vreciek &#8211; dve predn\u00e9, dve zadn\u00e9 a dve n\u00e1kladn\u00e9 vreck\u00e1 s \u010fal\u0161ou priehradkou na pero<\/li>\n<li style=\"font-weight: 400;\"><span style=\"font-family: inherit;\">Mierne vysok\u00fd n\u00e1rast s elastick\u00fdm p\u00e1som<\/span><\/li>\n<li style=\"font-weight: 400;\"><span style=\"font-family: inherit;\">Rebrovan\u00e9 nohavice<\/span><\/li>\n<li style=\"font-weight: 400;\"><span style=\"font-family: inherit;\">M\u00e4kk\u00e1 a pohodln\u00e1 tkanina na nosenie<\/span><\/li>\n<\/ul>\n<p style=\"font-weight: 400;\"><strong>\u010eal\u0161ie inform\u00e1cie:<\/strong><br \/>\nModelky na fotografi\u00e1ch maj\u00fa na sebe ve\u013ekos\u0165 S a s\u00fa vysok\u00e9 170-174 cm.<\/p>\n<p style=\"font-weight: 400;\">Ak si neviete vybra\u0165 ve\u013ekos\u0165, pozrite si tabu\u013eku ve\u013ekost\u00ed. Ak m\u00e1te \u010fal\u0161ie pochybnosti &#8211; po\u0161lite n\u00e1m svoje miery a my v\u00e1m ju prisp\u00f4sob\u00edme. <\/p>\n<p style=\"font-weight: 400;\">Farby odevov v <a href=\"https:\/\/dev.medandbeauty.com\/sk\/shop\/pre-nu\/kolekcia-premium\/\" target=\"_blank\" rel=\"noopener\">kolekcii Premium<\/a> sa nezhoduj\u00fa s farbami odevov v <a href=\"https:\/\/dev.medandbeauty.com\/sk\/shop\/pre-nu\/zakladna-kolekcia\/\" target=\"_blank\" rel=\"noopener\">kolekcii Basic<\/a> &#8211; s\u00fa vyroben\u00e9 z in\u00fdch materi\u00e1lov.<\/p>\n<p style=\"font-weight: 400;\">Odtiene jednotliv\u00fdch odevov na obr\u00e1zkoch sa m\u00f4\u017eu l\u00ed\u0161i\u0165 od skuto\u010dn\u00fdch &#8211; je to sp\u00f4soben\u00e9 r\u00f4znorodos\u0165ou dostupn\u00fdch elektronick\u00fdch zariaden\u00ed a ich individu\u00e1lnym nastaven\u00edm.<\/p>\n","protected":false},"excerpt":{"rendered":"<p>Zozn\u00e1mte sa s lek\u00e1rskymi be\u017ecami, ktor\u00fdch nebudete chcie\u0165 vyzliec\u0165. Na z\u00e1klade po\u017eiadaviek na\u0161ich z\u00e1kazn\u00ed\u010dok s\u00fa teraz na\u0161e najpred\u00e1vanej\u0161ie \u0161atky k dispoz\u00edcii v pr\u00e9miovej verzii! Ak si cen\u00edte maxim\u00e1lne pohodlie a materi\u00e1ly vynikaj\u00facej kvality a m\u00e1te radi \u0161portov\u00fd, ale z\u00e1rove\u0148 profesion\u00e1lny \u0161t\u00fdl &#8211; na\u0161e pr\u00e9miov\u00e9 lek\u00e1rske tepl\u00e1ky mus\u00edte ma\u0165 vo svojom \u0161atn\u00edku. Biele d\u00e1mske lek\u00e1rske nohavice [&hellip;]<\/p>\n","protected":false},"featured_media":396631,"comment_status":"open","ping_status":"closed","template":"","meta":{"_acf_changed":false,"inline_featured_image":false},"kolor":[1065],"rodzaj-ubrania":[1082,1095],"ubranie":[1448],"product_brand":[],"product_cat":[1175,1371,1242,1058],"product_tag":[],"class_list":{"0":"post-396573","1":"product","2":"type-product","3":"status-publish","4":"has-post-thumbnail","6":"kolor-biela","7":"rodzaj-ubrania-kroviny","8":"rodzaj-ubrania-lekarske-nohavice","9":"ubranie-damske-lekarske-nohavice-jogger-scrubs-premium","10":"product_cat-kolekcia-premium","11":"product_cat-kroviny-sk-2","12":"product_cat-lekarske-nohavice-sk-2","13":"product_cat-pre-nu","15":"first","16":"instock","17":"taxable","18":"shipping-taxable","19":"purchasable","20":"product-type-variable"},"acf":[],"_links":{"self":[{"href":"https:\/\/dev.medandbeauty.com\/sk\/wp-json\/wp\/v2\/product\/396573","targetHints":{"allow":["GET"]}}],"collection":[{"href":"https:\/\/dev.medandbeauty.com\/sk\/wp-json\/wp\/v2\/product"}],"about":[{"href":"https:\/\/dev.medandbeauty.com\/sk\/wp-json\/wp\/v2\/types\/product"}],"replies":[{"embeddable":true,"href":"https:\/\/dev.medandbeauty.com\/sk\/wp-json\/wp\/v2\/comments?post=396573"}],"wp:featuredmedia":[{"embeddable":true,"href":"https:\/\/dev.medandbeauty.com\/sk\/wp-json\/wp\/v2\/media\/396631"}],"wp:attachment":[{"href":"https:\/\/dev.medandbeauty.com\/sk\/wp-json\/wp\/v2\/media?parent=396573"}],"wp:term":[{"taxonomy":"kolor","embeddable":true,"href":"https:\/\/dev.medandbeauty.com\/sk\/wp-json\/wp\/v2\/kolor?post=396573"},{"taxonomy":"rodzaj-ubrania","embeddable":true,"href":"https:\/\/dev.medandbeauty.com\/sk\/wp-json\/wp\/v2\/rodzaj-ubrania?post=396573"},{"taxonomy":"ubranie","embeddable":true,"href":"https:\/\/dev.medandbeauty.com\/sk\/wp-json\/wp\/v2\/ubranie?post=396573"},{"taxonomy":"product_brand","embeddable":true,"href":"https:\/\/dev.medandbeauty.com\/sk\/wp-json\/wp\/v2\/product_brand?post=396573"},{"taxonomy":"product_cat","embeddable":true,"href":"https:\/\/dev.medandbeauty.com\/sk\/wp-json\/wp\/v2\/product_cat?post=396573"},{"taxonomy":"product_tag","embeddable":true,"href":"https:\/\/dev.medandbeauty.com\/sk\/wp-json\/wp\/v2\/product_tag?post=396573"}],"curies":[{"name":"wp","href":"https:\/\/api.w.org\/{rel}","templated":true}]}}