{"id":396384,"date":"2024-01-02T17:44:23","date_gmt":"2024-01-02T17:44:23","guid":{"rendered":"https:\/\/dev.medandbeauty.com\/product\/damske-lekarske-nohavice-jogger-premium-blue\/"},"modified":"2025-12-23T12:05:41","modified_gmt":"2025-12-23T11:05:41","slug":"damske-lekarske-nohavice-jogger-premium-blue","status":"publish","type":"product","link":"https:\/\/dev.medandbeauty.com\/sk\/product\/damske-lekarske-nohavice-jogger-premium-blue\/","title":{"rendered":"D\u00e1mske lek\u00e1rske nohavice jogger premium BLUE"},"content":{"rendered":"<p style=\"font-weight: 400;\">H\u013ead\u00e1te <strong>zdravotn\u00e9 be\u017eeck\u00e9 nohavice,<\/strong> ktor\u00e9 nebudete chcie\u0165 vyzliec\u0165?<\/p>\n<p style=\"font-weight: 400;\">Na z\u00e1klade po\u017eiadaviek na\u0161ich z\u00e1kazn\u00ed\u010dok s\u00fa teraz na\u0161e najpred\u00e1vanej\u0161ie <strong>\u0161atky<\/strong> k dispoz\u00edcii v pr\u00e9miovej kolekcii!<\/p>\n<p style=\"font-weight: 400;\">Ak je va\u0161ou prioritou pri v\u00fdbere lek\u00e1rskej uniformy maxim\u00e1lne pohodlie a vynikaj\u00faca kvalita materi\u00e1lov, na\u0161e <strong>pr\u00e9miov\u00e9<\/strong> <strong>modr\u00e9<\/strong> <strong>lek\u00e1rske tepl\u00e1ky<\/strong> nesm\u00fa ch\u00fdba\u0165 vo va\u0161om \u0161atn\u00edku.<\/p>\n<p style=\"font-weight: 400;\"><strong>Modr\u00e9 d\u00e1mske lek\u00e1rske nohavice Scrubs Premium<\/strong> boli vyroben\u00e9 z elastickej a priedu\u0161nej tkaniny, tak\u017ee neobmedzuj\u00fa pohyb a pohodlne sa nosia. V\u010faka 80 % pr\u00e9miovej bavlny v kombin\u00e1cii s lycrou a nylonom tkanina dokonale vyhovuje \u017eenskej postave a z\u00e1rove\u0148 je priedu\u0161n\u00e1 a odoln\u00e1. <\/p>\n<p style=\"font-weight: 400;\">Mierne zv\u00fd\u0161en\u00fd p\u00e1s so \u0161irok\u00fdm a elastick\u00fdm p\u00e1som znamen\u00e1, \u017ee nohavice neobmedzuj\u00fa v pohybe a poskytuj\u00fa maxim\u00e1lne pohodlie aj po\u010das dlh\u00e9ho nosenia.<\/p>\n<p style=\"font-weight: 400;\">Modr\u00e1 farba <strong>lek\u00e1rskych be\u017eeck\u00fdch nohav\u00edc<\/strong> sa hod\u00ed k jednofarebn\u00fdm aj viacfarebn\u00fdm outfitom, zatia\u013e \u010do \u0161es\u0165 praktick\u00fdch a priestrann\u00fdch vreciek v\u00e1m umo\u017en\u00ed ma\u0165 v\u0161etky potrebn\u00e9 drobn\u00e9 n\u00e1stroje a pr\u00edslu\u0161enstvo v\u017edy po ruke.<\/p>\n<p style=\"font-weight: 400;\">Na\u0161e <strong>modr\u00e9 d\u00e1mske lek\u00e1rske nohavice z <a href=\"https:\/\/dev.medandbeauty.com\/sk\/shop\/pre-nu\/kolekcia-premium\/\" target=\"_blank\" rel=\"noopener\">pr\u00e9miovej kolekcie<\/a><\/strong> sme vybavili rebrovan\u00fdmi man\u017eetami v spodnej \u010dasti nohav\u00edc, aby sa nohavice pri pr\u00e1ci nevyhr\u0148ovali.<\/p>\n<p style=\"font-weight: 400;\">Vytvorte si ob\u013e\u00faben\u00fa s\u00fapravu <strong>lek\u00e1rskeho oble<\/strong>\u010denia zladen\u00edm <strong>modr\u00fdch d\u00e1mskych lek\u00e1rskych nohav\u00edc jogger<\/strong> s <strong> <a href=\"https:\/\/dev.medandbeauty.com\/produkt\/bluzka-medyczna-damska-scrubs-premium-blekitna\/\" target=\"_blank\" rel=\"noopener\">lek\u00e1rskou bl\u00fazkou<\/a><\/strong> z rovnak\u00e9ho materi\u00e1lu.<\/p>\n<p style=\"font-weight: 400;\">Vo\u013ene kombinujte farby a vytvorte jedine\u010dn\u00fd vzh\u013ead alebo sa rozhodnite pre jednofarebn\u00fd nad\u010dasov\u00fd vzh\u013ead.<\/p>\n<ul>\n<li style=\"font-weight: 400;\">6 praktick\u00fdch a priestrann\u00fdch vreciek &#8211; dve predn\u00e9, dve zadn\u00e9 a dve n\u00e1kladn\u00e9 vreck\u00e1 s \u010fal\u0161ou priehradkou na pero<\/li>\n<li style=\"font-weight: 400;\"><span style=\"font-family: inherit;\">Mierne vysok\u00fd n\u00e1rast s elastick\u00fdm p\u00e1som<\/span><\/li>\n<li style=\"font-weight: 400;\"><span style=\"font-family: inherit;\">Rebrovan\u00e9 nohavice<\/span><\/li>\n<li style=\"font-weight: 400;\"><span style=\"font-family: inherit;\">M\u00e4kk\u00e1 a pohodln\u00e1 tkanina na nosenie<\/span><\/li>\n<\/ul>\n<p style=\"font-weight: 400;\"><strong>\u010eal\u0161ie inform\u00e1cie:<\/strong><br \/>\nModelky na fotografi\u00e1ch maj\u00fa na sebe ve\u013ekos\u0165 S a s\u00fa vysok\u00e9 170-174 cm.<\/p>\n<p style=\"font-weight: 400;\">Ak si neviete vybra\u0165 ve\u013ekos\u0165, pozrite si tabu\u013eku ve\u013ekost\u00ed. Ak m\u00e1te \u010fal\u0161ie pochybnosti &#8211; po\u0161lite n\u00e1m svoje miery a my v\u00e1m ju prisp\u00f4sob\u00edme. <\/p>\n<p style=\"font-weight: 400;\">Farby odevov v <a href=\"https:\/\/dev.medandbeauty.com\/sk\/shop\/pre-nu\/kolekcia-premium\/\" target=\"_blank\" rel=\"noopener\">kolekcii Premium<\/a> sa nezhoduj\u00fa s farbami odevov v<a href=\"https:\/\/dev.medandbeauty.com\/sk\/shop\/pre-nu\/zakladna-kolekcia\/\" target=\"_blank\" rel=\"noopener\"> kolekcii Basic<\/a> &#8211; s\u00fa vyroben\u00e9 z in\u00fdch materi\u00e1lov.<\/p>\n<p style=\"font-weight: 400;\">Odtiene jednotliv\u00fdch odevov na obr\u00e1zkoch sa m\u00f4\u017eu l\u00ed\u0161i\u0165 od skuto\u010dn\u00fdch &#8211; je to sp\u00f4soben\u00e9 r\u00f4znorodos\u0165ou dostupn\u00fdch elektronick\u00fdch zariaden\u00ed a ich individu\u00e1lnym nastaven\u00edm.<\/p>\n","protected":false},"excerpt":{"rendered":"<p>H\u013ead\u00e1te zdravotn\u00e9 be\u017eeck\u00e9 nohavice, ktor\u00e9 nebudete chcie\u0165 vyzliec\u0165? Na z\u00e1klade po\u017eiadaviek na\u0161ich z\u00e1kazn\u00ed\u010dok s\u00fa teraz na\u0161e najpred\u00e1vanej\u0161ie \u0161atky k dispoz\u00edcii v pr\u00e9miovej kolekcii! Ak je va\u0161ou prioritou pri v\u00fdbere lek\u00e1rskej uniformy maxim\u00e1lne pohodlie a vynikaj\u00faca kvalita materi\u00e1lov, na\u0161e pr\u00e9miov\u00e9 modr\u00e9 lek\u00e1rske tepl\u00e1ky nesm\u00fa ch\u00fdba\u0165 vo va\u0161om \u0161atn\u00edku. Modr\u00e9 d\u00e1mske lek\u00e1rske nohavice Scrubs Premium boli vyroben\u00e9 [&hellip;]<\/p>\n","protected":false},"featured_media":396422,"comment_status":"open","ping_status":"closed","template":"","meta":{"_acf_changed":false,"inline_featured_image":false},"kolor":[1136],"rodzaj-ubrania":[1082,1095],"ubranie":[1448],"product_brand":[],"product_cat":[1175,1371,1242,1058],"product_tag":[],"class_list":{"0":"post-396384","1":"product","2":"type-product","3":"status-publish","4":"has-post-thumbnail","6":"kolor-modra","7":"rodzaj-ubrania-kroviny","8":"rodzaj-ubrania-lekarske-nohavice","9":"ubranie-damske-lekarske-nohavice-jogger-scrubs-premium","10":"product_cat-kolekcia-premium","11":"product_cat-kroviny-sk-2","12":"product_cat-lekarske-nohavice-sk-2","13":"product_cat-pre-nu","15":"first","16":"instock","17":"taxable","18":"shipping-taxable","19":"purchasable","20":"product-type-variable"},"acf":[],"_links":{"self":[{"href":"https:\/\/dev.medandbeauty.com\/sk\/wp-json\/wp\/v2\/product\/396384","targetHints":{"allow":["GET"]}}],"collection":[{"href":"https:\/\/dev.medandbeauty.com\/sk\/wp-json\/wp\/v2\/product"}],"about":[{"href":"https:\/\/dev.medandbeauty.com\/sk\/wp-json\/wp\/v2\/types\/product"}],"replies":[{"embeddable":true,"href":"https:\/\/dev.medandbeauty.com\/sk\/wp-json\/wp\/v2\/comments?post=396384"}],"wp:featuredmedia":[{"embeddable":true,"href":"https:\/\/dev.medandbeauty.com\/sk\/wp-json\/wp\/v2\/media\/396422"}],"wp:attachment":[{"href":"https:\/\/dev.medandbeauty.com\/sk\/wp-json\/wp\/v2\/media?parent=396384"}],"wp:term":[{"taxonomy":"kolor","embeddable":true,"href":"https:\/\/dev.medandbeauty.com\/sk\/wp-json\/wp\/v2\/kolor?post=396384"},{"taxonomy":"rodzaj-ubrania","embeddable":true,"href":"https:\/\/dev.medandbeauty.com\/sk\/wp-json\/wp\/v2\/rodzaj-ubrania?post=396384"},{"taxonomy":"ubranie","embeddable":true,"href":"https:\/\/dev.medandbeauty.com\/sk\/wp-json\/wp\/v2\/ubranie?post=396384"},{"taxonomy":"product_brand","embeddable":true,"href":"https:\/\/dev.medandbeauty.com\/sk\/wp-json\/wp\/v2\/product_brand?post=396384"},{"taxonomy":"product_cat","embeddable":true,"href":"https:\/\/dev.medandbeauty.com\/sk\/wp-json\/wp\/v2\/product_cat?post=396384"},{"taxonomy":"product_tag","embeddable":true,"href":"https:\/\/dev.medandbeauty.com\/sk\/wp-json\/wp\/v2\/product_tag?post=396384"}],"curies":[{"name":"wp","href":"https:\/\/api.w.org\/{rel}","templated":true}]}}