{"id":396348,"date":"2024-01-05T19:44:56","date_gmt":"2024-01-05T19:44:56","guid":{"rendered":"https:\/\/dev.medandbeauty.com\/product\/damske-lekarske-nohavice-proste-scrubs-premium-pale-beige\/"},"modified":"2025-12-23T12:06:58","modified_gmt":"2025-12-23T11:06:58","slug":"damske-lekarske-nohavice-proste-scrubs-premium-pale-beige","status":"publish","type":"product","link":"https:\/\/dev.medandbeauty.com\/sk\/product\/damske-lekarske-nohavice-proste-scrubs-premium-pale-beige\/","title":{"rendered":"D\u00e1mske lek\u00e1rske nohavice PROSTE scrubs premium PALE BEige"},"content":{"rendered":"<p style=\"font-weight: 400;\">Tento model si zamiluj\u00fa v\u0161etci milovn\u00edci elegantn\u00e9ho a klasick\u00e9ho \u0161t\u00fdlu!<\/p>\n<p style=\"font-weight: 400;\">Chcete v pr\u00e1ci vyzera\u0165 profesion\u00e1lne a z\u00e1rove\u0148 le\u017e\u00e9rne?<\/p>\n<p style=\"font-weight: 400;\">Na\u0161e <strong>jednoduch\u00e9,<\/strong> <strong>svetlo b\u00e9\u017eov\u00e9 lek\u00e1rske nohavice z <a href=\"https:\/\/dev.medandbeauty.com\/sk\/shop\/pre-nu\/kolekcia-premium\/\" target=\"_blank\" rel=\"noopener\">pr\u00e9miovej kolekcie<\/a><\/strong> s\u00fa ide\u00e1lnou vo\u013ebou pre v\u0161etky \u017eeny, ktor\u00e9 si cenia dokonal\u00fd vzh\u013ead a \u00fapln\u00e9 pohodlie pri pr\u00e1ci.<\/p>\n<p style=\"font-weight: 400;\"><strong>D\u00e1mske rovn\u00e9 nohavice Scrubs Premium v svetlo b\u00e9\u017eovej farbe<\/strong> boli u\u0161it\u00e9 z m\u00e4kkej a na dotyk pr\u00edjemnej tkaniny, tak\u017ee zaru\u010duj\u00fa pln\u00fd rozsah pohybu a v\u00fdnimo\u010dn\u00e9 pohodlie pri nosen\u00ed.<\/p>\n<p style=\"font-weight: 400;\">V\u010faka kombin\u00e1cii 80 % prvotriednej bavlny s lycrou a nylonom tkanina dokonale padne ka\u017edej postave a je odoln\u00e1 a priedu\u0161n\u00e1.<\/p>\n<p style=\"font-weight: 400;\">V\u010faka \u0161tyrom funk\u010dn\u00fdm vreck\u00e1m (dve na prednej strane a dve na zadnej strane) si so sebou budete m\u00f4c\u0165 vzia\u0165 v\u0161etky drobnosti, ktor\u00e9 potrebujete v pr\u00e1ci.<\/p>\n<p style=\"font-weight: 400;\">Mierne z\u00fa\u017een\u00fd spodn\u00fd okraj zv\u00fdrazn\u00ed prednosti ka\u017edej postavy, zatia\u013e \u010do elastick\u00fd p\u00e1s sa prisp\u00f4sob\u00ed telu a nohavice s\u00fa ve\u013emi pohodln\u00e9.<\/p>\n<p style=\"font-weight: 400;\">Zv\u00fd\u0161en\u00fd strih <strong>b\u00e9\u017eov\u00fdch rovn\u00fdch lek\u00e1rskych nohav\u00edc Premium<\/strong> kr\u00e1sne tvaruje siluetu a zabra\u0148uje sk\u013aznutiu nohav\u00edc.<\/p>\n<p style=\"font-weight: 400;\"><strong>Svetlo b\u00e9\u017eov\u00e9 rovn\u00e9 lek\u00e1rske nohavice Scrubs Premium<\/strong> zla\u010fte s <strong><a href=\"https:\/\/dev.medandbeauty.com\/produkt\/bluzka-medyczna-damska-scrubs-premium-jasny-bez\/\" target=\"_blank\" rel=\"noopener\">lek\u00e1rskou bl\u00fazkou<\/a><\/strong> v rovnakej farbe alebo s in\u00fdm odtie\u0148om z na\u0161ej ponuky. <a href=\"https:\/\/dev.medandbeauty.com\/sk\/shop\/pre-nu\/kolekcia-premium\/\" target=\"_blank\" rel=\"noopener\"><strong>kolekcie Scrubs Premium<\/strong><\/a> a vytvorte si jedine\u010dn\u00fa s\u00fapravu!<\/p>\n<ul>\n<li style=\"font-weight: 400;\">Celkovo 4 priestrann\u00e9 vreck\u00e1 &#8211; dve predn\u00e9 a dve zadn\u00e9<\/li>\n<li style=\"font-weight: 400;\"><span style=\"font-family: inherit;\">Rovn\u00e9, mierne z\u00fa\u017een\u00e9 nohy<\/span><\/li>\n<li style=\"font-weight: 400;\"><span style=\"font-family: inherit;\">Vysok\u00fd n\u00e1rast so \u0161irok\u00fdm elastick\u00fdm p\u00e1som<\/span><\/li>\n<li style=\"font-weight: 400;\"><span style=\"font-family: inherit;\">  Elegantn\u00e9 a jemn\u00e9 rozparky na noh\u00e1ch<\/span><\/li>\n<\/ul>\n<p>&nbsp;<\/p>\n<p style=\"font-weight: 400;\"><strong>\u010eal\u0161ie inform\u00e1cie:<\/strong><br \/>\nModelky na fotografi\u00e1ch maj\u00fa na sebe ve\u013ekos\u0165 S a s\u00fa vysok\u00e9 170-174 cm.<\/p>\n<p style=\"font-weight: 400;\">Ak si neviete vybra\u0165 ve\u013ekos\u0165, pozrite si tabu\u013eku ve\u013ekost\u00ed. Ak m\u00e1te \u010fal\u0161ie pochybnosti &#8211; po\u0161lite n\u00e1m svoje miery a my v\u00e1m ju prisp\u00f4sob\u00edme. <\/p>\n<p style=\"font-weight: 400;\">Farby odevov v <a href=\"https:\/\/dev.medandbeauty.com\/sk\/shop\/pre-nu\/kolekcia-premium\/\" target=\"_blank\" rel=\"noopener\">kolekcii Premium<\/a> sa nezhoduj\u00fa s farbami odevov v <a href=\"https:\/\/dev.medandbeauty.com\/sk\/shop\/pre-nu\/zakladna-kolekcia\/\" target=\"_blank\" rel=\"noopener\">kolekcii Basic<\/a> &#8211; s\u00fa vyroben\u00e9 z in\u00fdch materi\u00e1lov.<\/p>\n<p style=\"font-weight: 400;\">Odtiene jednotliv\u00fdch odevov na obr\u00e1zkoch sa m\u00f4\u017eu l\u00ed\u0161i\u0165 od skuto\u010dn\u00fdch &#8211; je to sp\u00f4soben\u00e9 r\u00f4znorodos\u0165ou dostupn\u00fdch elektronick\u00fdch zariaden\u00ed a ich individu\u00e1lnym nastaven\u00edm.<\/p>\n","protected":false},"excerpt":{"rendered":"<p>Tento model si zamiluj\u00fa v\u0161etci milovn\u00edci elegantn\u00e9ho a klasick\u00e9ho \u0161t\u00fdlu! Chcete v pr\u00e1ci vyzera\u0165 profesion\u00e1lne a z\u00e1rove\u0148 le\u017e\u00e9rne? Na\u0161e jednoduch\u00e9, svetlo b\u00e9\u017eov\u00e9 lek\u00e1rske nohavice z pr\u00e9miovej kolekcie s\u00fa ide\u00e1lnou vo\u013ebou pre v\u0161etky \u017eeny, ktor\u00e9 si cenia dokonal\u00fd vzh\u013ead a \u00fapln\u00e9 pohodlie pri pr\u00e1ci. D\u00e1mske rovn\u00e9 nohavice Scrubs Premium v svetlo b\u00e9\u017eovej farbe boli u\u0161it\u00e9 z [&hellip;]<\/p>\n","protected":false},"featured_media":396385,"comment_status":"open","ping_status":"closed","template":"","meta":{"_acf_changed":false,"inline_featured_image":false},"kolor":[1057],"rodzaj-ubrania":[1082,1095],"ubranie":[1372],"product_brand":[],"product_cat":[1175,1371,1242,1058],"product_tag":[],"class_list":{"0":"post-396348","1":"product","2":"type-product","3":"status-publish","4":"has-post-thumbnail","6":"kolor-beiges-sk","7":"rodzaj-ubrania-kroviny","8":"rodzaj-ubrania-lekarske-nohavice","9":"ubranie-damske-lekarske-rovne-nohavice-scrubs-premium","10":"product_cat-kolekcia-premium","11":"product_cat-kroviny-sk-2","12":"product_cat-lekarske-nohavice-sk-2","13":"product_cat-pre-nu","15":"first","16":"instock","17":"taxable","18":"shipping-taxable","19":"purchasable","20":"product-type-variable"},"acf":[],"_links":{"self":[{"href":"https:\/\/dev.medandbeauty.com\/sk\/wp-json\/wp\/v2\/product\/396348","targetHints":{"allow":["GET"]}}],"collection":[{"href":"https:\/\/dev.medandbeauty.com\/sk\/wp-json\/wp\/v2\/product"}],"about":[{"href":"https:\/\/dev.medandbeauty.com\/sk\/wp-json\/wp\/v2\/types\/product"}],"replies":[{"embeddable":true,"href":"https:\/\/dev.medandbeauty.com\/sk\/wp-json\/wp\/v2\/comments?post=396348"}],"wp:featuredmedia":[{"embeddable":true,"href":"https:\/\/dev.medandbeauty.com\/sk\/wp-json\/wp\/v2\/media\/396385"}],"wp:attachment":[{"href":"https:\/\/dev.medandbeauty.com\/sk\/wp-json\/wp\/v2\/media?parent=396348"}],"wp:term":[{"taxonomy":"kolor","embeddable":true,"href":"https:\/\/dev.medandbeauty.com\/sk\/wp-json\/wp\/v2\/kolor?post=396348"},{"taxonomy":"rodzaj-ubrania","embeddable":true,"href":"https:\/\/dev.medandbeauty.com\/sk\/wp-json\/wp\/v2\/rodzaj-ubrania?post=396348"},{"taxonomy":"ubranie","embeddable":true,"href":"https:\/\/dev.medandbeauty.com\/sk\/wp-json\/wp\/v2\/ubranie?post=396348"},{"taxonomy":"product_brand","embeddable":true,"href":"https:\/\/dev.medandbeauty.com\/sk\/wp-json\/wp\/v2\/product_brand?post=396348"},{"taxonomy":"product_cat","embeddable":true,"href":"https:\/\/dev.medandbeauty.com\/sk\/wp-json\/wp\/v2\/product_cat?post=396348"},{"taxonomy":"product_tag","embeddable":true,"href":"https:\/\/dev.medandbeauty.com\/sk\/wp-json\/wp\/v2\/product_tag?post=396348"}],"curies":[{"name":"wp","href":"https:\/\/api.w.org\/{rel}","templated":true}]}}