{"id":396272,"date":"2024-01-05T22:02:47","date_gmt":"2024-01-05T22:02:47","guid":{"rendered":"https:\/\/dev.medandbeauty.com\/product\/damska-lekarska-bunda-exclusive-premium-white\/"},"modified":"2025-12-23T12:16:51","modified_gmt":"2025-12-23T11:16:51","slug":"damska-lekarska-bunda-exclusive-premium-white","status":"publish","type":"product","link":"https:\/\/dev.medandbeauty.com\/sk\/product\/damska-lekarska-bunda-exclusive-premium-white\/","title":{"rendered":"D\u00e1mska lek\u00e1rska bunda Exclusive Premium WHITE"},"content":{"rendered":"<p><strong>D\u00e1mska lek\u00e1rska bunda Exclusive z <a href=\"https:\/\/dev.medandbeauty.com\/sk\/shop\/pre-nu\/kolekcia-premium\/\" target=\"_blank\" rel=\"noopener\">kolekcie Med &amp; Beauty Premium<\/a><\/strong> je absol\u00fatnym bestsellerom, ktor\u00fd si ob\u013e\u00fabili tis\u00edce na\u0161ich z\u00e1kazn\u00ed\u010dok z lek\u00e1rskeho a kozmetick\u00e9ho priemyslu.<\/p>\n<p style=\"font-weight: 400;\"><strong>Biela lek\u00e1rska bunda Exclusive Premium<\/strong> bola vyroben\u00e1 zo zmesi najkvalitnej\u0161ej bavlny, nylonu a lycry. V\u010faka tejto kombin\u00e1cii vl\u00e1kien v tkanine je <strong>zdravotn\u00edcky odev Med &amp; Beauty <\/strong>priedu\u0161n\u00fd, dokonale padne ka\u017ed\u00e9mu typu \u017eenskej postavy a zaru\u010duje pln\u00e9 pohodlie po\u010das dlh\u00fdch hod\u00edn v pr\u00e1ci. <\/p>\n<p style=\"font-weight: 400;\">V\u0161etky modely vrchn\u00fdch <strong>zdravotn\u00edckych odevov<\/strong> od spolo\u010dnosti <strong>Med &amp; Beauty<\/strong> s\u00fa vybaven\u00e9 praktick\u00fdmi a priestrann\u00fdmi vreckami, ktor\u00e9 v\u00e1m umo\u017enia ulo\u017ei\u0165 v\u0161etky z\u00e1kladn\u00e9 doplnky, ktor\u00e9 chcete ma\u0165 v\u017edy po ruke.<\/p>\n<p style=\"font-weight: 400;\">Kr\u00e1sne tvarovan\u00fd golier dod\u00e1va<strong> bielemu saku Exclusive<\/strong> mimoriadne elegantn\u00fd n\u00e1dych, zatia\u013e \u010do \u0161irok\u00fd p\u00e1s umo\u017e\u0148uje, aby sa<strong> sako<\/strong> dokonale prisp\u00f4sobilo ka\u017edej postave.<\/p>\n<p style=\"font-weight: 400;\">V spolo\u010dnosti <strong>Med &amp; Beauty<\/strong> sa zameriavame nielen na pohodlie pri nosen\u00ed, ale aj na estetick\u00fd a profesion\u00e1lny vzh\u013ead. D\u013a\u017eka <strong>bieleho saka Exclusive Premium<\/strong> bola zvolen\u00e1 tak, aby dokonale sedela na ka\u017edej postave. <\/p>\n<p style=\"font-weight: 400;\"><strong>Biela d\u00e1mska bunda Exclusive Premium<\/strong> sa dobre kombinuje s <a href=\"https:\/\/dev.medandbeauty.com\/produkt\/spodnie-medyczne-damskie-przylegajace-premium-biale\/\" target=\"_blank\" rel=\"noopener\"><strong>lek\u00e1rskymi nohavicami<\/strong><\/a>ktor\u00e9 s\u00fa vyroben\u00e9 z rovnak\u00e9ho materi\u00e1lu.<\/p>\n<p style=\"font-weight: 400;\">Zla\u010fte <strong>lek\u00e1rske nohavice<\/strong> s rovnakou bielou farbou alebo s \u013eubovo\u013en\u00fdm odtie\u0148om z mnoh\u00fdch dostupn\u00fdch v na\u0161ej ponuke.<\/p>\n<ul>\n<li style=\"font-weight: 400;\">D\u013a\u017eka ruk\u00e1vov pod\u013ea v\u00fdberu &#8211; \u00be alebo dlh\u00e9<\/li>\n<li style=\"font-weight: 400;\"><span style=\"font-family: inherit;\">Vyformovan\u00e1 silueta v\u010faka \u0161irok\u00e9mu p\u00e1su v p\u00e1se a jemn\u00fdm z\u00e1\u0161evkom<\/span><\/li>\n<li style=\"font-weight: 400;\"><span style=\"font-family: inherit;\">Dve predn\u00e9 vreck\u00e1 s klasick\u00fdmi chlop\u0148ami<\/span><\/li>\n<li style=\"font-weight: 400;\"><span style=\"font-family: inherit;\">Mo\u017eno personalizova\u0165 v\u00fd\u0161ivkou<\/span><\/li>\n<\/ul>\n<p>&nbsp;<\/p>\n<p style=\"font-weight: 400;\"><strong>\u010eal\u0161ie inform\u00e1cie:<\/strong><br \/>\nModelky na fotografi\u00e1ch maj\u00fa na sebe ve\u013ekos\u0165 S a s\u00fa vysok\u00e9 170-174 cm.<\/p>\n<p style=\"font-weight: 400;\">Ak si neviete vybra\u0165 ve\u013ekos\u0165, pozrite si tabu\u013eku ve\u013ekost\u00ed. Ak m\u00e1te \u010fal\u0161ie pochybnosti &#8211; po\u0161lite n\u00e1m svoje miery a my v\u00e1m ju prisp\u00f4sob\u00edme. <\/p>\n<p style=\"font-weight: 400;\">Farby odevov v <a href=\"https:\/\/dev.medandbeauty.com\/sk\/shop\/pre-nu\/kolekcia-premium\/\" target=\"_blank\" rel=\"noopener\">kolekcii Premium<\/a> sa nezhoduj\u00fa s farbami odevov v <a href=\"https:\/\/dev.medandbeauty.com\/sk\/shop\/pre-nu\/zakladna-kolekcia\/\" target=\"_blank\" rel=\"noopener\">kolekcii Basic<\/a> &#8211; s\u00fa vyroben\u00e9 z in\u00fdch materi\u00e1lov.<\/p>\n<p style=\"font-weight: 400;\">Odtiene jednotliv\u00fdch odevov na obr\u00e1zkoch sa m\u00f4\u017eu l\u00ed\u0161i\u0165 od skuto\u010dn\u00fdch &#8211; je to sp\u00f4soben\u00e9 r\u00f4znorodos\u0165ou dostupn\u00fdch elektronick\u00fdch zariaden\u00ed a ich individu\u00e1lnym nastaven\u00edm.<\/p>\n","protected":false},"excerpt":{"rendered":"<p>D\u00e1mska lek\u00e1rska bunda Exclusive z kolekcie Med &amp; Beauty Premium je absol\u00fatnym bestsellerom, ktor\u00fd si ob\u013e\u00fabili tis\u00edce na\u0161ich z\u00e1kazn\u00ed\u010dok z lek\u00e1rskeho a kozmetick\u00e9ho priemyslu. Biela lek\u00e1rska bunda Exclusive Premium bola vyroben\u00e1 zo zmesi najkvalitnej\u0161ej bavlny, nylonu a lycry. V\u010faka tejto kombin\u00e1cii vl\u00e1kien v tkanine je zdravotn\u00edcky odev Med &amp; Beauty priedu\u0161n\u00fd, dokonale padne ka\u017ed\u00e9mu typu [&hellip;]<\/p>\n","protected":false},"featured_media":396290,"comment_status":"open","ping_status":"closed","template":"","meta":{"_acf_changed":false,"inline_featured_image":false},"kolor":[1065],"rodzaj-ubrania":[1441],"ubranie":[1442],"product_brand":[],"product_cat":[1175,1058,1440],"product_tag":[],"class_list":{"0":"post-396272","1":"product","2":"type-product","3":"status-publish","4":"has-post-thumbnail","6":"kolor-biela","7":"rodzaj-ubrania-zdravotnicke-bundy","8":"ubranie-damska-lekarska-bunda-exclusive-premium","9":"product_cat-kolekcia-premium","10":"product_cat-pre-nu","11":"product_cat-zdravotnicke-bundy","13":"first","14":"instock","15":"taxable","16":"shipping-taxable","17":"purchasable","18":"product-type-variable"},"acf":[],"_links":{"self":[{"href":"https:\/\/dev.medandbeauty.com\/sk\/wp-json\/wp\/v2\/product\/396272","targetHints":{"allow":["GET"]}}],"collection":[{"href":"https:\/\/dev.medandbeauty.com\/sk\/wp-json\/wp\/v2\/product"}],"about":[{"href":"https:\/\/dev.medandbeauty.com\/sk\/wp-json\/wp\/v2\/types\/product"}],"replies":[{"embeddable":true,"href":"https:\/\/dev.medandbeauty.com\/sk\/wp-json\/wp\/v2\/comments?post=396272"}],"wp:featuredmedia":[{"embeddable":true,"href":"https:\/\/dev.medandbeauty.com\/sk\/wp-json\/wp\/v2\/media\/396290"}],"wp:attachment":[{"href":"https:\/\/dev.medandbeauty.com\/sk\/wp-json\/wp\/v2\/media?parent=396272"}],"wp:term":[{"taxonomy":"kolor","embeddable":true,"href":"https:\/\/dev.medandbeauty.com\/sk\/wp-json\/wp\/v2\/kolor?post=396272"},{"taxonomy":"rodzaj-ubrania","embeddable":true,"href":"https:\/\/dev.medandbeauty.com\/sk\/wp-json\/wp\/v2\/rodzaj-ubrania?post=396272"},{"taxonomy":"ubranie","embeddable":true,"href":"https:\/\/dev.medandbeauty.com\/sk\/wp-json\/wp\/v2\/ubranie?post=396272"},{"taxonomy":"product_brand","embeddable":true,"href":"https:\/\/dev.medandbeauty.com\/sk\/wp-json\/wp\/v2\/product_brand?post=396272"},{"taxonomy":"product_cat","embeddable":true,"href":"https:\/\/dev.medandbeauty.com\/sk\/wp-json\/wp\/v2\/product_cat?post=396272"},{"taxonomy":"product_tag","embeddable":true,"href":"https:\/\/dev.medandbeauty.com\/sk\/wp-json\/wp\/v2\/product_tag?post=396272"}],"curies":[{"name":"wp","href":"https:\/\/api.w.org\/{rel}","templated":true}]}}