{"id":396133,"date":"2024-01-06T00:03:57","date_gmt":"2024-01-06T00:03:57","guid":{"rendered":"https:\/\/dev.medandbeauty.com\/product\/lekarske-saty-so-zipsom-premium-black\/"},"modified":"2025-12-23T11:55:54","modified_gmt":"2025-12-23T10:55:54","slug":"lekarske-saty-so-zipsom-premium-black","status":"publish","type":"product","link":"https:\/\/dev.medandbeauty.com\/sk\/product\/lekarske-saty-so-zipsom-premium-black\/","title":{"rendered":"Lek\u00e1rske \u0161aty so zipsom Premium BLACK"},"content":{"rendered":"<p style=\"font-weight: 400;\">Mysl\u00edte si, \u017ee pr\u00e1ca v <strong>zdravotn\u00edctve<\/strong> alebo <strong>kozmetickom <\/strong> <strong>priemysle<\/strong> je len o bielych, \u0161tandardn\u00fdch <strong>lek\u00e1rskych uniform\u00e1ch<\/strong>?<\/p>\n<p style=\"font-weight: 400;\">V spolo\u010dnosti <strong>Med &amp; Beauty<\/strong> men\u00edme t\u00fato perspekt\u00edvu v\u010faka na\u0161im <strong> <a href=\"https:\/\/dev.medandbeauty.com\/sk\/shop\/pre-nu\/kolekcia-premium\/\" target=\"_blank\" rel=\"noopener\">pr\u00e9miov\u00fdm<\/a> lek\u00e1rskym \u0161at\u00e1m so zipsom<\/strong>!<\/p>\n<p style=\"font-weight: 400;\">Profesion\u00e1lny vzh\u013ead pri pr\u00e1ci je k\u013e\u00fa\u010dom k budovaniu d\u00f4very u pacientov a klientov. Okrem toho <strong>pohodln\u00e9 lek\u00e1rske oble\u010denie<\/strong> zlep\u0161uje pohodu ka\u017ed\u00e9ho, kto ho nos\u00ed! <\/p>\n<p style=\"font-weight: 400;\"><strong>\u010cierne lek\u00e1rske \u0161aty na zips z<\/strong><a href=\"https:\/\/dev.medandbeauty.com\/sk\/shop\/pre-nu\/kolekcia-premium\/\" target=\"_blank\" rel=\"noopener\"> kolekcie Premium s\u00fa<\/a> vyroben\u00e9 z 80 % z vysokokvalitnej bavlny v kombin\u00e1cii s nylonom a lycrou. V\u010faka tejto kombin\u00e1cii vl\u00e1kien je tkanina priedu\u0161n\u00e1, m\u00e4kk\u00e1 a kr\u00e1sne tvaruje siluetu.<\/p>\n<p style=\"font-weight: 400;\">Zabudnite na nepr\u00edjemn\u00e9 zap\u00ednanie <strong>lek\u00e1rskych odevov<\/strong>! V\u010faka dlh\u00e9mu zipsu, ktor\u00fd umo\u017e\u0148uje r\u00fdchle obliekanie a vyzliekanie \u0161iat, je prezliekanie v pr\u00e1ci jednoduch\u00e9 a z\u00e1bavn\u00e9.<\/p>\n<p style=\"font-weight: 400;\">Postarali sme sa o praktick\u00fa str\u00e1nku &#8211; na\u0161e <strong>\u010dierne lek\u00e1rske \u0161aty na zips<\/strong> maj\u00fa \u0161tyri praktick\u00e9 vreck\u00e1: dve na hrudi a dve na bokoch, ide\u00e1lne na ulo\u017eenie nevyhnutn\u00fdch vec\u00ed.<\/p>\n<p style=\"font-weight: 400;\">7\/8 ruk\u00e1vy buffovej farby zakon\u010den\u00e9 man\u017eetou na gomb\u00edk zaru\u010duj\u00fa dokonal\u00e9 prisp\u00f4sobenie a zabra\u0148uj\u00fa vyhr\u0148ovaniu ruk\u00e1vov.<\/p>\n<p style=\"font-weight: 400;\">Dodato\u010dn\u00e9 pre\u0161\u00edvanie (vpredu aj vzadu) dod\u00e1va <strong>\u010diernym lek\u00e1rskym \u0161at\u00e1m na zips<\/strong> elegantn\u00fd n\u00e1dych a dokonale zv\u00fdrazn\u00ed ak\u00fdko\u013evek typ \u017eenskej siluety.<\/p>\n<ul>\n<li style=\"font-weight: 400;\">Celkovo 4 praktick\u00e9 vreck\u00e1 &#8211; dve predn\u00e9 vreck\u00e1 na hrudi a dve bo\u010dn\u00e9 vreck\u00e1<\/li>\n<li style=\"font-weight: 400;\"><span style=\"font-family: inherit;\">Klasick\u00fd v\u00fdstrih do V<\/span><\/li>\n<li style=\"font-weight: 400;\"><span style=\"font-family: inherit;\">Elegantn\u00fd, ale le\u017e\u00e9rny strih<\/span><\/li>\n<li style=\"font-weight: 400;\"><span style=\"font-family: inherit;\">Kv\u00f4li vreck\u00e1m na hrudi NIE JE mo\u017en\u00e9 vy\u0161\u00edva\u0165 na lek\u00e1rske \u0161aty so zipsom.<\/span><\/li>\n<\/ul>\n<p>&nbsp;<\/p>\n<p style=\"font-weight: 400;\"><strong>\u010eal\u0161ie inform\u00e1cie:<\/strong><\/p>\n<p style=\"font-weight: 400;\">Modelky na fotografi\u00e1ch maj\u00fa na sebe ve\u013ekos\u0165 S a s\u00fa vysok\u00e9 170-174 cm.<\/p>\n<p style=\"font-weight: 400;\">Ak si neviete vybra\u0165 ve\u013ekos\u0165, pozrite si tabu\u013eku ve\u013ekost\u00ed. Ak m\u00e1te \u010fal\u0161ie pochybnosti &#8211; po\u0161lite n\u00e1m svoje miery a my v\u00e1m ju prisp\u00f4sob\u00edme. <\/p>\n<p style=\"font-weight: 400;\">Farby odevov v <a href=\"https:\/\/dev.medandbeauty.com\/sk\/shop\/pre-nu\/kolekcia-premium\/\" target=\"_blank\" rel=\"noopener\">kolekcii Premium<\/a> sa nezhoduj\u00fa s farbami odevov v<a href=\"https:\/\/dev.medandbeauty.com\/sk\/shop\/pre-nu\/zakladna-kolekcia\/\" target=\"_blank\" rel=\"noopener\"> kolekcii Basic<\/a> &#8211; s\u00fa vyroben\u00e9 z in\u00fdch materi\u00e1lov.<\/p>\n<p style=\"font-weight: 400;\">Odtiene jednotliv\u00fdch odevov na obr\u00e1zkoch sa m\u00f4\u017eu l\u00ed\u0161i\u0165 od skuto\u010dn\u00fdch &#8211; je to sp\u00f4soben\u00e9 r\u00f4znorodos\u0165ou dostupn\u00fdch elektronick\u00fdch zariaden\u00ed a ich individu\u00e1lnym nastaven\u00edm.<\/p>\n","protected":false},"excerpt":{"rendered":"<p>Mysl\u00edte si, \u017ee pr\u00e1ca v zdravotn\u00edctve alebo kozmetickom priemysle je len o bielych, \u0161tandardn\u00fdch lek\u00e1rskych uniform\u00e1ch? V spolo\u010dnosti Med &amp; Beauty men\u00edme t\u00fato perspekt\u00edvu v\u010faka na\u0161im pr\u00e9miov\u00fdm lek\u00e1rskym \u0161at\u00e1m so zipsom! Profesion\u00e1lny vzh\u013ead pri pr\u00e1ci je k\u013e\u00fa\u010dom k budovaniu d\u00f4very u pacientov a klientov. Okrem toho pohodln\u00e9 lek\u00e1rske oble\u010denie zlep\u0161uje pohodu ka\u017ed\u00e9ho, kto ho nos\u00ed! [&hellip;]<\/p>\n","protected":false},"featured_media":396134,"comment_status":"open","ping_status":"closed","template":"","meta":{"_acf_changed":false,"inline_featured_image":false},"kolor":[1168],"rodzaj-ubrania":[1177],"ubranie":[1433],"product_brand":[],"product_cat":[1175,1058,1176],"product_tag":[],"class_list":{"0":"post-396133","1":"product","2":"type-product","3":"status-publish","4":"has-post-thumbnail","6":"kolor-czernie-sk","7":"rodzaj-ubrania-zdravotnicke-saty-sk","8":"ubranie-premiove-lekarske-saty-so-zipsom","9":"product_cat-kolekcia-premium","10":"product_cat-pre-nu","11":"product_cat-zdravotnicke-saty-sk","13":"first","14":"instock","15":"taxable","16":"shipping-taxable","17":"purchasable","18":"product-type-variable"},"acf":[],"_links":{"self":[{"href":"https:\/\/dev.medandbeauty.com\/sk\/wp-json\/wp\/v2\/product\/396133","targetHints":{"allow":["GET"]}}],"collection":[{"href":"https:\/\/dev.medandbeauty.com\/sk\/wp-json\/wp\/v2\/product"}],"about":[{"href":"https:\/\/dev.medandbeauty.com\/sk\/wp-json\/wp\/v2\/types\/product"}],"replies":[{"embeddable":true,"href":"https:\/\/dev.medandbeauty.com\/sk\/wp-json\/wp\/v2\/comments?post=396133"}],"wp:featuredmedia":[{"embeddable":true,"href":"https:\/\/dev.medandbeauty.com\/sk\/wp-json\/wp\/v2\/media\/396134"}],"wp:attachment":[{"href":"https:\/\/dev.medandbeauty.com\/sk\/wp-json\/wp\/v2\/media?parent=396133"}],"wp:term":[{"taxonomy":"kolor","embeddable":true,"href":"https:\/\/dev.medandbeauty.com\/sk\/wp-json\/wp\/v2\/kolor?post=396133"},{"taxonomy":"rodzaj-ubrania","embeddable":true,"href":"https:\/\/dev.medandbeauty.com\/sk\/wp-json\/wp\/v2\/rodzaj-ubrania?post=396133"},{"taxonomy":"ubranie","embeddable":true,"href":"https:\/\/dev.medandbeauty.com\/sk\/wp-json\/wp\/v2\/ubranie?post=396133"},{"taxonomy":"product_brand","embeddable":true,"href":"https:\/\/dev.medandbeauty.com\/sk\/wp-json\/wp\/v2\/product_brand?post=396133"},{"taxonomy":"product_cat","embeddable":true,"href":"https:\/\/dev.medandbeauty.com\/sk\/wp-json\/wp\/v2\/product_cat?post=396133"},{"taxonomy":"product_tag","embeddable":true,"href":"https:\/\/dev.medandbeauty.com\/sk\/wp-json\/wp\/v2\/product_tag?post=396133"}],"curies":[{"name":"wp","href":"https:\/\/api.w.org\/{rel}","templated":true}]}}