{"id":395349,"date":"2024-01-10T21:42:18","date_gmt":"2024-01-10T21:42:18","guid":{"rendered":"https:\/\/dev.medandbeauty.com\/product\/damske-lekarske-nohavice-proste-scrubs-basic-cappuccino\/"},"modified":"2026-02-04T16:19:51","modified_gmt":"2026-02-04T15:19:51","slug":"damske-lekarske-nohavice-proste-scrubs-basic-cappuccino","status":"publish","type":"product","link":"https:\/\/dev.medandbeauty.com\/sk\/product\/damske-lekarske-nohavice-proste-scrubs-basic-cappuccino\/","title":{"rendered":"D\u00e1mske lek\u00e1rske nohavice PROSTE scrubs Basic CAPPUCCINO"},"content":{"rendered":"<p style=\"font-weight: 400;\">Fan\u00fa\u0161ikovia nad\u010dasovej elegancie miluj\u00fa tento klasick\u00fd a pohodln\u00fd, no z\u00e1rove\u0148 najpred\u00e1vanej\u0161\u00ed model!<\/p>\n<p style=\"font-weight: 400;\">Chcete sa pri pr\u00e1ci c\u00edti\u0165 pr\u00edjemne a pohodlne a zachova\u0165 si dokonal\u00fd vzh\u013ead?<\/p>\n<p style=\"font-weight: 400;\"><strong>Lek\u00e1rske rovn\u00e9 nohavice z <a href=\"https:\/\/dev.medandbeauty.com\/sk\/shop\/pre-nu\/zakladna-kolekcia\/\" target=\"_blank\" rel=\"noopener\">kolekcie Med &amp; Beauty Basic<\/a> vo farbe cappuccino <\/strong>s\u00fa ide\u00e1lnou vo\u013ebou pre v\u0161etky \u017eeny, ktor\u00e9 si cenia profesion\u00e1lny vzh\u013ead po\u010das dlh\u00fdch hod\u00edn v pr\u00e1ci, ako aj pohodlie a komfort pri nosen\u00ed.<\/p>\n<p style=\"font-weight: 400;\"><strong>D\u00e1mske rovn\u00e9 lek\u00e1rske nohavice Scrubs Basic vo farbe cappuccino<\/strong> poskytuj\u00fa \u00fapln\u00fa vo\u013enos\u0165 pohybu, preto\u017ee s\u00fa u\u0161it\u00e9 z neuverite\u013ene m\u00e4kkej a na dotyk pr\u00edjemnej tkaniny.<\/p>\n<p style=\"font-weight: 400;\">V\u010faka kombin\u00e1cii polyesteru, visk\u00f3zy a lycry sa l\u00e1tka prisp\u00f4sob\u00ed ka\u017edej \u017eenskej postave a z\u00e1rove\u0148 je mimoriadne odoln\u00e1 a priedu\u0161n\u00e1.<\/p>\n<p style=\"font-weight: 400;\"><strong>D\u00e1mske jednoduch\u00e9 lek\u00e1rske nohavice Scrubs z kolekcie Basic<\/strong> s\u00fa vybaven\u00e9 \u0161tyrmi praktick\u00fdmi vreckami (dve vzadu a dve vpredu), do ktor\u00fdch si m\u00f4\u017eete da\u0165 v\u0161etky najpotrebnej\u0161ie n\u00e1stroje a pracovn\u00e9 doplnky.<\/p>\n<p style=\"font-weight: 400;\">Mierne z\u00fa\u017een\u00fd strih a nohavice s vysok\u00fdm p\u00e1som zd\u00f4raz\u0148uj\u00fa v\u0161etky prednosti \u017eenskej postavy, zatia\u013e \u010do elastick\u00fd p\u00e1s zaru\u010duje vo\u013enos\u0165 pohybu a pohodlie pri nosen\u00ed.<\/p>\n<p style=\"font-weight: 400;\"><strong>Z\u00e1kladn\u00e9 rovn\u00e9 lek\u00e1rske nohavice cappuccino<\/strong> sp\u00e1rujte s <a href=\"https:\/\/dev.medandbeauty.com\/sk\/product\/damske-lekarske-bluzky-basic-cappuccino\/\" target=\"_blank\" rel=\"noopener\"><strong>lek\u00e1rskou bl\u00fazkou<\/strong> <\/a>v rovnakej farbe alebo ich zla\u010fte s in\u00fdm odtie\u0148om z na\u0161ej kolekcie <a href=\"https:\/\/dev.medandbeauty.com\/sk\/shop\/pre-nu\/zakladna-kolekcia\/\" target=\"_blank\" rel=\"noopener\"><strong>kolekcia<\/strong><\/a> a vytvorte si jedine\u010dn\u00fa s\u00fapravu!<strong><br \/>\n<\/strong><\/p>\n<p>Nezabudnite si pozrie\u0165 aj n\u00e1\u0161 tepl\u00fd fleece  <a href=\"https:\/\/dev.medandbeauty.com\/sk\/shop\/pre-nu\/zakladna-kolekcia\/lekarske-bluzky-sk-2\/\" target=\"_blank\" rel=\"noopener\">lek\u00e1rske bl\u00fazky<\/a>  z certifikovan\u00e9ho priedu\u0161n\u00e9ho materi\u00e1lu!<\/p>\n<ul>\n<li style=\"font-weight: 400;\"><span style=\"font-family: inherit;\">Elastick\u00fd p\u00e1s<\/span><strong><br \/>\n<\/strong><\/li>\n<li>4 praktick\u00e9 a priestrann\u00e9 vreck\u00e1<\/li>\n<li style=\"font-weight: 400;\">Mierne z\u00fa\u017een\u00e1 spodn\u00e1 \u010das\u0165<\/li>\n<li style=\"font-weight: 400;\"><span style=\"font-family: inherit;\">Obop\u00ednaj\u00faci vzostup<\/span><\/li>\n<\/ul>\n<p>&nbsp;<\/p>\n<p style=\"font-weight: 400;\"><strong>\u010eal\u0161ie inform\u00e1cie:<\/strong><br \/>\nModelky na fotografi\u00e1ch maj\u00fa na sebe ve\u013ekos\u0165 S a s\u00fa vysok\u00e9 170-174 cm.<\/p>\n<p style=\"font-weight: 400;\">Ak si neviete vybra\u0165 ve\u013ekos\u0165, pozrite si tabu\u013eku ve\u013ekost\u00ed. Ak m\u00e1te \u010fal\u0161ie pochybnosti &#8211; po\u0161lite n\u00e1m svoje miery a my v\u00e1m ju prisp\u00f4sob\u00edme. <\/p>\n<p style=\"font-weight: 400;\">Farby odevov v <a href=\"https:\/\/dev.medandbeauty.com\/sk\/shop\/pre-nu\/zakladna-kolekcia\/\" target=\"_blank\" rel=\"noopener\">kolekcii Basic<\/a> sa nezhoduj\u00fa s farbami odevov v <a href=\"https:\/\/dev.medandbeauty.com\/sk\/shop\/pre-nu\/kolekcia-premium\/\" target=\"_blank\" rel=\"noopener\">kolekcii Premium<\/a> &#8211; s\u00fa vyroben\u00e9 z r\u00f4znych materi\u00e1lov.<\/p>\n<p style=\"font-weight: 400;\">Odtiene jednotliv\u00fdch odevov na obr\u00e1zkoch sa m\u00f4\u017eu l\u00ed\u0161i\u0165 od skuto\u010dn\u00fdch &#8211; je to sp\u00f4soben\u00e9 r\u00f4znorodos\u0165ou dostupn\u00fdch elektronick\u00fdch zariaden\u00ed a ich individu\u00e1lnym nastaven\u00edm.<\/p>\n","protected":false},"excerpt":{"rendered":"<p>Fan\u00fa\u0161ikovia nad\u010dasovej elegancie miluj\u00fa tento klasick\u00fd a pohodln\u00fd, no z\u00e1rove\u0148 najpred\u00e1vanej\u0161\u00ed model! Chcete sa pri pr\u00e1ci c\u00edti\u0165 pr\u00edjemne a pohodlne a zachova\u0165 si dokonal\u00fd vzh\u013ead? Lek\u00e1rske rovn\u00e9 nohavice z kolekcie Med &amp; Beauty Basic vo farbe cappuccino s\u00fa ide\u00e1lnou vo\u013ebou pre v\u0161etky \u017eeny, ktor\u00e9 si cenia profesion\u00e1lny vzh\u013ead po\u010das dlh\u00fdch hod\u00edn v pr\u00e1ci, ako aj [&hellip;]<\/p>\n","protected":false},"featured_media":395353,"comment_status":"open","ping_status":"closed","template":"","meta":{"_acf_changed":false,"inline_featured_image":false},"kolor":[1057],"rodzaj-ubrania":[1082,1095],"ubranie":[1127],"product_brand":[],"product_cat":[1081,1094,1058,1079],"product_tag":[],"class_list":{"0":"post-395349","1":"product","2":"type-product","3":"status-publish","4":"has-post-thumbnail","6":"kolor-beiges-sk","7":"rodzaj-ubrania-kroviny","8":"rodzaj-ubrania-lekarske-nohavice","9":"ubranie-damske-lekarske-nohavice-rovne-scrubs-basic","10":"product_cat-kroviny","11":"product_cat-lekarske-nohavice","12":"product_cat-pre-nu","13":"product_cat-zakladna-kolekcia","15":"first","16":"instock","17":"taxable","18":"shipping-taxable","19":"purchasable","20":"product-type-variable"},"acf":[],"_links":{"self":[{"href":"https:\/\/dev.medandbeauty.com\/sk\/wp-json\/wp\/v2\/product\/395349","targetHints":{"allow":["GET"]}}],"collection":[{"href":"https:\/\/dev.medandbeauty.com\/sk\/wp-json\/wp\/v2\/product"}],"about":[{"href":"https:\/\/dev.medandbeauty.com\/sk\/wp-json\/wp\/v2\/types\/product"}],"replies":[{"embeddable":true,"href":"https:\/\/dev.medandbeauty.com\/sk\/wp-json\/wp\/v2\/comments?post=395349"}],"wp:featuredmedia":[{"embeddable":true,"href":"https:\/\/dev.medandbeauty.com\/sk\/wp-json\/wp\/v2\/media\/395353"}],"wp:attachment":[{"href":"https:\/\/dev.medandbeauty.com\/sk\/wp-json\/wp\/v2\/media?parent=395349"}],"wp:term":[{"taxonomy":"kolor","embeddable":true,"href":"https:\/\/dev.medandbeauty.com\/sk\/wp-json\/wp\/v2\/kolor?post=395349"},{"taxonomy":"rodzaj-ubrania","embeddable":true,"href":"https:\/\/dev.medandbeauty.com\/sk\/wp-json\/wp\/v2\/rodzaj-ubrania?post=395349"},{"taxonomy":"ubranie","embeddable":true,"href":"https:\/\/dev.medandbeauty.com\/sk\/wp-json\/wp\/v2\/ubranie?post=395349"},{"taxonomy":"product_brand","embeddable":true,"href":"https:\/\/dev.medandbeauty.com\/sk\/wp-json\/wp\/v2\/product_brand?post=395349"},{"taxonomy":"product_cat","embeddable":true,"href":"https:\/\/dev.medandbeauty.com\/sk\/wp-json\/wp\/v2\/product_cat?post=395349"},{"taxonomy":"product_tag","embeddable":true,"href":"https:\/\/dev.medandbeauty.com\/sk\/wp-json\/wp\/v2\/product_tag?post=395349"}],"curies":[{"name":"wp","href":"https:\/\/api.w.org\/{rel}","templated":true}]}}