{"id":390043,"date":"2024-01-05T22:28:03","date_gmt":"2024-01-05T22:28:03","guid":{"rendered":"https:\/\/dev.medandbeauty.com\/product\/damske-lekarske-nohavice-premium-fit-white\/"},"modified":"2026-03-18T09:25:54","modified_gmt":"2026-03-18T08:25:54","slug":"damske-lekarske-nohavice-premium-fit-white","status":"publish","type":"product","link":"https:\/\/dev.medandbeauty.com\/sk\/product\/damske-lekarske-nohavice-premium-fit-white\/","title":{"rendered":"D\u00e1mske lek\u00e1rske nohavice Premium fit WHITE"},"content":{"rendered":"<p>H\u013ead\u00e1te dokonal\u00e9, <strong>priliehav\u00e9 biele lek\u00e1rske nohavice,<\/strong> ktor\u00e9<strong> v\u00e1s bud\u00fa sprev\u00e1dza\u0165 po\u010das dlh\u00fdch pracovn\u00fdch hod\u00edn?<\/strong><\/p>\n<p>D\u00e1mske biele lek\u00e1rske nohavice z <a href=\"https:\/\/dev.medandbeauty.com\/sk\/shop\/pre-nu\/kolekcia-premium\/\" target=\"_blank\" rel=\"noopener\">kolekcie Premium<\/a> bud\u00fa perfektne fungova\u0165!<\/p>\n<h2>Biele lek\u00e1rske nohavice &#8211; pohodln\u00e9 na nosenie<\/h2>\n<p>Ak pri zdravotn\u00edckom oble\u010den\u00ed h\u013ead\u00e1te pohodlie pri nosen\u00ed a pr\u00e9miov\u00fa kvalitu materi\u00e1lov, na\u0161e biele d\u00e1mske zdravotn\u00edcke nohavice Premium v\u00e1s ur\u010dite oslovia!<\/p>\n<p><strong>Pr\u00e9miov\u00e9 biele d\u00e1mske zdravotn\u00e9 priliehav\u00e9 nohavice <\/strong>s\u00fa u\u0161it\u00e9 z m\u00e4kkej a <strong>priedu\u0161nej tkaniny<\/strong>, tak\u017ee neobmedzuj\u00fa pohyb a poskytuj\u00fa pln\u00fd komfort pri nosen\u00ed. V\u010faka 80 % vysokokvalitnej bavlny so zmesou lycry a nylonu tkanina dokonale vyhovuje ka\u017ed\u00e9mu typu \u017eenskej postavy a z\u00e1rove\u0148 je odoln\u00e1 a priedu\u0161n\u00e1. <\/p>\n<p>Mierne zv\u00fd\u0161en\u00fd p\u00e1s so \u0161irok\u00fdm elastick\u00fdm p\u00e1som znamen\u00e1, \u017ee d\u00e1mske lek\u00e1rske nohavice v bielom strihu neobmedzuj\u00fa pohyb, a preto s\u00fa ve\u013emi pohodln\u00e9 aj pri dlhom nosen\u00ed.<\/p>\n<h2>Biele lek\u00e1rske nohavice &#8211; vysok\u00e1 kvalita v s\u00falade s trendmi<\/h2>\n<p>Klasick\u00e1 biela farba <strong>priliehav\u00fdch lek\u00e1rskych nohav\u00edc<\/strong> sa hod\u00ed ku ka\u017ed\u00e9mu <strong>oble\u010deniu<\/strong> a v\u010faka absencii vreciek sa budete c\u00edti\u0165 ako v t\u00fdch najpohodlnej\u0161\u00edch leg\u00ednach!<\/p>\n<p>Pr\u00e9miov\u00e9 biele lek\u00e1rske priliehav\u00e9 nohavice maj\u00fa v p\u00e1se \u0161n\u00farku na stiahnutie, aby perfektne sedeli.<\/p>\n<p>Vytvorte si vysn\u00edvan\u00fa s\u00fapravu lek\u00e1rskeho oble\u010denia zladen\u00edm lek\u00e1rskych bielych nohav\u00edc s <a href=\"https:\/\/dev.medandbeauty.com\/sk\/product\/damska-lekarska-bluzka-scrubs-premium-white\/\" target=\"_blank\" rel=\"noopener\">lek\u00e1rskou bl\u00fazkou<\/a>,<a href=\"https:\/\/dev.medandbeauty.com\/sk\/product\/damska-lekarska-obalkova-tunika-s-kratkymi-rukavmi-premium-white\/\" target=\"_blank\" rel=\"noopener\">lek\u00e1rskou tunikou<\/a>, <a href=\"https:\/\/dev.medandbeauty.com\/sk\/product\/damsky-lekarsky-plast-s-premiovym-golierom-biely\/\" target=\"_blank\" rel=\"noopener\">lek\u00e1rskym sakom<\/a> alebo lek\u00e1rskou <a href=\"https:\/\/dev.medandbeauty.com\/sk\/product\/damsky-lekarsky-plast-s-premiovym-golierom-biely\/\" target=\"_blank\" rel=\"noopener\">z\u00e1sterou<\/a> z rovnak\u00e9ho materi\u00e1lu.<\/p>\n<h2>D\u00e1mske biele lek\u00e1rske nohavice<\/h2>\n<p>Vo\u013ene kombinujte odtiene a vytvorte jedine\u010dn\u00fd vzh\u013ead alebo si vyberte biele lek\u00e1rske nohavice ako jednofarebn\u00fd klasick\u00fd vzh\u013ead. Ak\u00e9 s\u00fa vlastnosti na\u0161ich nohav\u00edc? <\/p>\n<ul>\n<li>\u017eiadne vreck\u00e1,<\/li>\n<li>\u0161irok\u00fd, pohodln\u00fd elastick\u00fd p\u00e1s,<\/li>\n<li>\u0161t\u00edhly strih &#8211; z\u00fa\u017een\u00e9 nohy,<\/li>\n<li>pru\u017en\u00e1, elastick\u00e1 tkanina.<\/li>\n<\/ul>\n<p><strong>\u010eal\u0161ie inform\u00e1cie:<\/strong> Modelky na fotografi\u00e1ch maj\u00fa na sebe biele lek\u00e1rske nohavice (r\u00farkov\u00fd typ) ve\u013ekosti S a s\u00fa vysok\u00e9 170-174 cm.<\/p>\n<p>Ak sa p\u00fdtate, ak\u00fa ve\u013ekos\u0165 bielych lek\u00e1rskych nohav\u00edc si vybra\u0165 &#8211; pozrite si tabu\u013eku ve\u013ekost\u00ed. Ak m\u00e1te \u010fal\u0161ie pochybnosti &#8211; <strong>po\u0161lite n\u00e1m svoje miery a my v\u00e1m ich prisp\u00f4sob\u00edme.<\/strong> <\/p>\n<p>Farby odevov v <a href=\"https:\/\/dev.medandbeauty.com\/sk\/shop\/pre-nu\/kolekcia-premium\/\" target=\"_blank\" rel=\"noopener\">kolekcii Premium<\/a> sa nezhoduj\u00fa s farbami odevov v <a href=\"https:\/\/dev.medandbeauty.com\/sk\/shop\/pre-nu\/zakladna-kolekcia\/\" target=\"_blank\" rel=\"noopener\">kolekcii Basic<\/a> &#8211; s\u00fa vyroben\u00e9 z in\u00fdch materi\u00e1lov.<\/p>\n<p>N\u00e1\u0161 <a href=\"https:\/\/dev.medandbeauty.com\/sk\/\">obchod so zdravotn\u00edckym oble\u010den\u00edm<\/a> pon\u00faka:<\/p>\n<ul>\n<li><a href=\"https:\/\/dev.medandbeauty.com\/sk\/shop\/pre-nu\/\">d\u00e1mske zdravotn\u00edcke oble\u010denie<\/a>,<\/li>\n<li><a href=\"https:\/\/dev.medandbeauty.com\/sk\/shop\/pre-nu\/zakladna-kolekcia\/lekarske-nohavice\/\">d\u00e1mske lek\u00e1rske nohavice<\/a>,<\/li>\n<li><a href=\"https:\/\/dev.medandbeauty.com\/sk\/shop\/pre-nu\/kolekcia-premium\/lekarske-nohavice-sk-2\/\">d\u00e1mske lek\u00e1rske bavlnen\u00e9 nohavice<\/a>.<\/li>\n<\/ul>\n<p>Odpor\u00fa\u010dame v\u00e1m zad\u00e1va\u0165 objedn\u00e1vky.<\/p>\n<p>Odtiene jednotliv\u00fdch odevov na obr\u00e1zkoch sa m\u00f4\u017eu l\u00ed\u0161i\u0165 od skuto\u010dn\u00fdch &#8211; je to sp\u00f4soben\u00e9 r\u00f4znorodos\u0165ou dostupn\u00fdch elektronick\u00fdch zariaden\u00ed a ich individu\u00e1lnym nastaven\u00edm.<\/p>\n","protected":false},"excerpt":{"rendered":"<p>H\u013ead\u00e1te dokonal\u00e9, priliehav\u00e9 biele lek\u00e1rske nohavice, ktor\u00e9 v\u00e1s bud\u00fa sprev\u00e1dza\u0165 po\u010das dlh\u00fdch pracovn\u00fdch hod\u00edn? D\u00e1mske biele lek\u00e1rske nohavice z kolekcie Premium bud\u00fa perfektne fungova\u0165! Biele lek\u00e1rske nohavice &#8211; pohodln\u00e9 na nosenie Ak pri zdravotn\u00edckom oble\u010den\u00ed h\u013ead\u00e1te pohodlie pri nosen\u00ed a pr\u00e9miov\u00fa kvalitu materi\u00e1lov, na\u0161e biele d\u00e1mske zdravotn\u00edcke nohavice Premium v\u00e1s ur\u010dite oslovia! Pr\u00e9miov\u00e9 biele d\u00e1mske [&hellip;]<\/p>\n","protected":false},"featured_media":390045,"comment_status":"open","ping_status":"closed","template":"","meta":{"_acf_changed":false,"inline_featured_image":false},"kolor":[1065],"rodzaj-ubrania":[1095],"ubranie":[1243],"product_brand":[],"product_cat":[1175,1242,1058],"product_tag":[1400,1368],"class_list":{"0":"post-390043","1":"product","2":"type-product","3":"status-publish","4":"has-post-thumbnail","6":"kolor-biela","7":"rodzaj-ubrania-lekarske-nohavice","8":"ubranie-premiove-lekarske-nohavice-pre-zeny","9":"product_cat-kolekcia-premium","10":"product_cat-lekarske-nohavice-sk-2","11":"product_cat-pre-nu","12":"product_tag-damske-lekarske-nohavice-s-rovnymi-nohavicami","13":"product_tag-kozmeticke-nohavice","15":"first","16":"instock","17":"taxable","18":"shipping-taxable","19":"purchasable","20":"product-type-variable"},"acf":[],"_links":{"self":[{"href":"https:\/\/dev.medandbeauty.com\/sk\/wp-json\/wp\/v2\/product\/390043","targetHints":{"allow":["GET"]}}],"collection":[{"href":"https:\/\/dev.medandbeauty.com\/sk\/wp-json\/wp\/v2\/product"}],"about":[{"href":"https:\/\/dev.medandbeauty.com\/sk\/wp-json\/wp\/v2\/types\/product"}],"replies":[{"embeddable":true,"href":"https:\/\/dev.medandbeauty.com\/sk\/wp-json\/wp\/v2\/comments?post=390043"}],"wp:featuredmedia":[{"embeddable":true,"href":"https:\/\/dev.medandbeauty.com\/sk\/wp-json\/wp\/v2\/media\/390045"}],"wp:attachment":[{"href":"https:\/\/dev.medandbeauty.com\/sk\/wp-json\/wp\/v2\/media?parent=390043"}],"wp:term":[{"taxonomy":"kolor","embeddable":true,"href":"https:\/\/dev.medandbeauty.com\/sk\/wp-json\/wp\/v2\/kolor?post=390043"},{"taxonomy":"rodzaj-ubrania","embeddable":true,"href":"https:\/\/dev.medandbeauty.com\/sk\/wp-json\/wp\/v2\/rodzaj-ubrania?post=390043"},{"taxonomy":"ubranie","embeddable":true,"href":"https:\/\/dev.medandbeauty.com\/sk\/wp-json\/wp\/v2\/ubranie?post=390043"},{"taxonomy":"product_brand","embeddable":true,"href":"https:\/\/dev.medandbeauty.com\/sk\/wp-json\/wp\/v2\/product_brand?post=390043"},{"taxonomy":"product_cat","embeddable":true,"href":"https:\/\/dev.medandbeauty.com\/sk\/wp-json\/wp\/v2\/product_cat?post=390043"},{"taxonomy":"product_tag","embeddable":true,"href":"https:\/\/dev.medandbeauty.com\/sk\/wp-json\/wp\/v2\/product_tag?post=390043"}],"curies":[{"name":"wp","href":"https:\/\/api.w.org\/{rel}","templated":true}]}}