{"id":389708,"date":"2024-01-05T23:26:02","date_gmt":"2024-01-05T23:26:02","guid":{"rendered":"https:\/\/dev.medandbeauty.com\/product\/premiove-lekarske-obalkove-saty-s-kratkymi-rukavmi-bielej-farby\/"},"modified":"2025-12-23T11:46:06","modified_gmt":"2025-12-23T10:46:06","slug":"premiove-lekarske-obalkove-saty-s-kratkymi-rukavmi-bielej-farby","status":"publish","type":"product","link":"https:\/\/dev.medandbeauty.com\/sk\/product\/premiove-lekarske-obalkove-saty-s-kratkymi-rukavmi-bielej-farby\/","title":{"rendered":"Pr\u00e9miov\u00e9 lek\u00e1rske ob\u00e1lkov\u00e9 \u0161aty s kr\u00e1tkymi ruk\u00e1vmi BIELEJ farby"},"content":{"rendered":"<p>&nbsp;<\/p>\n<h2>Lek\u00e1rske \u0161aty biele Med&amp;Beauty<\/h2>\n<p>S na\u0161imi najpred\u00e1vanej\u0161\u00edmi <strong>obalov\u00fdmi \u0161atami<\/strong> men\u00edme imid\u017e zdravotn\u00edckeho a kozmetick\u00e9ho priemyslu!<\/p>\n<p>Zabudnite na klasick\u00e9 <strong>lek\u00e1rske uniformy<\/strong> &#8211; nastal \u010das na elegantn\u00e9 a mimoriadne pohodln\u00e9 <strong>lek\u00e1rske ob\u00e1lkov\u00e9 \u0161aty s kr\u00e1tkymi ruk\u00e1vmi<\/strong>.<\/p>\n<p>Vedeli ste, \u017ee pacienti a klienti \u010doraz viac dbaj\u00fa na to, ako ste pri svojej pr\u00e1ci oble\u010den\u00ed?<\/p>\n<p>Ak budete nosi\u0165 elegantn\u00e9 biele <strong>lek\u00e1rske \u0161aty<\/strong>, ktor\u00e9 zd\u00f4raznia va\u0161u profesionalitu, nielen\u017ee si zlep\u0161\u00edte pohodu, ale z\u00edskate aj v o\u010diach pacientov a klientov.<\/p>\n<p><strong>Biele lek\u00e1rske ob\u00e1lkov\u00e9 \u0161aty s kr\u00e1tkymi ruk\u00e1vmi z<\/strong> <a href=\"https:\/\/dev.medandbeauty.com\/sk\/shop\/pre-nu\/kolekcia-premium\/\" target=\"_blank\" rel=\"noopener\">pr\u00e9miovej kolekcie s\u00fa<\/a> u\u0161it\u00e9 z 80 % vysokokvalitnej bavlny v kombin\u00e1cii s nylonom a lycrou. V\u010faka tejto kombin\u00e1cii vl\u00e1kien v tkanine s\u00fa biele lek\u00e1rske \u0161aty priedu\u0161n\u00e9, m\u00e4kk\u00e9, kr\u00e1sne sedia na postave a nema\u010dkaj\u00fa sa.<\/p>\n<p>Vo v\u00fdstrihu <strong>bielych lek\u00e1rskych \u0161iat s kr\u00e1tkymi ruk\u00e1vmi<\/strong> sme umiestnili skryt\u00e9 zap\u00ednanie, ktor\u00e9 zais\u0165uje v\u00fdstrih a zaru\u010duje \u00fapln\u00fa vo\u013enos\u0165 pohybu aj po\u010das n\u00e1ro\u010dn\u00fdch pracovn\u00fdch hod\u00edn.<\/p>\n<p>Dobre si uvedomujeme, \u017ee je d\u00f4le\u017eit\u00e9 ma\u0165 po ruke drobn\u00e9 pracovn\u00e9 potreby, a preto s\u00fa tieto <strong>biele lek\u00e1rske \u0161aty s kr\u00e1tkymi ruk\u00e1vmi<\/strong> vybaven\u00e9 dvoma priestrann\u00fdmi a praktick\u00fdmi vreckami.<\/p>\n<p>Elegantn\u00e9 z\u00e1\u0161evky v oblasti poprsia a opasok v p\u00e1se sp\u00f4sobuj\u00fa, \u017ee <strong>biele lek\u00e1rske \u0161aty s kr\u00e1tkymi ruk\u00e1vmi<\/strong> dokonale padn\u00fa ka\u017ed\u00e9mu typu \u017eenskej postavy.<\/p>\n<h2>Biele lek\u00e1rske \u0161aty &#8211; vysok\u00e1 kvalita a pohodlie<\/h2>\n<p>Biele lek\u00e1rske \u0161aty od spolo\u010dnosti Med&amp;Beauty maj\u00fa:<\/p>\n<ul>\n<li>dve ve\u013ek\u00e9, priestrann\u00e9 vreck\u00e1,<\/li>\n<li>opasok v p\u00e1se pre dokonal\u00e9 prisp\u00f4sobenie sa ka\u017edej postave,<\/li>\n<li>d\u013a\u017eka pred kolenom,<\/li>\n<li>praktick\u00e9 zap\u00ednanie v\u00fdstrihu pre \u00fapln\u00e9 pohodlie,<\/li>\n<li>je mo\u017en\u00e1 personaliz\u00e1cia vo forme v\u00fd\u0161ivky.<\/li>\n<\/ul>\n<p><strong>\u010eal\u0161ie inform\u00e1cie:<\/strong> Modelky na fotografi\u00e1ch maj\u00fa na sebe biele zdravotn\u00edcke \u0161aty ve\u013ekosti S a s\u00fa vysok\u00e9 170-174 cm.<\/p>\n<p>Ak si neviete vybra\u0165 ve\u013ekos\u0165, pozrite si tabu\u013eku ve\u013ekost\u00ed. Ak m\u00e1te \u010fal\u0161ie pochybnosti &#8211; po\u0161lite n\u00e1m svoje miery a my v\u00e1m ju prisp\u00f4sob\u00edme. <\/p>\n<p>Farby odevov v <a href=\"https:\/\/dev.medandbeauty.com\/sk\/shop\/pre-nu\/kolekcia-premium\/\" target=\"_blank\" rel=\"noopener\">kolekcii Premium<\/a> sa nezhoduj\u00fa s farbami odevov v <a href=\"https:\/\/dev.medandbeauty.com\/sk\/shop\/pre-nu\/zakladna-kolekcia\/\" target=\"_blank\" rel=\"noopener\">kolekcii Basic<\/a> &#8211; s\u00fa vyroben\u00e9 z in\u00fdch materi\u00e1lov.<\/p>\n<p>N\u00e1\u0161 <a href=\"https:\/\/dev.medandbeauty.com\/sk\/\">obchod so zdravotn\u00edckym oble\u010den\u00edm<\/a> pon\u00faka:<\/p>\n<ul>\n<li><a href=\"https:\/\/dev.medandbeauty.com\/sk\/shop\/pre-nu\/\" target=\"_new\" rel=\"noopener\">d\u00e1mske zdravotn\u00edcke oble\u010denie<\/a>,<\/li>\n<li><a href=\"https:\/\/dev.medandbeauty.com\/sk\/rodzaj-ubrania\/zdravotnicke-saty-sk\/\" target=\"_new\" rel=\"noopener\">lek\u00e1rske \u0161aty<\/a>,<\/li>\n<li><a href=\"https:\/\/dev.medandbeauty.com\/sk\/product\/lekarske-saty-so-zipsom-premium-white\/\" target=\"_new\" rel=\"noopener\">lek\u00e1rske \u0161aty na zips bielej farby<\/a>,<\/li>\n<li><a href=\"https:\/\/dev.medandbeauty.com\/sk\/product\/lekarske-viacvrstvove-saty-premium-white\/\" target=\"_new\" rel=\"noopener\">lek\u00e1rske \u0161aty viazan\u00e9 bielej farby.<\/a><\/li>\n<\/ul>\n<p>Odtiene jednotliv\u00fdch odevov na obr\u00e1zkoch sa m\u00f4\u017eu l\u00ed\u0161i\u0165 od skuto\u010dn\u00fdch &#8211; je to sp\u00f4soben\u00e9 r\u00f4znorodos\u0165ou dostupn\u00fdch elektronick\u00fdch zariaden\u00ed a ich individu\u00e1lnym nastaven\u00edm.<\/p>\n<p>Odpor\u00fa\u010dame v\u00e1m zad\u00e1va\u0165 objedn\u00e1vky.<\/p>\n","protected":false},"excerpt":{"rendered":"<p>&nbsp; Lek\u00e1rske \u0161aty biele Med&amp;Beauty S na\u0161imi najpred\u00e1vanej\u0161\u00edmi obalov\u00fdmi \u0161atami men\u00edme imid\u017e zdravotn\u00edckeho a kozmetick\u00e9ho priemyslu! Zabudnite na klasick\u00e9 lek\u00e1rske uniformy &#8211; nastal \u010das na elegantn\u00e9 a mimoriadne pohodln\u00e9 lek\u00e1rske ob\u00e1lkov\u00e9 \u0161aty s kr\u00e1tkymi ruk\u00e1vmi. Vedeli ste, \u017ee pacienti a klienti \u010doraz viac dbaj\u00fa na to, ako ste pri svojej pr\u00e1ci oble\u010den\u00ed? Ak budete nosi\u0165 [&hellip;]<\/p>\n","protected":false},"featured_media":389721,"comment_status":"open","ping_status":"closed","template":"","meta":{"_acf_changed":false,"inline_featured_image":false},"kolor":[1065],"rodzaj-ubrania":[1177],"ubranie":[1210],"product_brand":[],"product_cat":[1175,1058,1176],"product_tag":[1355],"class_list":{"0":"post-389708","1":"product","2":"type-product","3":"status-publish","4":"has-post-thumbnail","6":"kolor-biela","7":"rodzaj-ubrania-zdravotnicke-saty-sk","8":"ubranie-lekarske-obalkove-saty-s-kratkymi-rukavmi-premium","9":"product_cat-kolekcia-premium","10":"product_cat-pre-nu","11":"product_cat-zdravotnicke-saty-sk","12":"product_tag-kozmeticke-saty","14":"first","15":"instock","16":"taxable","17":"shipping-taxable","18":"purchasable","19":"product-type-variable"},"acf":[],"_links":{"self":[{"href":"https:\/\/dev.medandbeauty.com\/sk\/wp-json\/wp\/v2\/product\/389708","targetHints":{"allow":["GET"]}}],"collection":[{"href":"https:\/\/dev.medandbeauty.com\/sk\/wp-json\/wp\/v2\/product"}],"about":[{"href":"https:\/\/dev.medandbeauty.com\/sk\/wp-json\/wp\/v2\/types\/product"}],"replies":[{"embeddable":true,"href":"https:\/\/dev.medandbeauty.com\/sk\/wp-json\/wp\/v2\/comments?post=389708"}],"wp:featuredmedia":[{"embeddable":true,"href":"https:\/\/dev.medandbeauty.com\/sk\/wp-json\/wp\/v2\/media\/389721"}],"wp:attachment":[{"href":"https:\/\/dev.medandbeauty.com\/sk\/wp-json\/wp\/v2\/media?parent=389708"}],"wp:term":[{"taxonomy":"kolor","embeddable":true,"href":"https:\/\/dev.medandbeauty.com\/sk\/wp-json\/wp\/v2\/kolor?post=389708"},{"taxonomy":"rodzaj-ubrania","embeddable":true,"href":"https:\/\/dev.medandbeauty.com\/sk\/wp-json\/wp\/v2\/rodzaj-ubrania?post=389708"},{"taxonomy":"ubranie","embeddable":true,"href":"https:\/\/dev.medandbeauty.com\/sk\/wp-json\/wp\/v2\/ubranie?post=389708"},{"taxonomy":"product_brand","embeddable":true,"href":"https:\/\/dev.medandbeauty.com\/sk\/wp-json\/wp\/v2\/product_brand?post=389708"},{"taxonomy":"product_cat","embeddable":true,"href":"https:\/\/dev.medandbeauty.com\/sk\/wp-json\/wp\/v2\/product_cat?post=389708"},{"taxonomy":"product_tag","embeddable":true,"href":"https:\/\/dev.medandbeauty.com\/sk\/wp-json\/wp\/v2\/product_tag?post=389708"}],"curies":[{"name":"wp","href":"https:\/\/api.w.org\/{rel}","templated":true}]}}