{"id":389594,"date":"2024-01-05T20:49:02","date_gmt":"2024-01-05T20:49:02","guid":{"rendered":"https:\/\/dev.medandbeauty.com\/product\/damsky-viazany-lekarsky-plast-premium-black\/"},"modified":"2026-01-14T14:07:14","modified_gmt":"2026-01-14T13:07:14","slug":"damsky-viazany-lekarsky-plast-premium-black","status":"publish","type":"product","link":"https:\/\/dev.medandbeauty.com\/sk\/product\/damsky-viazany-lekarsky-plast-premium-black\/","title":{"rendered":"D\u00e1msky viazan\u00fd lek\u00e1rsky pl\u00e1\u0161\u0165 Premium BLACK"},"content":{"rendered":"<p style=\"font-weight: 400;\"><strong>\u010cierny d\u00e1msky viazan\u00fd lek\u00e1rsky pl\u00e1\u0161\u0165 z <a href=\"https:\/\/dev.medandbeauty.com\/sk\/shop\/pre-nu\/kolekcia-premium\/\" target=\"_blank\" rel=\"noopener\">kolekcie Premium<\/a><\/strong> je model ur\u010den\u00fd pre najn\u00e1ro\u010dnej\u0161ie \u017eeny pracuj\u00face v lek\u00e1rskom a kozmetickom priemysle.<\/p>\n<p style=\"font-weight: 400;\"><strong>\u010cierna zdravotn\u00edcka z\u00e1stera Premium je<\/strong> vyroben\u00e1 zo zmesi najkvalitnej\u0161ej bavlny, nylonu a lycry. V\u010faka tejto kombin\u00e1cii vl\u00e1kien v tkanine je materi\u00e1l priedu\u0161n\u00fd, dokonale sa prisp\u00f4sob\u00ed ka\u017ed\u00e9mu typu \u017eenskej postavy a zaru\u010duje maxim\u00e1lne pohodlie po\u010das dlh\u00fdch hod\u00edn v pr\u00e1ci. <\/p>\n<p style=\"font-weight: 400;\">V\u0161etky modely lek\u00e1rskych vrchn\u00fdch odevov spolo\u010dnosti <strong>Med &amp; Beauty<\/strong> s\u00fa vybaven\u00e9 praktick\u00fdmi a priestrann\u00fdmi vreckami na ulo\u017eenie drobn\u00e9ho pr\u00edslu\u0161enstva potrebn\u00e9ho na ka\u017edodenn\u00fa pr\u00e1cu.<\/p>\n<p style=\"font-weight: 400;\">N\u00e1dherne tvarovan\u00fd golier dod\u00e1va <strong>\u010diernej<\/strong> <strong>z\u00e1stere na kravate<\/strong> mimoriadny \u0161ik n\u00e1dych, zatia\u013e \u010do opasok so sponou v p\u00e1se umo\u017e\u0148uje, aby sa<strong> z\u00e1stera<\/strong> dokonale prisp\u00f4sobila ka\u017edej postave.<\/p>\n<p style=\"font-weight: 400;\">V spolo\u010dnosti <strong>Med &amp; Beauty<\/strong> sa zameriavame nielen na pohodlie pri nosen\u00ed, ale aj na estetick\u00fd a profesion\u00e1lny vzh\u013ead. D\u013a\u017eka <strong>pr\u00e9miov\u00e9ho \u010dierneho viazan\u00e9ho lek\u00e1rskeho pl\u00e1\u0161\u0165a<\/strong> bola zvolen\u00e1 tak, aby dokonale sedela ka\u017edej postave. <\/p>\n<p style=\"font-weight: 400;\"><strong>\u010cierna d\u00e1mska pr\u00e9miov\u00e1 lek\u00e1rska z\u00e1stera<\/strong> sa dobre kombinuje s <a href=\"https:\/\/dev.medandbeauty.com\/produkt\/spodnie-medyczne-damskie-przylegajace-premium-czarne\/\" target=\"_blank\" rel=\"noopener\"><strong>lek\u00e1rskymi nohavicami<\/strong><\/a>ktor\u00e9 s\u00fa vyroben\u00e9 z rovnak\u00e9ho materi\u00e1lu.<\/p>\n<p style=\"font-weight: 400;\">Zla\u010fte <strong>lek\u00e1rske nohavice<\/strong> s rovnakou \u010diernou farbou alebo s \u013eubovo\u013en\u00fdm odtie\u0148om z mnoh\u00fdch dostupn\u00fdch v na\u0161ej ponuke.<\/p>\n<ul>\n<li style=\"font-weight: 400;\">\u0160irok\u00fd, elegantn\u00fd golier<\/li>\n<li style=\"font-weight: 400;\"><span style=\"font-family: inherit;\">Opasok v p\u00e1se so sponou na zv\u00fdraznenie postavy<\/span><\/li>\n<li style=\"font-weight: 400;\"><span style=\"font-family: inherit;\">Dlh\u0161\u00ed, elegantn\u00fd strih a 3\/4 ruk\u00e1v<\/span><\/li>\n<li style=\"font-weight: 400;\"><span style=\"font-family: inherit;\">Dve praktick\u00e9 skryt\u00e9 vreck\u00e1<\/span><\/li>\n<li style=\"font-weight: 400;\"><span style=\"font-family: inherit;\">Mo\u017eno personalizova\u0165 v\u00fd\u0161ivkou<\/span><\/li>\n<\/ul>\n<p>&nbsp;<\/p>\n<p style=\"font-weight: 400;\"><strong>\u010eal\u0161ie inform\u00e1cie:<\/strong><br \/>\nModelky na fotografi\u00e1ch maj\u00fa na sebe ve\u013ekos\u0165 S a s\u00fa vysok\u00e9 170-174 cm.<\/p>\n<p style=\"font-weight: 400;\">Ak si neviete vybra\u0165 ve\u013ekos\u0165, pozrite si tabu\u013eku ve\u013ekost\u00ed. Ak m\u00e1te \u010fal\u0161ie pochybnosti &#8211; po\u0161lite n\u00e1m svoje miery a my v\u00e1m ju prisp\u00f4sob\u00edme. <\/p>\n<p style=\"font-weight: 400;\">Farby odevov v <a href=\"https:\/\/dev.medandbeauty.com\/sk\/shop\/pre-nu\/kolekcia-premium\/\" target=\"_blank\" rel=\"noopener\">kolekcii Premium<\/a> sa nezhoduj\u00fa s farbami odevov v <a href=\"https:\/\/dev.medandbeauty.com\/sk\/shop\/pre-nu\/zakladna-kolekcia\/\" target=\"_blank\" rel=\"noopener\">kolekcii Basic<\/a> &#8211; s\u00fa vyroben\u00e9 z in\u00fdch materi\u00e1lov.<\/p>\n<p style=\"font-weight: 400;\">Odtiene jednotliv\u00fdch odevov na obr\u00e1zkoch sa m\u00f4\u017eu l\u00ed\u0161i\u0165 od skuto\u010dn\u00fdch &#8211; je to sp\u00f4soben\u00e9 r\u00f4znorodos\u0165ou dostupn\u00fdch elektronick\u00fdch zariaden\u00ed a ich individu\u00e1lnym nastaven\u00edm.<\/p>\n","protected":false},"excerpt":{"rendered":"<p>\u010cierny d\u00e1msky viazan\u00fd lek\u00e1rsky pl\u00e1\u0161\u0165 z kolekcie Premium je model ur\u010den\u00fd pre najn\u00e1ro\u010dnej\u0161ie \u017eeny pracuj\u00face v lek\u00e1rskom a kozmetickom priemysle. \u010cierna zdravotn\u00edcka z\u00e1stera Premium je vyroben\u00e1 zo zmesi najkvalitnej\u0161ej bavlny, nylonu a lycry. V\u010faka tejto kombin\u00e1cii vl\u00e1kien v tkanine je materi\u00e1l priedu\u0161n\u00fd, dokonale sa prisp\u00f4sob\u00ed ka\u017ed\u00e9mu typu \u017eenskej postavy a zaru\u010duje maxim\u00e1lne pohodlie po\u010das dlh\u00fdch [&hellip;]<\/p>\n","protected":false},"featured_media":389596,"comment_status":"open","ping_status":"closed","template":"","meta":{"_acf_changed":false,"inline_featured_image":false},"kolor":[1168],"rodzaj-ubrania":[1315],"ubranie":[1394],"product_brand":[],"product_cat":[1175,1314,1058],"product_tag":[1390],"class_list":{"0":"post-389594","1":"product","2":"type-product","3":"status-publish","4":"has-post-thumbnail","6":"kolor-czernie-sk","7":"rodzaj-ubrania-lekarske-plaste","8":"ubranie-damsky-viazany-lekarsky-plast-premium","9":"product_cat-kolekcia-premium","10":"product_cat-lekarske-plaste","11":"product_cat-pre-nu","12":"product_tag-kozmeticke-zastery","14":"first","15":"instock","16":"taxable","17":"shipping-taxable","18":"purchasable","19":"product-type-variable"},"acf":[],"_links":{"self":[{"href":"https:\/\/dev.medandbeauty.com\/sk\/wp-json\/wp\/v2\/product\/389594","targetHints":{"allow":["GET"]}}],"collection":[{"href":"https:\/\/dev.medandbeauty.com\/sk\/wp-json\/wp\/v2\/product"}],"about":[{"href":"https:\/\/dev.medandbeauty.com\/sk\/wp-json\/wp\/v2\/types\/product"}],"replies":[{"embeddable":true,"href":"https:\/\/dev.medandbeauty.com\/sk\/wp-json\/wp\/v2\/comments?post=389594"}],"wp:featuredmedia":[{"embeddable":true,"href":"https:\/\/dev.medandbeauty.com\/sk\/wp-json\/wp\/v2\/media\/389596"}],"wp:attachment":[{"href":"https:\/\/dev.medandbeauty.com\/sk\/wp-json\/wp\/v2\/media?parent=389594"}],"wp:term":[{"taxonomy":"kolor","embeddable":true,"href":"https:\/\/dev.medandbeauty.com\/sk\/wp-json\/wp\/v2\/kolor?post=389594"},{"taxonomy":"rodzaj-ubrania","embeddable":true,"href":"https:\/\/dev.medandbeauty.com\/sk\/wp-json\/wp\/v2\/rodzaj-ubrania?post=389594"},{"taxonomy":"ubranie","embeddable":true,"href":"https:\/\/dev.medandbeauty.com\/sk\/wp-json\/wp\/v2\/ubranie?post=389594"},{"taxonomy":"product_brand","embeddable":true,"href":"https:\/\/dev.medandbeauty.com\/sk\/wp-json\/wp\/v2\/product_brand?post=389594"},{"taxonomy":"product_cat","embeddable":true,"href":"https:\/\/dev.medandbeauty.com\/sk\/wp-json\/wp\/v2\/product_cat?post=389594"},{"taxonomy":"product_tag","embeddable":true,"href":"https:\/\/dev.medandbeauty.com\/sk\/wp-json\/wp\/v2\/product_tag?post=389594"}],"curies":[{"name":"wp","href":"https:\/\/api.w.org\/{rel}","templated":true}]}}