{"id":681422,"date":"2026-02-03T09:07:01","date_gmt":"2026-02-03T08:07:01","guid":{"rendered":"https:\/\/dev.medandbeauty.com\/zdravotnicka-obuv-krakov\/"},"modified":"2026-02-03T09:08:09","modified_gmt":"2026-02-03T08:08:09","slug":"zdravotnicka-obuv-krakov","status":"publish","type":"page","link":"https:\/\/dev.medandbeauty.com\/sk\/zdravotnicka-obuv-krakov\/","title":{"rendered":"Zdravotn\u00edcka obuv Krakov"},"content":{"rendered":"\n<h2 class=\"wp-block-heading\">Zdravotn\u00edcka obuv Krakov &#8211; n\u00e1jdite perfektn\u00fd p\u00e1r online!<\/h2>\n\n<p>H\u013ead\u00e1te profesion\u00e1lnu <strong>zdravotn\u00fa obuv v Krakove?<\/strong> Pr\u00e1ca v neust\u00e1lom pohybe a dlh\u00e9 pohotovostn\u00e9 slu\u017eby predstavuj\u00fa pre va\u0161e nohy ve\u013ek\u00fa z\u00e1\u0165a\u017e. Potrebujete obuv, ktor\u00e1 v\u00e1m poskytne maxim\u00e1lne pohodlie a u\u013eav\u00ed unaven\u00fdm noh\u00e1m. Hoci v Krakove nem\u00e1me stacion\u00e1r, pon\u00fakame nie\u010do ove\u013ea pohodlnej\u0161ie. Na na\u0161ej webovej str\u00e1nke n\u00e1jdete \u0161irok\u00fd v\u00fdber \u0161pi\u010dkovej zdravotn\u00edckej obuvi s r\u00fdchlym doru\u010den\u00edm priamo k va\u0161im dver\u00e1m. Investujte do svojho zdravia a pohodlia &#8211; zabudnite na boles\u0165 n\u00f4h raz a nav\u017edy!     <\/p>\n\n<h2 class=\"wp-block-heading\">Pre\u010do si vybra\u0165 na\u0161u zdravotn\u00fa obuv?<\/h2>\n\n<p>Pr\u00e1ca v zdravotn\u00edctve je pre nohy skuto\u010dnou v\u00fdzvou. Na\u0161a obuv bola navrhnut\u00e1 s oh\u013eadom na profesion\u00e1lov, ako ste vy, ktor\u00ed sa ka\u017ed\u00fd de\u0148 staraj\u00fa o zdravie in\u00fdch. \u010c\u00edm sa vyzna\u010duj\u00fa pohodln\u00e9 modely dostupn\u00e9 v internetovom obchode Med&amp;Beauty?  <\/p>\n\n<ul class=\"wp-block-list\">\n<li><strong>Bezkonkuren\u010dn\u00e9 pohodlie a tlmenie &#8211; pohodln\u00e1<\/strong> obuv je k\u013e\u00fa\u010dovou s\u00fa\u010das\u0165ou \u0161atn\u00edka zdravotn\u00edckeho person\u00e1lu. Na\u0161a obuv sa vyzna\u010duje pokro\u010dil\u00fdm odpru\u017een\u00edm a ergonomickou a anatomicky tvarovanou stielkou. V\u010faka tomu \u00fa\u010dinne tlmia n\u00e1razy a minimalizuj\u00fa pocit \u00fanavy aj po\u010das dlh\u00e9ho slu\u017eobn\u00e9ho pobytu,  <\/li>\n\n\n\n<li><strong>bezpe\u010dnos\u0165 na ka\u017edom kroku &#8211;<\/strong> proti\u0161mykov\u00e1 <strong>podr\u00e1\u017eka<\/strong> je \u0161tandardom na\u0161ej obuvi, ktor\u00e1 zaru\u010duje stabilitu a ist\u00fd krok na akomko\u013evek povrchu. \u013dahk\u00e1 a z\u00e1rove\u0148 odoln\u00e1 kon\u0161trukcia zaru\u010duje \u00fapln\u00fa vo\u013enos\u0165 pohybu. Priedu\u0161n\u00e9 materi\u00e1ly, ako napr\u00edklad inovat\u00edvna pena EVA, zaru\u010duj\u00fa hygienu a tepeln\u00fd komfort pre va\u0161e nohy po\u010das cel\u00e9ho d\u0148a,  <\/li>\n\n\n\n<li><strong>\u0160t\u00fdl, ktor\u00fd zd\u00f4raz\u0148uje profesionalitu &#8211; \u010dasy<\/strong>, ke\u010f lek\u00e1rska obuv musela by\u0165 nudn\u00e1 a beztvar\u00e1, s\u00fa d\u00e1vno pre\u010d. V spolo\u010dnosti Med&amp;Beauty kombinujeme funk\u010dnos\u0165 s modernou estetikou. Pon\u00fakame obuv v \u0161irokej \u0161k\u00e1le farieb a \u0161t\u00fdlov. Na\u0161e modely dokonale doplnia v\u00e1\u0161 profesion\u00e1lny imid\u017e a bud\u00fa sa hodi\u0165 k \u017eupanom alebo lek\u00e1rskym s\u00faprav\u00e1m.   <\/li>\n<\/ul>\n\n<h2 class=\"wp-block-heading\">Ako n\u00e1js\u0165 perfektn\u00fa zdravotn\u00fa obuv?<\/h2>\n\n<p>V\u00fdber spr\u00e1vnej obuvi je invest\u00edciou do v\u00e1\u0161ho zdravia a pohody. Tu je nieko\u013eko praktick\u00fdch tipov, ktor\u00e9 v\u00e1m pom\u00f4\u017eu urobi\u0165 to najlep\u0161ie rozhodnutie: <\/p>\n\n<ol class=\"wp-block-list\">\n<li><strong>Dbajte na ve\u013ekos\u0165 &#8211;<\/strong> pr\u00edli\u0161 tesn\u00e1 <strong>aj<\/strong> pr\u00edli\u0161 vo\u013en\u00e1 obuv m\u00f4\u017ee sp\u00f4sobi\u0165 odreniny, boles\u0165 a dokonca zv\u00fd\u0161i\u0165 riziko zranenia. Aby ste tomu predi\u0161li, starostlivo si zmerajte nohu a pou\u017eite na\u0161u podrobn\u00fa tabu\u013eku ve\u013ekost\u00ed, <\/li>\n\n\n\n<li><strong>Prisp\u00f4sobte model svojim potreb\u00e1m &#8211; potrebujete<\/strong> maxim\u00e1lne vetranie po\u010das tepl\u00fdch dn\u00ed? Vyberte si \u013eahk\u00e9 \u017eabky s nastavite\u013en\u00fdmi remienkami, ktor\u00e9 umo\u017e\u0148uj\u00fa nohe d\u00fdcha\u0165. Alebo mo\u017eno h\u013ead\u00e1te v\u00e4\u010d\u0161iu stabilitu pre svoj \u010dlenok? Pozrite si zabudovan\u00e9 modely zdravotnej obuvi. Ka\u017ed\u00fd strih bol navrhnut\u00fd s oh\u013eadom na \u0161pecifick\u00e9 po\u017eiadavky pr\u00e1ce v pohybe,    <\/li>\n\n\n\n<li><strong>Stavte na kvalitn\u00e9 materi\u00e1ly &#8211; na\u0161a<\/strong> obuv je vyroben\u00e1 z vysokokvalitn\u00fdch certifikovan\u00fdch materi\u00e1lov. S\u00fa nielen \u013eahko \u010distite\u013en\u00e9 a dezinfikovate\u013en\u00e9, ale aj \u0161etrn\u00e9 k poko\u017eke. Ergonomick\u00fd dizajn podporuje spr\u00e1vne postavenie chodidla a pom\u00e1ha predch\u00e1dza\u0165 probl\u00e9mom s dr\u017ean\u00edm tela.  <\/li>\n<\/ol>\n\n<h2 class=\"wp-block-heading\">Zdravotn\u00e1 obuv Krakov &#8211; objednajte si pohodlne s doru\u010den\u00edm domov<\/h2>\n\n<p>Nakupovanie online v Med&amp;Beauty je rie\u0161enie, ktor\u00e9 v\u00e1m poskytne ove\u013ea viac v\u00fdhod ako n\u00e1v\u0161teva kamenn\u00e9ho obchodu:<\/p>\n\n<ul class=\"wp-block-list\">\n<li><strong>kompletn\u00fd sortiment na jednom mieste &#8211; m\u00e1te<\/strong> pr\u00edstup ku v\u0161etk\u00fdm modelom, farb\u00e1m a ve\u013ekostiam bez toho, aby ste museli opusti\u0165 svoj domov,<\/li>\n\n\n\n<li><strong>Pohodlie a \u00faspora \u010dasu &#8211;<\/strong> objedn\u00e1te <strong>si<\/strong>, kedyko\u013evek m\u00e1te \u010das &#8211; po\u010das prest\u00e1vky na k\u00e1vu alebo po n\u00e1vrate zo slu\u017eby,<\/li>\n\n\n\n<li><strong>Z\u00e1ruka r\u00fdchleho doru\u010denia &#8211; va\u0161a<\/strong> nov\u00e1 pohodln\u00e1 zdravotn\u00e1 obuv doraz\u00ed do Krakova expresn\u00fdm tempom,<\/li>\n\n\n\n<li><strong>odborn\u00e1 podpora &#8211; m\u00e1te<\/strong> ot\u00e1zky alebo obavy? N\u00e1\u0161 t\u00edm v\u00e1m r\u00e1d pom\u00f4\u017ee vybra\u0165 ide\u00e1lny model telefonicky alebo e-mailom. <\/li>\n<\/ul>\n\n<p>Nedovo\u013ete, aby nepohodln\u00e1 obuv ovplyvnila va\u0161u pohodu a efektivitu v pr\u00e1ci. Starajte sa o zdravie svojich n\u00f4h s pomocou odborn\u00edkov. Presk\u00famajte na\u0161u kolekciu zdravotnej obuvi a zme\u0148te svoj ka\u017edodenn\u00fd \u017eivot e\u0161te dnes!  <\/p>\n","protected":false},"excerpt":{"rendered":"<p>Zdravotn\u00edcka obuv Krakov &#8211; n\u00e1jdite perfektn\u00fd p\u00e1r online! H\u013ead\u00e1te profesion\u00e1lnu zdravotn\u00fa obuv v Krakove? Pr\u00e1ca v neust\u00e1lom pohybe a dlh\u00e9 pohotovostn\u00e9 slu\u017eby predstavuj\u00fa pre va\u0161e nohy ve\u013ek\u00fa z\u00e1\u0165a\u017e. Potrebujete obuv, ktor\u00e1 v\u00e1m poskytne maxim\u00e1lne pohodlie a u\u013eav\u00ed unaven\u00fdm noh\u00e1m. Hoci v Krakove nem\u00e1me stacion\u00e1r, pon\u00fakame nie\u010do ove\u013ea pohodlnej\u0161ie. Na na\u0161ej webovej str\u00e1nke n\u00e1jdete \u0161irok\u00fd v\u00fdber [&hellip;]<\/p>\n","protected":false},"author":43705,"featured_media":0,"parent":0,"menu_order":0,"comment_status":"closed","ping_status":"closed","template":"","meta":{"_acf_changed":false,"inline_featured_image":false,"footnotes":""},"class_list":["post-681422","page","type-page","status-publish","hentry"],"acf":[],"_links":{"self":[{"href":"https:\/\/dev.medandbeauty.com\/sk\/wp-json\/wp\/v2\/pages\/681422","targetHints":{"allow":["GET"]}}],"collection":[{"href":"https:\/\/dev.medandbeauty.com\/sk\/wp-json\/wp\/v2\/pages"}],"about":[{"href":"https:\/\/dev.medandbeauty.com\/sk\/wp-json\/wp\/v2\/types\/page"}],"author":[{"embeddable":true,"href":"https:\/\/dev.medandbeauty.com\/sk\/wp-json\/wp\/v2\/users\/43705"}],"replies":[{"embeddable":true,"href":"https:\/\/dev.medandbeauty.com\/sk\/wp-json\/wp\/v2\/comments?post=681422"}],"version-history":[{"count":1,"href":"https:\/\/dev.medandbeauty.com\/sk\/wp-json\/wp\/v2\/pages\/681422\/revisions"}],"predecessor-version":[{"id":681423,"href":"https:\/\/dev.medandbeauty.com\/sk\/wp-json\/wp\/v2\/pages\/681422\/revisions\/681423"}],"wp:attachment":[{"href":"https:\/\/dev.medandbeauty.com\/sk\/wp-json\/wp\/v2\/media?parent=681422"}],"curies":[{"name":"wp","href":"https:\/\/api.w.org\/{rel}","templated":true}]}}