{"id":681360,"date":"2026-02-03T08:20:42","date_gmt":"2026-02-03T07:20:42","guid":{"rendered":"https:\/\/dev.medandbeauty.com\/zdravotnicka-obuv-wroclaw\/"},"modified":"2026-02-03T08:21:49","modified_gmt":"2026-02-03T07:21:49","slug":"zdravotnicka-obuv-wroclaw","status":"publish","type":"page","link":"https:\/\/dev.medandbeauty.com\/sk\/zdravotnicka-obuv-wroclaw\/","title":{"rendered":"Zdravotn\u00edcka obuv Wroc\u0142aw"},"content":{"rendered":"\n<h2 class=\"wp-block-heading\">H\u013ead\u00e1te zdravotn\u00fa obuv vo Vroclave? M\u00e1me pre v\u00e1s lep\u0161ie rie\u0161enie! <\/h2>\n\n<p>Pracujete v zdravotn\u00edctve alebo kozmetike vo Vroclave a sn\u00edvate o top\u00e1nkach, ktor\u00e9 s vami udr\u017eia krok? Koniec dlhej pracovnej pohotovosti nemus\u00ed v\u017edy znamena\u0165 bo\u013eav\u00e9 nohy, opuchy a pocit \u0165a\u017eoby. Namiesto toho, aby ste str\u00e1cali \u010das h\u013eadan\u00edm na staniciach, objavte dokonal\u00fa <strong>lek\u00e1rsku obuv v Med&amp;Beauty<\/strong>. Objednajte si ich s pohodln\u00fdm a r\u00fdchlym doru\u010den\u00edm proste k va\u0161im dver\u00e1m vo Vroclave.   <\/p>\n\n<p>Na\u0161\u00edm poslan\u00edm je poskytn\u00fa\u0165 v\u00e1m nielen \u00fa\u013eavu, ale aj energiu na celodenn\u00fd v\u00fdkon. Ke\u010f si k\u00fapite profesion\u00e1lnu obuv, investujete do svojho zdravia, pohodlia a pohody. <\/p>\n\n<h2 class=\"wp-block-heading\">Poc\u00ed\u0165te rozdiel na ka\u017edom kroku &#8211; k\u013e\u00fa\u010dov\u00e9 v\u00fdhody<\/h2>\n\n<p>Zabudnite na kompromisy medzi pohodl\u00edm a vzh\u013eadom. Na\u0161a zdravotn\u00e1 obuv je dokonalou kombin\u00e1ciou modernej estetiky a v\u00fdnimo\u010dnej funk\u010dnosti. <\/p>\n\n<ul class=\"wp-block-list\">\n<li><strong>Celodenn\u00e9 pohodlie a \u00fa\u013eava pre va\u0161e nohy &#8211;<\/strong> u\u017e <strong>\u017eiadna<\/strong> boles\u0165 po hodin\u00e1ch v pohotovosti! V\u010faka ergonomick\u00fdm tvarovan\u00fdm stielkam a vynikaj\u00facemu odpru\u017eeniu na\u0161a obuv podopiera va\u0161e nohy, \u010d\u00edm zni\u017euje za\u0165a\u017eenie chrbtice a k\u013abov. V\u010faka nim poc\u00edtite vysn\u00edvan\u00fa \u013eahkos\u0165.  <\/li>\n\n\n\n<li><strong>Bezpe\u010dnos\u0165 a istota &#8211; pohybujte sa<\/strong> dynamicky a bez strachu. Proti\u0161mykov\u00e1 podr\u00e1\u017eka poskytuje maxim\u00e1lnu pri\u013enavos\u0165 na akomko\u013evek povrchu a chr\u00e1ni v\u00e1s pred nepredv\u00eddate\u013en\u00fdmi situ\u00e1ciami. Va\u0161a bezpe\u010dnos\u0165 je na\u0161ou prioritou.  <\/li>\n\n\n\n<li><strong>\u0160t\u00fdl, ktor\u00fd v\u00e1m dokonale sadne &#8211; kto<\/strong> povedal, \u017ee lek\u00e1rska obuv mus\u00ed by\u0165 nudn\u00e1? Nar\u00fa\u0161ame stereotypy t\u00fdm, \u017ee pon\u00fakame \u0161irok\u00fa \u0161k\u00e1lu strihov a farieb. Zla\u010fte si obuv so svojimi ob\u013e\u00faben\u00fdmi lek\u00e1rskymi \u00fabormi a vytvorte si profesion\u00e1lny a z\u00e1rove\u0148 \u0161t\u00fdlov\u00fd vzh\u013ead.  <\/li>\n\n\n\n<li><strong>Hygiena a svie\u017eos\u0165 po\u010das cel\u00e9ho d\u0148a &#8211;<\/strong> top\u00e1nky <strong>s\u00fa vyroben\u00e9<\/strong> z vysokokvalitn\u00fdch priedu\u0161n\u00fdch materi\u00e1lov a zabezpe\u010duj\u00fa vynikaj\u00facu cirkul\u00e1ciu vzduchu. Okrem toho sa ve\u013emi \u013eahko \u010distia a dezinfikuj\u00fa, \u010do je pre va\u0161u pr\u00e1cu ve\u013emi d\u00f4le\u017eit\u00e9. <\/li>\n<\/ul>\n\n<h2 class=\"wp-block-heading\">Zdravotn\u00edcka obuv vo Vroclave? Objedn\u00e1vajte online v Med&amp;Beauty! <\/h2>\n\n<p>Hoci zatia\u013e nem\u00e1me kamenn\u00fa predaj\u0148u vo Vroclave, postarali sme sa o to, aby bolo nakupovanie online pre v\u00e1s \u010dist\u00fdm pote\u0161en\u00edm. Pre\u010do n\u00e1m d\u00f4verova\u0165?<\/p>\n\n<ul class=\"wp-block-list\">\n<li><strong>R\u00fdchle a bezprobl\u00e9mov\u00e9 doru\u010denie &#8211; va\u0161a<\/strong> vysn\u00edvan\u00e1 zdravotn\u00e1 obuv doraz\u00ed na vami zvolen\u00fa adresu vo Vroclave expresnou r\u00fdchlos\u0165ou.<\/li>\n\n\n\n<li><strong>Presn\u00e9 tabu\u013eky ve\u013ekost\u00ed &#8211; m\u00e1te<\/strong> pochybnosti o svojej ve\u013ekosti? Na\u0161e podrobn\u00e9 ve\u013ekostn\u00e9 tabu\u013eky a kalkula\u010dky v\u00e1m pom\u00f4\u017eu s dokonal\u00fdm v\u00fdberom. A ak potrebujete pomoc, n\u00e1\u0161 t\u00edm je tu pre v\u00e1s!  <\/li>\n\n\n\n<li><strong>A\u017e 100 dn\u00ed na vr\u00e1tenie &#8211; n\u00e1kup<\/strong> bez rizika! Ak obuv nesp\u013a\u0148a va\u0161e o\u010dak\u00e1vania, m\u00e1te a\u017e 100 dn\u00ed na jej vr\u00e1tenie. <\/li>\n<\/ul>\n\n<h2 class=\"wp-block-heading\">Pre koho je na\u0161a obuv ur\u010den\u00e1?<\/h2>\n\n<p>Na\u0161a zdravotn\u00e1 obuv je ide\u00e1lnym rie\u0161en\u00edm pre v\u0161etk\u00fdch profesion\u00e1lov vo Vroclave, ktor\u00ed tr\u00e1via ve\u013ea hod\u00edn na noh\u00e1ch. Odpor\u00fa\u010dame ich najm\u00e4 pre: <\/p>\n\n<ul class=\"wp-block-list\">\n<li>lek\u00e1ri, lek\u00e1ri a zdravotn\u00e9 sestry,<\/li>\n\n\n\n<li>fyzioterapeutov a fyzioterapeutov,<\/li>\n\n\n\n<li>laborat\u00f3rnych pracovn\u00edkov a lek\u00e1rnikov,<\/li>\n\n\n\n<li>kozmetick\u00fd a k\u00fape\u013en\u00fd person\u00e1l,<\/li>\n\n\n\n<li>\u0161tudentov medic\u00edny,<\/li>\n\n\n\n<li>ka\u017ed\u00fd, kto si cen\u00ed zdravie a pohodlie svojich n\u00f4h pri pr\u00e1ci.<\/li>\n<\/ul>\n\n<p>Va\u0161e nohy si zasl\u00fa\u017eia to najlep\u0161ie &#8211; nedovo\u013ete, aby v\u00e1s nepohodlie pripravilo o spokojnos\u0165 s pr\u00e1cou! Prezrite si na\u0161u kolekciu lek\u00e1rskej obuvi a pridajte sa k radom spokojn\u00fdch profesion\u00e1lov, ktor\u00ed sa rozhodli pre pohodlie a \u0161t\u00fdl s Med&amp;Beauty. <\/p>\n\n<p>Objavte cel\u00fa kolekciu jedine\u010dn\u00e9ho oble\u010denia a objednajte si ho s doru\u010den\u00edm do Wroclawi!<\/p>\n","protected":false},"excerpt":{"rendered":"<p>H\u013ead\u00e1te zdravotn\u00fa obuv vo Vroclave? M\u00e1me pre v\u00e1s lep\u0161ie rie\u0161enie! Pracujete v zdravotn\u00edctve alebo kozmetike vo Vroclave a sn\u00edvate o top\u00e1nkach, ktor\u00e9 s vami udr\u017eia krok? Koniec dlhej pracovnej pohotovosti nemus\u00ed v\u017edy znamena\u0165 bo\u013eav\u00e9 nohy, opuchy a pocit \u0165a\u017eoby. Namiesto toho, aby ste str\u00e1cali \u010das h\u013eadan\u00edm na staniciach, objavte dokonal\u00fa lek\u00e1rsku obuv v Med&amp;Beauty. Objednajte [&hellip;]<\/p>\n","protected":false},"author":43705,"featured_media":0,"parent":0,"menu_order":0,"comment_status":"closed","ping_status":"closed","template":"","meta":{"_acf_changed":false,"inline_featured_image":false,"footnotes":""},"class_list":["post-681360","page","type-page","status-publish","hentry"],"acf":[],"_links":{"self":[{"href":"https:\/\/dev.medandbeauty.com\/sk\/wp-json\/wp\/v2\/pages\/681360","targetHints":{"allow":["GET"]}}],"collection":[{"href":"https:\/\/dev.medandbeauty.com\/sk\/wp-json\/wp\/v2\/pages"}],"about":[{"href":"https:\/\/dev.medandbeauty.com\/sk\/wp-json\/wp\/v2\/types\/page"}],"author":[{"embeddable":true,"href":"https:\/\/dev.medandbeauty.com\/sk\/wp-json\/wp\/v2\/users\/43705"}],"replies":[{"embeddable":true,"href":"https:\/\/dev.medandbeauty.com\/sk\/wp-json\/wp\/v2\/comments?post=681360"}],"version-history":[{"count":1,"href":"https:\/\/dev.medandbeauty.com\/sk\/wp-json\/wp\/v2\/pages\/681360\/revisions"}],"predecessor-version":[{"id":681362,"href":"https:\/\/dev.medandbeauty.com\/sk\/wp-json\/wp\/v2\/pages\/681360\/revisions\/681362"}],"wp:attachment":[{"href":"https:\/\/dev.medandbeauty.com\/sk\/wp-json\/wp\/v2\/media?parent=681360"}],"curies":[{"name":"wp","href":"https:\/\/api.w.org\/{rel}","templated":true}]}}