{"id":681333,"date":"2026-02-03T08:18:14","date_gmt":"2026-02-03T07:18:14","guid":{"rendered":"https:\/\/dev.medandbeauty.com\/zdravotnicka-obuv-lublin-najdite-perfektnu-obuv-pre-profesionalov\/"},"modified":"2026-02-03T09:09:37","modified_gmt":"2026-02-03T08:09:37","slug":"zdravotnicka-obuv-lublin-najdite-perfektnu-obuv-pre-profesionalov","status":"publish","type":"page","link":"https:\/\/dev.medandbeauty.com\/sk\/zdravotnicka-obuv-lublin-najdite-perfektnu-obuv-pre-profesionalov\/","title":{"rendered":"Zdravotn\u00edcka obuv Lublin"},"content":{"rendered":"\n<p>Pracujete v zdravotn\u00edctve alebo kozmetike v Lubline a tr\u00e1vite dlh\u00e9 hodiny na noh\u00e1ch? Va\u0161e nohy si zasl\u00fa\u017eia najvy\u0161\u0161iu \u00farove\u0148 pohodlia a podpory. Dobr\u00e1 lek\u00e1rska obuv nie je luxus, ale z\u00e1klad va\u0161ej pohody a v\u00fdkonnosti po\u010das cel\u00e9ho pracovn\u00e9ho d\u0148a. Je to invest\u00edcia do zdravia va\u0161ej chrbtice, k\u013abov a chodidiel, ktor\u00e1 v\u00e1m umo\u017en\u00ed s\u00fastredi\u0165 sa na to najd\u00f4le\u017eitej\u0161ie &#8211; na va\u0161ich pacientov a klientov.   <\/p>\n\n<h2 class=\"wp-block-heading\">Kde k\u00fapi\u0165 zdravotn\u00fa obuv v Lubline? Stavte na pohodlie online nakupovania! <\/h2>\n\n<p>Ak<strong>do<\/strong>vyh\u013ead\u00e1va\u010da zad\u00e1te v\u00fdraz &#8222;<strong>zdravotn\u00e1 obuv Lublin&#8220;<\/strong>, ur\u010dite n\u00e1jdete nieko\u013eko stacion\u00e1rnych zdravotn\u00edckych predajn\u00ed. Je v\u0161ak ich ponuka schopn\u00e1 uspokoji\u0165 va\u0161e potreby z h\u013eadiska v\u00fdberu, kvality a modernej estetiky? Namiesto toho, aby ste str\u00e1cali \u010das doch\u00e1dzan\u00edm, vyberte si pohodlnej\u0161ie rie\u0161enie!  <\/p>\n\n<p>Internetov\u00fd obchod Med&amp;Beauty je miesto, kde n\u00e1jdete \u0161irok\u00fd sortiment profesion\u00e1lnej zdravotnej obuvi. M\u00f4\u017eete si k\u00fapi\u0165 modely svojich snov a vyu\u017ei\u0165 r\u00fdchle doru\u010denie priamo k v\u00e1m domov alebo na pracovisko v Lubline. <\/p>\n\n<p>Pri online n\u00e1kupe v Med&amp;Beauty m\u00e1te z\u00e1ruku:<\/p>\n\n<ul class=\"wp-block-list\">\n<li><strong>\u0161irok\u00fd v\u00fdber &#8211; prezrite si<\/strong> desiatky modelov, farieb a strihov na jednom mieste, bez toho aby ste museli opusti\u0165 svoj domov. Pon\u00fakame ove\u013ea \u0161ir\u0161\u00ed sortiment ako v\u00e4\u010d\u0161ina kamenn\u00fdch predajn\u00ed, <\/li>\n\n\n\n<li><strong>\u00faspora \u010dasu &#8211; objednajte<\/strong> si perfektn\u00fa zdravotn\u00fa obuv za p\u00e1r min\u00fat, kedyko\u013evek po\u010das d\u0148a alebo noci,<\/li>\n\n\n\n<li><strong>podrobn\u00e9 inform\u00e1cie &#8211; ka\u017ed\u00fd<\/strong> v\u00fdrobok m\u00e1 podrobn\u00fd opis, fotografie a presn\u00fa tabu\u013eku ve\u013ekost\u00ed, \u010do u\u013eah\u010duje najlep\u0161ie rozhodnutie,<\/li>\n\n\n\n<li><strong>doru\u010denie po celom Po\u013esku &#8211; \u010di u\u017e<\/strong> b\u00fdvate v centre Lublinu alebo na jeho okraji, va\u0161u objedn\u00e1vku doru\u010d\u00edme r\u00fdchlo a efekt\u00edvne.<\/li>\n<\/ul>\n\n<h2 class=\"wp-block-heading\">Pre\u010do je dobr\u00e1 zdravotn\u00e1 obuv nevyhnutn\u00e1?<\/h2>\n\n<p>Spr\u00e1vna obuv je k\u013e\u00fa\u010dovou s\u00fa\u010das\u0165ou v\u00e1\u0161ho pracovn\u00e9ho oble\u010denia. S\u00fa to pr\u00e1ve ony, ktor\u00e9 zn\u00e1\u0161aj\u00fa z\u00e1\u0165a\u017e po\u010das dlh\u00fdch hod\u00edn v slu\u017ebe. Invest\u00edciou do kvalitnej zdravotnej obuvi si zabezpe\u010d\u00edte:  <\/p>\n\n<ul class=\"wp-block-list\">\n<li><strong>pohodlie a zn\u00ed\u017eenie \u00fanavy &#8211; ergonomicky<\/strong> tvarovan\u00e9 stielky a odpru\u017een\u00e9 podr\u00e1\u017eky zmier\u0148uj\u00fa tlak na chodidl\u00e1, kolen\u00e1 a chrbticu, \u010d\u00edm minimalizuj\u00fa boles\u0165 a pocit \u0165a\u017ek\u00fdch n\u00f4h,<\/li>\n\n\n\n<li><strong>Bezpe\u010dnos\u0165 &#8211;<\/strong> proti\u0161mykov\u00e1 <strong>podr\u00e1\u017eka<\/strong> je v dynamickom pracovnom prostred\u00ed absol\u00fatnou nevyhnutnos\u0165ou. Zni\u017euje riziko po\u0161myknutia a p\u00e1du, <\/li>\n\n\n\n<li><strong>podpora zdravia n\u00f4h &#8211; profesion\u00e1lna<\/strong> obuv pom\u00e1ha predch\u00e1dza\u0165 ortopedick\u00fdm probl\u00e9mom, ako s\u00fa ploch\u00e9 nohy, hallux valgus alebo bolesti k\u013abov,<\/li>\n\n\n\n<li><strong>hygiena &#8211; na\u0161a<\/strong> obuv je vyroben\u00e1 z materi\u00e1lov, ktor\u00e9 sa \u013eahko \u010distia a dezinfikuj\u00fa, \u010do je v zdravotn\u00edckych zariadeniach a kozmetick\u00fdch sal\u00f3noch ve\u013emi d\u00f4le\u017eit\u00e9.<\/li>\n<\/ul>\n\n<h2 class=\"wp-block-heading\">Ako si vybra\u0165 najlep\u0161iu zdravotn\u00fa obuv? K\u013e\u00fa\u010dov\u00e9 vlastnosti <\/h2>\n\n<p>Pri v\u00fdbere ide\u00e1lneho p\u00e1ru top\u00e1nok venujte pozornos\u0165 nieko\u013ek\u00fdm d\u00f4le\u017eit\u00fdm prvkom. S\u00fa to prednosti, ktor\u00e9 dokazuj\u00fa ich kvalitu a funk\u010dnos\u0165: <\/p>\n\n<ol class=\"wp-block-list\">\n<li><strong>Materi\u00e1l &#8211; vyberte<\/strong> si priedu\u0161n\u00e9 a z\u00e1rove\u0148 odoln\u00e9 tkaniny. Kvalitn\u00e1 ko\u017ea alebo modern\u00e9 syntetick\u00e9 materi\u00e1ly zabezpe\u010duj\u00fa dostato\u010dn\u00fa cirkul\u00e1ciu vzduchu a s\u00fa odoln\u00e9 vo\u010di \u010dast\u00e9mu \u010disteniu, <\/li>\n\n\n\n<li><strong>podr\u00e1\u017eka &#8211; mus\u00ed<\/strong> by\u0165 ohybn\u00e1 a proti\u0161mykov\u00e1. Je dobr\u00e9, ak m\u00e1 tlmiace vlastnosti, ktor\u00e9 absorbuj\u00fa n\u00e1razy pri ch\u00f4dzi po tvrdom povrchu, <\/li>\n\n\n\n<li><strong>prisp\u00f4sobenie a ergon\u00f3mia &#8211; obuv<\/strong> by mala by\u0165 \u013eahk\u00e1 a dokonale prisp\u00f4soben\u00e1 tvaru chodidla. Anatomicky profilovan\u00e1 stielka, ktor\u00e1 podporuje klenbu chodidla, je z\u00e1rukou pohodlia po\u010das mnoh\u00fdch hod\u00edn, <\/li>\n\n\n\n<li><strong>funk\u010dnos\u0165 &#8211; mo\u017enos\u0165<\/strong> nastavenia (napr. pomocou remienka na p\u00e4te) umo\u017e\u0148uje e\u0161te lep\u0161ie prisp\u00f4sobenie top\u00e1nky a zabra\u0148uje jej zo\u0161myknutiu.<\/li>\n<\/ol>\n\n<p>Nerobte kompromisy v oblasti svojho pohodlia a profesion\u00e1lneho imid\u017eu! V spolo\u010dnosti Med&amp;Beauty rozumieme potreb\u00e1m profesion\u00e1lov a pon\u00fakame v\u00fdrobky, ktor\u00e9 sp\u00e1jaj\u00fa funk\u010dnos\u0165, \u0161pi\u010dkov\u00fa kvalitu spracovania a modern\u00fd vzh\u013ead. V na\u0161om obchode n\u00e1jdete nielen zdravotn\u00edcku obuv, ale aj \u0161irok\u00fd sortiment zdravotn\u00edckeho oble\u010denia &#8211; vr\u00e1tane \u017eupanov, bl\u00fazok, nohav\u00edc a z\u00e1ster. V\u0161etky tieto polo\u017eky v\u00e1m pom\u00f4\u017eu vytvori\u0165 kompletn\u00fa, pohodln\u00fa a \u0161t\u00fdlov\u00fa uniformu.   <\/p>\n\n<p>Poz\u00fdvame v\u00e1s, aby ste si pozreli na\u0161u ponuku. Zistite, ako r\u00fdchlo a jednoducho si m\u00f4\u017eete objedna\u0165 profesion\u00e1lnu zdravotn\u00fa obuv, ktor\u00e1 zmen\u00ed komfort va\u0161ej pr\u00e1ce! <\/p>\n","protected":false},"excerpt":{"rendered":"<p>Pracujete v zdravotn\u00edctve alebo kozmetike v Lubline a tr\u00e1vite dlh\u00e9 hodiny na noh\u00e1ch? Va\u0161e nohy si zasl\u00fa\u017eia najvy\u0161\u0161iu \u00farove\u0148 pohodlia a podpory. Dobr\u00e1 lek\u00e1rska obuv nie je luxus, ale z\u00e1klad va\u0161ej pohody a v\u00fdkonnosti po\u010das cel\u00e9ho pracovn\u00e9ho d\u0148a. Je to invest\u00edcia do zdravia va\u0161ej chrbtice, k\u013abov a chodidiel, ktor\u00e1 v\u00e1m umo\u017en\u00ed s\u00fastredi\u0165 sa na to [&hellip;]<\/p>\n","protected":false},"author":43705,"featured_media":0,"parent":0,"menu_order":0,"comment_status":"closed","ping_status":"closed","template":"","meta":{"_acf_changed":false,"inline_featured_image":false,"footnotes":""},"class_list":["post-681333","page","type-page","status-publish","hentry"],"acf":[],"_links":{"self":[{"href":"https:\/\/dev.medandbeauty.com\/sk\/wp-json\/wp\/v2\/pages\/681333","targetHints":{"allow":["GET"]}}],"collection":[{"href":"https:\/\/dev.medandbeauty.com\/sk\/wp-json\/wp\/v2\/pages"}],"about":[{"href":"https:\/\/dev.medandbeauty.com\/sk\/wp-json\/wp\/v2\/types\/page"}],"author":[{"embeddable":true,"href":"https:\/\/dev.medandbeauty.com\/sk\/wp-json\/wp\/v2\/users\/43705"}],"replies":[{"embeddable":true,"href":"https:\/\/dev.medandbeauty.com\/sk\/wp-json\/wp\/v2\/comments?post=681333"}],"version-history":[{"count":2,"href":"https:\/\/dev.medandbeauty.com\/sk\/wp-json\/wp\/v2\/pages\/681333\/revisions"}],"predecessor-version":[{"id":681435,"href":"https:\/\/dev.medandbeauty.com\/sk\/wp-json\/wp\/v2\/pages\/681333\/revisions\/681435"}],"wp:attachment":[{"href":"https:\/\/dev.medandbeauty.com\/sk\/wp-json\/wp\/v2\/media?parent=681333"}],"curies":[{"name":"wp","href":"https:\/\/api.w.org\/{rel}","templated":true}]}}