{"id":624620,"date":"2025-11-27T14:45:27","date_gmt":"2025-11-27T13:45:27","guid":{"rendered":"https:\/\/dev.medandbeauty.com\/laboratorna-zastera-wroclaw\/"},"modified":"2025-11-27T14:46:34","modified_gmt":"2025-11-27T13:46:34","slug":"laboratorna-zastera-wroclaw","status":"publish","type":"page","link":"https:\/\/dev.medandbeauty.com\/sk\/laboratorna-zastera-wroclaw\/","title":{"rendered":"Laborat\u00f3rna z\u00e1stera Wroc\u0142aw"},"content":{"rendered":"\n<p>Ak sa rozhodnete nakupova\u0165 v na\u0161om obchode, vyber\u00e1te si v\u00fdrobok navrhnut\u00fd s oh\u013eadom na potreby profesion\u00e1lov. Namiesto toho, aby ste boli obmedzen\u00ed na miestny sortiment, z\u00edskate pr\u00edstup k odevom vytvoren\u00fdm s v\u00e1\u0161\u0148ou a testovan\u00fdm profesion\u00e1lmi. Pre\u010do by ste mali stavi\u0165 na na\u0161e oble\u010denie?  <\/p>\n\n<ul class=\"wp-block-list\">\n<li><strong>Pocit jedine\u010dn\u00e9ho pohodlia &#8211; na\u0161e<\/strong> z\u00e1stery s\u00fa u\u0161it\u00e9 z vysokokvalitn\u00fdch, priedu\u0161n\u00fdch tkan\u00edn, ktor\u00e9 zabezpe\u010duj\u00fa tepeln\u00fd komfort po cel\u00fd de\u0148. Elastick\u00e9 vl\u00e1kna zaru\u010duj\u00fa \u00fapln\u00fa vo\u013enos\u0165 pohybu a l\u00e1tka je odoln\u00e1 vo\u010di pokr\u010deniu. V\u010faka tomu budete v\u017edy vyzera\u0165 elegantne a profesion\u00e1lne.  <\/li>\n\n\n\n<li><strong>Vyzerajte profesion\u00e1lne, c\u00ed\u0165te sa sebaisto &#8211; zabudnite na<\/strong> neforemn\u00e9, nepohodln\u00e9 \u0161aty! Pon\u00fakame d\u00e1mske a p\u00e1nske lek\u00e1rske z\u00e1stery s modern\u00fdmi, mierne vypasovan\u00fdmi strihmi. Tieto odevy zv\u00fdraz\u0148uj\u00fa siluetu a pom\u00e1haj\u00fa budova\u0165 profesion\u00e1lny imid\u017e.  <\/li>\n\n\n\n<li><strong>Funk\u010dnos\u0165 v ka\u017edom detaile &#8211; vieme<\/strong>, ak\u00e1 d\u00f4le\u017eit\u00e1 je praktickos\u0165. Na\u0161e z\u00e1stery maj\u00fa priestrann\u00e9, strategicky umiestnen\u00e9 vreck\u00e1 na nevyhnutn\u00e9 pr\u00edslu\u0161enstvo. Odoln\u00e9 zap\u00ednanie na cvo\u010dky u\u013eah\u010duje ich r\u00fdchle obliekanie a vyzliekanie.  <\/li>\n\n\n\n<li><strong>Vyniknite v\u010faka personaliz\u00e1cii &#8211; chcete<\/strong> prida\u0165 z\u00e1stere osobn\u00fd akcent? Pon\u00fakame mo\u017enos\u0165 personaliz\u00e1cie prostredn\u00edctvom v\u00fd\u0161ivky &#8211; uve\u010fte svoje meno, \u0161pecializ\u00e1ciu alebo logo svojho podniku, aby ste zd\u00f4raznili svoju profesionalitu a vytvorili jednotn\u00fd imid\u017e t\u00edmu. <\/li>\n<\/ul>\n\n<h2 class=\"wp-block-heading\">Kde k\u00fapi\u0165 laborat\u00f3rnu z\u00e1steru vo Vroclave?<\/h2>\n\n<p>Pri h\u013eadan\u00ed dokonalej z\u00e1stery m\u00e1te nieko\u013eko mo\u017enost\u00ed. M\u00f4\u017eete nav\u0161t\u00edvi\u0165 miestne obchody so zdravotn\u00edckymi a bezpe\u010dnostn\u00fdmi odevmi, ktor\u00e9 pon\u00fakaj\u00fa \u0161tandardn\u00e9 modely dostupn\u00e9 mimo predajne. Je to dobr\u00e1 mo\u017enos\u0165, ke\u010f je \u010das ve\u013emi d\u00f4le\u017eit\u00fd.  <\/p>\n\n<p>Ak v\u0161ak chcete najvy\u0161\u0161iu kvalitu, pohodlie pri nosen\u00ed a modern\u00fd vzh\u013ead, najlep\u0161ou vo\u013ebou je n\u00e1kup online. V Med&amp;Beauty v\u00e1m pon\u00fakame: <\/p>\n\n<ul class=\"wp-block-list\">\n<li><strong>\u0161irok\u00fd v\u00fdber strihov a farieb, ktor\u00e9 nie s\u00fa dostupn\u00e9<\/strong> v miestnych ve\u013ekoobchodoch,<\/li>\n\n\n\n<li><strong>z\u00e1ruka kvality &#8211;<\/strong> na\u0161e v\u00fdrobky \u0161ijeme v Po\u013esku s d\u00f4razom na ka\u017ed\u00fd detail,<\/li>\n\n\n\n<li><strong>pohodln\u00e9 nakupovanie bez nutnosti<\/strong> opusti\u0165 domov a r\u00fdchle doru\u010denie do Vroclavu,<\/li>\n\n\n\n<li><strong>mo\u017enos\u0165 vr\u00e1ti\u0165 v\u00fdrobok do 100 dn\u00ed, ak<\/strong> nesp\u013a\u0148a va\u0161e o\u010dak\u00e1vania.<\/li>\n<\/ul>\n\n<h2 class=\"wp-block-heading\">Vytvoren\u00e9 pre profesion\u00e1lov v meste Wroclaw<\/h2>\n\n<p>Na\u0161e laborat\u00f3rne z\u00e1stery s\u00fa ide\u00e1lnym rie\u0161en\u00edm pre:<\/p>\n\n<ul class=\"wp-block-list\">\n<li><strong>\u0161tudenti a akademick\u00ed pracovn\u00edci vroclavsk\u00fdch<\/strong> univerz\u00edt vr\u00e1tane Vroclavskej technickej univerzity a Lek\u00e1rskej univerzity,<\/li>\n\n\n\n<li><strong>pracovn\u00edci analytick\u00fdch<\/strong>, v\u00fdskumn\u00fdch a priemyseln\u00fdch <strong>laborat\u00f3ri\u00ed,<\/strong> <\/li>\n\n\n\n<li><strong>lek\u00e1ri, lek\u00e1rnici a zdravotn\u00edcki technici na klinik\u00e1ch<\/strong> a <strong>v<\/strong> nemocniciach,<\/li>\n\n\n\n<li><strong>profesion\u00e1lom v oblasti kozmetiky, pre<\/strong> ktor\u00fdch je d\u00f4le\u017eit\u00e1 sterilita a profesion\u00e1lny imid\u017e.<\/li>\n<\/ul>\n\n<p>Nerobte kompromisy, pokia\u013e ide o v\u00e1\u0161 profesion\u00e1lny imid\u017e a pohodlie. Pridajte sa k skupine spokojn\u00fdch profesion\u00e1lov, ktor\u00ed d\u00f4veruj\u00fa spolo\u010dnosti Med&amp;Beauty! Pozrite si na\u0161u kolekciu laborat\u00f3rnych pl\u00e1\u0161\u0165ov a objednajte si model pre seba s doru\u010den\u00edm do Vroclavu!  <\/p>\n","protected":false},"excerpt":{"rendered":"<p>Ak sa rozhodnete nakupova\u0165 v na\u0161om obchode, vyber\u00e1te si v\u00fdrobok navrhnut\u00fd s oh\u013eadom na potreby profesion\u00e1lov. Namiesto toho, aby ste boli obmedzen\u00ed na miestny sortiment, z\u00edskate pr\u00edstup k odevom vytvoren\u00fdm s v\u00e1\u0161\u0148ou a testovan\u00fdm profesion\u00e1lmi. Pre\u010do by ste mali stavi\u0165 na na\u0161e oble\u010denie? Kde k\u00fapi\u0165 laborat\u00f3rnu z\u00e1steru vo Vroclave? Pri h\u013eadan\u00ed dokonalej z\u00e1stery m\u00e1te nieko\u013eko [&hellip;]<\/p>\n","protected":false},"author":43705,"featured_media":0,"parent":0,"menu_order":0,"comment_status":"closed","ping_status":"closed","template":"","meta":{"_acf_changed":false,"inline_featured_image":false,"footnotes":""},"class_list":["post-624620","page","type-page","status-publish","hentry"],"acf":[],"_links":{"self":[{"href":"https:\/\/dev.medandbeauty.com\/sk\/wp-json\/wp\/v2\/pages\/624620","targetHints":{"allow":["GET"]}}],"collection":[{"href":"https:\/\/dev.medandbeauty.com\/sk\/wp-json\/wp\/v2\/pages"}],"about":[{"href":"https:\/\/dev.medandbeauty.com\/sk\/wp-json\/wp\/v2\/types\/page"}],"author":[{"embeddable":true,"href":"https:\/\/dev.medandbeauty.com\/sk\/wp-json\/wp\/v2\/users\/43705"}],"replies":[{"embeddable":true,"href":"https:\/\/dev.medandbeauty.com\/sk\/wp-json\/wp\/v2\/comments?post=624620"}],"version-history":[{"count":1,"href":"https:\/\/dev.medandbeauty.com\/sk\/wp-json\/wp\/v2\/pages\/624620\/revisions"}],"predecessor-version":[{"id":624624,"href":"https:\/\/dev.medandbeauty.com\/sk\/wp-json\/wp\/v2\/pages\/624620\/revisions\/624624"}],"wp:attachment":[{"href":"https:\/\/dev.medandbeauty.com\/sk\/wp-json\/wp\/v2\/media?parent=624620"}],"curies":[{"name":"wp","href":"https:\/\/api.w.org\/{rel}","templated":true}]}}