{"id":624610,"date":"2025-11-27T14:44:50","date_gmt":"2025-11-27T13:44:50","guid":{"rendered":"https:\/\/dev.medandbeauty.com\/laboratorna-zastera-varsava\/"},"modified":"2025-11-27T14:45:44","modified_gmt":"2025-11-27T13:45:44","slug":"laboratorna-zastera-varsava","status":"publish","type":"page","link":"https:\/\/dev.medandbeauty.com\/sk\/laboratorna-zastera-varsava\/","title":{"rendered":"Laborat\u00f3rna z\u00e1stera Var\u0161ava"},"content":{"rendered":"\n<p>Zauj\u00edma v\u00e1s, ktor\u00e9 miesto v hlavnom meste pon\u00faka najlep\u0161\u00ed v\u00fdber \u0161t\u00fdlov\u00e9ho lek\u00e1rskeho oble\u010denia? Med&amp;Beauty je komplexn\u00e9 rie\u0161enie pre ka\u017ed\u00e9ho profesion\u00e1la. Pon\u00fakame v\u00e1m dve pohodln\u00e9 mo\u017enosti n\u00e1kupu:  <\/p>\n\n<ul class=\"wp-block-list\">\n<li><strong>stacion\u00e1rny obchod vo Var\u0161ave &#8211;<\/strong> radi <strong>v\u00e1s<\/strong> priv\u00edtame v na\u0161om showroome vo Wilan\u00f3we na adrese Klimczaka 6A\/U4. Na mieste si m\u00f4\u017eete vysk\u00fa\u0161a\u0165 r\u00f4zne \u0161t\u00fdly, dotkn\u00fa\u0165 sa l\u00e1tky a z\u00edska\u0165 odborn\u00e9 rady od na\u0161ich poradcov. To je najlep\u0161\u00ed sp\u00f4sob, ako sa uisti\u0165, \u017ee vybran\u00fd zdravotn\u00fd pl\u00e1\u0161\u0165 je ide\u00e1lne prisp\u00f4soben\u00fd va\u0161ej postave a o\u010dak\u00e1vaniam,   <\/li>\n\n\n\n<li><strong>Online nakupovanie s r\u00fdchlym dodan\u00edm &#8211; ak<\/strong> si cen\u00edte pohodlie, n\u00e1\u0161 online obchod je v\u00e1m k dispoz\u00edcii. Pon\u00fakame kompletn\u00fd sortiment <g id=\"gid_1\">zdravotn\u00edckeho oble\u010denia vo Var\u0161ave dostupn\u00e9ho<\/g> mimo predajne s r\u00fdchlym doru\u010den\u00edm na va\u0161u adresu. V\u010faka podrobn\u00fdm popisom, presn\u00fdm ve\u013ekostn\u00fdm tabu\u013ek\u00e1m a kvalitn\u00fdm fotografi\u00e1m je online nakupovanie proste a intuit\u00edvne.  <\/li>\n<\/ul>\n\n<h2 class=\"wp-block-heading\">\u010c\u00edm vynikaj\u00fa na\u0161e laborat\u00f3rne z\u00e1stery?<\/h2>\n\n<p>Ke\u010f sa rozhodnete k\u00fapi\u0165 si v\u00fdrobok od spolo\u010dnosti Med&amp;Beauty, vyber\u00e1te si v\u00fdrobok navrhnut\u00fd s oh\u013eadom na profesion\u00e1lov. Na\u0161e z\u00e1stery sa vyzna\u010duj\u00fa: <\/p>\n\n<ul class=\"wp-block-list\">\n<li><strong>najkvalitnej\u0161ie materi\u00e1ly &#8211; \u0161ijeme<\/strong> v Po\u013esku z priedu\u0161n\u00fdch l\u00e1tok, ktor\u00e9 zaru\u010duj\u00fa vo\u013enos\u0165 pohybu a s\u00fa odoln\u00e9 vo\u010di pokr\u010deniu,<\/li>\n\n\n\n<li><strong>funk\u010dnos\u0165 a modern\u00e1 estetika &#8211;<\/strong> ka\u017ed\u00fd model <strong>navrhujeme<\/strong> s oh\u013eadom na va\u0161e pohodlie. Priestrann\u00e9 vreck\u00e1 na nevyhnutn\u00e9 veci, pohodln\u00e9 zap\u00ednanie na patentky a strihy na mieru s\u00fa na\u0161\u00edm \u0161tandardom. Pon\u00fakame \u0161irok\u00fa \u0161k\u00e1lu strihov &#8211; od klasick\u00fdch a\u017e po modern\u00e9, ktor\u00e9 pod\u010diarknu v\u00e1\u0161 profesion\u00e1lny imid\u017e,  <\/li>\n\n\n\n<li><strong>Mo\u017enos\u0165 personaliz\u00e1cie &#8211; chcete<\/strong>, aby va\u0161a z\u00e1stera bola skuto\u010dne jedine\u010dn\u00e1? Pon\u00fakame slu\u017ebu personaliz\u00e1cie pridan\u00edm v\u00fd\u0161ivky s va\u0161\u00edm menom alebo logom zariadenia. Je to skvel\u00fd sp\u00f4sob, ako vynikn\u00fa\u0165 a vybudova\u0165 jednotn\u00fa firemn\u00fa identitu v\u00e1\u0161ho t\u00edmu.  <\/li>\n<\/ul>\n\n<h2 class=\"wp-block-heading\">Slu\u017eby laborat\u00f3rneho oble\u010denia vo Var\u0161ave<\/h2>\n\n<p>Vieme, \u017ee pohodlie nie je v\u0161etko &#8211; z\u00e1le\u017e\u00ed aj na tom, ako \u013eahko sa oble\u010denie udr\u017eiava \u010dist\u00e9. Hoci vo Var\u0161ave existuj\u00fa \u0161pecializovan\u00e9 pr\u00e1\u010dovne, na\u0161e z\u00e1stery s\u00fa vyroben\u00e9 z l\u00e1tok, ktor\u00e9 sa daj\u00fa \u013eahko vy\u010disti\u0165 doma, pri\u010dom si zachovaj\u00fa svoju farbu a strih. V\u010faka \u0161irokej \u0161k\u00e1le ve\u013ekost\u00ed a rozmanit\u00fdm strihom nie s\u00fa potrebn\u00e9 kraj\u010d\u00edrske \u00fapravy. V na\u0161om obchode je k dispoz\u00edcii slu\u017eba individu\u00e1lneho vy\u0161\u00edvania zo z\u00e1sob.   <\/p>\n\n<p><strong>Pre\u010do n\u00e1m d\u00f4verova\u0165?<\/strong><\/p>\n\n<ul class=\"wp-block-list\">\n<li><strong>Po\u013esk\u00e1 v\u00fdroba a<\/strong> d\u00f4raz na detail.<\/li>\n\n\n\n<li><strong>100 dn\u00ed na vr\u00e1tenie tovaru<\/strong> &#8211; nakupujte bez n\u00e1hlenia a ob\u00e1v.<\/li>\n\n\n\n<li><strong>Doru\u010denie zdarma pri<\/strong> objedn\u00e1vkach nad 500 libier.<\/li>\n\n\n\n<li><strong>Atrakt\u00edvne z\u013eavy pre<\/strong> \u0161tudentov.<\/li>\n\n\n\n<li><strong>Mo\u017enos\u0165 vysk\u00fa\u0161a\u0165 si ho na<\/strong> na\u0161om stacion\u00e1rnom mieste v hlavnom meste.<\/li>\n<\/ul>\n\n<p>Nestr\u00e1cajte \u010das h\u013eadan\u00edm. Nav\u0161t\u00edvte n\u00e1\u0161 obchod so zdravotn\u00edckym oble\u010den\u00edm vo Var\u0161ave alebo si prezrite ponuku online a n\u00e1jdite si laborat\u00f3rny pl\u00e1\u0161\u0165, ktor\u00fd spln\u00ed v\u0161etky va\u0161e o\u010dak\u00e1vania. Stavte na kvalitu, \u0161t\u00fdl a pohodlie s Med&amp;Beauty!  <\/p>\n","protected":false},"excerpt":{"rendered":"<p>Zauj\u00edma v\u00e1s, ktor\u00e9 miesto v hlavnom meste pon\u00faka najlep\u0161\u00ed v\u00fdber \u0161t\u00fdlov\u00e9ho lek\u00e1rskeho oble\u010denia? Med&amp;Beauty je komplexn\u00e9 rie\u0161enie pre ka\u017ed\u00e9ho profesion\u00e1la. Pon\u00fakame v\u00e1m dve pohodln\u00e9 mo\u017enosti n\u00e1kupu: \u010c\u00edm vynikaj\u00fa na\u0161e laborat\u00f3rne z\u00e1stery? Ke\u010f sa rozhodnete k\u00fapi\u0165 si v\u00fdrobok od spolo\u010dnosti Med&amp;Beauty, vyber\u00e1te si v\u00fdrobok navrhnut\u00fd s oh\u013eadom na profesion\u00e1lov. Na\u0161e z\u00e1stery sa vyzna\u010duj\u00fa: Slu\u017eby laborat\u00f3rneho oble\u010denia [&hellip;]<\/p>\n","protected":false},"author":43705,"featured_media":0,"parent":0,"menu_order":0,"comment_status":"closed","ping_status":"closed","template":"","meta":{"_acf_changed":false,"inline_featured_image":false,"footnotes":""},"class_list":["post-624610","page","type-page","status-publish","hentry"],"acf":[],"_links":{"self":[{"href":"https:\/\/dev.medandbeauty.com\/sk\/wp-json\/wp\/v2\/pages\/624610","targetHints":{"allow":["GET"]}}],"collection":[{"href":"https:\/\/dev.medandbeauty.com\/sk\/wp-json\/wp\/v2\/pages"}],"about":[{"href":"https:\/\/dev.medandbeauty.com\/sk\/wp-json\/wp\/v2\/types\/page"}],"author":[{"embeddable":true,"href":"https:\/\/dev.medandbeauty.com\/sk\/wp-json\/wp\/v2\/users\/43705"}],"replies":[{"embeddable":true,"href":"https:\/\/dev.medandbeauty.com\/sk\/wp-json\/wp\/v2\/comments?post=624610"}],"version-history":[{"count":1,"href":"https:\/\/dev.medandbeauty.com\/sk\/wp-json\/wp\/v2\/pages\/624610\/revisions"}],"predecessor-version":[{"id":624611,"href":"https:\/\/dev.medandbeauty.com\/sk\/wp-json\/wp\/v2\/pages\/624610\/revisions\/624611"}],"wp:attachment":[{"href":"https:\/\/dev.medandbeauty.com\/sk\/wp-json\/wp\/v2\/media?parent=624610"}],"curies":[{"name":"wp","href":"https:\/\/api.w.org\/{rel}","templated":true}]}}