{"id":624588,"date":"2025-11-27T14:43:37","date_gmt":"2025-11-27T13:43:37","guid":{"rendered":"https:\/\/dev.medandbeauty.com\/laboratorna-zastera-poznan\/"},"modified":"2025-11-27T14:44:36","modified_gmt":"2025-11-27T13:44:36","slug":"laboratorna-zastera-poznan","status":"publish","type":"page","link":"https:\/\/dev.medandbeauty.com\/sk\/laboratorna-zastera-poznan\/","title":{"rendered":"Laborat\u00f3rna z\u00e1stera Pozna\u0148"},"content":{"rendered":"\n<p>H\u013ead\u00e1te perfektn\u00fd laborat\u00f3rny pl\u00e1\u0161\u0165 v Poznani? \u010ci u\u017e ste sk\u00fasen\u00fd profesion\u00e1l, technik alebo \u0161tudent, ste na ide\u00e1lnom mieste! V Med&amp;Beauty ch\u00e1peme, \u017ee z\u00e1stera je nielen nevyhnutn\u00fdm kusom odevu, ale aj va\u0161ou vizitkou a z\u00e1rukou pohodlia po\u010das cel\u00e9ho pracovn\u00e9ho d\u0148a. Kombinujeme najkvalitnej\u0161ie materi\u00e1ly s m\u00f3dnou estetikou, aby ste sa c\u00edtili profesion\u00e1lne a pohodlne.   <\/p>\n\n<p>Vieme, ak\u00e9 d\u00f4le\u017eit\u00e9 je ma\u0165 mo\u017enos\u0165 vysk\u00fa\u0161a\u0165 si oble\u010denie a vidie\u0165 ho na\u017eivo. Na\u0161e oble\u010denie pre profesion\u00e1lov si m\u00f4\u017eete zak\u00fapi\u0165 dvoma sp\u00f4sobmi: <\/p>\n\n<ul class=\"wp-block-list\">\n<li><strong>Papiernictvo v Poznani &#8211; poz\u00fdvame<\/strong> v\u00e1s do n\u00e1\u0161ho sal\u00f3nu na adrese Zwierzyniecka 32\/38 (od ulice Kraszewskiego). N\u00e1\u0161 sk\u00fasen\u00fd person\u00e1l v\u00e1m r\u00e1d pom\u00f4\u017ee vybra\u0165 ide\u00e1lny strih a ve\u013ekos\u0165 a odpovie na v\u0161etky va\u0161e ot\u00e1zky. Kvalitu materi\u00e1lov a strih na\u0161ich z\u00e1ster m\u00f4\u017eete pos\u00fadi\u0165 priamo na mieste,   <\/li>\n\n\n\n<li><strong>pohodln\u00e9 nakupovanie online &#8211;<\/strong> oce\u0148ujete \u00fasporu \u010dasu? Cel\u00fa na\u0161u ponuku n\u00e1jdete v internetovom obchode Med&amp;Beauty. V\u010faka intuit\u00edvnej webovej str\u00e1nke, podrobn\u00fdm ve\u013ekostn\u00fdm tabu\u013ek\u00e1m a presn\u00fdm fotografi\u00e1m produktov si m\u00f4\u017eete jednoducho objedna\u0165 profesion\u00e1lne zdravotn\u00edcke oble\u010denie s doru\u010den\u00edm priamo k v\u00e1m domov alebo na pracovisko v Poznani.  <\/li>\n<\/ul>\n\n<h2 class=\"wp-block-heading\">Pre\u010do si vybra\u0165 laborat\u00f3rny pl\u00e1\u0161\u0165 od spolo\u010dnosti Med&amp;Beauty?<\/h2>\n\n<p>V\u00fdber spr\u00e1vnej z\u00e1stery ovplyv\u0148uje pohodlie a bezpe\u010dnos\u0165 va\u0161ej pr\u00e1ce. Na\u0161e v\u00fdrobky s\u00fa navrhnut\u00e9 s oh\u013eadom na potreby zdravotn\u00edckych a laborat\u00f3rnych pracovn\u00edkov. <\/p>\n\n<ul class=\"wp-block-list\">\n<li><strong>Materi\u00e1ly najvy\u0161\u0161ej kvality &#8211;<\/strong> na\u0161e z\u00e1stery <strong>\u0161ijeme<\/strong> z odoln\u00fdch, priedu\u0161n\u00fdch tkan\u00edn, ktor\u00e9 vydr\u017eia \u010dast\u00e9 pranie a poskytuj\u00fa estetick\u00fd vzh\u013ead bez z\u00e1hybov. Pon\u00fakame pr\u00e9miov\u00e9 aj z\u00e1kladn\u00e9 l\u00ednie, ktor\u00e9 vyhovuj\u00fa va\u0161im potreb\u00e1m, <\/li>\n\n\n\n<li><strong>Funk\u010dnos\u0165 a pohodlie &#8211; premyslen\u00e9<\/strong> strihy pre mu\u017eov aj \u017eeny zaru\u010duj\u00fa vo\u013enos\u0165 pohybu. Do priestrann\u00fdch, dobre navrhnut\u00fdch vreciek sa zmestia v\u0161etky potrebn\u00e9 doplnky. <\/li>\n\n\n\n<li><strong>\u0160irok\u00fd v\u00fdber a personaliz\u00e1cia &#8211; zabudnite na<\/strong> nudn\u00fa bielu! Pon\u00fakame z\u00e1stery v r\u00f4znych farb\u00e1ch, ktor\u00e9 v\u00e1m pom\u00f4\u017eu vyjadri\u0165 va\u0161u osobnos\u0165. Chcete e\u0161te viac zd\u00f4razni\u0165 svoju profesionalitu? Vyu\u017eite mo\u017enos\u0165 personaliz\u00e1cie a pridajte na z\u00e1steru v\u00fd\u0161ivku s va\u0161\u00edm menom alebo logom va\u0161ej prev\u00e1dzky.   <\/li>\n<\/ul>\n\n<h2 class=\"wp-block-heading\">Ako si vybra\u0165 dokonal\u00fd laborat\u00f3rny pl\u00e1\u0161\u0165?<\/h2>\n\n<p>Prem\u00fd\u0161\u013eate, ktor\u00fd model z\u00e1stery v\u00e1m bude najlep\u0161ie vyhovova\u0165? Venujte pozornos\u0165 nieko\u013ek\u00fdm k\u013e\u00fa\u010dov\u00fdm aspektom: <\/p>\n\n<ol class=\"wp-block-list\">\n<li><strong>Ve\u013ekos\u0165 &#8211; <\/strong>dokonal\u00e9 <strong>prisp\u00f4sobenie <\/strong>je nevyhnutn\u00e9. Pr\u00edli\u0161 ve\u013ek\u00e1 z\u00e1stera m\u00f4\u017ee by\u0165 nepohodln\u00e1 a pr\u00edli\u0161 mal\u00e1 m\u00f4\u017ee obmedzova\u0165 pohyb. Pozrite si na\u0161u tabu\u013eku ve\u013ekost\u00ed alebo n\u00e1s nav\u0161t\u00edvte v Poznani a vysk\u00fa\u0161ajte si r\u00f4zne modely,  <\/li>\n\n\n\n<li><strong>strih &#8211; pon\u00fakame<\/strong> r\u00f4zne strihy &#8211; od klasick\u00fdch proste modelov a\u017e po vypasovanej\u0161ie modely s viazan\u00fdm p\u00e1som, ktor\u00e9 zv\u00fdraz\u0148uj\u00fa siluetu,<\/li>\n\n\n\n<li>l\u00e1tka &#8211; <strong>vyberte si<\/strong> l\u00e1tku, ktor\u00e1 najlep\u0161ie vyhovuje va\u0161im potreb\u00e1m. Bavlnen\u00e9 zmesi zabezpe\u010dia vynikaj\u00facu priedu\u0161nos\u0165, zatia\u013e \u010do pr\u00eddavok polyesteru a lycry u\u013eah\u010d\u00ed starostlivos\u0165 a zabezpe\u010d\u00ed pru\u017enos\u0165. <\/li>\n<\/ol>\n\n<h2 class=\"wp-block-heading\">V\u00e1\u0161 profesion\u00e1lny imid\u017e v Poznani<\/h2>\n\n<p>\u010ci u\u017e potrebujete laborat\u00f3rnu z\u00e1steru pre pr\u00e1cu v nemocnici, na klinike, v analytickom laborat\u00f3riu, v zubnej ambulancii alebo na lek\u00e1rskej fakulte &#8211; v Med&amp;Beauty n\u00e1jdete oble\u010denie, ktor\u00e9 sp\u013a\u0148a va\u0161e potreby.<\/p>\n\n<p>Nav\u0161t\u00edvte n\u00e1\u0161 <a href=\"https:\/\/dev.medandbeauty.com\/sk\/zdravotnicke-oblecenie-poznan\/\" target=\"_blank\" rel=\"noreferrer noopener\">obchod so zdravotn\u00edckym oble\u010den\u00edm v Poznani alebo<\/a> si prezrite cel\u00fd n\u00e1\u0161 sortiment online. Vyberte si kvalitu, pohodlie a \u0161t\u00fdl, ktor\u00e9 v\u00e1m umo\u017enia s\u00fastredi\u0165 sa na to najd\u00f4le\u017eitej\u0161ie &#8211; na va\u0161u pr\u00e1cu. <\/p>\n","protected":false},"excerpt":{"rendered":"<p>H\u013ead\u00e1te perfektn\u00fd laborat\u00f3rny pl\u00e1\u0161\u0165 v Poznani? \u010ci u\u017e ste sk\u00fasen\u00fd profesion\u00e1l, technik alebo \u0161tudent, ste na ide\u00e1lnom mieste! V Med&amp;Beauty ch\u00e1peme, \u017ee z\u00e1stera je nielen nevyhnutn\u00fdm kusom odevu, ale aj va\u0161ou vizitkou a z\u00e1rukou pohodlia po\u010das cel\u00e9ho pracovn\u00e9ho d\u0148a. Kombinujeme najkvalitnej\u0161ie materi\u00e1ly s m\u00f3dnou estetikou, aby ste sa c\u00edtili profesion\u00e1lne a pohodlne. Vieme, ak\u00e9 d\u00f4le\u017eit\u00e9 [&hellip;]<\/p>\n","protected":false},"author":43705,"featured_media":0,"parent":0,"menu_order":0,"comment_status":"closed","ping_status":"closed","template":"","meta":{"_acf_changed":false,"inline_featured_image":false,"footnotes":""},"class_list":["post-624588","page","type-page","status-publish","hentry"],"acf":[],"_links":{"self":[{"href":"https:\/\/dev.medandbeauty.com\/sk\/wp-json\/wp\/v2\/pages\/624588","targetHints":{"allow":["GET"]}}],"collection":[{"href":"https:\/\/dev.medandbeauty.com\/sk\/wp-json\/wp\/v2\/pages"}],"about":[{"href":"https:\/\/dev.medandbeauty.com\/sk\/wp-json\/wp\/v2\/types\/page"}],"author":[{"embeddable":true,"href":"https:\/\/dev.medandbeauty.com\/sk\/wp-json\/wp\/v2\/users\/43705"}],"replies":[{"embeddable":true,"href":"https:\/\/dev.medandbeauty.com\/sk\/wp-json\/wp\/v2\/comments?post=624588"}],"version-history":[{"count":1,"href":"https:\/\/dev.medandbeauty.com\/sk\/wp-json\/wp\/v2\/pages\/624588\/revisions"}],"predecessor-version":[{"id":624589,"href":"https:\/\/dev.medandbeauty.com\/sk\/wp-json\/wp\/v2\/pages\/624588\/revisions\/624589"}],"wp:attachment":[{"href":"https:\/\/dev.medandbeauty.com\/sk\/wp-json\/wp\/v2\/media?parent=624588"}],"curies":[{"name":"wp","href":"https:\/\/api.w.org\/{rel}","templated":true}]}}