{"id":624574,"date":"2025-11-27T14:42:53","date_gmt":"2025-11-27T13:42:53","guid":{"rendered":"https:\/\/dev.medandbeauty.com\/laboratorna-suprava-poznan\/"},"modified":"2025-11-27T14:43:47","modified_gmt":"2025-11-27T13:43:47","slug":"laboratorna-suprava-poznan","status":"publish","type":"page","link":"https:\/\/dev.medandbeauty.com\/sk\/laboratorna-suprava-poznan\/","title":{"rendered":"Laborat\u00f3rna s\u00faprava Pozna\u0148"},"content":{"rendered":"\n<p>H\u013ead\u00e1te profesion\u00e1lny laborat\u00f3rny pl\u00e1\u0161\u0165 v Poznani, ktor\u00fd v sebe sp\u00e1ja vysok\u00fa kvalitu spracovania, celodenn\u00fd komfort nosenia a dokonal\u00fd vzh\u013ead? V spolo\u010dnosti Med&amp;Beauty dokonale rozumieme potreb\u00e1m zdravotn\u00edckych pracovn\u00edkov. V na\u0161ej ponuke n\u00e1jdete z\u00e1stery, ktor\u00e9 poskytuj\u00fa potrebn\u00fa ochranu a z\u00e1rove\u0148 zd\u00f4raz\u0148uj\u00fa va\u0161u profesionalitu.  <\/p>\n\n<p>\u010ci u\u017e pracujete v laborat\u00f3riu, u lek\u00e1ra, na zubnej klinike, alebo sa pripravujete na svoje povolanie ako \u0161tudent &#8211; spr\u00e1vny odev je va\u0161ou vizitkou. Vyberte si \u0161aty, ktor\u00e9 vydr\u017eia n\u00e1strahy n\u00e1ro\u010dn\u00e9ho pracovn\u00e9ho d\u0148a. <\/p>\n\n<h2 class=\"wp-block-heading\">Kde si m\u00f4\u017eete k\u00fapi\u0165 a vysk\u00fa\u0161a\u0165 laborat\u00f3rny pl\u00e1\u0161\u0165 v Poznani?<\/h2>\n\n<p>Ako v\u00e1\u0161 d\u00f4veryhodn\u00fd partner v oblasti zdravotn\u00edckeho oble\u010denia v\u00e1m pon\u00fakame dve pohodln\u00e9 n\u00e1kupn\u00e9 cesty, ktor\u00e9 v\u00e1m pom\u00f4\u017eu n\u00e1js\u0165 perfektn\u00fd laborat\u00f3rny <strong>pl\u00e1\u0161\u0165 v Poznani.<\/strong><\/p>\n\n<ol class=\"wp-block-list\">\n<li><strong>Stacion\u00e1r Med&amp;Beauty v Poznani &#8211;<\/strong> poz\u00fdvame <strong>v\u00e1s<\/strong> do n\u00e1\u0161ho sal\u00f3nu na ulici Zwierzyniecka 32\/38. Je to ide\u00e1lna pr\u00edle\u017eitos\u0165 presved\u010di\u0165 sa na vlastn\u00e9 o\u010di o kvalite na\u0161ich l\u00e1tok, vidie\u0165 r\u00f4zne strihy a, \u010do je najd\u00f4le\u017eitej\u0161ie, vysk\u00fa\u0161a\u0165 si konkr\u00e9tne modely. N\u00e1\u0161 sk\u00fasen\u00fd person\u00e1l v\u00e1m r\u00e1d pom\u00f4\u017ee vybra\u0165 strih a ve\u013ekos\u0165, ktor\u00e9 dokonale vyhovuj\u00fa va\u0161ej postave a potreb\u00e1m.   <\/li>\n\n\n\n<li><strong>Internetov\u00fd obchod s doru\u010den\u00edm do Poznane &#8211; cen\u00edte si<\/strong> \u00fasporu \u010dasu? Pozrite si n\u00e1\u0161 kompletn\u00fd sortiment online! V\u010faka na\u0161ej intuit\u00edvnej webovej str\u00e1nke, podrobn\u00fdm ve\u013ekostn\u00fdm tabu\u013ek\u00e1m a detailn\u00fdm fotografi\u00e1m produktov si m\u00f4\u017eete \u013eahko objedna\u0165 svoj vysn\u00edvan\u00fd zdravotn\u00edcky pl\u00e1\u0161\u0165 bez toho, aby ste museli opusti\u0165 svoj domov. Zaru\u010dujeme r\u00fdchle a bezpe\u010dn\u00e9 doru\u010denie v Poznani a v celom Po\u013esku.   <\/li>\n<\/ol>\n\n<h2 class=\"wp-block-heading\">Ako si vybra\u0165 dokonal\u00fd lek\u00e1rsky pl\u00e1\u0161\u0165? Sprievodca Med&amp;Beauty <\/h2>\n\n<p>V\u00fdber spr\u00e1vneho puttera je rozhodnutie, ktor\u00e9 ka\u017ed\u00fd de\u0148 ovplyv\u0148uje va\u0161e pohodlie a imid\u017e. Na \u010do si da\u0165 pozor? <\/p>\n\n<ul class=\"wp-block-list\">\n<li><strong>Materi\u00e1l na mieru &#8211; v na\u0161ich<\/strong> kolekci\u00e1ch zdravotn\u00edckeho oble\u010denia sa pou\u017e\u00edvaj\u00fa inovat\u00edvne zmesi l\u00e1tok. Pr\u00e9miov\u00e1 l\u00ednia (bavlna, nylon, lycra) zaru\u010duje vynikaj\u00facu priedu\u0161nos\u0165 a eleganciu. Z\u00e1kladn\u00e1 kolekcia (polyester, visk\u00f3za, lycra) sa zasa vyzna\u010duje v\u00fdnimo\u010dnou odolnos\u0165ou a jednoduchou \u00fadr\u017ebou, ktor\u00e1 minimalizuje potrebu \u017eehlenia. Obe rie\u0161enia zaru\u010duj\u00fa farebn\u00fa st\u00e1los\u0165 a odolnos\u0165 vo\u010di \u010dast\u00e9mu praniu pri vysok\u00fdch teplot\u00e1ch.   <\/li>\n\n\n\n<li><strong>Dokonal\u00e9 prisp\u00f4sobenie je nevyhnutn\u00e9 &#8211; pon\u00fakame<\/strong> \u0161irok\u00fa \u0161k\u00e1lu ve\u013ekost\u00ed od XXS po 4XL, aby si u n\u00e1s ka\u017ed\u00fd profesion\u00e1l na\u0161iel s\u00fapravu na mieru. Nezabudnite, \u017ee v\u0161etko si m\u00f4\u017eete vysk\u00fa\u0161a\u0165 v na\u0161om stacion\u00e1rnom obchode v Poznani. A ak si objedn\u00e1te online a va\u0161a ve\u013ekos\u0165 v\u00e1m nevyhovuje, m\u00e1te a\u017e 100 dn\u00ed na jej bezplatn\u00e9 vr\u00e1tenie!  <\/li>\n\n\n\n<li><strong>Personaliz\u00e1cia &#8211; vyniknite profesionalitou &#8211; chcete<\/strong>, aby va\u0161a uniforma bola jedine\u010dn\u00e1? Pon\u00fakame slu\u017ebu personaliz\u00e1cie zdravotn\u00edckych odevov. Na va\u0161u \u017eiados\u0165 m\u00f4\u017eeme vy\u0161i\u0165 va\u0161e meno, n\u00e1zov v\u00e1\u0161ho zariadenia alebo logo va\u0161ej spolo\u010dnosti. Je to skvel\u00fd sp\u00f4sob, ako budova\u0165 jednotn\u00fa zna\u010dku a imid\u017e t\u00edmu.   <\/li>\n<\/ul>\n\n<p>Nav\u0161t\u00edvte n\u00e1s v Poznani alebo si prezrite na\u0161u kolekciu online a investujte do komfortu a profesionality, ktor\u00fa si zasl\u00fa\u017eite. V\u00e1\u0161 dokonal\u00fd laborat\u00f3rny pl\u00e1\u0161\u0165 \u010dak\u00e1 v Med&amp;Beauty! <\/p>\n","protected":false},"excerpt":{"rendered":"<p>H\u013ead\u00e1te profesion\u00e1lny laborat\u00f3rny pl\u00e1\u0161\u0165 v Poznani, ktor\u00fd v sebe sp\u00e1ja vysok\u00fa kvalitu spracovania, celodenn\u00fd komfort nosenia a dokonal\u00fd vzh\u013ead? V spolo\u010dnosti Med&amp;Beauty dokonale rozumieme potreb\u00e1m zdravotn\u00edckych pracovn\u00edkov. V na\u0161ej ponuke n\u00e1jdete z\u00e1stery, ktor\u00e9 poskytuj\u00fa potrebn\u00fa ochranu a z\u00e1rove\u0148 zd\u00f4raz\u0148uj\u00fa va\u0161u profesionalitu. \u010ci u\u017e pracujete v laborat\u00f3riu, u lek\u00e1ra, na zubnej klinike, alebo sa pripravujete na [&hellip;]<\/p>\n","protected":false},"author":43705,"featured_media":0,"parent":0,"menu_order":0,"comment_status":"closed","ping_status":"closed","template":"","meta":{"_acf_changed":false,"inline_featured_image":false,"footnotes":""},"class_list":["post-624574","page","type-page","status-publish","hentry"],"acf":[],"_links":{"self":[{"href":"https:\/\/dev.medandbeauty.com\/sk\/wp-json\/wp\/v2\/pages\/624574","targetHints":{"allow":["GET"]}}],"collection":[{"href":"https:\/\/dev.medandbeauty.com\/sk\/wp-json\/wp\/v2\/pages"}],"about":[{"href":"https:\/\/dev.medandbeauty.com\/sk\/wp-json\/wp\/v2\/types\/page"}],"author":[{"embeddable":true,"href":"https:\/\/dev.medandbeauty.com\/sk\/wp-json\/wp\/v2\/users\/43705"}],"replies":[{"embeddable":true,"href":"https:\/\/dev.medandbeauty.com\/sk\/wp-json\/wp\/v2\/comments?post=624574"}],"version-history":[{"count":1,"href":"https:\/\/dev.medandbeauty.com\/sk\/wp-json\/wp\/v2\/pages\/624574\/revisions"}],"predecessor-version":[{"id":624577,"href":"https:\/\/dev.medandbeauty.com\/sk\/wp-json\/wp\/v2\/pages\/624574\/revisions\/624577"}],"wp:attachment":[{"href":"https:\/\/dev.medandbeauty.com\/sk\/wp-json\/wp\/v2\/media?parent=624574"}],"curies":[{"name":"wp","href":"https:\/\/api.w.org\/{rel}","templated":true}]}}