{"id":624552,"date":"2025-11-27T14:42:09","date_gmt":"2025-11-27T13:42:09","guid":{"rendered":"https:\/\/dev.medandbeauty.com\/lekarske-zastery-poznan\/"},"modified":"2025-11-27T14:43:12","modified_gmt":"2025-11-27T13:43:12","slug":"lekarske-zastery-poznan","status":"publish","type":"page","link":"https:\/\/dev.medandbeauty.com\/sk\/lekarske-zastery-poznan\/","title":{"rendered":"Lek\u00e1rske z\u00e1stery Pozna\u0148"},"content":{"rendered":"\n<p>Pr\u00e1ca v lek\u00e1rskom a kozmetickom priemysle si vy\u017eaduje nielen znalosti a odhodlanie, ale aj spr\u00e1vne oble\u010denie. Oble\u010denie mus\u00ed zabezpe\u010di\u0165 pohodlie, bezpe\u010dnos\u0165 a profesion\u00e1lny vzh\u013ead. Ak h\u013ead\u00e1te kvalitn\u00e9 <strong>lek\u00e1rske pl\u00e1\u0161te v Poznani,<\/strong> ste na ide\u00e1lnom mieste! V Med&amp;Beauty rozumieme potreb\u00e1m lek\u00e1rov, zdravotn\u00fdch sestier, technikov a kozmeti\u010diek. Pon\u00fakame oble\u010denie, ktor\u00e9 v sebe sp\u00e1ja najvy\u0161\u0161ie \u0161tandardy kvality, modern\u00fa estetiku a bezkonkuren\u010dn\u00fa funk\u010dnos\u0165. Toto oble\u010denie v\u00e1m umo\u017en\u00ed s\u00fastredi\u0165 sa na to, \u010do je najd\u00f4le\u017eitej\u0161ie &#8211; starostlivos\u0165 o pacienta.     <\/p>\n\n<h2 class=\"wp-block-heading\">Lek\u00e1rske z\u00e1stery v Poznani &#8211; k\u00fapte si pod\u013ea svojich predst\u00e1v<\/h2>\n\n<p>\u010ci u\u017e si chcete v\u00fdrobok pred k\u00fapou pozrie\u0165 a vysk\u00fa\u0161a\u0165, alebo oce\u0148ujete pohodlie online nakupovania, m\u00e1me pre v\u00e1s ide\u00e1lne rie\u0161enie.<\/p>\n\n<p><strong>Papiernictvo v centre Poznane<\/strong><\/p>\n\n<p>Poz\u00fdvame v\u00e1s do n\u00e1\u0161ho papiernictva na ulici Zwierzyniecka 32\/38 (vchod z ulice Kraszewskiego). Je to ide\u00e1lne miesto, kde sa m\u00f4\u017eete presved\u010di\u0165 o kvalite na\u0161ich l\u00e1tok, vysk\u00fa\u0161a\u0165 si r\u00f4zne strihy a necha\u0165 si poradi\u0165 od n\u00e1\u0161ho sk\u00fasen\u00e9ho person\u00e1lu. Pom\u00f4\u017eeme v\u00e1m vybra\u0165 ide\u00e1lnu z\u00e1steru, \u0161atku, nohavice alebo lek\u00e1rske bl\u00fazky, ktor\u00e9 splnia v\u0161etky va\u0161e o\u010dak\u00e1vania.   <\/p>\n\n<p><strong>Pohodln\u00e9 nakupovanie online<\/strong><\/p>\n\n<p>Nem\u00e1te \u010das nav\u0161t\u00edvi\u0165 stacion\u00e1rne predajn\u00e9 miesto? N\u00e1\u0161 intuit\u00edvny internetov\u00fd obchod je v\u00e1m k dispoz\u00edcii! M\u00f4\u017eete si jednoducho prezrie\u0165 cel\u00fd sortiment, porovna\u0165 modely a n\u00e1js\u0165 podrobn\u00e9 inform\u00e1cie o materi\u00e1loch, ve\u013ekostiach a farb\u00e1ch. V\u010faka presn\u00fdm ve\u013ekostn\u00fdm tabu\u013ek\u00e1m a vysokokvalitn\u00fdm fotografi\u00e1m je objedn\u00e1vanie dokonal\u00e9ho lek\u00e1rskeho pl\u00e1\u0161\u0165a jednoduch\u0161ie ako kedyko\u013evek predt\u00fdm. V\u00e1\u0161 nov\u00fd odev v\u00e1m bude doru\u010den\u00fd r\u00fdchlo a bez probl\u00e9mov.    <\/p>\n\n<h2 class=\"wp-block-heading\">Pre\u010do s\u00fa lek\u00e1rske pl\u00e1\u0161te od Med&amp;Beauty tou najlep\u0161ou vo\u013ebou?<\/h2>\n\n<p>V\u00fdberom na\u0161ich v\u00fdrobkov investujete do pohodlia a profesionality, ktor\u00e9 v\u00e1s bud\u00fa sprev\u00e1dza\u0165 ka\u017ed\u00fd pracovn\u00fd de\u0148.<\/p>\n\n<ul class=\"wp-block-list\">\n<li><strong>\u0160pi\u010dkov\u00e1 kvalita a pohodlie &#8211;<\/strong> na\u0161e lek\u00e1rske z\u00e1stery <strong>\u0161ijeme<\/strong> z priedu\u0161n\u00fdch a pru\u017en\u00fdch tkan\u00edn. Najmodernej\u0161ie tkaniny zabezpe\u010duj\u00fa vo\u013enos\u0165 pohybu a tepeln\u00fd komfort aj po\u010das najdlh\u0161ej pohotovosti. Oble\u010denie je odoln\u00e9 a nema\u010dkav\u00e9, tak\u017ee v\u017edy vyzer\u00e1te esteticky.  <\/li>\n\n\n\n<li><strong>Funk\u010dnos\u0165 a modern\u00e1 estetika &#8211; ch\u00e1peme<\/strong>, \u017ee praktickos\u0165 je d\u00f4le\u017eit\u00e1. Na\u0161e z\u00e1stery, p\u00e1nske aj d\u00e1mske, maj\u00fa d\u00f4myselne navrhnut\u00e9 priestrann\u00e9 vreck\u00e1, ide\u00e1lne na ulo\u017eenie nevyhnutn\u00fdch n\u00e1strojov. Pon\u00fakame \u0161irok\u00fa \u0161k\u00e1lu strihov &#8211; od klasick\u00fdch a\u017e po modern\u00e9, vr\u00e1tane viazan\u00fdch a zap\u00ednan\u00fdch modelov, a bohat\u00fa paletu farieb.  <\/li>\n\n\n\n<li><strong>Mo\u017enosti personaliz\u00e1cie &#8211; chcete<\/strong>, aby bol v\u00e1\u0161 odev jedine\u010dn\u00fd? Ke\u010f si vyberiete na\u0161e oble\u010denie, m\u00e1te mo\u017enos\u0165 prida\u0165 personalizovan\u00fa v\u00fd\u0161ivku s va\u0161\u00edm menom, \u0161pecializ\u00e1ciou alebo logom va\u0161ej prev\u00e1dzky. Je to dokonal\u00fd sp\u00f4sob, ako zd\u00f4razni\u0165 va\u0161u profesionalitu.  <\/li>\n<\/ul>\n\n<h2 class=\"wp-block-heading\">Ako sa star\u00e1te o svoje zdravotn\u00e9 oble\u010denie? Va\u0161a bezpe\u010dnos\u0165 je prioritou <\/h2>\n\n<p>Spr\u00e1vne pranie zdravotn\u00edckych odevov je k\u013e\u00fa\u010dom k udr\u017eaniu hygieny a bezpe\u010dnosti pre v\u00e1s aj va\u0161ich pacientov. Nezab\u00fadajte, \u017ee zdravotn\u00edcke uniformy m\u00f4\u017eu pren\u00e1\u0161a\u0165 patog\u00e9ny. Pod\u013ea hygienick\u00fdch po\u017eiadaviek by sa odevy mali pra\u0165 oddelene od ka\u017edodenn\u00e9ho oble\u010denia, pri spr\u00e1vnej teplote a so spr\u00e1vnymi prac\u00edmi prostriedkami. Mnoh\u00e9 zariadenia vyu\u017e\u00edvaj\u00fa profesion\u00e1lne pr\u00e1\u010dovne, ktor\u00e9 zaru\u010duj\u00fa steriliz\u00e1ciu odevov. Invest\u00edciou do vysokokvalitnej z\u00e1stery od spolo\u010dnosti Med&amp;Beauty si m\u00f4\u017eete by\u0165 ist\u00ed, \u017ee materi\u00e1l vydr\u017e\u00ed \u010dast\u00e9 pranie pri vysok\u00fdch teplot\u00e1ch bez straty farby alebo strihu.    <\/p>\n\n<h2 class=\"wp-block-heading\">Nav\u0161t\u00edvte n\u00e1s a poc\u00edtite rozdiel!<\/h2>\n\n<p>\u010ci u\u017e potrebujete elegantn\u00fa lek\u00e1rsku z\u00e1steru, farebn\u00e9 pracovn\u00e9 odevy alebo pohodln\u00fa mikinu, v Med&amp;Beauty v Poznani n\u00e1jdete v\u0161etko, \u010do potrebujete. Poz\u00fdvame v\u00e1s do n\u00e1\u0161ho stacion\u00e1ra alebo vyu\u017eite na\u0161u online ponuku. Presved\u010dte sa, \u017ee profesion\u00e1lne zdravotn\u00edcke oble\u010denie m\u00f4\u017ee by\u0165 \u0161t\u00fdlov\u00e9, pohodln\u00e9 a odoln\u00e9 z\u00e1rove\u0148.  <\/p>\n","protected":false},"excerpt":{"rendered":"<p>Pr\u00e1ca v lek\u00e1rskom a kozmetickom priemysle si vy\u017eaduje nielen znalosti a odhodlanie, ale aj spr\u00e1vne oble\u010denie. Oble\u010denie mus\u00ed zabezpe\u010di\u0165 pohodlie, bezpe\u010dnos\u0165 a profesion\u00e1lny vzh\u013ead. Ak h\u013ead\u00e1te kvalitn\u00e9 lek\u00e1rske pl\u00e1\u0161te v Poznani, ste na ide\u00e1lnom mieste! V Med&amp;Beauty rozumieme potreb\u00e1m lek\u00e1rov, zdravotn\u00fdch sestier, technikov a kozmeti\u010diek. Pon\u00fakame oble\u010denie, ktor\u00e9 v sebe sp\u00e1ja najvy\u0161\u0161ie \u0161tandardy kvality, modern\u00fa [&hellip;]<\/p>\n","protected":false},"author":43705,"featured_media":0,"parent":0,"menu_order":0,"comment_status":"closed","ping_status":"closed","template":"","meta":{"_acf_changed":false,"inline_featured_image":false,"footnotes":""},"class_list":["post-624552","page","type-page","status-publish","hentry"],"acf":[],"_links":{"self":[{"href":"https:\/\/dev.medandbeauty.com\/sk\/wp-json\/wp\/v2\/pages\/624552","targetHints":{"allow":["GET"]}}],"collection":[{"href":"https:\/\/dev.medandbeauty.com\/sk\/wp-json\/wp\/v2\/pages"}],"about":[{"href":"https:\/\/dev.medandbeauty.com\/sk\/wp-json\/wp\/v2\/types\/page"}],"author":[{"embeddable":true,"href":"https:\/\/dev.medandbeauty.com\/sk\/wp-json\/wp\/v2\/users\/43705"}],"replies":[{"embeddable":true,"href":"https:\/\/dev.medandbeauty.com\/sk\/wp-json\/wp\/v2\/comments?post=624552"}],"version-history":[{"count":1,"href":"https:\/\/dev.medandbeauty.com\/sk\/wp-json\/wp\/v2\/pages\/624552\/revisions"}],"predecessor-version":[{"id":624557,"href":"https:\/\/dev.medandbeauty.com\/sk\/wp-json\/wp\/v2\/pages\/624552\/revisions\/624557"}],"wp:attachment":[{"href":"https:\/\/dev.medandbeauty.com\/sk\/wp-json\/wp\/v2\/media?parent=624552"}],"curies":[{"name":"wp","href":"https:\/\/api.w.org\/{rel}","templated":true}]}}