{"id":624539,"date":"2025-11-27T14:41:28","date_gmt":"2025-11-27T13:41:28","guid":{"rendered":"https:\/\/dev.medandbeauty.com\/laboratorna-zastera-gdynia\/"},"modified":"2025-11-27T14:42:24","modified_gmt":"2025-11-27T13:42:24","slug":"laboratorna-zastera-gdynia","status":"publish","type":"page","link":"https:\/\/dev.medandbeauty.com\/sk\/laboratorna-zastera-gdynia\/","title":{"rendered":"Laborat\u00f3rna z\u00e1stera Gdynia"},"content":{"rendered":"\n<p>Pracovn\u00e9 oble\u010denie by malo by\u0165 va\u0161\u00edm spojencom &#8211; nemalo by v\u00e1s obmedzova\u0165 v pohybe, umo\u017e\u0148ova\u0165 va\u0161ej poko\u017eke d\u00fdcha\u0165 a dod\u00e1va\u0165 v\u00e1m pocit sebavedomia a profesionality. Na\u0161e <g id=\"gid_0\">laborat\u00f3rne z\u00e1stery dostupn\u00e9 v Gdyni s\u00fa <\/g>navrhnut\u00e9 tak, aby ste sa mohli plne s\u00fastredi\u0165 na to najd\u00f4le\u017eitej\u0161ie &#8211; na svoje \u00falohy a v\u00fdskum. \u010c\u00edm vynikaj\u00fa?  <\/p>\n\n<p><strong>1. bezkonkuren\u010dn\u00e9 pohodlie a odolnos\u0165 &#8211; na\u0161e<\/strong> z\u00e1stery z <strong>pr\u00e9miovej<\/strong> rady, u\u0161it\u00e9 zo zmesi vysokokvalitnej bavlny, nylonu a lycry, poskytuj\u00fa pru\u017enos\u0165 a vynikaj\u00facu priedu\u0161nos\u0165. Zabudnite na tuh\u00fa tkaninu &#8211; poc\u00edtite vo\u013enos\u0165 pohybu a pohodlie aj po\u010das najdlh\u0161ieho d\u0148a v laborat\u00f3riu! <\/p>\n\n<p><strong>2. profesion\u00e1lny a modern\u00fd vzh\u013ead &#8211; va\u0161e<\/strong> oble\u010denie je s\u00fa\u010das\u0165ou v\u00e1\u0161ho profesion\u00e1lneho imid\u017eu. Pon\u00fakame p\u00e1nske a d\u00e1mske lek\u00e1rske pl\u00e1\u0161te s mierne vypasovan\u00fdmi strihmi, ktor\u00e9 zv\u00fdraznia va\u0161u postavu a z\u00e1rove\u0148 zabezpe\u010dia \u00fah\u013eadn\u00fd a elegantn\u00fd vzh\u013ead. Chcete vynikn\u00fa\u0165? Vyu\u017eite mo\u017enos\u0165 personaliz\u00e1cie a pridajte v\u00fd\u0161ivku s va\u0161\u00edm menom alebo logom va\u0161ej in\u0161tit\u00facie.   <\/p>\n\n<p><strong>3 Premyslen\u00e1 funk\u010dnos\u0165 &#8211; odevy<\/strong> dostupn\u00e9 v na\u0161ich obchodoch s\u00fa vybaven\u00e9 priestrann\u00fdmi, strategicky umiestnen\u00fdmi vreckami &#8211; ide\u00e1lnymi na z\u00e1pisn\u00edk, telef\u00f3n alebo drobn\u00e9 n\u00e1radie. Pohodln\u00e9 zap\u00ednanie na patentky zabezpe\u010duje r\u00fdchle obliekanie a vyzliekanie odevov, \u010do je v dynamickom pracovnom prostred\u00ed ve\u013emi d\u00f4le\u017eit\u00e9. <\/p>\n\n<h2 class=\"wp-block-heading\">Pohodln\u00e9 online nakupovanie s doru\u010den\u00edm do Gdyne<\/h2>\n\n<p>Hoci v Gdyni existuj\u00fa obchody s ochrann\u00fdmi odevmi, ich ponuka je \u010dasto \u0161tandardn\u00e1 a obmedzen\u00e1. V Med&amp;Beauty m\u00e1te pr\u00edstup k \u0161irokej ponuke strihov, farieb a ve\u013ekost\u00ed &#8211; a to v\u0161etko bez straty \u010dasu doch\u00e1dzan\u00edm. Objedn\u00e1vku zad\u00e1te online a my v\u00e1m ju doru\u010d\u00edme priamo k va\u0161im dver\u00e1m v Gdyni. Nie ste si ist\u00ed svojou ve\u013ekos\u0165ou? Na\u0161a podrobn\u00e1 tabu\u013eka ve\u013ekost\u00ed a 100-d\u0148ov\u00e1 politika bezplatn\u00e9ho vr\u00e1tenia v\u00e1s upokoj\u00ed.    <\/p>\n\n<p>\u0160pecifik\u00e1cia na\u0161ich pr\u00e9miov\u00fdch z\u00e1ster:<\/p>\n\n<ul class=\"wp-block-list\">\n<li><strong>Materi\u00e1l &#8211; zmes<\/strong> vysokokvalitnej bavlny, nylonu a lycry pre pohodlie a odolnos\u0165.<\/li>\n\n\n\n<li><strong>Strih &#8211; modern\u00e9<\/strong> strihy pre mu\u017eov a \u017eeny, ktor\u00e9 poskytuj\u00fa vo\u013enos\u0165 pohybu.<\/li>\n\n\n\n<li><strong>Vreck\u00e1 &#8211; tri<\/strong> funk\u010dn\u00e9 vreck\u00e1 (dve na bokoch, jedno na hrudi).<\/li>\n\n\n\n<li><strong>Zap\u00ednanie &#8211; praktick\u00e9<\/strong> a robustn\u00e9 lisovacie cvo\u010dky.<\/li>\n\n\n\n<li><strong>Personaliz\u00e1cia &#8211; mo\u017enos\u0165<\/strong> prida\u0165 individu\u00e1lnu v\u00fd\u0161ivku.<\/li>\n\n\n\n<li><strong>Starostlivos\u0165 &#8211;<\/strong> tkanina je odoln\u00e1 vo\u010di \u010dast\u00e9mu praniu a \u013eahko sa udr\u017eiava.<\/li>\n<\/ul>\n\n<h2 class=\"wp-block-heading\">Ide\u00e1lna vo\u013eba pre mnoh\u00e9 \u0161peciality<\/h2>\n\n<p>Na\u0161e laborat\u00f3rne z\u00e1stery s\u00fa ide\u00e1lnym rie\u0161en\u00edm pre:<\/p>\n\n<ul class=\"wp-block-list\">\n<li>zdravotn\u00edcky person\u00e1l, v\u00fdskumn\u00fd person\u00e1l a person\u00e1l chemick\u00fdch laborat\u00f3ri\u00ed,<\/li>\n\n\n\n<li>lek\u00e1ri, zdravotn\u00e9 sestry a technici v nemocniciach a na klinik\u00e1ch,<\/li>\n\n\n\n<li>zubn\u00fdch lek\u00e1rov a zubn\u00fdch asistentov,<\/li>\n\n\n\n<li>\u0161tudentov medic\u00edny a pr\u00edrodn\u00fdch vied na univerzit\u00e1ch v Trojmest\u00ed,<\/li>\n\n\n\n<li>profesion\u00e1li v oblasti kr\u00e1sy a k\u00fape\u013en\u00edctva.<\/li>\n<\/ul>\n\n<p>Pridajte sa k radom profesion\u00e1lov, ktor\u00ed d\u00f4veruj\u00fa spolo\u010dnosti Med&amp;Beauty. Investujte do z\u00e1stery, ktor\u00e1 nielen ochr\u00e1ni va\u0161e oble\u010denie, ale aj zv\u00fd\u0161i v\u00e1\u0161 pracovn\u00fd komfort a pod\u010diarkne v\u00e1\u0161 profesion\u00e1lny imid\u017e. Poskytujeme bezpe\u010dn\u00fa platbu a doru\u010denie zdarma u\u017e od 600 libier. Objavte na\u0161u kompletn\u00fa kolekciu laborat\u00f3rnych pl\u00e1\u0161\u0165ov a objednajte si svoj dokonal\u00fd model s doru\u010den\u00edm do Gdyne e\u0161te dnes!   <\/p>\n","protected":false},"excerpt":{"rendered":"<p>Pracovn\u00e9 oble\u010denie by malo by\u0165 va\u0161\u00edm spojencom &#8211; nemalo by v\u00e1s obmedzova\u0165 v pohybe, umo\u017e\u0148ova\u0165 va\u0161ej poko\u017eke d\u00fdcha\u0165 a dod\u00e1va\u0165 v\u00e1m pocit sebavedomia a profesionality. Na\u0161e laborat\u00f3rne z\u00e1stery dostupn\u00e9 v Gdyni s\u00fa navrhnut\u00e9 tak, aby ste sa mohli plne s\u00fastredi\u0165 na to najd\u00f4le\u017eitej\u0161ie &#8211; na svoje \u00falohy a v\u00fdskum. \u010c\u00edm vynikaj\u00fa? 1. bezkonkuren\u010dn\u00e9 pohodlie a [&hellip;]<\/p>\n","protected":false},"author":43705,"featured_media":0,"parent":0,"menu_order":0,"comment_status":"closed","ping_status":"closed","template":"","meta":{"_acf_changed":false,"inline_featured_image":false,"footnotes":""},"class_list":["post-624539","page","type-page","status-publish","hentry"],"acf":[],"_links":{"self":[{"href":"https:\/\/dev.medandbeauty.com\/sk\/wp-json\/wp\/v2\/pages\/624539","targetHints":{"allow":["GET"]}}],"collection":[{"href":"https:\/\/dev.medandbeauty.com\/sk\/wp-json\/wp\/v2\/pages"}],"about":[{"href":"https:\/\/dev.medandbeauty.com\/sk\/wp-json\/wp\/v2\/types\/page"}],"author":[{"embeddable":true,"href":"https:\/\/dev.medandbeauty.com\/sk\/wp-json\/wp\/v2\/users\/43705"}],"replies":[{"embeddable":true,"href":"https:\/\/dev.medandbeauty.com\/sk\/wp-json\/wp\/v2\/comments?post=624539"}],"version-history":[{"count":1,"href":"https:\/\/dev.medandbeauty.com\/sk\/wp-json\/wp\/v2\/pages\/624539\/revisions"}],"predecessor-version":[{"id":624540,"href":"https:\/\/dev.medandbeauty.com\/sk\/wp-json\/wp\/v2\/pages\/624539\/revisions\/624540"}],"wp:attachment":[{"href":"https:\/\/dev.medandbeauty.com\/sk\/wp-json\/wp\/v2\/media?parent=624539"}],"curies":[{"name":"wp","href":"https:\/\/api.w.org\/{rel}","templated":true}]}}