{"id":624523,"date":"2025-11-27T14:40:26","date_gmt":"2025-11-27T13:40:26","guid":{"rendered":"https:\/\/dev.medandbeauty.com\/laboratorna-zastera-gliwice\/"},"modified":"2025-11-27T14:41:32","modified_gmt":"2025-11-27T13:41:32","slug":"laboratorna-zastera-gliwice","status":"publish","type":"page","link":"https:\/\/dev.medandbeauty.com\/sk\/laboratorna-zastera-gliwice\/","title":{"rendered":"Laborat\u00f3rna z\u00e1stera Gliwice"},"content":{"rendered":"\n<p>H\u013ead\u00e1te lek\u00e1rsku z\u00e1steru, ktor\u00e1 v sebe sp\u00e1ja profesion\u00e1lny vzh\u013ead, bezpe\u010dnos\u0165 a celodenn\u00e9 pohodlie? Profesion\u00e1lny odev je va\u0161ou vizitkou a pracovn\u00fdm n\u00e1strojom, ktor\u00fd mus\u00ed by\u0165 spo\u013eahliv\u00fd v dynamickom prostred\u00ed laborat\u00f3ria, kliniky alebo ordin\u00e1cie. <\/p>\n\n<p>Aj ke\u010f je mo\u017en\u00e9 n\u00e1js\u0165 v Gliwiciach obchody so zdravotn\u00edckym oble\u010den\u00edm alebo zdravotn\u00edckymi a bezpe\u010dnostn\u00fdmi pom\u00f4ckami, \u010dasto pon\u00fakaj\u00fa \u0161tandardn\u00e9, masovo dostupn\u00e9 modely.<\/p>\n\n<p>Ak chcete kvalitu, ktor\u00e1 ide ruka v ruke s modern\u00fdm dizajnom a odolnos\u0165ou, najlep\u0161\u00edm rie\u0161en\u00edm je n\u00e1kup online s doru\u010den\u00edm priamo k va\u0161im dver\u00e1m. V spolo\u010dnosti Med&amp;Beauty sa \u0161pecializujeme na vytv\u00e1ranie zdravotn\u00edckych odevov, ktor\u00e9 sp\u013a\u0148aj\u00fa o\u010dak\u00e1vania aj t\u00fdch najn\u00e1ro\u010dnej\u0161\u00edch profesion\u00e1lov. <\/p>\n\n<h2 class=\"wp-block-heading\">Ako si vybra\u0165 laborat\u00f3rny pl\u00e1\u0161\u0165, ktor\u00fd v\u00e1m vydr\u017e\u00ed roky?<\/h2>\n\n<p>V\u00fdber spr\u00e1vnej z\u00e1stery ovplyv\u0148uje va\u0161e pohodlie a imid\u017e ka\u017ed\u00fd de\u0148. Namiesto toho, aby sme sa zameriavali len na cenu, stoj\u00ed za to v\u0161imn\u00fa\u0165 si nieko\u013eko k\u013e\u00fa\u010dov\u00fdch aspektov, ktor\u00e9 na\u0161e v\u00fdrobky odli\u0161uj\u00fa: <\/p>\n\n<ul class=\"wp-block-list\">\n<li><strong>vysokokvalitn\u00e9 materi\u00e1ly &#8211; zabudnite na<\/strong> tuh\u00e9 a nepriedu\u0161n\u00e9 l\u00e1tky! Na\u0161e pr\u00e9miov\u00e9 z\u00e1stery \u0161ijeme zo zmesi vysoko kvalitnej bavlny, nylonu a lycry. T\u00e1to kombin\u00e1cia zaru\u010duje vynikaj\u00facu priedu\u0161nos\u0165, pru\u017enos\u0165 a odolnos\u0165. Z\u00e1rove\u0148 zaru\u010duje, \u017ee odev dobre sed\u00ed a je odoln\u00fd vo\u010di pokr\u010deniu.   <\/li>\n\n\n\n<li><strong>Funk\u010dn\u00fd strih &#8211; ka\u017ed\u00e1<\/strong> z na\u0161ich lek\u00e1rskych z\u00e1ster je navrhnut\u00e1 s oh\u013eadom na vo\u013enos\u0165 pohybu. Mierne prisp\u00f4soben\u00e9 strihy, p\u00e1nske aj d\u00e1mske, zabezpe\u010duj\u00fa profesion\u00e1lny vzh\u013ead bez obmedzovania pohybu. Zap\u00ednanie na patentky u\u013eah\u010duje r\u00fdchle obliekanie a vyzliekanie odevu.  <\/li>\n\n\n\n<li><strong>Praktick\u00e9 vreck\u00e1 &#8211; dobre umiestnen\u00e9<\/strong> a priestrann\u00e9 vreck\u00e1 s\u00fa nevyhnutnos\u0165ou. Tieto vymo\u017eenosti s\u00fa ide\u00e1lne na ulo\u017eenie pozn\u00e1mkov\u00e9ho bloku, telef\u00f3nu alebo drobn\u00e9ho n\u00e1radia &#8211; a ka\u017ed\u00e1 z na\u0161ich z\u00e1ster je nimi vybaven\u00e1. V\u010faka tomu budete ma\u0165 v\u0161etko potrebn\u00e9 v\u017edy po ruke.  <\/li>\n\n\n\n<li><strong>Mo\u017enosti personaliz\u00e1cie &#8211; chcete<\/strong> zd\u00f4razni\u0165 svoju profesionalitu? Pon\u00fakame v\u00e1m mo\u017enos\u0165 prida\u0165 v\u00fd\u0161ivku s va\u0161\u00edm menom, priezviskom alebo logom v\u00e1\u0161ho podniku. Je to detail, ktor\u00fd buduje d\u00f4veru a d\u00e1va v\u00e1m vynikn\u00fa\u0165 v pracovnom prostred\u00ed.  <\/li>\n<\/ul>\n\n<h2 class=\"wp-block-heading\">Starostlivos\u0165 o z\u00e1steru &#8211; proste pravidl\u00e1 pre maxim\u00e1lnu \u017eivotnos\u0165<\/h2>\n\n<p>Db\u00e1me na to, aby na\u0161e odevy boli nielen \u0161t\u00fdlov\u00e9, ale aj \u013eahko udr\u017eiavate\u013en\u00e9 v bezchybnom stave. Zauj\u00edma v\u00e1s, \u010di va\u0161a nov\u00e1 z\u00e1stera potrebuje \u0161pecializovan\u00e9 \u010distenie? Na\u0161e l\u00e1tky s\u00fa navrhnut\u00e9 tak, aby sa dali pra\u0165 doma pod\u013ea hygienick\u00fdch po\u017eiadaviek. Nezabudnite na:   <\/p>\n\n<ul class=\"wp-block-list\">\n<li>Z\u00e1steru perte pri teplote 40 \u00b0C, ktor\u00e1 posta\u010duje na odstr\u00e1nenie v\u00e4\u010d\u0161iny mikroorganizmov bez po\u0161kodenia tkaniny,<\/li>\n\n\n\n<li>pou\u017e\u00edvajte pracie prostriedky ur\u010den\u00e9 pre farebn\u00e9 tkaniny, aby ste si dlh\u0161ie zachovali ich dokonal\u00fd vzh\u013ead,<\/li>\n\n\n\n<li>\u017dehlite na \u013eavej strane, najlep\u0161ie \u017eehli\u010dkou s teplotou do 110 \u00b0C.<\/li>\n<\/ul>\n\n<p>Dodr\u017eiavan\u00edm t\u00fdchto prostejch pravidiel si m\u00f4\u017eete by\u0165 ist\u00ed, \u017ee si va\u0161a z\u00e1stera zachov\u00e1 svoj strih, farbu a vlastnosti po\u010das dlh\u00e9ho obdobia intenz\u00edvneho pou\u017e\u00edvania.<\/p>\n\n<h2 class=\"wp-block-heading\">Objednajte si laborat\u00f3rny pl\u00e1\u0161\u0165 do Gliw\u00edc &#8211; r\u00fdchlo a pohodlne<\/h2>\n\n<p>Nestr\u00e1cajte \u010das h\u013eadan\u00edm v kamenn\u00fdch obchodoch &#8211; vyberte si kvalitu a \u0161t\u00fdl, ktor\u00e9 pon\u00faka Med&amp;Beauty. Prezrite si na\u0161u kolekciu lek\u00e1rskych pl\u00e1\u0161\u0165ov a n\u00e1jdite dokonal\u00fd model, ktor\u00fd bude vyhovova\u0165 va\u0161im potreb\u00e1m. Objednajte si ho online a my v\u00e1m ho doru\u010d\u00edme proste na va\u0161u adresu v Gliwiciach. Investujte do svojho pohodlia a profesion\u00e1lneho imid\u017eu e\u0161te dnes!   <\/p>\n","protected":false},"excerpt":{"rendered":"<p>H\u013ead\u00e1te lek\u00e1rsku z\u00e1steru, ktor\u00e1 v sebe sp\u00e1ja profesion\u00e1lny vzh\u013ead, bezpe\u010dnos\u0165 a celodenn\u00e9 pohodlie? Profesion\u00e1lny odev je va\u0161ou vizitkou a pracovn\u00fdm n\u00e1strojom, ktor\u00fd mus\u00ed by\u0165 spo\u013eahliv\u00fd v dynamickom prostred\u00ed laborat\u00f3ria, kliniky alebo ordin\u00e1cie. Aj ke\u010f je mo\u017en\u00e9 n\u00e1js\u0165 v Gliwiciach obchody so zdravotn\u00edckym oble\u010den\u00edm alebo zdravotn\u00edckymi a bezpe\u010dnostn\u00fdmi pom\u00f4ckami, \u010dasto pon\u00fakaj\u00fa \u0161tandardn\u00e9, masovo dostupn\u00e9 modely. Ak [&hellip;]<\/p>\n","protected":false},"author":43705,"featured_media":0,"parent":0,"menu_order":0,"comment_status":"closed","ping_status":"closed","template":"","meta":{"_acf_changed":false,"inline_featured_image":false,"footnotes":""},"class_list":["post-624523","page","type-page","status-publish","hentry"],"acf":[],"_links":{"self":[{"href":"https:\/\/dev.medandbeauty.com\/sk\/wp-json\/wp\/v2\/pages\/624523","targetHints":{"allow":["GET"]}}],"collection":[{"href":"https:\/\/dev.medandbeauty.com\/sk\/wp-json\/wp\/v2\/pages"}],"about":[{"href":"https:\/\/dev.medandbeauty.com\/sk\/wp-json\/wp\/v2\/types\/page"}],"author":[{"embeddable":true,"href":"https:\/\/dev.medandbeauty.com\/sk\/wp-json\/wp\/v2\/users\/43705"}],"replies":[{"embeddable":true,"href":"https:\/\/dev.medandbeauty.com\/sk\/wp-json\/wp\/v2\/comments?post=624523"}],"version-history":[{"count":1,"href":"https:\/\/dev.medandbeauty.com\/sk\/wp-json\/wp\/v2\/pages\/624523\/revisions"}],"predecessor-version":[{"id":624526,"href":"https:\/\/dev.medandbeauty.com\/sk\/wp-json\/wp\/v2\/pages\/624523\/revisions\/624526"}],"wp:attachment":[{"href":"https:\/\/dev.medandbeauty.com\/sk\/wp-json\/wp\/v2\/media?parent=624523"}],"curies":[{"name":"wp","href":"https:\/\/api.w.org\/{rel}","templated":true}]}}