{"id":624219,"date":"2025-11-27T12:40:03","date_gmt":"2025-11-27T11:40:03","guid":{"rendered":"https:\/\/dev.medandbeauty.com\/zdravotnicke-oblecenie-opole\/"},"modified":"2025-11-27T12:42:14","modified_gmt":"2025-11-27T11:42:14","slug":"zdravotnicke-oblecenie-opole","status":"publish","type":"page","link":"https:\/\/dev.medandbeauty.com\/sk\/zdravotnicke-oblecenie-opole\/","title":{"rendered":"Zdravotn\u00edcke oble\u010denie Opole"},"content":{"rendered":"\n<p>V\u00fdber spr\u00e1vneho zdravotn\u00edckeho odevu je d\u00f4le\u017eit\u00fdm rozhodnut\u00edm, ktor\u00e9 ovplyv\u0148uje va\u0161e pohodlie a komfort ka\u017ed\u00fd de\u0148. V Opole je k dispoz\u00edcii nieko\u013eko stacion\u00e1rnych predajn\u00ed &#8211; ale najv\u00e4\u010d\u0161iu slobodu v\u00fdberu a \u00fapln\u00fa kontrolu nad n\u00e1kupom v\u00e1m poskytuje internetov\u00fd obchod. Pon\u00fakame \u0161irok\u00fd sortiment pohodln\u00e9ho oble\u010denia, ktor\u00e9 si m\u00f4\u017eete objedna\u0165 bez toho, aby ste museli opusti\u0165 domov. Ka\u017ed\u00fd v\u00fdrobok je podrobne op\u00edsan\u00fd a fotografie odr\u00e1\u017eaj\u00fa skuto\u010dn\u00fd vzh\u013ead a farby oble\u010denia.   <\/p>\n\n<p>Pri online nakupovan\u00ed m\u00f4\u017eete pokojne porovn\u00e1va\u0165 r\u00f4zne modely, farby a ve\u013ekosti. Na webovej lokalite m\u00f4\u017eete pou\u017ei\u0165 praktick\u00e9 filtre, ktor\u00e9 u\u013eah\u010duj\u00fa n\u00e1jdenie ide\u00e1lneho v\u00fdrobku. Objedn\u00e1vky sa sprac\u00favaj\u00fa r\u00fdchlo, \u010d\u00edm sa zabezpe\u010d\u00ed, \u017ee z\u00e1sielka sa k v\u00e1m dostane v \u010do najkrat\u0161om \u010dase. Doru\u010denie sa vz\u0165ahuje na cel\u00e9 Opole a okolie a pri v\u00e4\u010d\u0161\u00edch objedn\u00e1vkach sa m\u00f4\u017eete spo\u013eahn\u00fa\u0165 na dopravu zdarma. Ak m\u00e1te ot\u00e1zky alebo potrebujete poradi\u0165, n\u00e1\u0161 t\u00edm je v\u00e1m k dispoz\u00edcii v ka\u017edej f\u00e1ze nakupovania &#8211; od v\u00fdberu v\u00fdrobku a\u017e po dokon\u010denie objedn\u00e1vky.    <\/p>\n\n<h2 class=\"wp-block-heading\">Kolekcie zdravotn\u00edckeho oble\u010denia &#8211; ak\u00fd je rozdiel medzi pr\u00e9miov\u00fdm a z\u00e1kladn\u00fdm oble\u010den\u00edm?<\/h2>\n\n<p>Vyvinuli sme dve jedine\u010dn\u00e9 produktov\u00e9 l\u00ednie. To v\u00e1m umo\u017en\u00ed dokonale prisp\u00f4sobi\u0165 oble\u010denie va\u0161im potreb\u00e1m, charakteru pr\u00e1ce a preferenci\u00e1m. Pri n\u00e1kupe <strong>zdravotn\u00edckeho oble\u010denia s doru\u010den\u00edm do Opole<\/strong> m\u00e1te na v\u00fdber z dvoch kolekci\u00ed:  <\/p>\n\n<ul class=\"wp-block-list\">\n<li><strong>Premium &#8211; vytvoren\u00e9<\/strong> s oh\u013eadom na najn\u00e1ro\u010dnej\u0161\u00edch profesion\u00e1lov. Je zmesou vysokokvalitnej bavlny, nylonu a lycry. Je ide\u00e1lnou vo\u013ebou pre t\u00fdch, ktor\u00ed ocenia pr\u00edrodn\u00e9 materi\u00e1ly, v\u00fdnimo\u010dn\u00fa priedu\u0161nos\u0165 a bezkonkuren\u010dn\u00e9 pohodlie pri nosen\u00ed po\u010das cel\u00e9ho pracovn\u00e9ho d\u0148a.  <\/li>\n\n\n\n<li><strong>Basic &#8211; na b\u00e1ze<\/strong> inovat\u00edvnej kombin\u00e1cie polyesteru, visk\u00f3zy a lycry. Zaru\u010duje v\u00fdnimo\u010dn\u00fa trvanlivos\u0165, odolnos\u0165 proti pokr\u010deniu a jednoduch\u00fa \u00fadr\u017ebu. Je to praktick\u00e9 rie\u0161enie, ktor\u00e9 si zachov\u00e1va skvel\u00fd vzh\u013ead a funk\u010dnos\u0165 za ve\u013emi atrakt\u00edvnu cenu.  <\/li>\n<\/ul>\n\n<h2 class=\"wp-block-heading\">Materi\u00e1lov\u00e9 zlo\u017eenie a starostlivos\u0165 &#8211; ako sa stara\u0165 o zdravotn\u00edcke odevy?<\/h2>\n\n<p>Tajomstvo na\u0161ich odevov spo\u010d\u00edva v technologicky vyspel\u00fdch tkanin\u00e1ch. V\u010faka starostlivo vybran\u00fdm zlo\u017ek\u00e1m, ako s\u00fa zmesi bavlny, polyesteru, nylonu, visk\u00f3zy a lycry, dok\u00e1\u017eeme vytvori\u0165 oble\u010denie, ktor\u00e9 je takmer dokonal\u00e9. <\/p>\n\n<p>Bavlna a visk\u00f3za s\u00fa zodpovedn\u00e9 za m\u00e4kkos\u0165 a priedu\u0161nos\u0165. Polyester a nylon zasa zvy\u0161uj\u00fa odolnos\u0165 a u\u013eah\u010duj\u00fa \u00fadr\u017ebu odevu. Aby v\u00e1m uniforma sl\u00fa\u017eila v bezchybnom stave \u010do najdlh\u0161ie, v\u017edy sa ria\u010fte pokynmi na o\u0161etrovanie uveden\u00fdmi na \u0161t\u00edtku. Zabezpe\u010d\u00edte tak zachovanie intenzity farby, tvaru a vlastnost\u00ed tkaniny. Nepou\u017e\u00edvajte tie\u017e siln\u00e9 pracie prostriedky a vyh\u00fdbajte sa su\u0161eniu v bubnovej su\u0161i\u010dke.    <\/p>\n\n<h2 class=\"wp-block-heading\">Pre\u010do si vybra\u0165 na\u0161e zdravotn\u00edcke oble\u010denie? Kvalita, testovanie a po\u013esk\u00e1 v\u00fdroba <\/h2>\n\n<p>D\u00f4veru na\u0161ich z\u00e1kazn\u00edkov budujeme na pevn\u00fdch z\u00e1kladoch. Na trhu n\u00e1s odli\u0161uje n\u00e1\u0161 nekompromisn\u00fd pr\u00edstup ku kvalite, ktor\u00fd je zalo\u017een\u00fd na nieko\u013ek\u00fdch pilieroch: <\/p>\n\n<ul class=\"wp-block-list\">\n<li><strong>Po\u013esk\u00e1 v\u00fdroba &#8211; v\u0161etko<\/strong> na\u0161e oble\u010denie sa navrhuje a \u0161ije v Po\u013esku. To n\u00e1m umo\u017e\u0148uje pln\u00fa kontrolu nad ka\u017edou f\u00e1zou v\u00fdroby a pom\u00e1ha n\u00e1m to dba\u0165 aj na tie najmen\u0161ie detaily, <\/li>\n\n\n\n<li><strong>testovan\u00e9 profesion\u00e1lmi &#8211; pred<\/strong> uveden\u00edm novej kolekcie do predaja prech\u00e1dza s\u00e9riou praktick\u00fdch testov. Spolupracujeme s lek\u00e1rmi, zdravotn\u00fdmi sestrami, \u0161tudentmi medic\u00edny a kozmetol\u00f3gmi, ktor\u00fdch n\u00e1zory a n\u00e1vrhy s\u00fa pre n\u00e1s v tvorivom procese k\u013e\u00fa\u010dov\u00e9, <\/li>\n\n\n\n<li><strong>osved\u010den\u00e9 materi\u00e1ly so \u0161pecifick\u00fdmi vlastnos\u0165ami &#8211; pou\u017e\u00edvame<\/strong> len l\u00e1tky od osved\u010den\u00fdch dod\u00e1vate\u013eov, ktor\u00e9 s\u00fa bezpe\u010dn\u00e9 pre poko\u017eku, odoln\u00e9 a poskytuj\u00fa maxim\u00e1lne pohodlie.<\/li>\n<\/ul>\n\n<h2 class=\"wp-block-heading\">Objednajte si zdravotn\u00edcke oble\u010denie v Opole &#8211; r\u00fdchle dodanie a podpora<\/h2>\n\n<p>Objedn\u00e1vanie zdravotn\u00edckych odevov nemus\u00ed by\u0165 zlo\u017eit\u00e9 ani \u010dasovo n\u00e1ro\u010dn\u00e9! Sta\u010d\u00ed nieko\u013eko kliknut\u00ed na v\u00fdber spr\u00e1vneho modelu, ve\u013ekosti a farby &#8211; a o zvy\u0161ok sa postar\u00e1me my. Ku ka\u017edej objedn\u00e1vke pristupujeme individu\u00e1lne a db\u00e1me na to, aby bola doru\u010den\u00e1 r\u00fdchlo a bezpe\u010dne. N\u00e1\u0161 t\u00edm je v\u017edy pripraven\u00fd odpoveda\u0165 na va\u0161e ot\u00e1zky a pom\u00f4c\u0165 v\u00e1m vybra\u0165 najlep\u0161ie rie\u0161enie.   <\/p>\n\n<p>Podporujeme v\u00e1s v ka\u017edej f\u00e1ze n\u00e1kupu &#8211; od prv\u00e9ho kontaktu a poradenstva a\u017e po spracovanie objedn\u00e1vky a popredajn\u00fd servis. V pr\u00edpade ak\u00fdchko\u013evek pochybnost\u00ed sa m\u00f4\u017eete spo\u013eahn\u00fa\u0165 na na\u0161u pomoc a flexibiln\u00fd pr\u00edstup. Pon\u00fakame jasn\u00e9 z\u00e1sady vr\u00e1tenia a v\u00fdmeny tovaru, v\u010faka \u010domu je v\u00e1\u0161 n\u00e1kup \u00faplne bezpe\u010dn\u00fd.  <\/p>\n\n<p>Neodkladajte svoje rozhodnutie zlep\u0161i\u0165 si pohodlie pri pr\u00e1ci. Pozrite si na\u0161u ponuku zdravotn\u00edckeho oble\u010denia, vyberte si v\u00fdrobky pod\u013ea svojich potrieb a objednajte si ich s doru\u010den\u00edm do Opole. Starajte sa o svoj profesion\u00e1lny imid\u017e a pohodlie ka\u017ed\u00fd de\u0148 &#8211; je to invest\u00edcia, ktor\u00e1 sa r\u00fdchlo vr\u00e1ti!  <\/p>\n","protected":false},"excerpt":{"rendered":"<p>V\u00fdber spr\u00e1vneho zdravotn\u00edckeho odevu je d\u00f4le\u017eit\u00fdm rozhodnut\u00edm, ktor\u00e9 ovplyv\u0148uje va\u0161e pohodlie a komfort ka\u017ed\u00fd de\u0148. V Opole je k dispoz\u00edcii nieko\u013eko stacion\u00e1rnych predajn\u00ed &#8211; ale najv\u00e4\u010d\u0161iu slobodu v\u00fdberu a \u00fapln\u00fa kontrolu nad n\u00e1kupom v\u00e1m poskytuje internetov\u00fd obchod. Pon\u00fakame \u0161irok\u00fd sortiment pohodln\u00e9ho oble\u010denia, ktor\u00e9 si m\u00f4\u017eete objedna\u0165 bez toho, aby ste museli opusti\u0165 domov. Ka\u017ed\u00fd v\u00fdrobok [&hellip;]<\/p>\n","protected":false},"author":43705,"featured_media":0,"parent":0,"menu_order":0,"comment_status":"closed","ping_status":"closed","template":"","meta":{"_acf_changed":false,"inline_featured_image":false,"footnotes":""},"class_list":["post-624219","page","type-page","status-publish","hentry"],"acf":[],"_links":{"self":[{"href":"https:\/\/dev.medandbeauty.com\/sk\/wp-json\/wp\/v2\/pages\/624219","targetHints":{"allow":["GET"]}}],"collection":[{"href":"https:\/\/dev.medandbeauty.com\/sk\/wp-json\/wp\/v2\/pages"}],"about":[{"href":"https:\/\/dev.medandbeauty.com\/sk\/wp-json\/wp\/v2\/types\/page"}],"author":[{"embeddable":true,"href":"https:\/\/dev.medandbeauty.com\/sk\/wp-json\/wp\/v2\/users\/43705"}],"replies":[{"embeddable":true,"href":"https:\/\/dev.medandbeauty.com\/sk\/wp-json\/wp\/v2\/comments?post=624219"}],"version-history":[{"count":3,"href":"https:\/\/dev.medandbeauty.com\/sk\/wp-json\/wp\/v2\/pages\/624219\/revisions"}],"predecessor-version":[{"id":624226,"href":"https:\/\/dev.medandbeauty.com\/sk\/wp-json\/wp\/v2\/pages\/624219\/revisions\/624226"}],"wp:attachment":[{"href":"https:\/\/dev.medandbeauty.com\/sk\/wp-json\/wp\/v2\/media?parent=624219"}],"curies":[{"name":"wp","href":"https:\/\/api.w.org\/{rel}","templated":true}]}}