{"id":624205,"date":"2025-11-27T12:40:58","date_gmt":"2025-11-27T11:40:58","guid":{"rendered":"https:\/\/dev.medandbeauty.com\/kozmeticke-zastery-poznan\/"},"modified":"2025-11-27T12:42:04","modified_gmt":"2025-11-27T11:42:04","slug":"kozmeticke-zastery-poznan","status":"publish","type":"page","link":"https:\/\/dev.medandbeauty.com\/sk\/kozmeticke-zastery-poznan\/","title":{"rendered":"Kozmetick\u00e9 z\u00e1stery Pozna\u0148"},"content":{"rendered":"\n<p>V ka\u017edodennom chode sal\u00f3nu nie je d\u00f4le\u017eit\u00e1 len profesionalita, ale aj to, ako sa t\u00edm prezentuje. Imid\u017e zamestnanca ovplyv\u0148uje vn\u00edmanie celej zna\u010dky &#8211; a dobre zvolen\u00e9 oble\u010denie buduje d\u00f4veru a zd\u00f4raz\u0148uje profesionalitu. <strong>Kozmetick\u00e9 z\u00e1stery dostupn\u00e9 v Poznani s\u00fa<\/strong> ponukou pre \u013eud\u00ed, ktor\u00ed chc\u00fa spoji\u0165 pohodlie s estetikou a postara\u0165 sa o svoje pohodlie po\u010das mnoh\u00fdch hod\u00edn pr\u00e1ce. V Med&amp;Beauty sa zameriavame na rie\u0161enia, ktor\u00e9 boli vytvoren\u00e9 tak, aby sp\u013a\u0148ali skuto\u010dn\u00e9 potreby kozmetick\u00e9ho priemyslu.  <\/p>\n\n<p>Na\u0161e v\u00fdrobky sa vyr\u00e1baj\u00fa v Po\u013esku, \u010do n\u00e1m umo\u017e\u0148uje kontrolova\u0165 ka\u017ed\u00fa f\u00e1zu ich v\u00fdroby. Spolupracujeme s odborn\u00edkmi, ktor\u00ed na\u0161e z\u00e1stery testuj\u00fa v ka\u017edodenn\u00fdch podmienkach. V\u010faka tomu vieme, \u017ee pon\u00fakame odevy, ktor\u00e9 dlho funguj\u00fa a vyzeraj\u00fa dobre. Vysokokvalitn\u00e9 materi\u00e1ly, d\u00f4kladn\u00e1 povrchov\u00e1 \u00faprava a \u0161irok\u00e1 \u0161k\u00e1la \u0161t\u00fdlov &#8211; tieto prednosti znamenaj\u00fa, \u017ee si ka\u017ed\u00fd n\u00e1jde nie\u010do pre seba.   <\/p>\n\n<h2 class=\"wp-block-heading\">Kde k\u00fapi\u0165 kozmetick\u00e9 z\u00e1stery v Poznani? Stacion\u00e1rny obchod a online <\/h2>\n\n<p>V\u00fdber miesta n\u00e1kupu pracovn\u00e9ho oble\u010denia je ot\u00e1zkou pohodlia a d\u00f4very k predajcovi. Na\u0161e kozmetick\u00e9 z\u00e1stery si m\u00f4\u017eete k\u00fapi\u0165 v kamennej predajni aj online. T\u00ed, ktor\u00ed uprednost\u0148uj\u00fa osobn\u00fa prehliadku v\u00fdrobku, m\u00f4\u017eu nav\u0161t\u00edvi\u0165 na\u0161e predajn\u00e9 miesto v Poznani a vyu\u017ei\u0165 pomoc poradcu. Pre t\u00fdch, ktor\u00ed ocenia r\u00fdchly n\u00e1kup bez toho, aby museli opusti\u0165 domov, sme pripravili intuit\u00edvny internetov\u00fd obchod.   <\/p>\n\n<p>Objedn\u00e1vky s\u00fa spracovan\u00e9 efekt\u00edvne a v pr\u00edpade potreby umo\u017e\u0148ujeme vr\u00e1tenie alebo v\u00fdmenu v\u00fdrobku. Z\u00e1kazn\u00edci sa m\u00f4\u017eu spo\u013eahn\u00fa\u0165 na podporu v ka\u017edej f\u00e1ze n\u00e1kupu &#8211; od v\u00fdberu modelu a\u017e po dokon\u010denie transakcie. Kozmetick\u00e9 z\u00e1stery s\u00fa k dispoz\u00edcii v oboch predajn\u00fdch kan\u00e1loch, \u010do umo\u017e\u0148uje prisp\u00f4sobi\u0165 sp\u00f4sob n\u00e1kupu va\u0161im preferenci\u00e1m.  <\/p>\n\n<h2 class=\"wp-block-heading\">Ktor\u00e9 kozmetick\u00e9 z\u00e1stery si vybra\u0165? Porovnanie pr\u00e9miov\u00fdch a z\u00e1kladn\u00fdch kolekci\u00ed <\/h2>\n\n<p>V\u00fdber spr\u00e1vneho oble\u010denia do pr\u00e1ce je nielen ot\u00e1zkou pohodlia, ale aj prejavom starostlivosti o svoj imid\u017e. Kozmetick\u00e9 z\u00e1stery so zasielan\u00edm do Poznane s\u00fa k dispoz\u00edcii v dvoch kolekci\u00e1ch, ktor\u00e9 reaguj\u00fa na r\u00f4zne potreby a o\u010dak\u00e1vania. Ka\u017ed\u00e1 z nich bola navrhnut\u00e1 s oh\u013eadom na in\u00e9 priority. V\u010faka tomu si m\u00f4\u017eete vybra\u0165 rie\u0161enie, ktor\u00e9 najlep\u0161ie vyhovuje v\u00e1\u0161mu \u0161t\u00fdlu pr\u00e1ce.   <\/p>\n\n<p>Kolekcia Premium je ur\u010den\u00e1 pre t\u00fdch, ktor\u00ed ocenia pr\u00edrodn\u00e9 tkaniny a elegantn\u00fd vzh\u013ead. Materi\u00e1l je preva\u017ene bavlnen\u00fd, \u010do zaru\u010duje m\u00e4kkos\u0165 a priedu\u0161nos\u0165. Pr\u00eddavok nylonu a lycry zabezpe\u010duje odolnos\u0165 a pru\u017enos\u0165. Z\u00e1stery z tejto l\u00ednie s\u00fa ide\u00e1lne do sal\u00f3nov, kde z\u00e1le\u017e\u00ed na prest\u00ed\u017ei a celodennom pohodl\u00ed.   <\/p>\n\n<p>Z\u00e1kladn\u00e1 kolekcia je vo\u013ebou pre t\u00fdch, ktor\u00ed klad\u00fa d\u00f4raz na praktickos\u0165 a jednoduch\u00fa starostlivos\u0165. V\u010faka kombin\u00e1cii polyesteru, visk\u00f3zy a lycry je tkanina odoln\u00e1 vo\u010di pokr\u010deniu, r\u00fdchloschn\u00faca a nen\u00e1ro\u010dn\u00e1 na \u00fadr\u017ebu. Je rie\u0161en\u00edm pre t\u00fdch, ktor\u00ed h\u013eadaj\u00fa spo\u013eahliv\u00e9 oble\u010denie na n\u00e1ro\u010dn\u00e9 pracovn\u00e9 dni.  <\/p>\n\n<p>Pri v\u00fdbere kozmetick\u00fdch z\u00e1ster z Poznane sa m\u00f4\u017eete spo\u013eahn\u00fa\u0165 na:<\/p>\n\n<ul class=\"wp-block-list\">\n<li>Starostliv\u00e1 povrchov\u00e1 \u00faprava ka\u017ed\u00e9ho modelu,<\/li>\n\n\n\n<li>praktick\u00e9 testy s odborn\u00edkmi,<\/li>\n\n\n\n<li>\u0161irok\u00fd v\u00fdber strihov, ktor\u00e9 sa hodia k r\u00f4znym postav\u00e1m,<\/li>\n\n\n\n<li>pohodln\u00e9 nosenie aj po\u010das dlh\u00fdch hod\u00edn lie\u010dby,<\/li>\n\n\n\n<li>materi\u00e1ly, ktor\u00e9 si dlhodobo zachov\u00e1vaj\u00fa svoje vlastnosti a estetiku.<\/li>\n<\/ul>\n\n<p>Bez oh\u013eadu na to, ktor\u00fa kolekciu si vyberiete, m\u00e1te istotu, \u017ee z\u00edskavate v\u00fdrobok navrhnut\u00fd s oh\u013eadom na skuto\u010dn\u00e9 potreby kozmetick\u00e9ho priemyslu.<\/p>\n\n<h2 class=\"wp-block-heading\">Ako sa stara\u0165 o kozmetick\u00fa z\u00e1steru, aby v\u00e1m vydr\u017eala dlh\u00e9 roky?<\/h2>\n\n<p>Spr\u00e1vna starostlivos\u0165 o pracovn\u00fd odev u\u013eah\u010duje zachovanie jeho vzh\u013eadu a funk\u010dnosti po dlh\u00fa dobu. Pri v\u00fdbere na\u0161ich kozmetick\u00fdch z\u00e1ster by ste mali dodr\u017eiava\u0165 nieko\u013eko proste pravidiel. <\/p>\n\n<p>Odpor\u00fa\u010dame pra\u0165 pri teplote do 40 \u00b0C s podobn\u00fdmi farbami, \u017eehli\u0165 na \u013eavej strane pri teplote do 110 \u00b0C a vyh\u00fdba\u0165 sa siln\u00fdm prac\u00edm prostriedkom a bielidl\u00e1m. Odev nesu\u0161te v bubnovej su\u0161i\u010dke ani ne\u010distite chemicky. Dodr\u017eiavanie t\u00fdchto tipov v\u00e1m umo\u017en\u00ed dlhodobo si u\u017e\u00edva\u0165 vysok\u00fa kvalitu.  <\/p>\n\n<h2 class=\"wp-block-heading\">Dbajte na svoj imid\u017e &#8211; stavte na profesionalitu a pohodlie<\/h2>\n\n<p>Informovan\u00fd v\u00fdber pracovn\u00e9ho oble\u010denia je invest\u00edciou do pohodlia a prest\u00ed\u017ee. Kozmetick\u00e9 z\u00e1stery so zasielan\u00edm do Poznane vynikaj\u00fa v ka\u017edom oh\u013eade. Ide o odevy z po\u013eskej v\u00fdroby, ktor\u00fdch kvalita je kontrolovan\u00e1 v ka\u017edej f\u00e1ze. Tieto odevy sa vyr\u00e1baj\u00fa len z testovan\u00fdch materi\u00e1lov a s\u00fa dostupn\u00e9 v kamenn\u00fdch predajniach a online. Mo\u017enos\u0165 personaliz\u00e1cie v\u00e1m umo\u017en\u00ed odl\u00ed\u0161i\u0165 v\u00e1\u0161 sal\u00f3n na trhu a vybudova\u0165 si uznanie zna\u010dky.    <\/p>\n\n<p>Nev\u00e1hajte n\u00e1s kontaktova\u0165, nav\u0161t\u00edvte n\u00e1\u0161 papiernictvo alebo vyu\u017eite na\u0161u online ponuku. Sme tu, aby sme v\u00e1m pomohli vybra\u0165 to najlep\u0161ie rie\u0161enie pre ka\u017ed\u00e9ho profesion\u00e1la v oblasti kr\u00e1sy. <\/p>\n","protected":false},"excerpt":{"rendered":"<p>V ka\u017edodennom chode sal\u00f3nu nie je d\u00f4le\u017eit\u00e1 len profesionalita, ale aj to, ako sa t\u00edm prezentuje. Imid\u017e zamestnanca ovplyv\u0148uje vn\u00edmanie celej zna\u010dky &#8211; a dobre zvolen\u00e9 oble\u010denie buduje d\u00f4veru a zd\u00f4raz\u0148uje profesionalitu. Kozmetick\u00e9 z\u00e1stery dostupn\u00e9 v Poznani s\u00fa ponukou pre \u013eud\u00ed, ktor\u00ed chc\u00fa spoji\u0165 pohodlie s estetikou a postara\u0165 sa o svoje pohodlie po\u010das mnoh\u00fdch [&hellip;]<\/p>\n","protected":false},"author":43705,"featured_media":0,"parent":0,"menu_order":0,"comment_status":"closed","ping_status":"closed","template":"","meta":{"_acf_changed":false,"inline_featured_image":false,"footnotes":""},"class_list":["post-624205","page","type-page","status-publish","hentry"],"acf":[],"_links":{"self":[{"href":"https:\/\/dev.medandbeauty.com\/sk\/wp-json\/wp\/v2\/pages\/624205","targetHints":{"allow":["GET"]}}],"collection":[{"href":"https:\/\/dev.medandbeauty.com\/sk\/wp-json\/wp\/v2\/pages"}],"about":[{"href":"https:\/\/dev.medandbeauty.com\/sk\/wp-json\/wp\/v2\/types\/page"}],"author":[{"embeddable":true,"href":"https:\/\/dev.medandbeauty.com\/sk\/wp-json\/wp\/v2\/users\/43705"}],"replies":[{"embeddable":true,"href":"https:\/\/dev.medandbeauty.com\/sk\/wp-json\/wp\/v2\/comments?post=624205"}],"version-history":[{"count":1,"href":"https:\/\/dev.medandbeauty.com\/sk\/wp-json\/wp\/v2\/pages\/624205\/revisions"}],"predecessor-version":[{"id":624208,"href":"https:\/\/dev.medandbeauty.com\/sk\/wp-json\/wp\/v2\/pages\/624205\/revisions\/624208"}],"wp:attachment":[{"href":"https:\/\/dev.medandbeauty.com\/sk\/wp-json\/wp\/v2\/media?parent=624205"}],"curies":[{"name":"wp","href":"https:\/\/api.w.org\/{rel}","templated":true}]}}