{"id":624200,"date":"2025-11-27T12:39:19","date_gmt":"2025-11-27T11:39:19","guid":{"rendered":"https:\/\/dev.medandbeauty.com\/zdravotnicke-oblecenie-olsztyn\/"},"modified":"2025-11-27T12:40:54","modified_gmt":"2025-11-27T11:40:54","slug":"zdravotnicke-oblecenie-olsztyn","status":"publish","type":"page","link":"https:\/\/dev.medandbeauty.com\/sk\/zdravotnicke-oblecenie-olsztyn\/","title":{"rendered":"Zdravotn\u00edcke oble\u010denie Olsztyn"},"content":{"rendered":"\n<p>Pri zva\u017eovan\u00ed n\u00e1kupu profesion\u00e1lneho oble\u010denia do pr\u00e1ce ur\u010dite zv\u00e1\u017eite miestne obchody aj online ponuky. Online nakupovanie pon\u00faka pohodlie a pr\u00edstup k ove\u013ea \u0161ir\u0161iemu sortimentu bez toho, aby ste museli opusti\u0165 domov. V na\u0161om online obchode m\u00f4\u017eete jednoducho porovna\u0165 kolekcie, skontrolova\u0165 dostupn\u00e9 farby a ve\u013ekosti a v priebehu nieko\u013ek\u00fdch min\u00fat zada\u0165 objedn\u00e1vku. A \u010do je najd\u00f4le\u017eitej\u0161ie, pon\u00fakame r\u00fdchle a bezprobl\u00e9mov\u00e9 doru\u010denie v celom Olsztyne.   <\/p>\n\n<p>Mo\u017eno m\u00e1te obavy z nakupovania online, najm\u00e4 pokia\u013e ide o ve\u013ekos\u0165. Ke\u010f si v\u0161ak objedn\u00e1te pracovn\u00e9 oble\u010denie z na\u0161ej webovej str\u00e1nky, nemus\u00edte sa ob\u00e1va\u0165 komplik\u00e1ci\u00ed po n\u00e1kupe. Pon\u00fakame v\u00e1m a\u017e 100 dn\u00ed na vr\u00e1tenie tovaru, tak\u017ee si m\u00f4\u017eete k\u00fapi\u0165 svoj vysn\u00edvan\u00fd odev a v pokoji si ho vysk\u00fa\u0161a\u0165. Ak sa vo f\u00e1ze objedn\u00e1vky alebo vr\u00e1tenia tovaru vyskytn\u00fa ak\u00e9ko\u013evek probl\u00e9my, m\u00f4\u017eete sa spo\u013eahn\u00fa\u0165 na n\u00e1\u0161 t\u00edm, ktor\u00fd v\u00e1m r\u00e1d odpovie na v\u0161etky va\u0161e ot\u00e1zky. V\u00fdberom na\u0161ej spolo\u010dnosti vs\u00e1dzate na overen\u00fa zna\u010dku. Na\u0161e <g id=\"gid_0\">zdravotn\u00edcke oble\u010denie, ktor\u00e9 je k dispoz\u00edcii na doru\u010denie do Olsztyna, sa<\/g> vyr\u00e1ba v Po\u013esku. To n\u00e1m umo\u017e\u0148uje pln\u00fa kontrolu nad procesom tvorby a zaru\u010duje najvy\u0161\u0161iu kvalitu spracovania.      <\/p>\n\n<h2 class=\"wp-block-heading\">Ktor\u00e9 zdravotn\u00edcke oble\u010denie si vybra\u0165? Pr\u00e9miov\u00e9 a z\u00e1kladn\u00e9 kolekcie <\/h2>\n\n<p>V\u00fdber spr\u00e1vneho oble\u010denia z\u00e1vis\u00ed od va\u0161ich individu\u00e1lnych preferenci\u00ed, konkr\u00e9tnej pr\u00e1ce a rozpo\u010dtu. Aby sme v\u00e1m u\u013eah\u010dili rozhodovanie, vyvinuli sme dve jedine\u010dn\u00e9 produktov\u00e9 l\u00ednie, ktor\u00e9 vyhovuj\u00fa r\u00f4znym potreb\u00e1m. Ka\u017ed\u00e1 z nich je navrhnut\u00e1 tak, aby poskytovala maxim\u00e1lne pohodlie a profesion\u00e1lny vzh\u013ead po\u010das cel\u00e9ho d\u0148a.  <\/p>\n\n<ul class=\"wp-block-list\">\n<li><strong>Pr\u00e9miov\u00e1 kolekcia &#8211;<\/strong> vytvoren\u00e1 pre najn\u00e1ro\u010dnej\u0161\u00edch profesion\u00e1lov. Oble\u010denie vyroben\u00e9 zo zmesi vysokokvalitnej bavlny, nylonu a lycry poskytuje jedine\u010dn\u00fa priedu\u0161nos\u0165, je mimoriadne pr\u00edjemn\u00e9 na dotyk a odoln\u00e9. V\u010faka pr\u00edrodn\u00fdm vl\u00e1knam tkanina dokonale odv\u00e1dza vlhkos\u0165, \u010do je po\u010das n\u00e1ro\u010dn\u00e9ho pracovn\u00e9ho d\u0148a ve\u013emi d\u00f4le\u017eit\u00e9. Je ide\u00e1lnou vo\u013ebou pre lek\u00e1rov, zub\u00e1rov a estetick\u00fdch lek\u00e1rov, ktor\u00ed oce\u0148uj\u00fa luxus a najvy\u0161\u0161iu kvalitu.   <\/li>\n\n\n\n<li><strong>Z\u00e1kladn\u00e1 kolekcia &#8211;<\/strong> kombin\u00e1cia funk\u010dnosti a atrakt\u00edvnej ceny. V\u010faka zmesi polyesteru, visk\u00f3zy a lycry je oble\u010denie \u013eahk\u00e9, pru\u017en\u00e9 a ve\u013emi \u013eahko sa udr\u017eiava. Materi\u00e1l r\u00fdchlo schne, takmer sa nema\u010dk\u00e1 a je odoln\u00fd vo\u010di \u010dast\u00e9mu praniu pri zachovan\u00ed intenzity farieb. Je ide\u00e1lnym rie\u0161en\u00edm pre zdravotn\u00e9 sestry, o\u0161etrovate\u013eov, fyzioterapeutov a \u0161tudentov, ktor\u00ed potrebuj\u00fa spo\u013eahliv\u00fa a praktick\u00fa uniformu.   <\/li>\n<\/ul>\n\n<h2 class=\"wp-block-heading\">Ako sa star\u00e1te o zdravotn\u00edcke oble\u010denie? Praktick\u00e9 tipy na starostlivos\u0165 <\/h2>\n\n<p>Chcete, aby v\u00e1m uniformy sl\u00fa\u017eili \u010do najdlh\u0161ie a zachovali si svoj ide\u00e1lny vzh\u013ead a vlastnosti? Spr\u00e1vna starostlivos\u0165 je k\u013e\u00fa\u010dom k \u00faspechu. V\u017edy si skontrolujte odpor\u00fa\u010dania na etikete, preto\u017ee r\u00f4zne materi\u00e1ly si vy\u017eaduj\u00fa r\u00f4zne o\u0161etrenie. Oble\u010denie z na\u0161ej pr\u00e9miovej kolekcie je vzh\u013eadom na vysok\u00fd obsah bavlny najlep\u0161ie pra\u0165 pri teplote do 40 \u00b0C, aby sa zabr\u00e1nilo jeho zr\u00e1\u017eaniu a chr\u00e1nili sa jemn\u00e9 vl\u00e1kna.   <\/p>\n\n<p>Oble\u010denie zo z\u00e1kladnej kolekcie je odolnej\u0161ie, ale st\u00e1le ho odpor\u00fa\u010dame pra\u0165 pri podobn\u00fdch teplot\u00e1ch ako pr\u00e9miov\u00fa verziu. Nezabudnite nepou\u017e\u00edva\u0165 siln\u00e9 bielidl\u00e1 a vyhnite sa mechanick\u00e9mu su\u0161eniu, ktor\u00e9 m\u00f4\u017ee oslabi\u0165 pru\u017enos\u0165 tkaniny. Dodr\u017eiavan\u00edm t\u00fdchto jednoduch\u00fdch pravidiel zabezpe\u010d\u00edte, \u017ee va\u0161e zdravotn\u00edcke odevy bud\u00fa ma\u0165 dlh\u00fa \u017eivotnos\u0165 a bezchybn\u00fd vzh\u013ead.  <\/p>\n\n<h2 class=\"wp-block-heading\">Recenzie a sk\u00fasenosti &#8211; \u010do hovoria na\u0161i z\u00e1kazn\u00edci?<\/h2>\n\n<p>Najlep\u0161\u00edm d\u00f4kazom kvality na\u0161ich v\u00fdrobkov je sp\u00e4tn\u00e1 v\u00e4zba od profesion\u00e1lov, ktor\u00ed ich nosia ka\u017ed\u00fd de\u0148. Na\u0161e kolekcie s\u00fa navrhnut\u00e9 v spolupr\u00e1ci s lek\u00e1rskou a kozmetickou komunitou &#8211; lek\u00e1rmi, zdravotn\u00fdmi sestrami, kozmeti\u010dkami a \u0161tudentmi medic\u00edny. Pr\u00e1ve ich sp\u00e4tn\u00e1 v\u00e4zba n\u00e1m pom\u00e1ha vytv\u00e1ra\u0165 odevy, ktor\u00e9 s\u00fa nielen \u0161t\u00fdlov\u00e9, ale predov\u0161etk\u00fdm praktick\u00e9.  <\/p>\n\n<p>Z\u00e1kazn\u00edci oce\u0148uj\u00fa na\u0161e odevy pre ich strihy \u0161it\u00e9 na mieru, ktor\u00e9 neobmedzuj\u00fa v pohybe, a odolnos\u0165 materi\u00e1lov. Vyzna\u010dujeme sa aj \u0161irokou ponukou farieb, ktor\u00e1 v\u00e1m umo\u017en\u00ed vyjadri\u0165 v\u00e1\u0161 individu\u00e1lny \u0161t\u00fdl. T\u00e1to d\u00f4vera je na\u0161ou najv\u00e4\u010d\u0161ou motiv\u00e1ciou k \u010fal\u0161iemu zlep\u0161ovaniu na\u0161ich v\u00fdrobkov.  <\/p>\n\n<h2 class=\"wp-block-heading\">Akcie, novinky a r\u00fdchle dodanie v Olsztyne<\/h2>\n\n<p>Chceme, aby bolo kvalitn\u00e9 zdravotn\u00edcke oble\u010denie dostupn\u00e9 ka\u017ed\u00e9mu profesion\u00e1lovi. Pravidelne pripravujeme atrakt\u00edvne akcie a uv\u00e1dzame nov\u00e9 v\u00fdrobky, ktor\u00e9 reaguj\u00fa na najnov\u0161ie trendy. <\/p>\n\n<p>Ak ste \u0161tudent, ur\u010dite si pozrite n\u00e1\u0161 \u0161peci\u00e1lny z\u013eavov\u00fd program, ktor\u00fd v\u00e1m zaru\u010duje trval\u00fa z\u013eavu na n\u00e1kupy. V\u0161etky objedn\u00e1vky vybavujeme okam\u017eite a pri n\u00e1kupe nad ur\u010dit\u00fa sumu pon\u00fakame bezplatn\u00e9 doru\u010denie priamo k va\u0161im dver\u00e1m v Olsztyne. Zaregistrujte sa k odberu n\u00e1\u0161ho newslettera alebo sledujte na\u0161e profily na soci\u00e1lnych sie\u0165ach, aby v\u00e1m neunikla ani jedna pr\u00edle\u017eitos\u0165!  <\/p>\n\n<h2 class=\"wp-block-heading\">Pre\u010do si vybra\u0165 na\u0161e zdravotn\u00edcke oble\u010denie v Olsztyne?<\/h2>\n\n<p>Va\u0161e pohodlie a profesion\u00e1lny imid\u017e v pr\u00e1ci s\u00fa na\u0161ou prioritou. V\u00fdberom n\u00e1\u0161ho oble\u010denia investujete do po\u013esk\u00e9ho v\u00fdrobku najvy\u0161\u0161ej kvality, ktor\u00fd bol vytvoren\u00fd s oh\u013eadom na va\u0161e ka\u017edodenn\u00e9 potreby. Garantujeme nielen vynikaj\u00face materi\u00e1ly a prec\u00edzne spracovanie, ale aj pohodlie online n\u00e1kupu s r\u00fdchlym doru\u010den\u00edm do Olsztyna. \u010ci u\u017e h\u013ead\u00e1te elegantn\u00fa s\u00fapravu do kancel\u00e1rie alebo robustn\u00fa uniformu do nemocnice, v na\u0161om sortimente n\u00e1jdete ide\u00e1lne rie\u0161enie. Presved\u010dte sa sami a pridajte sa k skupine spokojn\u00fdch profesion\u00e1lov, ktor\u00ed d\u00f4veruj\u00fa na\u0161ej zna\u010dke!    <\/p>\n","protected":false},"excerpt":{"rendered":"<p>Pri zva\u017eovan\u00ed n\u00e1kupu profesion\u00e1lneho oble\u010denia do pr\u00e1ce ur\u010dite zv\u00e1\u017eite miestne obchody aj online ponuky. Online nakupovanie pon\u00faka pohodlie a pr\u00edstup k ove\u013ea \u0161ir\u0161iemu sortimentu bez toho, aby ste museli opusti\u0165 domov. V na\u0161om online obchode m\u00f4\u017eete jednoducho porovna\u0165 kolekcie, skontrolova\u0165 dostupn\u00e9 farby a ve\u013ekosti a v priebehu nieko\u013ek\u00fdch min\u00fat zada\u0165 objedn\u00e1vku. A \u010do je najd\u00f4le\u017eitej\u0161ie, [&hellip;]<\/p>\n","protected":false},"author":43705,"featured_media":0,"parent":0,"menu_order":0,"comment_status":"closed","ping_status":"closed","template":"","meta":{"_acf_changed":false,"inline_featured_image":false,"footnotes":""},"class_list":["post-624200","page","type-page","status-publish","hentry"],"acf":[],"_links":{"self":[{"href":"https:\/\/dev.medandbeauty.com\/sk\/wp-json\/wp\/v2\/pages\/624200","targetHints":{"allow":["GET"]}}],"collection":[{"href":"https:\/\/dev.medandbeauty.com\/sk\/wp-json\/wp\/v2\/pages"}],"about":[{"href":"https:\/\/dev.medandbeauty.com\/sk\/wp-json\/wp\/v2\/types\/page"}],"author":[{"embeddable":true,"href":"https:\/\/dev.medandbeauty.com\/sk\/wp-json\/wp\/v2\/users\/43705"}],"replies":[{"embeddable":true,"href":"https:\/\/dev.medandbeauty.com\/sk\/wp-json\/wp\/v2\/comments?post=624200"}],"version-history":[{"count":1,"href":"https:\/\/dev.medandbeauty.com\/sk\/wp-json\/wp\/v2\/pages\/624200\/revisions"}],"predecessor-version":[{"id":624201,"href":"https:\/\/dev.medandbeauty.com\/sk\/wp-json\/wp\/v2\/pages\/624200\/revisions\/624201"}],"wp:attachment":[{"href":"https:\/\/dev.medandbeauty.com\/sk\/wp-json\/wp\/v2\/media?parent=624200"}],"curies":[{"name":"wp","href":"https:\/\/api.w.org\/{rel}","templated":true}]}}