{"id":624142,"date":"2025-11-27T12:36:47","date_gmt":"2025-11-27T11:36:47","guid":{"rendered":"https:\/\/dev.medandbeauty.com\/zdravotnicke-oblecenie-bydgoszcz\/"},"modified":"2025-11-27T12:38:03","modified_gmt":"2025-11-27T11:38:03","slug":"zdravotnicke-oblecenie-bydgoszcz","status":"publish","type":"page","link":"https:\/\/dev.medandbeauty.com\/sk\/zdravotnicke-oblecenie-bydgoszcz\/","title":{"rendered":"Zdravotn\u00edcke oble\u010denie Bydgoszcz"},"content":{"rendered":"\n<p>Mnoh\u00ed profesion\u00e1li oce\u0148uj\u00fa pohodlie online nakupovania. M\u00f4\u017eete si vybra\u0165 dokonal\u00e9 lek\u00e1rske oble\u010denie bez toho, aby ste museli nav\u0161t\u00edvi\u0165 kamenn\u00fa predaj\u0148u! V na\u0161om internetovom obchode n\u00e1jdete kompletn\u00fd sortiment zdravotn\u00edckeho oble\u010denia, ktor\u00fd sp\u013a\u0148a o\u010dak\u00e1vania aj t\u00fdch najn\u00e1ro\u010dnej\u0161\u00edch z\u00e1kazn\u00edkov. Ka\u017ed\u00fd v\u00fdrobok je podrobne op\u00edsan\u00fd a fotografie odr\u00e1\u017eaj\u00fa skuto\u010dn\u00fd vzh\u013ead a farby odevov. To zaru\u010duje, \u017ee si vyberiete to, \u010do najlep\u0161ie vyhovuje va\u0161im potreb\u00e1m.    <\/p>\n\n<p>Proces objedn\u00e1vky je proste a intuit\u00edvny. Na pridanie vybran\u00fdch produktov do ko\u0161\u00edka a dokon\u010denie n\u00e1kupu sta\u010d\u00ed nieko\u013eko kliknut\u00ed. Pon\u00fakame r\u00fdchle doru\u010denie v oblasti Bydgoszcz &#8211; va\u0161a objedn\u00e1vka doraz\u00ed na va\u0161u adresu do nieko\u013ek\u00fdch pracovn\u00fdch dn\u00ed. Ak m\u00e1te ak\u00e9ko\u013evek ot\u00e1zky t\u00fdkaj\u00face sa ve\u013ekosti, strihu alebo l\u00e1tky, pom\u00f4\u017ee v\u00e1m n\u00e1\u0161 t\u00edm poradcov. Radi rozpt\u00fdlime v\u0161etky pochybnosti a pom\u00f4\u017eeme v\u00e1m vybra\u0165 najlep\u0161ie rie\u0161enie.    <\/p>\n\n<p>Nakupovanie online pon\u00faka bezpe\u010dnos\u0165 a flexibilitu. Oble\u010denie si m\u00f4\u017eete pokojne vysk\u00fa\u0161a\u0165 doma, a ak v\u00e1m nie\u010do nesed\u00ed &#8211; m\u00e1te a\u017e 100 dn\u00ed na jeho vr\u00e1tenie. Je to komfort, ktor\u00fd si zasl\u00fa\u017eite pri v\u00fdbere zdravotn\u00edckeho<strong> oble\u010denia s doru\u010den\u00edm do Bydho\u0161ti.<\/strong>  <\/p>\n\n<h2 class=\"wp-block-heading\">Pr\u00e9miov\u00e9 a z\u00e1kladn\u00e9 kolekcie &#8211; ak\u00fd je medzi nimi rozdiel a ktor\u00fa si vybra\u0165?<\/h2>\n\n<p>Vieme, \u017ee r\u00f4zne \u00falohy si vy\u017eaduj\u00fa r\u00f4zne rie\u0161enia. Z tohto d\u00f4vodu n\u00e1\u0161 sortiment zah\u0155\u0148a dve jedine\u010dn\u00e9 produktov\u00e9 l\u00ednie: <\/p>\n\n<ul class=\"wp-block-list\">\n<li><strong>pr\u00e9miov\u00e1 kolekcia &#8211; je<\/strong> ako oblek \u0161it\u00fd na mieru pre lek\u00e1rsky svet. Oble\u010denie je vytvoren\u00e9 z luxusnej zmesi bavlny, nylonu a lycry a poskytuje jedine\u010dn\u00fa m\u00e4kkos\u0165, priedu\u0161nos\u0165 a pru\u017enos\u0165. Je to ide\u00e1lna vo\u013eba pre t\u00fdch, ktor\u00ed chc\u00fa maxim\u00e1lne pohodlie a elegantn\u00fd vzh\u013ead po\u010das cel\u00e9ho d\u0148a.  <\/li>\n\n\n\n<li><strong>z\u00e1kladn\u00e1 kolekcia &#8211;<\/strong> ide\u00e1lna <strong>kombin\u00e1cia<\/strong> odolnosti a funk\u010dnosti. Materi\u00e1l na b\u00e1ze polyesteru, visk\u00f3zy a lycry je mimoriadne odoln\u00fd, nema\u010dkav\u00fd a \u013eahko sa udr\u017eiava. Je ide\u00e1lnou vo\u013ebou pre t\u00fdch, ktor\u00ed ocenia praktick\u00e9 rie\u0161enia a \u017eiariv\u00e9 farby, ktor\u00e9 vydr\u017eia mnoho pran\u00ed.  <\/li>\n<\/ul>\n\n<p>Nie ste si ist\u00ed, ktor\u00e1 kolekcia v\u00e1m bude lep\u0161ie vyhovova\u0165? Zamyslite sa nad svoj\u00edm pracovn\u00fdm d\u0148om. Ak si cen\u00edte predov\u0161etk\u00fdm pr\u00edrodn\u00e9 materi\u00e1ly a pocit &#8222;druhej ko\u017ee&#8220;, vyberte si pr\u00e9miov\u00e9 oble\u010denie. Ak je va\u0161ou prioritou odolnos\u0165 a minim\u00e1lna starostlivos\u0165, z\u00e1kladn\u00e1 kolekcia bude hitom.   <\/p>\n\n<h2 class=\"wp-block-heading\">Ako sa star\u00e1te o lek\u00e1rske odevy, aby vydr\u017eali roky?<\/h2>\n\n<p>Chceme, aby va\u0161e lek\u00e1rske odevy vyzerali bezchybne \u010do najdlh\u0161ie. Na\u0161e materi\u00e1ly sa vyzna\u010duj\u00fa vysokou kvalitou, ale bez n\u00e1le\u017eitej starostlivosti nevydr\u017eia dlho v dobrom stave. Pam\u00e4tajte na nieko\u013eko proste pravidiel:  <\/p>\n\n<ul class=\"wp-block-list\">\n<li><strong>Pranie &#8211; perte pri<\/strong> teplote do 40 \u00b0C, najlep\u0161ie na \u013eavej strane, aby ste chr\u00e1nili farbu a \u0161trukt\u00faru tkaniny,<\/li>\n\n\n\n<li><strong>Bielenie &#8211; nepou\u017e\u00edvajte<\/strong> bielidl\u00e1 a siln\u00e9 odstra\u0148ova\u010de \u0161kv\u0155n, ktor\u00e9 m\u00f4\u017eu vl\u00e1kna po\u0161kodi\u0165,<\/li>\n\n\n\n<li><strong>Su\u0161enie &#8211; nesu\u0161te<\/strong> oble\u010denie v bubnovej su\u0161i\u010dke. Nechajte ich schn\u00fa\u0165 prirodzene, <\/li>\n\n\n\n<li><strong>\u017dehlenie &#8211; \u017eehlite na<\/strong> \u013eavej strane pri n\u00edzkej teplote.<\/li>\n<\/ul>\n\n<p>V\u010faka modern\u00fdm prac\u00edm prostriedkom sta\u010d\u00ed pranie pri 40 \u00b0C na zachovanie hygieny a z\u00e1rove\u0148 pred\u013a\u017eenie \u017eivotnosti va\u0161ich \u0161atiek.<\/p>\n\n<h2 class=\"wp-block-heading\">Po\u013esk\u00e1 v\u00fdroba a testy s profesion\u00e1lmi &#8211; z\u00e1ruka kvality<\/h2>\n\n<p>Z\u00e1kladom je d\u00f4vera &#8211; preto s\u00fa v\u0161etky na\u0161e odevy navrhnut\u00e9 a u\u0161it\u00e9 v Po\u013esku. V\u010faka tomu m\u00e1me pln\u00fa kontrolu nad ka\u017edou f\u00e1zou v\u00fdroby &#8211; od v\u00fdberu l\u00e1tok a\u017e po posledn\u00fd \u0161ev. <\/p>\n\n<p>Predt\u00fdm, ako sa model dostane do predaja, prejde pr\u00edsnymi praktick\u00fdmi sk\u00fa\u0161kami s lek\u00e1rmi, zdravotn\u00fdmi sestrami, kozmeti\u010dkami a \u0161tudentmi medic\u00edny. Po\u010d\u00favame ich pripomienky, aby na\u0161e odevy boli nielen pekn\u00e9, ale predov\u0161etk\u00fdm funk\u010dn\u00e9 a prisp\u00f4soben\u00e9 pracovnej realite. <\/p>\n\n<h2 class=\"wp-block-heading\">Znovu objavte pohodlie pri pr\u00e1ci &#8211; vyberte si zdravotn\u00edcke oble\u010denie prisp\u00f4soben\u00e9 va\u0161im potreb\u00e1m<\/h2>\n\n<p>V\u00fdber spr\u00e1vneho lek\u00e1rskeho oble\u010denia je invest\u00edciou do v\u00e1\u0161ho pohodlia a profesion\u00e1lneho imid\u017eu. N\u00e1\u0161 sortiment kombinuje vysokokvalitn\u00e9 materi\u00e1ly, modern\u00fd dizajn a praktick\u00e9 rie\u0161enia, ktor\u00e9 v\u00e1m bud\u00fa denne sl\u00fa\u017ei\u0165. Ka\u017ed\u00fd kus v kolekcii bol testovan\u00fd odborn\u00edkmi v lek\u00e1rskom a kozmetickom priemysle. To v\u00e1m d\u00e1va istotu, \u017ee siahate po overen\u00fdch v\u00fdrobkoch.   <\/p>\n\n<p>Ke\u010f si u n\u00e1s objedn\u00e1te, z\u00edskate nielen \u0161irok\u00fd v\u00fdber a r\u00fdchle doru\u010denie do Bydho\u0161ti, ale aj odborn\u00fa podporu v ka\u017edej f\u00e1ze nakupovania. Ak m\u00e1te ot\u00e1zky alebo potrebujete poradi\u0165, sme tu pre v\u00e1s. Zistite, ak\u00e9 pohodln\u00e9 a \u0161t\u00fdlov\u00e9 m\u00f4\u017ee by\u0165 zdravotn\u00edcke oble\u010denie &#8211; objednajte si ho e\u0161te dnes!  <\/p>\n","protected":false},"excerpt":{"rendered":"<p>Mnoh\u00ed profesion\u00e1li oce\u0148uj\u00fa pohodlie online nakupovania. M\u00f4\u017eete si vybra\u0165 dokonal\u00e9 lek\u00e1rske oble\u010denie bez toho, aby ste museli nav\u0161t\u00edvi\u0165 kamenn\u00fa predaj\u0148u! V na\u0161om internetovom obchode n\u00e1jdete kompletn\u00fd sortiment zdravotn\u00edckeho oble\u010denia, ktor\u00fd sp\u013a\u0148a o\u010dak\u00e1vania aj t\u00fdch najn\u00e1ro\u010dnej\u0161\u00edch z\u00e1kazn\u00edkov. Ka\u017ed\u00fd v\u00fdrobok je podrobne op\u00edsan\u00fd a fotografie odr\u00e1\u017eaj\u00fa skuto\u010dn\u00fd vzh\u013ead a farby odevov. To zaru\u010duje, \u017ee si vyberiete to, [&hellip;]<\/p>\n","protected":false},"author":43705,"featured_media":0,"parent":0,"menu_order":0,"comment_status":"closed","ping_status":"closed","template":"","meta":{"_acf_changed":false,"inline_featured_image":false,"footnotes":""},"class_list":["post-624142","page","type-page","status-publish","hentry"],"acf":[],"_links":{"self":[{"href":"https:\/\/dev.medandbeauty.com\/sk\/wp-json\/wp\/v2\/pages\/624142","targetHints":{"allow":["GET"]}}],"collection":[{"href":"https:\/\/dev.medandbeauty.com\/sk\/wp-json\/wp\/v2\/pages"}],"about":[{"href":"https:\/\/dev.medandbeauty.com\/sk\/wp-json\/wp\/v2\/types\/page"}],"author":[{"embeddable":true,"href":"https:\/\/dev.medandbeauty.com\/sk\/wp-json\/wp\/v2\/users\/43705"}],"replies":[{"embeddable":true,"href":"https:\/\/dev.medandbeauty.com\/sk\/wp-json\/wp\/v2\/comments?post=624142"}],"version-history":[{"count":1,"href":"https:\/\/dev.medandbeauty.com\/sk\/wp-json\/wp\/v2\/pages\/624142\/revisions"}],"predecessor-version":[{"id":624144,"href":"https:\/\/dev.medandbeauty.com\/sk\/wp-json\/wp\/v2\/pages\/624142\/revisions\/624144"}],"wp:attachment":[{"href":"https:\/\/dev.medandbeauty.com\/sk\/wp-json\/wp\/v2\/media?parent=624142"}],"curies":[{"name":"wp","href":"https:\/\/api.w.org\/{rel}","templated":true}]}}