{"id":624065,"date":"2025-11-27T12:26:45","date_gmt":"2025-11-27T11:26:45","guid":{"rendered":"https:\/\/dev.medandbeauty.com\/lokality-medbeauty\/"},"modified":"2026-02-03T09:10:24","modified_gmt":"2026-02-03T08:10:24","slug":"lokality-medbeauty","status":"publish","type":"page","link":"https:\/\/dev.medandbeauty.com\/sk\/lokality-medbeauty\/","title":{"rendered":"Lokality Med&amp;Beauty"},"content":{"rendered":"\n<p>H\u013ead\u00e1te kvalitn\u00e9 zdravotn\u00edcke oble\u010denie vo va\u0161om meste? \u010ci u\u017e m\u00e1te z\u00e1ujem o zdravotn\u00edcke oble\u010denie z <strong>Vroclavu,<\/strong> zdravotn\u00edcke oble\u010denie z <strong>Krakova, zdravotn\u00edcke<\/strong> oble\u010denie z <strong>Var\u0161avy, Poznane,<\/strong> <strong>Gdanska alebo<\/strong> <strong>in\u00e9ho mesta<\/strong> v Po\u013esku &#8211; v Med&amp;Beauty si m\u00f4\u017eete pohodlne k\u00fapi\u0165 profesion\u00e1lne zdravotn\u00edcke oble\u010denie online s doru\u010den\u00edm po celej krajine. <\/p>\n\n<p>N\u00e1\u0161 sortiment je ur\u010den\u00fd lek\u00e1rom, zdravotn\u00fdm sestr\u00e1m, kozmetikom, fyzioterapeutom a v\u0161etk\u00fdm zdravotn\u00edckym a kozmetick\u00fdm pracovn\u00edkom, ktor\u00ed ocenia modern\u00fd dizajn, pohodlie pri nosen\u00ed a vysok\u00fa kvalitu spracovania. V\u010faka online predaju zabezpe\u010dujeme pr\u00edstup ku kompletn\u00e9mu sortimentu bez oh\u013eadu na lokalitu &#8211; vo ve\u013ek\u00fdch mest\u00e1ch aj v men\u0161\u00edch obciach. <\/p>\n\n<p><a href=\"https:\/\/dev.medandbeauty.com\/sk\/zdravotnicke-oblecenie-varsava-2\/\" data-type=\"link\" data-id=\"https:\/\/dev.medandbeauty.com\/odziez-medyczna-poznan-2\/\">Zdravotn\u00edcke oble\u010denie Pozna\u0148<\/a><\/p>\n\n<p><a href=\"https:\/\/dev.medandbeauty.com\/sk\/kozmeticke-zastery-poznan\/\">Kozmetick\u00e9 z\u00e1stery Pozna\u0148<\/a><\/p>\n\n<p><a href=\"https:\/\/dev.medandbeauty.com\/sk\/lekarske-zastery-poznan\/\">Lek\u00e1rske z\u00e1stery Pozna\u0148<\/a><\/p>\n\n<p><a href=\"https:\/\/dev.medandbeauty.com\/sk\/laboratorna-suprava-poznan\/\">Laborat\u00f3rna s\u00faprava Pozna\u0148<\/a><\/p>\n\n<p><a href=\"https:\/\/dev.medandbeauty.com\/sk\/laboratorna-zastera-poznan\/\">Laborat\u00f3rna z\u00e1stera Pozna\u0148<\/a><\/p>\n\n<p><a href=\"https:\/\/dev.medandbeauty.com\/sk\/zdravotnicke-oblecenie-varsava-3\/\">Zdravotn\u00edcke oble\u010denie Szczecin<\/a><\/p>\n\n<p><a href=\"https:\/\/dev.medandbeauty.com\/sk\/zdravotnicke-oblecenie-varsava-4\/\">Zdravotn\u00edcke oble\u010denie Vroclav<\/a><\/p>\n\n<p><a href=\"https:\/\/dev.medandbeauty.com\/sk\/laboratorna-zastera-wroclaw\/\">Laborat\u00f3rna z\u00e1stera Wroc\u0142aw<\/a><\/p>\n\n<p><a href=\"https:\/\/dev.medandbeauty.com\/sk\/laboratorna-zastera-varsava\/\">Laborat\u00f3rna z\u00e1stera Var\u0161ava<\/a><\/p>\n\n<p><a href=\"https:\/\/dev.medandbeauty.com\/sk\/zdravotnicke-oblecenie-bydgoszcz\/\">Zdravotn\u00edcke oble\u010denie Bydgoszcz<\/a><\/p>\n\n<p><a href=\"https:\/\/dev.medandbeauty.com\/sk\/zdravotnicke-oblecenie-bialystok\/\">Zdravotn\u00edcke oble\u010denie Bialystok<\/a><\/p>\n\n<p><a href=\"https:\/\/dev.medandbeauty.com\/sk\/zdravotnicke-oblecenie-torun\/\">Zdravotn\u00edcke oble\u010denie Toru\u0148<\/a><\/p>\n\n<p><a href=\"https:\/\/dev.medandbeauty.com\/sk\/zdravotnicke-oblecenie-olsztyn\/\">Zdravotn\u00edcke oble\u010denie Olsztyn<\/a><\/p>\n\n<p><a href=\"https:\/\/dev.medandbeauty.com\/sk\/zdravotnicke-oblecenie-opole\/\">Zdravotn\u00edcke oble\u010denie Opole<\/a><\/p>\n\n<p><a href=\"https:\/\/dev.medandbeauty.com\/sk\/laboratorna-zastera-gliwice\/\">Laborat\u00f3rna z\u00e1stera Gliwice<\/a> <\/p>\n\n<p><a href=\"https:\/\/dev.medandbeauty.com\/sk\/laboratorna-zastera-gdynia\/\">Laborat\u00f3rna z\u00e1stera Gdynia<\/a><\/p>\n\n<p><a href=\"https:\/\/dev.medandbeauty.com\/sk\/zdravotnicka-obuv-lublin-najdite-perfektnu-obuv-pre-profesionalov\/\">Zdravotn\u00edcka obuv Lublin<\/a><\/p>\n\n<p><a href=\"https:\/\/dev.medandbeauty.com\/sk\/zdravotnicka-obuv-wroclaw\/\">Zdravotn\u00edcka obuv Wroc\u0142aw  <\/a><\/p>\n\n<p><a href=\"https:\/\/dev.medandbeauty.com\/sk\/zdravotnicka-obuv-krakov\/\">Zdravotn\u00edcka obuv Krakov<\/a><\/p>\n\n<p><\/p>\n","protected":false},"excerpt":{"rendered":"<p>H\u013ead\u00e1te kvalitn\u00e9 zdravotn\u00edcke oble\u010denie vo va\u0161om meste? \u010ci u\u017e m\u00e1te z\u00e1ujem o zdravotn\u00edcke oble\u010denie z Vroclavu, zdravotn\u00edcke oble\u010denie z Krakova, zdravotn\u00edcke oble\u010denie z Var\u0161avy, Poznane, Gdanska alebo in\u00e9ho mesta v Po\u013esku &#8211; v Med&amp;Beauty si m\u00f4\u017eete pohodlne k\u00fapi\u0165 profesion\u00e1lne zdravotn\u00edcke oble\u010denie online s doru\u010den\u00edm po celej krajine. N\u00e1\u0161 sortiment je ur\u010den\u00fd lek\u00e1rom, zdravotn\u00fdm sestr\u00e1m, kozmetikom, [&hellip;]<\/p>\n","protected":false},"author":43705,"featured_media":0,"parent":0,"menu_order":0,"comment_status":"closed","ping_status":"closed","template":"","meta":{"_acf_changed":false,"inline_featured_image":false,"footnotes":""},"class_list":["post-624065","page","type-page","status-publish","hentry"],"acf":[],"_links":{"self":[{"href":"https:\/\/dev.medandbeauty.com\/sk\/wp-json\/wp\/v2\/pages\/624065","targetHints":{"allow":["GET"]}}],"collection":[{"href":"https:\/\/dev.medandbeauty.com\/sk\/wp-json\/wp\/v2\/pages"}],"about":[{"href":"https:\/\/dev.medandbeauty.com\/sk\/wp-json\/wp\/v2\/types\/page"}],"author":[{"embeddable":true,"href":"https:\/\/dev.medandbeauty.com\/sk\/wp-json\/wp\/v2\/users\/43705"}],"replies":[{"embeddable":true,"href":"https:\/\/dev.medandbeauty.com\/sk\/wp-json\/wp\/v2\/comments?post=624065"}],"version-history":[{"count":4,"href":"https:\/\/dev.medandbeauty.com\/sk\/wp-json\/wp\/v2\/pages\/624065\/revisions"}],"predecessor-version":[{"id":681448,"href":"https:\/\/dev.medandbeauty.com\/sk\/wp-json\/wp\/v2\/pages\/624065\/revisions\/681448"}],"wp:attachment":[{"href":"https:\/\/dev.medandbeauty.com\/sk\/wp-json\/wp\/v2\/media?parent=624065"}],"curies":[{"name":"wp","href":"https:\/\/api.w.org\/{rel}","templated":true}]}}