{"id":521524,"date":"2025-11-27T12:32:24","date_gmt":"2025-11-27T11:32:24","guid":{"rendered":"https:\/\/dev.medandbeauty.com\/?page_id=521524"},"modified":"2025-11-27T12:34:12","modified_gmt":"2025-11-27T11:34:12","slug":"zdravotnicke-oblecenie-varsava-2","status":"publish","type":"page","link":"https:\/\/dev.medandbeauty.com\/sk\/zdravotnicke-oblecenie-varsava-2\/","title":{"rendered":"Zdravotn\u00edcke oble\u010denie Pozna\u0148"},"content":{"rendered":"\n<p>Udr\u017eanie plnej koncentr\u00e1cie po\u010das mnoh\u00fdch hod\u00edn z\u00e1vis\u00ed nielen od pracovn\u00fdch podmienok, ale aj od toho, \u010do m\u00e1te oble\u010den\u00e9. Materi\u00e1l, ktor\u00fd nesp\u00f4sobuje nepohodlie, m\u00f4\u017ee \u00fa\u010dinne zmierni\u0165 z\u00e1\u0165a\u017e v\u00e1\u0161ho tela po\u010das n\u00e1ro\u010dn\u00e9ho d\u0148a. V na\u0161ich kolekci\u00e1ch s\u00fa k dispoz\u00edcii dve \u00farovne komfortu &#8211; z\u00e1kladn\u00e1 a pr\u00e9miov\u00e1 verzia. Ka\u017ed\u00e1 z nich bola pripraven\u00e1 s oh\u013eadom na r\u00f4zne potreby.   <\/p>\n\n<p>Modely v z\u00e1kladnej kolekcii s\u00fa vytvoren\u00e9 z tkaniny, ktor\u00e1 kombinuje odolnos\u0165 s pru\u017enos\u0165ou. Ich zlo\u017eenie je zalo\u017een\u00e9 na syntetick\u00fdch vl\u00e1knach a visk\u00f3ze. T\u00e1to kombin\u00e1cia umo\u017e\u0148uje zachova\u0165 \u0161trukt\u00faru tkaniny a z\u00e1rove\u0148 zaru\u010duje \u013eahkos\u0165 a pohodlie. Kolekcia Premium je n\u00e1vrh, ktor\u00fd je zalo\u017een\u00fd na pr\u00edrodnej bavlne s pr\u00eddavkom technick\u00fdch vl\u00e1kien. V\u010faka tomu je tkanina m\u00e4kk\u00e1, pru\u017en\u00e1 a menej n\u00e1chyln\u00e1 na pokr\u010denie. Obe verzie boli vyvinut\u00e9 ako reakcia na potreby \u013eud\u00ed, ktor\u00ed tr\u00e1via ve\u013ea hod\u00edn v pohybe, \u010dasto v meniacich sa podmienkach. <strong>Zdravotn\u00edcke oble\u010denie dostupn\u00e9 s dopravou do Poznane bolo<\/strong> vytvoren\u00e9 tak, aby v\u00e1s podporilo v ak\u00fdchko\u013evek podmienkach.     <\/p>\n\n<h2 class=\"wp-block-heading\">Lek\u00e1rske oble\u010denie z Poznane sa vyzna\u010duje rafinovan\u00fdmi strihmi, ktor\u00e9 zd\u00f4raznia va\u0161u profesionalitu.<\/h2>\n\n<p>\u010cist\u00fd a estetick\u00fd vzh\u013ead \u010dasto sved\u010d\u00ed o va\u0161om pr\u00edstupe k pr\u00e1ci. Profesion\u00e1lne oble\u010denie pom\u00e1ha vzbudi\u0165 d\u00f4veru u pacientov alebo klientov &#8211; a to e\u0161te predt\u00fdm, ako sa za\u010dne rozhovor. Pri pr\u00e1ci, kde je oble\u010denie vystaven\u00e9 p\u00f4sobeniu pr\u00edpravkov, vody alebo zariaden\u00ed, je d\u00f4le\u017eit\u00e1 nielen odolnos\u0165, ale aj funk\u010dnos\u0165. V\u0161etky modely dostupn\u00e9 v na\u0161om online obchode s\u00fa navrhnut\u00e9 tak, aby vyzerali dobre aj po mnoh\u00fdch hodin\u00e1ch.   <\/p>\n\n<p>Materi\u00e1l sa nema\u010dk\u00e1 a nevy\u017eaduje si zd\u013ahav\u00e9 \u017eehlenie. \u00dadr\u017eba je proste, preto\u017ee oble\u010denie pri pran\u00ed nestr\u00e1ca svoj tvar a dlho si zachov\u00e1va svoje farby. Strihy sa prisp\u00f4sobia r\u00f4znym siluet\u00e1m, tak\u017ee ich nie je potrebn\u00e9 upravova\u0165 po\u010das pohybu. To je d\u00f4le\u017eit\u00e9 pre t\u00fdch, ktor\u00ed pracuj\u00fa v kozmetike, rehabilit\u00e1cii alebo o\u0161etrovate\u013estve, kde s\u00fa dynamick\u00e9 zmeny polohy ka\u017edodennou z\u00e1le\u017eitos\u0165ou. Zdravotn\u00edcke odevy dostupn\u00e9 v Poznani sp\u00e1jaj\u00fa estetiku s praktick\u00fdm pr\u00edstupom ku ka\u017edodenn\u00fdm povinnostiam.    <\/p>\n\n<h2 class=\"wp-block-heading\">Lok\u00e1lna v\u00fdroba, ktorej m\u00f4\u017eete d\u00f4verova\u0165 &#8211; zdravotn\u00edcke oble\u010denie vyroben\u00e9 v Po\u013esku Pozna\u0148<\/h2>\n\n<p>V\u00fdberom lok\u00e1lne vyr\u00e1ban\u00fdch odevov podporujete kvalitn\u00e9 remeseln\u00e9 spracovanie a transparentn\u00fd tvoriv\u00fd proces. Ka\u017ed\u00fd krok pri \u0161it\u00ed zdravotn\u00edckych odevov dostupn\u00fdch v Poznani &#8211; od kon\u0161trukcie strihu a\u017e po starostliv\u00e9 dokon\u010denie &#8211; prebieha pod na\u0161\u00edm doh\u013eadom. To n\u00e1m umo\u017e\u0148uje zabezpe\u010di\u0165 kvalitu a konzistentnos\u0165 spracovania v ka\u017edej kolekcii.  <\/p>\n\n<p>\u0160vy s\u00fa pevn\u00e9 a povrchov\u00e1 \u00faprava je starostlivo prepracovan\u00e1. Materi\u00e1ly s\u00fa starostlivo vybran\u00e9 na dlhodob\u00e9 a intenz\u00edvne pou\u017e\u00edvanie. Ka\u017ed\u00fd kus prech\u00e1dza kontrolou kvality. T\u00fdm sa zabezpe\u010d\u00ed, \u017ee sa odev po nieko\u013ek\u00fdch praniach nevy\u0165ah\u00e1 ani nestrat\u00ed svoj tvar. \u0160itie sa vykon\u00e1va v osved\u010den\u00fdch \u0161ijac\u00edch diel\u0148ach, s ktor\u00fdmi spolupracujeme u\u017e roky.    <\/p>\n\n<h2 class=\"wp-block-heading\">Zdravotn\u00edcke oble\u010denie Pozna\u0148 &#8211; vyberte si farby, ktor\u00e9 vyhovuj\u00fa v\u00e1\u0161mu \u0161t\u00fdlu a pracovn\u00e9mu prostrediu<\/h2>\n\n<p>Jednotn\u00e1 farebn\u00e1 sch\u00e9ma pom\u00e1ha vytvori\u0165 na pracovisku pocit poriadku a estetiky. Spr\u00e1vny odtie\u0148 oble\u010denia m\u00f4\u017ee zlep\u0161i\u0165 atmosf\u00e9ru kancel\u00e1rie a ovplyvni\u0165 vn\u00edmanie cel\u00e9ho t\u00edmu. Farebn\u00e1 paleta, ktor\u00fa pon\u00fakame, bola vytvoren\u00e1 s oh\u013eadom na r\u00f4zne profesion\u00e1lne priestory. Oble\u010denie v tlmen\u00fdch farb\u00e1ch bude dobre fungova\u0165 vo form\u00e1lnej\u0161om prostred\u00ed. Oble\u010denie vo v\u00fdraznej\u0161\u00edch farb\u00e1ch naopak pri\u0165ahuje pozornos\u0165, tak\u017ee je ide\u00e1lne napr\u00edklad na pediatrick\u00e9 oddelenia.    <\/p>\n\n<p>Ka\u017ed\u00fd kus oble\u010denia je k dispoz\u00edcii v r\u00f4znych odtie\u0148och, ktor\u00e9 zodpovedaj\u00fa identite zna\u010dky alebo va\u0161im vlastn\u00fdm preferenci\u00e1m. Tkaniny nestr\u00e1caj\u00fa farbu pri pran\u00ed, nevybledn\u00fa pri p\u00f4soben\u00ed svetla a zachov\u00e1vaj\u00fa si svoju h\u013abku aj po mnoh\u00fdch prac\u00edch cykloch. Na\u0161e zdravotn\u00edcke odevy dostupn\u00e9 v Poznani sp\u00e1jaj\u00fa praktickos\u0165 s estetikou, aby vyhovovali va\u0161ej profesii a ka\u017edodenn\u00e9mu prostrediu. Chcete sa v pr\u00e1ci c\u00edti\u0165 dobre a vyzera\u0165 profesion\u00e1lne? Je to mo\u017en\u00e9, ak si vyberiete osved\u010den\u00e9 oble\u010denie. Pozrite si na\u0161u kolekciu a poc\u00edtite rozdiel od prv\u00e9ho d\u0148a!     <\/p>\n","protected":false},"excerpt":{"rendered":"<p>Udr\u017eanie plnej koncentr\u00e1cie po\u010das mnoh\u00fdch hod\u00edn z\u00e1vis\u00ed nielen od pracovn\u00fdch podmienok, ale aj od toho, \u010do m\u00e1te oble\u010den\u00e9. Materi\u00e1l, ktor\u00fd nesp\u00f4sobuje nepohodlie, m\u00f4\u017ee \u00fa\u010dinne zmierni\u0165 z\u00e1\u0165a\u017e v\u00e1\u0161ho tela po\u010das n\u00e1ro\u010dn\u00e9ho d\u0148a. V na\u0161ich kolekci\u00e1ch s\u00fa k dispoz\u00edcii dve \u00farovne komfortu &#8211; z\u00e1kladn\u00e1 a pr\u00e9miov\u00e1 verzia. Ka\u017ed\u00e1 z nich bola pripraven\u00e1 s oh\u013eadom na r\u00f4zne potreby. [&hellip;]<\/p>\n","protected":false},"author":43705,"featured_media":0,"parent":0,"menu_order":0,"comment_status":"closed","ping_status":"closed","template":"page.php","meta":{"_acf_changed":false,"inline_featured_image":false,"footnotes":""},"class_list":["post-521524","page","type-page","status-publish","hentry"],"acf":[],"_links":{"self":[{"href":"https:\/\/dev.medandbeauty.com\/sk\/wp-json\/wp\/v2\/pages\/521524","targetHints":{"allow":["GET"]}}],"collection":[{"href":"https:\/\/dev.medandbeauty.com\/sk\/wp-json\/wp\/v2\/pages"}],"about":[{"href":"https:\/\/dev.medandbeauty.com\/sk\/wp-json\/wp\/v2\/types\/page"}],"author":[{"embeddable":true,"href":"https:\/\/dev.medandbeauty.com\/sk\/wp-json\/wp\/v2\/users\/43705"}],"replies":[{"embeddable":true,"href":"https:\/\/dev.medandbeauty.com\/sk\/wp-json\/wp\/v2\/comments?post=521524"}],"version-history":[{"count":3,"href":"https:\/\/dev.medandbeauty.com\/sk\/wp-json\/wp\/v2\/pages\/521524\/revisions"}],"predecessor-version":[{"id":624103,"href":"https:\/\/dev.medandbeauty.com\/sk\/wp-json\/wp\/v2\/pages\/521524\/revisions\/624103"}],"wp:attachment":[{"href":"https:\/\/dev.medandbeauty.com\/sk\/wp-json\/wp\/v2\/media?parent=521524"}],"curies":[{"name":"wp","href":"https:\/\/api.w.org\/{rel}","templated":true}]}}