{"id":356867,"date":"2023-09-06T12:22:34","date_gmt":"2023-09-06T10:22:34","guid":{"rendered":"https:\/\/dev.medandbeauty.com\/zasady-ochrany-osobnych-udajov\/"},"modified":"2025-05-28T13:19:44","modified_gmt":"2025-05-28T11:19:44","slug":"zasady-ochrany-osobnych-udajov","status":"publish","type":"page","link":"https:\/\/dev.medandbeauty.com\/sk\/zasady-ochrany-osobnych-udajov\/","title":{"rendered":"Z\u00e1sady ochrany osobn\u00fdch \u00fadajov"},"content":{"rendered":"<p>Obsah<br \/>&#8211; I. Spr\u00e1vca osobn\u00fdch \u00fadajov<br \/>&#8211; II. Rozsah p\u00f4sobnosti obchodn\u00fdch podmienok, identifika\u010dn\u00e9 \u00fadaje pred\u00e1vaj\u00faceho<br \/>&#8211; III. \u00da\u010del a d\u00f4vody sprac\u00favania osobn\u00fdch \u00fadajov<br \/>&#8211; IV.   Pr\u00edjemcovia \u00fadajov. Prenos \u00fadajov do tret\u00edch kraj\u00edn<br \/>&#8211; V. Doba uchov\u00e1vania osobn\u00fdch \u00fadajov<br \/>&#8211; VI. Pr\u00e1va dotknutej osoby<br \/>&#8211; VII.   Automatizovan\u00e9 rozhodovanie. Profilovanie<br \/>&#8211; VIII. Z\u00e1sady pou\u017e\u00edvania s\u00faborov cookie<br \/>I. Spr\u00e1vca osobn\u00fdch \u00fadajov<br \/>1. Spr\u00e1vca informuje, \u017ee spracovan\u00edm osobn\u00fdch \u00fadajov poveruje tieto subjekty:<br \/>a) Edrone Sp.   z o.o., ul. Lekarska 1, 31-203 Krak\u00f3w, NIP: 676-248-20-64, KRS: 0000537197 &#8211; za pou\u017e\u00edvanie po\u0161tov\u00e9ho syst\u00e9mu edrone.me, ktor\u00fd sa pou\u017e\u00edva na zasielanie newslettera,<br \/>b) USER.COM Sp. z o.o., ul. Grzybowska 87, 00-844 Var\u0161ava, NIP: 5272791969, KRS: 0000654981 &#8211; na \u00fa\u010dely pou\u017e\u00edvania marketingov\u00e9ho automatiza\u010dn\u00e9ho a mailingov\u00e9ho syst\u00e9mu user.com na zasielanie newsletterov, spracovanie komunik\u00e1cie so zna\u010dkou prostredn\u00edctvom e-mailu a SMS, sledovanie aktivity pou\u017e\u00edvate\u013eov na webovej str\u00e1nke<br \/>c) GRUPA ALTER REMIGIUSZ \u015aLIWKA ul. D\u0119bowa 6A 56-400 Spalice NIP: PL9111078576 (e-mail: kontakt@weblo.pl, tel. +48 571 201 007, URL: www.weblo.pl) &#8211; podpora webovej str\u00e1nky, zodpovednos\u0165 za bezpe\u010dnos\u0165 obchodu, spracovanie \u00fadajov na \u00fa\u010dely \u00fadr\u017eby a spr\u00e1vy obchodu    <\/p>\n<p>(2) Spr\u00e1vca informuje, \u017ee na sledovanie akci\u00ed, ktor\u00e9 pou\u017e\u00edvate\u013e\/z\u00e1kazn\u00edk vykon\u00e1 v r\u00e1mci webovej str\u00e1nky obchodu, pou\u017e\u00edva tieto technol\u00f3gie:<br \/>a) sledovac\u00ed k\u00f3d user.com &#8211; umo\u017e\u0148uje zhroma\u017e\u010fova\u0165 inform\u00e1cie o pou\u017e\u00edvate\u013eovi, n\u00e1v\u0161tevnosti webovej str\u00e1nky a interakci\u00e1ch s webovou str\u00e1nkou s cie\u013eom personalizova\u0165 komunik\u00e1ciu s pou\u017e\u00edvate\u013eom a prisp\u00f4sobi\u0165 ju preferenci\u00e1m pou\u017e\u00edvate\u013ea.<br \/>3Prev\u00e1dzkovate\u013e v s\u00falade s \u010dl\u00e1nkom 32 ods. 1 RODO dodr\u017eiava z\u00e1sadu ochrany osobn\u00fdch \u00fadajov a prij\u00edma primeran\u00e9 technick\u00e9 a organiza\u010dn\u00e9 opatrenia, aby zabr\u00e1nil n\u00e1hodn\u00e9mu alebo nez\u00e1konn\u00e9mu zni\u010deniu, strate, \u00faprave, neopr\u00e1vnen\u00e9mu zverejneniu alebo neopr\u00e1vnen\u00e9mu pr\u00edstupu k osobn\u00fdm \u00fadajom sprac\u00favan\u00fdm v r\u00e1mci svojej \u010dinnosti.  <br \/>Poskytnutie osobn\u00fdch \u00fadajov je dobrovo\u013en\u00e9, ale je nevyhnutn\u00e9 na plnenie Zmluvy v s\u00falade s Prev\u00e1dzkov\u00fdm poriadkom internetov\u00e9ho obchodu MED&amp;BEAUTY S.Grocholewski Sp\u00f3\u0142ka komandytowa (predt\u00fdm: MED&amp;BEAUTY &#8211; Grocholewski Sp\u00f3\u0142ka jawna) . ktor\u00fd n\u00e1jdete pod odkazom: www.medandbeauty\/regulaminy (\u010falej len Prev\u00e1dzkov\u00fd poriadok).<br \/>(5) Z\u00e1kazn\u00edkom Obchodu sa rozumie ka\u017ed\u00e1 osoba, ktor\u00e1 vyu\u017e\u00edva Obchod sp\u00f4sobom a v rozsahu uvedenom v Obchodn\u00fdch podmienkach.<br \/>6 Spr\u00e1vca \u00fadajov sprac\u00fava tieto osobn\u00e9 \u00fadaje z\u00e1kazn\u00edkov:<br \/>a) meno,<br \/>b) adresa bydliska,<br \/>c) adresa na doru\u010dovanie,<br \/>d) e-mailov\u00e1 adresa,<br \/>e) telef\u00f3nne \u010d\u00edslo.<br \/>II. Rozsah p\u00f4sobnosti pravidiel a predpisov, identifika\u010dn\u00e9 \u00fadaje pred\u00e1vaj\u00faceho<br \/>1. Tieto obchodn\u00e9 podmienky vymedzuj\u00fa z\u00e1sady pou\u017e\u00edvania internetov\u00e9ho obchodu www.medandbeauty.com a zad\u00e1vania a vybavovania objedn\u00e1vok zadan\u00fdch v r\u00e1mci internetov\u00e9ho obchodu MED&amp;BEAUTY S.Grocholewski Sp\u00f3\u0142ka komandytowa (predt\u00fdm: MED&amp;BEAUTY &#8211; Grocholewski Sp\u00f3\u0142ka jawna) . p\u00f4sob\u00ed pod adresou: www.medandbeauty.com<br \/>2. Pred\u00e1vaj\u00facim a prev\u00e1dzkovate\u013eom internetov\u00e9ho obchodu Med&amp;Beauty je MED&amp;BEAUTY S.Grocholewski Sp\u00f3\u0142ka komandytowa (predt\u00fdm: MED&amp;BEAUTY &#8211; Grocholewski Sp\u00f3\u0142ka jawna) KRS 0001169806 NIP 7882040978 REGON 527048220, kontaktn\u00e1 e-mailov\u00e1 adresa: shop@medandbeauty.com, kontaktn\u00e9 telef\u00f3nne \u010d\u00edslo: 736 630 825<br \/>III. \u00da\u010del a z\u00e1klad sprac\u00favania osobn\u00fdch \u00fadajov<br \/>1. Spr\u00e1vca sprac\u00fava osobn\u00e9 \u00fadaje na tieto \u00fa\u010dely:<br \/>a) na \u00fa\u010dely umo\u017enenia Z\u00e1kazn\u00edkom zad\u00e1va\u0165 Objedn\u00e1vky v s\u00falade s Obchodn\u00fdmi podmienkami,<br \/>b) na \u00fa\u010dely vybavovania Objedn\u00e1vok v s\u00falade s Obchodn\u00fdmi podmienkami,<br \/>c) na \u00fa\u010dely vybavovania reklam\u00e1ci\u00ed Z\u00e1kazn\u00edkov,<br \/>d) na da\u0148ov\u00e9 \u00fa\u010dely &#8211; len na \u00fa\u010dely \u00fa\u010dtovn\u00e9ho vysporiadania v s\u00falade so z\u00e1v\u00e4zn\u00fdmi pr\u00e1vnymi predpismi,<br \/>e) na marketingov\u00e9 \u00fa\u010dely, t. j. zasielanie aktu\u00e1lnych inform\u00e1ci\u00ed o \u010dinnosti Obchodu Z\u00e1kazn\u00edkom. Marketingov\u00fd s\u00fahlas je udelen\u00fd dobrovo\u013ene a nie je podmienkou pre vyu\u017e\u00edvanie Obchodu Z\u00e1kazn\u00edkom.<br \/>2. Prev\u00e1dzkovate\u013e sprac\u00fava osobn\u00e9 \u00fadaje Z\u00e1kazn\u00edkov na z\u00e1klade ich dobrovo\u013en\u00e9ho s\u00fahlasu (\u00a7 6 ods. 1 p\u00edsm. a) ZoOO\u00da), na \u00fa\u010dely plnenia k\u00fapnej zmluvy na konkr\u00e9tne polo\u017eky (\u00a7 6 ods. 1 p\u00edsm. b) ZoOO\u00da) a v r\u00e1mci da\u0148ov\u00fdch povinnost\u00ed &#8211; na plnenie povinnost\u00ed vypl\u00fdvaj\u00facich pre Prev\u00e1dzkovate\u013ea (\u00a7 6 ods. 1 p\u00edsm. c) ZoOO\u00da). Pokia\u013e ide o marketingov\u00fd s\u00fahlas, Spr\u00e1vca sprac\u00fava \u00fadaje len na z\u00e1klade dobrovo\u013en\u00e9ho s\u00fahlasu z\u00e1kazn\u00edka (\u010dl\u00e1nok 6 ods. 1 p\u00edsm. a) RODO).      <br \/>IV. Pr\u00edjemcovia \u00fadajov. Prenos \u00fadajov do tret\u00edch kraj\u00edn<br \/>1. Pr\u00edjemcami osobn\u00fdch \u00fadajov sprac\u00favan\u00fdch Prev\u00e1dzkovate\u013eom m\u00f4\u017eu by\u0165 subjekty spolupracuj\u00face s Prev\u00e1dzkovate\u013eom, ak je to potrebn\u00e9 na plnenie zmluvy uzatvorenej s dotknutou osobou v s\u00falade s Podmienkami.  <br \/>2 Pr\u00edjemcami osobn\u00fdch \u00fadajov sprac\u00favan\u00fdch prev\u00e1dzkovate\u013eom m\u00f4\u017eu by\u0165 aj subdod\u00e1vatelia &#8211; subjekty, ktor\u00fdch slu\u017eby vyu\u017e\u00edva prev\u00e1dzkovate\u013e na sprac\u00favanie \u00fadajov, napr. \u00fa\u010dtovn\u00e9 kancel\u00e1rie, advok\u00e1tske kancel\u00e1rie, subjekty poskytuj\u00face IT slu\u017eby (vr\u00e1tane hostingov\u00fdch slu\u017eieb).<br \/>3. prev\u00e1dzkovate\u013e m\u00f4\u017ee by\u0165 povinn\u00fd poskytn\u00fa\u0165 osobn\u00e9 \u00fadaje na z\u00e1klade platn\u00fdch z\u00e1konov, najm\u00e4 poskytn\u00fa\u0165 osobn\u00e9 \u00fadaje opr\u00e1vnen\u00fdm \u0161t\u00e1tnym org\u00e1nom alebo in\u0161tit\u00faci\u00e1m.<br \/>4. osobn\u00e9 \u00fadaje sa nebud\u00fa pren\u00e1\u0161a\u0165 subjektom so s\u00eddlom mimo Eur\u00f3pskeho hospod\u00e1rskeho priestoru<br \/>V. Doba uchov\u00e1vania osobn\u00fdch \u00fadajov<br \/>1. Prev\u00e1dzkovate\u013e uchov\u00e1va osobn\u00e9 \u00fadaje po dobu trvania zmluvy uzatvorenej s dotknutou osobou a po jej ukon\u010den\u00ed na \u00fa\u010dely s\u00favisiace s uplat\u0148ovan\u00edm n\u00e1rokov s\u00favisiacich so zmluvou, plnen\u00edm povinnost\u00ed vypl\u00fdvaj\u00facich z platn\u00fdch pr\u00e1vnych predpisov, najdlh\u0161ie v\u0161ak po dobu preml\u010dacej doby pod\u013ea ustanoven\u00ed Ob\u010dianskeho z\u00e1konn\u00edka. V pr\u00edpade Z\u00e1kazn\u00edka, ktor\u00fd m\u00e1 zriaden\u00fd Z\u00e1kazn\u00edcky \u00fa\u010det v zmysle Obchodn\u00fdch podmienok, Spr\u00e1vca uchov\u00e1va jeho \u00fadaje po dobu uveden\u00fa v predch\u00e1dzaj\u00facej vete alebo po dobu trvania \u00da\u010dtu, pod\u013ea toho, ktor\u00e1 doba uplynie nesk\u00f4r.<br \/>22. Spr\u00e1vca uchov\u00e1va osobn\u00e9 \u00fadaje obsiahnut\u00e9 vo faktura\u010dn\u00fdch dokladoch (napr. fakt\u00farach) po dobu uveden\u00fa v ustanoveniach z\u00e1kona o dani z pridanej hodnoty a z\u00e1kona o \u00fa\u010dtovn\u00edctve.<br \/>3. Spr\u00e1vca uchov\u00e1va osobn\u00e9 \u00fadaje sprac\u00favan\u00e9 na marketingov\u00e9 \u00fa\u010dely po dobu 10 rokov, najdlh\u0161ie v\u0161ak do odvolania s\u00fahlasu so sprac\u00favan\u00edm \u00fadajov alebo vznesenia n\u00e1mietky proti sprac\u00favaniu \u00fadajov.<br \/>VI. Pr\u00e1va dotknutej osoby<br \/>1. Ka\u017ed\u00e1 dotknut\u00e1 osoba m\u00e1 pr\u00e1vo:<br \/>a) na pr\u00edstup k \u00fadajom &#8211; z\u00edska\u0165 od prev\u00e1dzkovate\u013ea potvrdenie, \u010di sa sprac\u00favaj\u00fa jej osobn\u00e9 \u00fadaje.   Ak sa \u00fadaje o osobe sprac\u00favaj\u00fa, m\u00e1 pr\u00e1vo na pr\u00edstup a z\u00edskanie t\u00fdchto inform\u00e1ci\u00ed: \u00fa\u010dely sprac\u00favania, kateg\u00f3rie osobn\u00fdch \u00fadajov, inform\u00e1cie o pr\u00edjemcoch alebo kateg\u00f3ri\u00e1ch pr\u00edjemcov, ktor\u00fdm boli alebo bud\u00fa \u00fadaje poskytnut\u00e9, doba uchov\u00e1vania \u00fadajov alebo krit\u00e9ri\u00e1 na jej ur\u010denie, pr\u00e1vo dotknutej osoby po\u017eadova\u0165 opravu, vymazanie alebo obmedzenie sprac\u00favania osobn\u00fdch \u00fadajov a namieta\u0165 proti tak\u00e9muto sprac\u00favaniu (\u010dl\u00e1nok 15 RODO);<br \/>(b) z\u00edska\u0165 k\u00f3piu \u00fadajov &#8211; z\u00edska\u0165 k\u00f3piu sprac\u00favan\u00fdch \u00fadajov, pri\u010dom prv\u00e1 k\u00f3pia je bezplatn\u00e1 a za \u010fal\u0161ie k\u00f3pie m\u00f4\u017ee prev\u00e1dzkovate\u013e \u00fa\u010dtova\u0165 primeran\u00fd poplatok na z\u00e1klade administrat\u00edvnych n\u00e1kladov (\u010dl\u00e1nok 15 ods. 3 RODO);<br \/>(c) na opravu &#8211; po\u017eiada\u0165 o opravu nepresn\u00fdch osobn\u00fdch \u00fadajov, ktor\u00e9 sa ho t\u00fdkaj\u00fa, alebo o doplnenie ne\u00fapln\u00fdch \u00fadajov (\u010dl\u00e1nok 16 RODO);<br \/>(d) na vymazanie &#8211; \u017eiada\u0165 o vymazanie svojich osobn\u00fdch \u00fadajov, ak prev\u00e1dzkovate\u013e u\u017e nem\u00e1 pr\u00e1vny z\u00e1klad na sprac\u00favanie alebo \u00fadaje u\u017e nie s\u00fa potrebn\u00e9 na \u00fa\u010dely sprac\u00favania (\u010dl\u00e1nok 17 RODO);<br \/>(e) obmedzi\u0165 sprac\u00favanie &#8211; po\u017eiada\u0165 o obmedzenie sprac\u00favania osobn\u00fdch \u00fadajov (\u010dl\u00e1nok 18 RODO), ak:<br \/>dotknut\u00e1 osoba spochyb\u0148uje presnos\u0165 osobn\u00fdch \u00fadajov &#8211; po\u010das obdobia, ktor\u00e9 umo\u017e\u0148uje spr\u00e1vcovi overi\u0165 presnos\u0165 \u00fadajov,<br \/>sprac\u00favanie je nez\u00e1konn\u00e9 a dotknut\u00e1 osoba namieta proti vymazaniu t\u00fdm, \u017ee po\u017eiada o obmedzenie pou\u017e\u00edvania,<br \/>Prev\u00e1dzkovate\u013e u\u017e tieto \u00fadaje nepotrebuje, ale potrebuje ich dotknut\u00e1 osoba na preuk\u00e1zanie, uplatnenie alebo obhajobu n\u00e1roku,<br \/>dotknut\u00e1 osoba vzniesla n\u00e1mietku proti sprac\u00favaniu &#8211; k\u00fdm sa nezist\u00ed, \u010di opr\u00e1vnen\u00e9 d\u00f4vody na strane prev\u00e1dzkovate\u013ea preva\u017euj\u00fa nad d\u00f4vodmi n\u00e1mietky dotknutej osoby;<br \/>(f) namieta\u0165 &#8211; namieta\u0165 proti sprac\u00favaniu svojich osobn\u00fdch \u00fadajov na opr\u00e1vnen\u00e9 \u00fa\u010dely prev\u00e1dzkovate\u013ea z d\u00f4vodov t\u00fdkaj\u00facich sa jeho konkr\u00e9tnej situ\u00e1cie vr\u00e1tane profilovania. Prev\u00e1dzkovate\u013e potom pos\u00fadi existenciu platn\u00fdch opr\u00e1vnen\u00fdch d\u00f4vodov na sprac\u00favanie, ktor\u00e9 preva\u017euj\u00fa nad z\u00e1ujmami, pr\u00e1vami a slobodami dotknutej osoby, alebo d\u00f4vody na preukazovanie, uplat\u0148ovanie alebo obhajovanie n\u00e1rokov. Ak pod\u013ea pos\u00fadenia z\u00e1ujmy dotknutej osoby preva\u017euj\u00fa nad z\u00e1ujmami prev\u00e1dzkovate\u013ea, prev\u00e1dzkovate\u013e je povinn\u00fd ukon\u010di\u0165 sprac\u00favanie na tieto \u00fa\u010dely (\u010dl\u00e1nok 21 RODO).<br \/>2. S cie\u013eom uplatni\u0165 vy\u0161\u0161ie uveden\u00e9 pr\u00e1va dotknut\u00e1 osoba kontaktuje prostredn\u00edctvom poskytnut\u00fdch kontaktn\u00fdch \u00fadajov prev\u00e1dzkovate\u013ea a informuje ho o tom, ktor\u00e9 pr\u00e1vo a v akom rozsahu chce uplatni\u0165.<br \/>3Dotknut\u00e1 osoba m\u00e1 pr\u00e1vo poda\u0165 s\u0165a\u017enos\u0165 dozorn\u00e9mu org\u00e1nu, ktor\u00fdm je predseda \u00daradu na ochranu osobn\u00fdch \u00fadajov, Stawki 2, Var\u0161ava.<br \/>VII.    Automatizovan\u00e9 rozhodovanie. Profilovanie<br \/>&#8211; Osobn\u00e9 \u00fadaje sa nebud\u00fa sprac\u00fava\u0165 automatizovan\u00fdmi prostriedkami vr\u00e1tane profilovania.<br \/>VIII. Z\u00e1sady pou\u017e\u00edvania s\u00faborov cookie<br \/>1. Obchod nezhroma\u017e\u010fuje \u017eiadne inform\u00e1cie automatick\u00fdmi prostriedkami, s v\u00fdnimkou inform\u00e1ci\u00ed obsiahnut\u00fdch v s\u00faboroch cookies.<br \/>2. S\u00fabory cookies (tzv. &#8222;cookies&#8220;) s\u00fa IT \u00fadaje, najm\u00e4 textov\u00e9 s\u00fabory, ktor\u00e9 s\u00fa ulo\u017een\u00e9 v koncovom zariaden\u00ed z\u00e1kazn\u00edka a s\u00fa ur\u010den\u00e9 na pou\u017e\u00edvanie webov\u00fdch str\u00e1nok obchodu.   S\u00fabory cookie zvy\u010dajne obsahuj\u00fa n\u00e1zov webovej lokality, z ktorej poch\u00e1dzaj\u00fa, d\u013a\u017eku ich ulo\u017eenia v koncovom zariaden\u00ed a jedine\u010dn\u00e9 \u010d\u00edslo.<br \/>(3) Spr\u00e1vca obchodu je subjekt, ktor\u00fd umiest\u0148uje s\u00fabory cookie na koncov\u00e9 zariadenie z\u00e1kazn\u00edka a pristupuje k nim.<br \/>4 S\u00fabory cookie sa pou\u017e\u00edvaj\u00fa na:<br \/>a) prisp\u00f4sobenie obsahu webov\u00fdch str\u00e1nok Obchodu preferenci\u00e1m Z\u00e1kazn\u00edka a optimaliz\u00e1ciu pou\u017e\u00edvania webov\u00fdch str\u00e1nok; tieto s\u00fabory umo\u017e\u0148uj\u00fa najm\u00e4 rozpoznanie zariadenia Z\u00e1kazn\u00edka a vhodn\u00e9 zobrazenie webovej str\u00e1nky prisp\u00f4soben\u00e9 jeho individu\u00e1lnym potreb\u00e1m;<br \/>b) vytv\u00e1ranie \u0161tatist\u00edk, ktor\u00e9 pom\u00e1haj\u00fa pochopi\u0165, ako Z\u00e1kazn\u00edci pou\u017e\u00edvaj\u00fa webov\u00e9 str\u00e1nky, \u010do umo\u017e\u0148uje zlep\u0161i\u0165 ich \u0161trukt\u00faru a obsah;<br \/>c) udr\u017eiavanie rel\u00e1cie Z\u00e1kazn\u00edka.<br \/>(5) V r\u00e1mci obchodu sa pou\u017e\u00edvaj\u00fa tieto typy s\u00faborov cookie:<br \/>a) s\u00fabory cookie &#8222;rel\u00e1cie&#8220; a &#8222;trval\u00e9&#8220; s\u00fabory cookie. &#8222;Rela\u010dn\u00e9&#8220; s\u00fabory cookie s\u00fa do\u010dasn\u00e9 s\u00fabory, ktor\u00e9 sa ukladaj\u00fa v koncovom zariaden\u00ed z\u00e1kazn\u00edka, k\u00fdm sa z\u00e1kazn\u00edk neodhl\u00e1si, neopust\u00ed webov\u00fa str\u00e1nku alebo nevypne softv\u00e9r (webov\u00fd prehliada\u010d). &#8222;Trval\u00e9&#8220; s\u00fabory cookie sa ukladaj\u00fa v koncovom zariaden\u00ed Z\u00e1kazn\u00edka na dobu uveden\u00fa v parametroch s\u00faborov cookie alebo k\u00fdm ich Z\u00e1kazn\u00edk nevyma\u017ee;  <br \/>b) &#8222;nevyhnutn\u00e9&#8220; s\u00fabory cookie, ktor\u00e9 umo\u017e\u0148uj\u00fa pou\u017e\u00edva\u0165 slu\u017eby dostupn\u00e9 v Obchode, napr. autentifika\u010dn\u00e9 s\u00fabory cookie pou\u017e\u00edvan\u00e9 pre slu\u017eby, ktor\u00e9 vy\u017eaduj\u00fa autentifik\u00e1ciu v Obchode;<br \/>c) s\u00fabory cookie pou\u017e\u00edvan\u00e9 na zaistenie bezpe\u010dnosti, napr. pou\u017e\u00edvan\u00e9 na zis\u0165ovanie zneu\u017eitia autentifik\u00e1cie v Obchode pou\u017e\u00edvan\u00e9 na zis\u0165ovanie zneu\u017eitia autentifik\u00e1cie v r\u00e1mci Obchodu;<br \/>d) &#8222;v\u00fdkonnostn\u00e9&#8220; s\u00fabory cookie, ktor\u00e9 umo\u017e\u0148uj\u00fa zhroma\u017e\u010fova\u0165 inform\u00e1cie o sp\u00f4sobe pou\u017e\u00edvania webov\u00fdch str\u00e1nok Obchodu;<br \/>e) &#8222;funk\u010dn\u00e9&#8220; s\u00fabory cookie, ktor\u00e9 umo\u017e\u0148uj\u00fa &#8222;zapam\u00e4ta\u0165 si&#8220; nastavenia zvolen\u00e9 Z\u00e1kazn\u00edkom a personalizova\u0165 rozhranie Z\u00e1kazn\u00edka, napr. s oh\u013eadom na zvolen\u00fd jazyk alebo regi\u00f3n, z ktor\u00e9ho Z\u00e1kazn\u00edk poch\u00e1dza, ve\u013ekos\u0165 p\u00edsma, rozlo\u017eenie webovej str\u00e1nky at\u010f;<br \/>f) &#8222;reklamn\u00e9&#8220; s\u00fabory cookie, ktor\u00e9 umo\u017e\u0148uj\u00fa poskytova\u0165 reklamn\u00fd obsah, ktor\u00fd viac zodpoved\u00e1 z\u00e1ujmom Z\u00e1kazn\u00edka.<br \/>(6) V mnoh\u00fdch pr\u00edpadoch softv\u00e9r na prehliadanie webov\u00fdch str\u00e1nok (webov\u00fd prehliada\u010d) \u0161tandardne umo\u017e\u0148uje ukladanie s\u00faborov cookie na koncov\u00e9 zariadenie z\u00e1kazn\u00edka. Z\u00e1kazn\u00edci m\u00f4\u017eu kedyko\u013evek zmeni\u0165 nastavenia s\u00faborov cookie. Tieto nastavenia je mo\u017en\u00e9 zmeni\u0165 najm\u00e4 tak, \u017ee sa v nastaveniach webov\u00e9ho prehliada\u010da zablokuje automatick\u00e9 spracovanie s\u00faborov cookie alebo sa o ich umiestnen\u00ed v zariaden\u00ed Klienta zaka\u017ed\u00fdm informuje. Podrobn\u00e9 inform\u00e1cie o mo\u017enostiach a sp\u00f4soboch pou\u017e\u00edvania s\u00faborov cookies s\u00fa dostupn\u00e9 v nastaveniach softv\u00e9ru (webov\u00e9ho prehliada\u010da).<br \/>7. Spr\u00e1vca informuje, \u017ee obmedzenie pou\u017e\u00edvania s\u00faborov cookies m\u00f4\u017ee ma\u0165 vplyv na niektor\u00e9 funkcie dostupn\u00e9 v Obchode.   <\/p>\n\n<script id=\"CookieDeclaration\" src=\"https:\/\/consent.cookiebot.com\/0017215b-cfe1-4ff7-909a-fe2399bd0be9\/cd.js\" type=\"text\/javascript\"><\/script>\n","protected":false},"excerpt":{"rendered":"<p>Obsah&#8211; I. Spr\u00e1vca osobn\u00fdch \u00fadajov&#8211; II. Rozsah p\u00f4sobnosti obchodn\u00fdch podmienok, identifika\u010dn\u00e9 \u00fadaje pred\u00e1vaj\u00faceho&#8211; III. \u00da\u010del a d\u00f4vody sprac\u00favania osobn\u00fdch \u00fadajov&#8211; IV. Pr\u00edjemcovia \u00fadajov. Prenos \u00fadajov do tret\u00edch kraj\u00edn&#8211; V. Doba uchov\u00e1vania osobn\u00fdch \u00fadajov&#8211; VI. Pr\u00e1va dotknutej osoby&#8211; VII. Automatizovan\u00e9 rozhodovanie. Profilovanie&#8211; VIII. Z\u00e1sady pou\u017e\u00edvania s\u00faborov cookieI. Spr\u00e1vca osobn\u00fdch \u00fadajov1. Spr\u00e1vca informuje, \u017ee spracovan\u00edm osobn\u00fdch \u00fadajov [&hellip;]<\/p>\n","protected":false},"author":1,"featured_media":0,"parent":0,"menu_order":0,"comment_status":"closed","ping_status":"closed","template":"","meta":{"_acf_changed":false,"inline_featured_image":false,"footnotes":""},"class_list":["post-356867","page","type-page","status-publish","hentry"],"acf":[],"_links":{"self":[{"href":"https:\/\/dev.medandbeauty.com\/sk\/wp-json\/wp\/v2\/pages\/356867","targetHints":{"allow":["GET"]}}],"collection":[{"href":"https:\/\/dev.medandbeauty.com\/sk\/wp-json\/wp\/v2\/pages"}],"about":[{"href":"https:\/\/dev.medandbeauty.com\/sk\/wp-json\/wp\/v2\/types\/page"}],"author":[{"embeddable":true,"href":"https:\/\/dev.medandbeauty.com\/sk\/wp-json\/wp\/v2\/users\/1"}],"replies":[{"embeddable":true,"href":"https:\/\/dev.medandbeauty.com\/sk\/wp-json\/wp\/v2\/comments?post=356867"}],"version-history":[{"count":2,"href":"https:\/\/dev.medandbeauty.com\/sk\/wp-json\/wp\/v2\/pages\/356867\/revisions"}],"predecessor-version":[{"id":431219,"href":"https:\/\/dev.medandbeauty.com\/sk\/wp-json\/wp\/v2\/pages\/356867\/revisions\/431219"}],"wp:attachment":[{"href":"https:\/\/dev.medandbeauty.com\/sk\/wp-json\/wp\/v2\/media?parent=356867"}],"curies":[{"name":"wp","href":"https:\/\/api.w.org\/{rel}","templated":true}]}}