{"id":356358,"date":"2024-02-18T01:25:10","date_gmt":"2024-02-18T00:25:10","guid":{"rendered":"https:\/\/dev.medandbeauty.com\/pravidla-programu-status-studenta\/"},"modified":"2025-11-07T14:26:23","modified_gmt":"2025-11-07T13:26:23","slug":"pravidla-programu-status-studenta","status":"publish","type":"page","link":"https:\/\/dev.medandbeauty.com\/sk\/status-studenta\/pravidla-programu-status-studenta\/","title":{"rendered":"Predpisy o \u0161tudentsk\u00fdch z\u013eav\u00e1ch"},"content":{"rendered":"<h2 class=\"wp-block-heading\">\u00a71. V\u0161eobecn\u00e9 ustanovenia <\/h2>\n<p>(1) Syst\u00e9m \u0161tudentsk\u00fdch zliav (\u010falej len &#8222;\u0161tudentsk\u00e1 z\u013eava&#8220;) je ur\u010den\u00fd v\u00fdlu\u010dne osob\u00e1m s platn\u00fdm \u0161tat\u00fatom \u0161tudenta, ktor\u00fd sa preukazuje \u0161tudentsk\u00fdm preukazom alebo in\u00fdm dokladom o n\u00e1roku.<\/p>\n<p>2. \u0160tudentsk\u00e1 z\u013eava je 15 % a vz\u0165ahuje sa na cel\u00fd sortiment okrem outletov\u00fdch v\u00fdrobkov a dar\u010dekov\u00fdch kariet.<\/p>\n<p>3 \u0160tudentsk\u00e1 z\u013eava plat\u00ed v internetovom obchode aj v kamennom obchode (po predlo\u017een\u00ed \u0161tat\u00fatu akt\u00edvneho \u0161tudenta a \u0161tudentsk\u00e9ho preukazu).<\/p>\n<h2 class=\"wp-block-heading\">\u00a72. Pravidl\u00e1 vyu\u017e\u00edvania z\u013eavy <\/h2>\n<p>1. Aby ste mohli vyu\u017ei\u0165 \u0161tudentsk\u00fa z\u013eavu v internetovom obchode, mus\u00edte by\u0165 prihl\u00e1sen\u00ed do \u00fa\u010dtu, v ktorom bol \u00faspe\u0161ne overen\u00fd v\u00e1\u0161 status \u0161tudenta.<\/p>\n<p>2. Po \u00faspe\u0161nom overen\u00ed v\u00e1\u0161ho statusu \u0161tudenta sa z\u013eava automaticky vypo\u010d\u00edta pri pokladni, ke\u010f prid\u00e1te produkty do ko\u0161\u00edka.<\/p>\n<p>(3) Overen\u00fd \u0161tat\u00fat \u0161tudenta je platn\u00fd jeden akademick\u00fd semester (pod\u013ea d\u00e1tumov platnosti preukazu), po ktorom je potrebn\u00e9 op\u00e4tovne potvrdi\u0165 opr\u00e1vnenos\u0165.<\/p>\n<p>4 \u0160tudentsk\u00e1 z\u013eava sa nekombinuje s in\u00fdmi z\u013eavami alebo propaga\u010dn\u00fdmi akciami.<\/p>\n<p>5 Ak pou\u017eijete in\u00fd z\u013eavov\u00fd k\u00f3d, \u0161tudentsk\u00e1 z\u013eava sa automaticky nahrad\u00ed novou z\u013eavou.<\/p>\n<h2 class=\"wp-block-heading\">\u00a73. Obmedzenia a osobitn\u00e9 podmienky <\/h2>\n<p>1 \u0160tudentsk\u00e1 z\u013eava je osobn\u00e1 a mo\u017eno ju vyu\u017ei\u0165 len na n\u00e1kupy na s\u00fakromn\u00e9, nie slu\u017eobn\u00e9 \u00fa\u010dely.<\/p>\n<p>(2) V pr\u00edpade n\u00e1kupu s vyu\u017eit\u00edm \u0161tudentskej z\u013eavy nie je mo\u017en\u00e9 vystavi\u0165 fakt\u00faru s uveden\u00edm I\u010c DPH kupuj\u00faceho alebo fakt\u00faru dokladuj\u00facu n\u00e1kup na meno spolo\u010dnosti.<\/p>\n<p>(3) Ak chcete z\u00edska\u0165 fakt\u00faru s DPH pre svoju spolo\u010dnos\u0165, \u0161tudentsk\u00e1 z\u013eava sa nebude po\u010d\u00edta\u0165.<\/p>\n<p>4 Z\u00e1kazn\u00edk m\u00e1 pr\u00e1vo v\u00fdberu:<\/p>\n<p>a) nakupova\u0165 so \u0161tudentskou z\u013eavou na individu\u00e1lnom z\u00e1klade (bez TIN), alebo<\/p>\n<p>b) n\u00e1kup bez z\u013eavy s mo\u017enos\u0165ou vystavenia fakt\u00fary s DPH pre spolo\u010dnos\u0165.<\/p>\n<p>(5) Vyu\u017eitie \u0161tudentskej z\u013eavy sa rovn\u00e1 akcept\u00e1cii t\u00fdchto pravidiel.<\/p>\n<h2 class=\"wp-block-heading\">\u00a74. Z\u00e1vere\u010dn\u00e9 ustanovenia <\/h2>\n<p>(1) Organiz\u00e1tor si vyhradzuje pr\u00e1vo kedyko\u013evek zmeni\u0165 a doplni\u0165 pravidl\u00e1 v s\u00falade s platn\u00fdmi pr\u00e1vnymi predpismi.<\/p>\n<p>2 Aktu\u00e1lny obsah obchodn\u00fdch podmienok je k dispoz\u00edcii na webovej str\u00e1nke obchodu.<\/p>\n<p>(3) Vo veciach neupraven\u00fdch t\u00fdmito pravidlami sa uplat\u0148uj\u00fa ustanovenia Ob\u010dianskeho z\u00e1konn\u00edka a in\u00fdch platn\u00fdch pr\u00e1vnych predpisov.<\/p>\n","protected":false},"excerpt":{"rendered":"<p>\u00a71. V\u0161eobecn\u00e9 ustanovenia (1) Syst\u00e9m \u0161tudentsk\u00fdch zliav (\u010falej len &#8222;\u0161tudentsk\u00e1 z\u013eava&#8220;) je ur\u010den\u00fd v\u00fdlu\u010dne osob\u00e1m s platn\u00fdm \u0161tat\u00fatom \u0161tudenta, ktor\u00fd sa preukazuje \u0161tudentsk\u00fdm preukazom alebo in\u00fdm dokladom o n\u00e1roku. 2. \u0160tudentsk\u00e1 z\u013eava je 15 % a vz\u0165ahuje sa na cel\u00fd sortiment okrem outletov\u00fdch v\u00fdrobkov a dar\u010dekov\u00fdch kariet. 3 \u0160tudentsk\u00e1 z\u013eava plat\u00ed v internetovom obchode aj [&hellip;]<\/p>\n","protected":false},"author":1,"featured_media":0,"parent":356362,"menu_order":0,"comment_status":"closed","ping_status":"closed","template":"page.php","meta":{"_acf_changed":false,"inline_featured_image":false,"footnotes":""},"class_list":["post-356358","page","type-page","status-publish","hentry"],"acf":[],"_links":{"self":[{"href":"https:\/\/dev.medandbeauty.com\/sk\/wp-json\/wp\/v2\/pages\/356358","targetHints":{"allow":["GET"]}}],"collection":[{"href":"https:\/\/dev.medandbeauty.com\/sk\/wp-json\/wp\/v2\/pages"}],"about":[{"href":"https:\/\/dev.medandbeauty.com\/sk\/wp-json\/wp\/v2\/types\/page"}],"author":[{"embeddable":true,"href":"https:\/\/dev.medandbeauty.com\/sk\/wp-json\/wp\/v2\/users\/1"}],"replies":[{"embeddable":true,"href":"https:\/\/dev.medandbeauty.com\/sk\/wp-json\/wp\/v2\/comments?post=356358"}],"version-history":[{"count":2,"href":"https:\/\/dev.medandbeauty.com\/sk\/wp-json\/wp\/v2\/pages\/356358\/revisions"}],"predecessor-version":[{"id":584329,"href":"https:\/\/dev.medandbeauty.com\/sk\/wp-json\/wp\/v2\/pages\/356358\/revisions\/584329"}],"up":[{"embeddable":true,"href":"https:\/\/dev.medandbeauty.com\/sk\/wp-json\/wp\/v2\/pages\/356362"}],"wp:attachment":[{"href":"https:\/\/dev.medandbeauty.com\/sk\/wp-json\/wp\/v2\/media?parent=356358"}],"curies":[{"name":"wp","href":"https:\/\/api.w.org\/{rel}","templated":true}]}}