{"id":356318,"date":"2024-11-21T09:58:15","date_gmt":"2024-11-21T08:58:15","guid":{"rendered":"https:\/\/dev.medandbeauty.com\/zdravotnicke-oblecenie-poznan\/"},"modified":"2025-03-01T22:57:24","modified_gmt":"2025-03-01T21:57:24","slug":"zdravotnicke-oblecenie-poznan","status":"publish","type":"page","link":"https:\/\/dev.medandbeauty.com\/sk\/zdravotnicke-oblecenie-poznan\/","title":{"rendered":"Zdravotn\u00edcke oble\u010denie Pozna\u0148"},"content":{"rendered":"\n<p>Ak h\u013ead\u00e1te profesion\u00e1lne zdravotn\u00edcke oble\u010denie v Poznani, ste na spr\u00e1vnom mieste! N\u00e1\u0161 stacion\u00e1rny <a href=\"\/\">obchod so zdravotn\u00edckym oble\u010den\u00edm<\/a> pon\u00faka <strong>\u0161irok\u00fd v\u00fdber zdravotn\u00edckeho oble\u010denia, ktor\u00e9 sp\u013a\u0148a najvy\u0161\u0161ie \u0161tandardy kvality a sp\u00e1ja funk\u010dnos\u0165 s m\u00f3dnym vzh\u013eadom. <\/strong>Na\u0161e lek\u00e1rske oble\u010denie v Poznani je ur\u010den\u00e9 pre v\u0161etk\u00fdch zdravotn\u00edckych pracovn\u00edkov, ktor\u00ed chc\u00fa vyzera\u0165 profesion\u00e1lne a z\u00e1rove\u0148 sa c\u00edti\u0165 pohodlne po\u010das cel\u00e9ho d\u0148a, od z\u00e1ster a mik\u00edn a\u017e po \u017eupany, nohavice a \u0161aty. <\/p>\n\n<h2 class=\"wp-block-heading\">Zdravotn\u00edcke oble\u010denie Pozna\u0148 &#8211; n\u00e1\u0161 stacion\u00e1rny obchod<\/h2>\n\n<p>N\u00e1\u0161 obchod so zdravotn\u00edckym oble\u010den\u00edm v Poznani sa nach\u00e1dza na ulici Zwierzyniecka 32\/38 (oproti ulici Kraszewskiego). V\u010faka \u013eahk\u00e9mu pr\u00edstupu a mo\u017enosti parkovania na susedn\u00fdch uliciach je ide\u00e1lnym miestom na n\u00e1kupy pre v\u0161etk\u00fdch, ktor\u00ed <strong>uprednost\u0148uj\u00fa vidie\u0165 v\u00fdrobky na vlastn\u00e9 o\u010di, vysk\u00fa\u0161a\u0165 si oble\u010denie a konzultova\u0165 svoj v\u00fdber s na\u0161\u00edm sk\u00fasen\u00fdm person\u00e1lom.<\/strong> Ak si chcete k\u00fapi\u0165 vysok\u00fa kvalitu:  <\/p>\n\n<ul class=\"wp-block-list\">\n<li>lek\u00e1rske z\u00e1stery Pozna\u0148,<\/li>\n\n\n\n<li>lek\u00e1rske odevy Pozna\u0148,<\/li>\n\n\n\n<li>lek\u00e1rske nohavice Pozna\u0148,<\/li>\n\n\n\n<li>lek\u00e1rske bl\u00fazky Pozna\u0148,<\/li>\n\n\n\n<li>lek\u00e1rske \u0161aty Pozna\u0148 alebo in\u00e9 \u010dasti uniformy, odpor\u00fa\u010dame v\u00e1m zavola\u0165 a potvrdi\u0165 dostupnos\u0165 konkr\u00e9tneho modelu.<\/li>\n<\/ul>\n\n<h2 class=\"wp-block-heading\">Zdravotn\u00edcke oble\u010denie Pozna\u0148 &#8211; online nakupovanie<\/h2>\n\n<p>Okrem n\u00e1\u0161ho stacion\u00e1rneho obchodu so zdravotn\u00edckym oble\u010den\u00edm v Poznani <strong>pon\u00fakame aj mo\u017enos\u0165 n\u00e1kupu online. <\/strong>V\u010faka na\u0161ej intuit\u00edvnej webovej str\u00e1nke si m\u00f4\u017eete \u013eahko prezrie\u0165 sortiment, porovna\u0165 r\u00f4zne modely a n\u00e1js\u0165 podrobn\u00e9 inform\u00e1cie o dostupn\u00fdch materi\u00e1loch, ve\u013ekostiach a farb\u00e1ch. Online nakupovanie \u0161etr\u00ed v\u00e1\u0161 \u010das &#8211; svoje ob\u013e\u00faben\u00e9 zdravotn\u00edcke oble\u010denie v Poznani (a v celej krajine) si m\u00f4\u017eete objedna\u0165 bez toho, aby ste museli opusti\u0165 svoj domov. Presn\u00e9 ve\u013ekostn\u00e9 tabu\u013eky a skvel\u00e9 obr\u00e1zky produktov v\u00e1m pom\u00f4\u017eu urobi\u0165 spr\u00e1vne rozhodnutie a mo\u017enos\u0165 kontaktova\u0165 n\u00e1\u0161 t\u00edm v\u00e1m umo\u017en\u00ed objasni\u0165 ak\u00e9ko\u013evek pochybnosti.  <\/p>\n\n<h2 class=\"wp-block-heading\">Va\u0161e miesto so zdravotn\u00edckym oble\u010den\u00edm v Poznani<\/h2>\n\n<p>\u010ci u\u017e potrebujete z\u00e1stery, pracovn\u00e9 odevy, nohavice, mikiny alebo \u0161aty &#8211; <strong>v Med&amp;Beauty n\u00e1jdete v\u0161etko, \u010do potrebujete, aby ste sa v pr\u00e1ci c\u00edtili pohodlne a vyzerali profesion\u00e1lne. <\/strong>Obchod Med&amp;Beauty Pozna\u0148 pon\u00faka \u0161irok\u00fd sortiment v\u00fdrobkov v stacion\u00e1rnom obchode aj online, \u010do v\u00e1m umo\u017en\u00ed nakupova\u0165 pre v\u00e1s najpohodlnej\u0161\u00edm sp\u00f4sobom. Nav\u0161t\u00edvte n\u00e1\u0161 obchod alebo vyu\u017eite na\u0161u online ponuku a presved\u010dte sa, \u017ee na\u0161e zdravotn\u00edcke oble\u010denie (vr\u00e1tane <a href=\"https:\/\/dev.medandbeauty.com\/sklep\/dla-niej\/\">d\u00e1mskeho zdravotn\u00edckeho oble<\/a> \u010denia a <a href=\"https:\/\/dev.medandbeauty.com\/sklep\/dla-niego\/\">p\u00e1nskeho zdravotn\u00edckeho<\/a> oble\u010denia) nem\u00e1 konkurenciu. Odpor\u00fa\u010dame v\u00e1m tie\u017e nav\u0161t\u00edvi\u0165 n\u00e1s na Facebooku a Instagrame a zad\u00e1va\u0165 objedn\u00e1vky.  <\/p>\n","protected":false},"excerpt":{"rendered":"<p>Ak h\u013ead\u00e1te profesion\u00e1lne zdravotn\u00edcke oble\u010denie v Poznani, ste na spr\u00e1vnom mieste! N\u00e1\u0161 stacion\u00e1rny obchod so zdravotn\u00edckym oble\u010den\u00edm pon\u00faka \u0161irok\u00fd v\u00fdber zdravotn\u00edckeho oble\u010denia, ktor\u00e9 sp\u013a\u0148a najvy\u0161\u0161ie \u0161tandardy kvality a sp\u00e1ja funk\u010dnos\u0165 s m\u00f3dnym vzh\u013eadom. Na\u0161e lek\u00e1rske oble\u010denie v Poznani je ur\u010den\u00e9 pre v\u0161etk\u00fdch zdravotn\u00edckych pracovn\u00edkov, ktor\u00ed chc\u00fa vyzera\u0165 profesion\u00e1lne a z\u00e1rove\u0148 sa c\u00edti\u0165 pohodlne po\u010das cel\u00e9ho [&hellip;]<\/p>\n","protected":false},"author":28789,"featured_media":0,"parent":0,"menu_order":0,"comment_status":"closed","ping_status":"closed","template":"page.php","meta":{"_acf_changed":false,"inline_featured_image":false,"footnotes":""},"class_list":["post-356318","page","type-page","status-publish","hentry"],"acf":[],"_links":{"self":[{"href":"https:\/\/dev.medandbeauty.com\/sk\/wp-json\/wp\/v2\/pages\/356318","targetHints":{"allow":["GET"]}}],"collection":[{"href":"https:\/\/dev.medandbeauty.com\/sk\/wp-json\/wp\/v2\/pages"}],"about":[{"href":"https:\/\/dev.medandbeauty.com\/sk\/wp-json\/wp\/v2\/types\/page"}],"author":[{"embeddable":true,"href":"https:\/\/dev.medandbeauty.com\/sk\/wp-json\/wp\/v2\/users\/28789"}],"replies":[{"embeddable":true,"href":"https:\/\/dev.medandbeauty.com\/sk\/wp-json\/wp\/v2\/comments?post=356318"}],"version-history":[{"count":1,"href":"https:\/\/dev.medandbeauty.com\/sk\/wp-json\/wp\/v2\/pages\/356318\/revisions"}],"predecessor-version":[{"id":356322,"href":"https:\/\/dev.medandbeauty.com\/sk\/wp-json\/wp\/v2\/pages\/356318\/revisions\/356322"}],"wp:attachment":[{"href":"https:\/\/dev.medandbeauty.com\/sk\/wp-json\/wp\/v2\/media?parent=356318"}],"curies":[{"name":"wp","href":"https:\/\/api.w.org\/{rel}","templated":true}]}}