{"id":356308,"date":"2024-11-21T10:01:48","date_gmt":"2024-11-21T09:01:48","guid":{"rendered":"https:\/\/dev.medandbeauty.com\/zdravotnicke-oblecenie-varsava\/"},"modified":"2025-03-01T22:57:21","modified_gmt":"2025-03-01T21:57:21","slug":"zdravotnicke-oblecenie-varsava","status":"publish","type":"page","link":"https:\/\/dev.medandbeauty.com\/sk\/zdravotnicke-oblecenie-varsava\/","title":{"rendered":"Zdravotn\u00edcke oble\u010denie Var\u0161ava"},"content":{"rendered":"\n<p>Ak h\u013ead\u00e1te zdravotn\u00edcke oble\u010denie vo Var\u0161ave, ste na spr\u00e1vnom mieste! V na\u0161om obchode so zdravotn\u00edckym oble\u010den\u00edm vo Var\u0161ave pon\u00fakame \u0161irok\u00fd sortiment zdravotn\u00edckeho oble\u010denia, ktor\u00e9 nielen\u017ee <strong>poskytuje maxim\u00e1lne pohodlie po\u010das dlh\u00fdch pracovn\u00fdch hod\u00edn, ale aj skvele vyzer\u00e1.<\/strong> N\u00e1\u0161 obchod so zdravotn\u00edckym oble\u010den\u00edm vo Var\u0161ave pon\u00faka rie\u0161enia prisp\u00f4soben\u00e9 potreb\u00e1m dne\u0161n\u00fdch profesion\u00e1lov. <\/p>\n\n<h2 class=\"wp-block-heading\"><strong>Obchod so zdravotn\u00edckym oble\u010den\u00edm Var\u0161ava<\/strong><\/h2>\n\n<p>Med&amp;Beauty je miesto, kde n\u00e1jdete kvalitn\u00e9 zdravotn\u00edcke oble\u010denie vo Var\u0161ave. Na\u0161e v\u00fdrobky sp\u00e1jaj\u00fa modern\u00fd dizajn s funk\u010dnos\u0165ou, v\u010faka \u010domu s\u00fa nielen praktick\u00e9, ale aj m\u00f3dne. V na\u0161ej ponuke n\u00e1jdete okrem in\u00e9ho:  <\/p>\n\n<ul class=\"wp-block-list\">\n<li>lek\u00e1rske z\u00e1stery Var\u0161ava,<\/li>\n\n\n\n<li>lek\u00e1rske odevy Var\u0161ava, nohavice,<\/li>\n\n\n\n<li>lek\u00e1rske bl\u00fazky Var\u0161ava,<\/li>\n\n\n\n<li>lek\u00e1rske \u0161aty Var\u0161ava,<\/li>\n\n\n\n<li>lek\u00e1rske nohavice Var\u0161ava.<\/li>\n<\/ul>\n\n<p>Na\u0161e zdravotn\u00edcke oble\u010denie vo Var\u0161ave je navrhnut\u00e9 tak, aby sa pohodlne nosilo po\u010das cel\u00e9ho pracovn\u00e9ho d\u0148a.  <strong>Pou\u017e\u00edvame najkvalitnej\u0161ie materi\u00e1ly, ktor\u00e9 s\u00fa priedu\u0161n\u00e9, m\u00e4kk\u00e9 a \u013eahko sa \u010distia.<\/strong>  Na\u0161e zdravotn\u00edcke oble\u010denie je nielen \u0161t\u00fdlov\u00e9, ale aj ergonomick\u00e9 a odoln\u00e9.<\/p>\n\n<h2 class=\"wp-block-heading\"><strong>Stacion\u00e1r Med&amp;Beauty &#8211; zdravotn\u00edcke oble\u010denie Var\u0161ava na dosah ruky<\/strong><\/h2>\n\n<p>Radi by sme v\u00e1s pozvali do n\u00e1\u0161ho stacion\u00e1rneho obchodu so zdravotn\u00edckym oble\u010den\u00edm vo Var\u0161ave, ktor\u00fd sa nach\u00e1dza na ulici Klimczaka 6A\/U4, Wilan\u00f3w. Zdravotn\u00edcke oble\u010denie si m\u00f4\u017eete prezrie\u0165 a vysk\u00fa\u0161a\u0165 priamo na mieste a <strong>na\u0161i poradcovia v\u00e1m radi pom\u00f4\u017eu vybra\u0165 tie spr\u00e1vne v\u00fdrobky pre va\u0161e potreby.<\/strong> Zaparkova\u0165 m\u00f4\u017eete bez probl\u00e9mov na bezplatn\u00fdch parkovisk\u00e1ch v pri\u013eahl\u00fdch uliciach. Zaparkova\u0165 je mo\u017en\u00e9 aj v Kr\u00e1\u013eovskej gal\u00e9rii Wilan\u00f3w. Odpor\u00fa\u010dame v\u00e1m nakupova\u0165 od pondelka do soboty a po\u010das n\u00e1kupn\u00fdch nedie\u013e.    <\/p>\n\n<h2 class=\"wp-block-heading\"><strong>Nakupovanie online &#8211; pohodln\u00e9 a r\u00fdchle<\/strong><\/h2>\n\n<p>Ak nem\u00e1te \u010das nav\u0161t\u00edvi\u0165 n\u00e1\u0161 stacion\u00e1rny obchod, <strong>pon\u00fakame v\u00e1m mo\u017enos\u0165 zak\u00fapi\u0165 si zdravotn\u00edcke oble\u010denie online.<\/strong> N\u00e1\u0161 internetov\u00fd obchod pon\u00faka kompletn\u00fd sortiment, tak\u017ee si m\u00f4\u017eete objedna\u0165 zdravotn\u00edcke oble\u010denie Var\u0161ava bez toho, aby ste museli opusti\u0165 svoj domov. Intuit\u00edvne slu\u017eby, podrobn\u00e9 popisy produktov a ve\u013ekostn\u00e9 tabu\u013eky v\u00e1m umo\u017enia r\u00fdchle a pr\u00edjemn\u00e9 nakupovanie. Ka\u017ed\u00fd model je starostlivo op\u00edsan\u00fd a skvel\u00e9 kvalitn\u00e9 fotografie v\u00e1m umo\u017enia prezrie\u0165 si v\u00fdrobky detailne e\u0161te pred rozhodnut\u00edm.  <\/p>\n\n<h2 class=\"wp-block-heading\"><strong>Zdravotn\u00edcke oble\u010denie Var\u0161ava<\/strong><\/h2>\n\n<p>Zdravotn\u00edcke odevy z n\u00e1\u0161ho obchodu vo Var\u0161ave sa \u0161ij\u00fa v Po\u013esku, \u010do zaru\u010duje <strong>vysok\u00fa kvalitu spracovania a pozornos\u0165 venovan\u00fa ka\u017ed\u00e9mu detailu<\/strong>. Poskytujeme a\u017e 100 dn\u00ed na vr\u00e1tenie tovaru, \u010do v\u00e1m umo\u017en\u00ed pokojne sa rozhodn\u00fa\u0165 pre n\u00e1kup. Okrem toho <strong>pon\u00fakame mo\u017enos\u0165 personaliz\u00e1cie<\/strong> odevov &#8211; vy\u0161\u00edvame logo spolo\u010dnosti, meno zamestnanca, aby bol odev nielen praktick\u00fd, ale aj jedine\u010dn\u00fd. N\u00e1\u0161 <a href=\"\/\">obchod so zdravotn\u00edckym oble\u010den\u00edm<\/a> pon\u00faka \u0161tudentom pravideln\u00e9 z\u013eavy a v\u0161etk\u00fdm z\u00e1kazn\u00edkom pon\u00fakame dopravu zadarmo pri objedn\u00e1vke nad 500 GBP.   <\/p>\n\n<p>Sledujte n\u00e1s na Instagrame a z\u00edskajte in\u0161pir\u00e1ciu, produktov\u00e9 novinky a m\u00f3dne tipy pre lek\u00e1rsky styling od Med&amp;Beauty. Objavte, ako na\u0161e <a href=\"https:\/\/dev.medandbeauty.com\/sklep\/dla-niej\/\" data-type=\"product_cat\" data-id=\"69\">d\u00e1mske lek\u00e1rske oble\u010denie<\/a> a <a href=\"https:\/\/dev.medandbeauty.com\/sklep\/dla-niego\/\">p\u00e1nske lek\u00e1rske oble\u010denie<\/a> m\u00f4\u017ee zmeni\u0165 va\u0161e pohodlie a \u0161t\u00fdl na dennej b\u00e1ze! Poz\u00fdvame v\u00e1s na objedn\u00e1vanie.  <\/p>\n","protected":false},"excerpt":{"rendered":"<p>Ak h\u013ead\u00e1te zdravotn\u00edcke oble\u010denie vo Var\u0161ave, ste na spr\u00e1vnom mieste! V na\u0161om obchode so zdravotn\u00edckym oble\u010den\u00edm vo Var\u0161ave pon\u00fakame \u0161irok\u00fd sortiment zdravotn\u00edckeho oble\u010denia, ktor\u00e9 nielen\u017ee poskytuje maxim\u00e1lne pohodlie po\u010das dlh\u00fdch pracovn\u00fdch hod\u00edn, ale aj skvele vyzer\u00e1. N\u00e1\u0161 obchod so zdravotn\u00edckym oble\u010den\u00edm vo Var\u0161ave pon\u00faka rie\u0161enia prisp\u00f4soben\u00e9 potreb\u00e1m dne\u0161n\u00fdch profesion\u00e1lov. Obchod so zdravotn\u00edckym oble\u010den\u00edm Var\u0161ava Med&amp;Beauty [&hellip;]<\/p>\n","protected":false},"author":28789,"featured_media":0,"parent":0,"menu_order":0,"comment_status":"closed","ping_status":"closed","template":"page.php","meta":{"_acf_changed":false,"inline_featured_image":false,"footnotes":""},"class_list":["post-356308","page","type-page","status-publish","hentry"],"acf":[],"_links":{"self":[{"href":"https:\/\/dev.medandbeauty.com\/sk\/wp-json\/wp\/v2\/pages\/356308","targetHints":{"allow":["GET"]}}],"collection":[{"href":"https:\/\/dev.medandbeauty.com\/sk\/wp-json\/wp\/v2\/pages"}],"about":[{"href":"https:\/\/dev.medandbeauty.com\/sk\/wp-json\/wp\/v2\/types\/page"}],"author":[{"embeddable":true,"href":"https:\/\/dev.medandbeauty.com\/sk\/wp-json\/wp\/v2\/users\/28789"}],"replies":[{"embeddable":true,"href":"https:\/\/dev.medandbeauty.com\/sk\/wp-json\/wp\/v2\/comments?post=356308"}],"version-history":[{"count":1,"href":"https:\/\/dev.medandbeauty.com\/sk\/wp-json\/wp\/v2\/pages\/356308\/revisions"}],"predecessor-version":[{"id":356310,"href":"https:\/\/dev.medandbeauty.com\/sk\/wp-json\/wp\/v2\/pages\/356308\/revisions\/356310"}],"wp:attachment":[{"href":"https:\/\/dev.medandbeauty.com\/sk\/wp-json\/wp\/v2\/media?parent=356308"}],"curies":[{"name":"wp","href":"https:\/\/api.w.org\/{rel}","templated":true}]}}