{"id":558879,"date":"2025-10-13T14:38:57","date_gmt":"2025-10-13T12:38:57","guid":{"rendered":"https:\/\/dev.medandbeauty.com\/product\/felpa-con-cappuccio-in-pile-medicale-da-donna-bottle-green-2\/"},"modified":"2025-12-23T11:52:02","modified_gmt":"2025-12-23T10:52:02","slug":"felpa-con-cappuccio-in-pile-medicale-da-donna-bottle-green-2","status":"publish","type":"product","link":"https:\/\/dev.medandbeauty.com\/it\/product\/felpa-con-cappuccio-in-pile-medicale-da-donna-bottle-green-2\/","title":{"rendered":"Felpa con cappuccio in pile medicale da donna BOTTLE GREEN"},"content":{"rendered":"<h2>Felpa medica in pile &#8211; comoda da indossare<\/h2>\n<p>Scopri il nostro ultimo successo: le classiche e affidabili felpe in pile medicali che ti terranno al caldo e al massimo del comfort nelle giornate pi\u00f9 fredde.<\/p>\n<p>La felpa da donna in pile medicale in BOTTLE GREEN \u00e8 realizzata in poliestere riciclato al 100% dalla rinomata azienda POLARTEC.<\/p>\n<p><strong>La felpa da donna in pile medicale \u00e8 certificata OEKO-TEX e Bluesign.<\/strong><\/p>\n<p><strong>Polartec 200<\/strong> \u00e8 una delle linee di tessuti di POLARTEC, un&#8217;azienda <strong>specializzata nella creazione di abbigliamento tecnico e outdoor della migliore qualit\u00e0.<\/strong><\/p>\n<p>Il pile con cui sono realizzate le nostre felpe mediche \u00e8 un materiale <strong>da 250 gsm (grammi per metro quadrato)<\/strong>, che lo rende ideale per i settori medico ed estetico.<\/p>\n<p>Il tessuto ha uno spessore medio, quindi offre un eccellente isolamento termico con un peso ridotto e garantisce anche un&#8217;asciugatura rapida.<\/p>\n<p>La felpa medica \u00e8 realizzata con un materiale traspirante che allontana l&#8217;umidit\u00e0 dal corpo e ti mantiene comodo durante le ore di lavoro pi\u00f9 intense.<\/p>\n<p>Il tessuto \u00e8 <strong>altamente resistente, estremamente morbido e gradevole al tatto, oltre a essere estremamente resistente alla peluria.<\/strong><\/p>\n<h2><strong>Calda felpa medica &#8211; ideale per ogni posto di lavoro<\/strong><\/h2>\n<p>Dopo il primo lavaggio, il lato interno del vello acquisisce un effetto piacevolmente soffice, simile a quello di un morbido &#8220;agnello&#8221;.<\/p>\n<p>Questo rende il materiale ancora pi\u00f9 morbido e confortevole da indossare.<\/p>\n<p>La felpa medica da donna si adatta a ogni tipo di figura, non limita i movimenti e, cosa particolarmente importante per le felpe mediche<strong>, \u00e8 molto calda.<\/strong><\/p>\n<p>La calda felpa medica \u00e8 stata dotata di due profonde tasche anteriori per riporre tutti gli accessori necessari durante il lavoro.<\/p>\n<p>La comoda zip a tutta lunghezza e le pratiche coulisse rendono <a href=\"https:\/\/dev.medandbeauty.com\/it\/shop\/per-lei\/collezione-basic-per-lei\/felpe-mediche-basic-per-lei\/\">le felpe da donna in pile medico<\/a> altamente funzionali.<\/p>\n<p>Sulla manica e sul petto \u00e8 presente un sottile logo del colore della felpa.<\/p>\n<p>Abbina <strong>la felpa in pile medicale <\/strong> a una <strong>camicetta medicale con due tasche, a una camicetta medicale con una tasca<\/strong>, a dei <strong>joggers medicali <\/strong>o a dei <strong>pantaloni medicali<\/strong> classici <strong>e dritti<\/strong> dello stesso colore o scegli una tonalit\u00e0 diversa tra le tante disponibili nella collezione. <a href=\"https:\/\/dev.medandbeauty.com\/it\/shop\/per-lei\/collezione-basic-per-lei\/\" target=\"_blank\" rel=\"noopener\"><strong>collezione<\/strong> <strong>Med &amp; Beauty Basic<\/strong><\/a>.<\/p>\n<p>Assicurati il massimo comfort e un look professionale al lavoro con le<strong> felpe mediche<\/strong> <strong>Med &amp; Beauty <\/strong>.  <\/p>\n<p>La nostra felpa medica \u00e8 caratterizzata da:<\/p>\n<ul>\n<li>materiale certificato,<\/li>\n<li>due profonde tasche anteriori,<\/li>\n<li>colletto alto per tenerti al caldo nelle giornate pi\u00f9 fredde,<\/li>\n<li>comoda zip a tutta lunghezza,<\/li>\n<li>Pratici bozzi.<\/li>\n<\/ul>\n<h2>Felpa da donna in pile medicale &#8211; taglie<\/h2>\n<p><strong>Informazioni aggiuntive:<\/strong> I modelli nelle foto indossano una felpa medica della taglia S e sono alti 170-174 cm.<\/p>\n<p>Se vi state chiedendo quale taglia scegliere, date un&#8217;occhiata alla tabella delle taglie. Se hai ancora dei dubbi, inviaci le tue misure e ti adatteremo le <a href=\"https:\/\/dev.medandbeauty.com\/it\/rodzaj-ubrania\/camicette-mediche-it\/\">felpe in pile per uso medico<\/a>. <\/p>\n<p>I colori dei capi della <a href=\"https:\/\/dev.medandbeauty.com\/it\/shop\/per-lei\/collezione-basic-per-lei\/\" target=\"_blank\" rel=\"noopener\">collezione Basic<\/a> non corrispondono a quelli della<a href=\"https:\/\/dev.medandbeauty.com\/it\/shop\/per-lei\/collezione-premium-per-lei\/\" target=\"_blank\" rel=\"noopener\"> collezione Premium<\/a>, poich\u00e9 sono realizzati con tessuti diversi.<\/p>\n<p>Le tonalit\u00e0 dei singoli capi nelle immagini possono differire da quelle reali, a causa della variet\u00e0 di apparecchiature elettroniche disponibili e delle loro impostazioni individuali.<\/p>\n<p><a href=\"https:\/\/dev.medandbeauty.com\/it\/\">Il negozio di abbigliamento medico<\/a> Med&amp;Beauty offre <a href=\"https:\/\/dev.medandbeauty.com\/it\/shop\/per-lei\/\">abbigliamento medico da donna di alta qualit\u00e0 .<\/a><\/p>\n<p>Ti invitiamo a effettuare gli ordini.<\/p>\n","protected":false},"excerpt":{"rendered":"<p>Felpa medica in pile &#8211; comoda da indossare Scopri il nostro ultimo successo: le classiche e affidabili felpe in pile medicali che ti terranno al caldo e al massimo del comfort nelle giornate pi\u00f9 fredde. La felpa da donna in pile medicale in BOTTLE GREEN \u00e8 realizzata in poliestere riciclato al 100% dalla rinomata azienda [&hellip;]<\/p>\n","protected":false},"featured_media":679258,"comment_status":"open","ping_status":"closed","template":"","meta":{"_acf_changed":false,"inline_featured_image":false},"kolor":[595],"rodzaj-ubrania":[831],"ubranie":[832],"product_brand":[],"product_cat":[554,801,552],"product_tag":[],"class_list":{"0":"post-558879","1":"product","2":"type-product","3":"status-publish","4":"has-post-thumbnail","6":"kolor-verdi","7":"rodzaj-ubrania-camicette-mediche-it","8":"ubranie-camicetta-da-donna-in-pile-medico-basic","9":"product_cat-collezione-basic-per-lei","10":"product_cat-felpe-mediche-basic-per-lei","11":"product_cat-per-lei","13":"first","14":"instock","15":"taxable","16":"shipping-taxable","17":"purchasable","18":"product-type-variable"},"acf":[],"_links":{"self":[{"href":"https:\/\/dev.medandbeauty.com\/it\/wp-json\/wp\/v2\/product\/558879","targetHints":{"allow":["GET"]}}],"collection":[{"href":"https:\/\/dev.medandbeauty.com\/it\/wp-json\/wp\/v2\/product"}],"about":[{"href":"https:\/\/dev.medandbeauty.com\/it\/wp-json\/wp\/v2\/types\/product"}],"replies":[{"embeddable":true,"href":"https:\/\/dev.medandbeauty.com\/it\/wp-json\/wp\/v2\/comments?post=558879"}],"wp:featuredmedia":[{"embeddable":true,"href":"https:\/\/dev.medandbeauty.com\/it\/wp-json\/wp\/v2\/media\/679258"}],"wp:attachment":[{"href":"https:\/\/dev.medandbeauty.com\/it\/wp-json\/wp\/v2\/media?parent=558879"}],"wp:term":[{"taxonomy":"kolor","embeddable":true,"href":"https:\/\/dev.medandbeauty.com\/it\/wp-json\/wp\/v2\/kolor?post=558879"},{"taxonomy":"rodzaj-ubrania","embeddable":true,"href":"https:\/\/dev.medandbeauty.com\/it\/wp-json\/wp\/v2\/rodzaj-ubrania?post=558879"},{"taxonomy":"ubranie","embeddable":true,"href":"https:\/\/dev.medandbeauty.com\/it\/wp-json\/wp\/v2\/ubranie?post=558879"},{"taxonomy":"product_brand","embeddable":true,"href":"https:\/\/dev.medandbeauty.com\/it\/wp-json\/wp\/v2\/product_brand?post=558879"},{"taxonomy":"product_cat","embeddable":true,"href":"https:\/\/dev.medandbeauty.com\/it\/wp-json\/wp\/v2\/product_cat?post=558879"},{"taxonomy":"product_tag","embeddable":true,"href":"https:\/\/dev.medandbeauty.com\/it\/wp-json\/wp\/v2\/product_tag?post=558879"}],"curies":[{"name":"wp","href":"https:\/\/api.w.org\/{rel}","templated":true}]}}