{"id":356008,"date":"2025-02-28T11:02:49","date_gmt":"2025-02-28T10:02:49","guid":{"rendered":"https:\/\/dev.medandbeauty.com\/product\/borsa-medica-life-saver\/"},"modified":"2025-11-18T11:42:13","modified_gmt":"2025-11-18T10:42:13","slug":"borsa-medica-life-saver","status":"publish","type":"product","link":"https:\/\/dev.medandbeauty.com\/it\/product\/borsa-medica-life-saver\/","title":{"rendered":"Borsa medica Life Saver"},"content":{"rendered":"<p><strong>NOVIT\u00c0 della nostra gamma<\/strong> &#8211; capienti borse mediche in cotone con scritte che sottolineano la passione per la tua professione!<\/p>\n<p>Sei un infermiere o un medico? Metti in evidenza la tua affiliazione medica<strong> con una borsa medica con la scritta: Salvavita!<\/strong> <\/p>\n<p><span style=\"font-weight: 400;\">Quando trascorri lunghe e intense ore al lavoro, non solo hai bisogno di un<strong> abbigliamento medico <\/strong>che ti garantisca il massimo comfort, ma anche di una<strong> borsa medica<\/strong> spaziosa per tutti gli accessori di cui hai bisogno al lavoro!<\/span><\/p>\n<p><b>Borsa medica con scritta: Life Saver <\/b>\u00e8 stata realizzata in cotone al 100%.<\/p>\n<p style=\"font-weight: 400;\"><strong>La borsa<\/strong> \u00e8 dotata di due coppie di manici, per cui puoi portarla in mano o a tracolla.<\/p>\n<p>All&#8217;interno  <strong>borse mediche<\/strong>  Abbiamo incluso una tasca aggiuntiva per gli oggetti pi\u00f9 piccoli. Inoltre, la borsa \u00e8 dotata di una chiusura per poterla chiudere in modo sicuro. <\/p>\n<p>Le scritte apposte sulle<strong> borse mediche<\/strong> sottolineeranno la tua professionalit\u00e0 e l&#8217;amore per la tua professione.<\/p>\n<p>Assicurati il massimo comfort al lavoro con<strong> una borsa medica con la scritta: Salvavita!<\/strong><\/p>\n<ul>\n<li>Lunghezza: 53.5 cm, Larghezza: 33 cm<\/li>\n<li>Orecchio corto: 27 cm, orecchio lungo: 59 cm<\/li>\n<li style=\"font-weight: 400;\">100% cotone<\/li>\n<li>Design unico<\/li>\n<li>Due lunghezze di orecchie<\/li>\n<li>Iscrizioni che evidenziano la professione<\/li>\n<\/ul>\n<p><strong>Informazioni aggiuntive:<\/strong><\/p>\n<p>La tonalit\u00e0 delle borse nelle foto pu\u00f2 variare rispetto a quella reale: ci\u00f2 \u00e8 dovuto alla variet\u00e0 di apparecchiature elettroniche disponibili e alle loro impostazioni individuali.<\/p>\n","protected":false},"excerpt":{"rendered":"<p>NOVIT\u00c0 della nostra gamma &#8211; capienti borse mediche in cotone con scritte che sottolineano la passione per la tua professione! Sei un infermiere o un medico? Metti in evidenza la tua affiliazione medica con una borsa medica con la scritta: Salvavita! Quando trascorri lunghe e intense ore al lavoro, non solo hai bisogno di un [&hellip;]<\/p>\n","protected":false},"featured_media":330835,"comment_status":"open","ping_status":"closed","template":"","meta":{"_acf_changed":false,"inline_featured_image":false},"kolor":[576],"rodzaj-ubrania":[],"ubranie":[913],"product_brand":[],"product_cat":[905,555,552],"product_tag":[],"class_list":{"0":"post-356008","1":"product","2":"type-product","3":"status-publish","4":"has-post-thumbnail","6":"kolor-beiges","7":"ubranie-borsa-medica","8":"product_cat-accessori","9":"product_cat-notizie-per-lei","10":"product_cat-per-lei","12":"first","13":"instock","14":"taxable","15":"shipping-taxable","16":"purchasable","17":"product-type-simple"},"acf":[],"_links":{"self":[{"href":"https:\/\/dev.medandbeauty.com\/it\/wp-json\/wp\/v2\/product\/356008","targetHints":{"allow":["GET"]}}],"collection":[{"href":"https:\/\/dev.medandbeauty.com\/it\/wp-json\/wp\/v2\/product"}],"about":[{"href":"https:\/\/dev.medandbeauty.com\/it\/wp-json\/wp\/v2\/types\/product"}],"replies":[{"embeddable":true,"href":"https:\/\/dev.medandbeauty.com\/it\/wp-json\/wp\/v2\/comments?post=356008"}],"wp:featuredmedia":[{"embeddable":true,"href":"https:\/\/dev.medandbeauty.com\/it\/wp-json\/wp\/v2\/media\/330835"}],"wp:attachment":[{"href":"https:\/\/dev.medandbeauty.com\/it\/wp-json\/wp\/v2\/media?parent=356008"}],"wp:term":[{"taxonomy":"kolor","embeddable":true,"href":"https:\/\/dev.medandbeauty.com\/it\/wp-json\/wp\/v2\/kolor?post=356008"},{"taxonomy":"rodzaj-ubrania","embeddable":true,"href":"https:\/\/dev.medandbeauty.com\/it\/wp-json\/wp\/v2\/rodzaj-ubrania?post=356008"},{"taxonomy":"ubranie","embeddable":true,"href":"https:\/\/dev.medandbeauty.com\/it\/wp-json\/wp\/v2\/ubranie?post=356008"},{"taxonomy":"product_brand","embeddable":true,"href":"https:\/\/dev.medandbeauty.com\/it\/wp-json\/wp\/v2\/product_brand?post=356008"},{"taxonomy":"product_cat","embeddable":true,"href":"https:\/\/dev.medandbeauty.com\/it\/wp-json\/wp\/v2\/product_cat?post=356008"},{"taxonomy":"product_tag","embeddable":true,"href":"https:\/\/dev.medandbeauty.com\/it\/wp-json\/wp\/v2\/product_tag?post=356008"}],"curies":[{"name":"wp","href":"https:\/\/api.w.org\/{rel}","templated":true}]}}