{"id":33856,"date":"2024-01-10T23:31:07","date_gmt":"2024-01-10T23:31:07","guid":{"rendered":"https:\/\/dev.medandbeauty.com\/product\/camicetta-medica-da-uomo-scrubs-basic-nero\/"},"modified":"2026-03-24T17:02:38","modified_gmt":"2026-03-24T16:02:38","slug":"camicetta-medica-da-uomo-scrubs-basic-nero","status":"publish","type":"product","link":"https:\/\/dev.medandbeauty.com\/it\/product\/camicetta-medica-da-uomo-scrubs-basic-nero\/","title":{"rendered":"Camicetta medica da uomo scrubs basic NERO"},"content":{"rendered":"<p style=\"font-weight: 400;\">Ecco i classici, <a href=\"https:\/\/dev.medandbeauty.com\/it\/shop\/per-lui\/collezione-basic-per-lui\/\" target=\"_blank\" rel=\"noopener\"><br \/>\n  <strong>camici da uomo Basic<\/strong><br \/>\n<\/a> amati dai nostri clienti!<\/p>\n<p style=\"font-weight: 400;\">Quando si trascorrono lunghe ore al lavoro, \u00e8 necessario un <strong>abbigliamento medico<\/strong> che garantisca il massimo comfort. <strong>La camicetta medica da uomo scrubs Basic in nero<\/strong> \u00e8 stata realizzata con materiali della migliore qualit\u00e0.<\/p>\n<p style=\"font-weight: 400;\">La combinazione di poliestere, viscosa e lycra rende il materiale morbido, molto resistente, adattabile a qualsiasi forma del corpo, non limita i movimenti e, cosa estremamente importante per gli indumenti medici, \u00e8 traspirante e traspirante.<\/p>\n<p style=\"font-weight: 400;\">La camicetta <strong>nera da uomo Basic medical scrubs<\/strong> \u00e8 la base perfetta per un <strong>guardaroba medico maschile<\/strong> classico e molto pratico.<\/p>\n<p style=\"font-weight: 400;\">Il camice <strong>medico Basic da uomo nero<\/strong> \u00e8 dotato di due ampie e pratiche tasche per riporre tutti gli strumenti e gli accessori necessari al lavoro. Inoltre, sul petto \u00e8 stata collocata una funzionale tasca portadocumenti. <\/p>\n<p style=\"font-weight: 400;\">Il classico scollo a V sottolinea visivamente l&#8217;eleganza di questo modello, mentre la lunghezza delle maniche (che arrivano quasi al gomito) protegge le spalle senza limitare la libert\u00e0 di movimento.<\/p>\n<p style=\"font-weight: 400;\">Abbinate <strong>la camicetta medica Basic da uomo in nero<\/strong> con i joggers medici. <a href=\"https:\/\/dev.medandbeauty.com\/sk\/product\/panske-lekarske-nohavice-joggers-scrubs-basic-black\/\" target=\"_blank\" rel=\"noopener\"><strong>joggers medici<\/strong> <\/a>o <a href=\"https:\/\/dev.medandbeauty.com\/sk\/product\/panske-lekarske-nohavice-proste-scrubs-basic-black\/\" target=\"_blank\" rel=\"noopener\"><strong>pantaloni medici classici dritti<\/strong> <\/a>dello stesso colore o scegliete un&#8217;altra tonalit\u00e0 dalla collezione disponibile <a href=\"https:\/\/dev.medandbeauty.com\/it\/shop\/per-lui\/collezione-basic-per-lui\/\" target=\"_blank\" rel=\"noopener\"><br \/>\n  <strong>Collezione Med &amp; Beauty Basic<\/strong><br \/>\n<\/a>.<\/p>\n<p style=\"font-weight: 400;\">Assicurate il massimo comfort e un aspetto professionale al lavoro con i<strong> camici medici Med &amp; Beauty Basic<\/strong>.<\/p>\n<ul>\n<li style=\"font-weight: 400;\">Due ampie tasche anteriori e un taschino aggiuntivo sul petto<\/li>\n<li style=\"font-weight: 400;\"><span style=\"font-family: inherit;\">Taglio elegante e dritto<\/span><\/li>\n<li style=\"font-weight: 400;\"><span style=\"font-family: inherit;\">Scollo a V classico<\/span><\/li>\n<li style=\"font-weight: 400;\"><span style=\"font-family: inherit;\">Confortevole, a maniche corte<\/span><\/li>\n<\/ul>\n<p>&nbsp;<\/p>\n<p style=\"font-weight: 400;\"><strong>Informazioni aggiuntive:<\/strong><\/p>\n<p style=\"font-weight: 400;\">La modella nelle foto indossa la taglia L ed \u00e8 alta 186 cm.<\/p>\n<p style=\"font-weight: 400;\">Se vi state chiedendo quale taglia scegliere, date un&#8217;occhiata alla tabella delle taglie. In caso di dubbi, inviateci le vostre misure e noi le adatteremo per voi. <\/p>\n<p style=\"font-weight: 400;\">I colori dei capi della <a href=\"https:\/\/dev.medandbeauty.com\/it\/shop\/per-lui\/collezione-basic-per-lui\/\" target=\"_blank\" rel=\"noopener\">collezione Basic<\/a> non corrispondono a quelli della <a href=\"https:\/\/dev.medandbeauty.com\/it\/shop\/per-lui\/collezione-premium-per-lui\/\" target=\"_blank\" rel=\"noopener\">collezione Premium<\/a>, poich\u00e9 sono realizzati con tessuti diversi.<\/p>\n<p style=\"font-weight: 400;\">Le tonalit\u00e0 dei singoli capi nelle immagini possono differire da quelle reali, a causa della variet\u00e0 di apparecchiature elettroniche disponibili e delle loro impostazioni individuali.<\/p>\n","protected":false},"excerpt":{"rendered":"<p>Ecco i classici, camici da uomo Basic amati dai nostri clienti! Quando si trascorrono lunghe ore al lavoro, \u00e8 necessario un abbigliamento medico che garantisca il massimo comfort. La camicetta medica da uomo scrubs Basic in nero \u00e8 stata realizzata con materiali della migliore qualit\u00e0. La combinazione di poliestere, viscosa e lycra rende il materiale [&hellip;]<\/p>\n","protected":false},"featured_media":33875,"comment_status":"open","ping_status":"closed","template":"","meta":{"_acf_changed":false,"inline_featured_image":false},"kolor":[563],"rodzaj-ubrania":[557,556],"ubranie":[629],"product_brand":[],"product_cat":[794,628,606,769],"product_tag":[],"class_list":{"0":"post-33856","1":"product","2":"type-product","3":"status-publish","4":"has-post-thumbnail","6":"kolor-czernie-it","7":"rodzaj-ubrania-camicette-mediche","8":"rodzaj-ubrania-camici","9":"ubranie-camicetta-medica-da-uomo-basic","10":"product_cat-camicette-mediche-basic-per-lui","11":"product_cat-collezione-basic-per-lui","12":"product_cat-per-lui","13":"product_cat-scrubs-basic-per-lui","15":"first","16":"instock","17":"taxable","18":"shipping-taxable","19":"purchasable","20":"product-type-variable"},"acf":[],"_links":{"self":[{"href":"https:\/\/dev.medandbeauty.com\/it\/wp-json\/wp\/v2\/product\/33856","targetHints":{"allow":["GET"]}}],"collection":[{"href":"https:\/\/dev.medandbeauty.com\/it\/wp-json\/wp\/v2\/product"}],"about":[{"href":"https:\/\/dev.medandbeauty.com\/it\/wp-json\/wp\/v2\/types\/product"}],"replies":[{"embeddable":true,"href":"https:\/\/dev.medandbeauty.com\/it\/wp-json\/wp\/v2\/comments?post=33856"}],"wp:featuredmedia":[{"embeddable":true,"href":"https:\/\/dev.medandbeauty.com\/it\/wp-json\/wp\/v2\/media\/33875"}],"wp:attachment":[{"href":"https:\/\/dev.medandbeauty.com\/it\/wp-json\/wp\/v2\/media?parent=33856"}],"wp:term":[{"taxonomy":"kolor","embeddable":true,"href":"https:\/\/dev.medandbeauty.com\/it\/wp-json\/wp\/v2\/kolor?post=33856"},{"taxonomy":"rodzaj-ubrania","embeddable":true,"href":"https:\/\/dev.medandbeauty.com\/it\/wp-json\/wp\/v2\/rodzaj-ubrania?post=33856"},{"taxonomy":"ubranie","embeddable":true,"href":"https:\/\/dev.medandbeauty.com\/it\/wp-json\/wp\/v2\/ubranie?post=33856"},{"taxonomy":"product_brand","embeddable":true,"href":"https:\/\/dev.medandbeauty.com\/it\/wp-json\/wp\/v2\/product_brand?post=33856"},{"taxonomy":"product_cat","embeddable":true,"href":"https:\/\/dev.medandbeauty.com\/it\/wp-json\/wp\/v2\/product_cat?post=33856"},{"taxonomy":"product_tag","embeddable":true,"href":"https:\/\/dev.medandbeauty.com\/it\/wp-json\/wp\/v2\/product_tag?post=33856"}],"curies":[{"name":"wp","href":"https:\/\/api.w.org\/{rel}","templated":true}]}}