{"id":33395,"date":"2024-01-09T22:43:38","date_gmt":"2024-01-09T22:43:38","guid":{"rendered":"https:\/\/dev.medandbeauty.com\/product\/camicetta-medica-da-donna-basic-magic-violet\/"},"modified":"2026-02-25T14:19:26","modified_gmt":"2026-02-25T13:19:26","slug":"camicetta-medica-da-donna-basic-magic-violet","status":"publish","type":"product","link":"https:\/\/dev.medandbeauty.com\/it\/product\/camicetta-medica-da-donna-basic-magic-violet\/","title":{"rendered":"Camicetta medica da donna Basic MAGIC VIOLET"},"content":{"rendered":"<p style=\"font-weight: 400;\">Scoprite i classici e affidabili <strong><a href=\"https:\/\/dev.medandbeauty.com\/it\/shop\/per-lei\/collezione-basic-per-lei\/\" target=\"_blank\" rel=\"noopener\">camici Basic<\/a><\/strong> di cui migliaia di clienti si sono innamorati!<\/p>\n<p>Trascorrendo lunghe e intense ore al lavoro, hai bisogno di<strong style=\"font-weight: 400;\">  abbigliamento medico,  <\/strong>che ti garantir\u00e0 il massimo comfort.  <strong>Il camice medico da donna scrubs basic magic violet<\/strong> \u00e8 stato realizzato con materiali della migliore qualit\u00e0.<\/p>\n<p style=\"font-weight: 400;\">La combinazione di poliestere, viscosa e lycra rende il tessuto molto morbido, resistente, piacevole al tatto, adattabile a tutti i tipi di corpo, non limita i movimenti e, cosa estremamente importante per gli <strong>indumenti medici<\/strong>, \u00e8 anche traspirante e traspirante.<\/p>\n<p style=\"font-weight: 400;\"><strong>La camicetta medica Scrubs Basic magic violet da donna <\/strong>\u00e8 la base perfetta per un guardaroba <strong>medico<\/strong> affidabile e senza tempo.<\/p>\n<p style=\"font-weight: 400;\">\u00c8 dotato di due tasche estremamente pratiche e capienti per riporre tutti gli accessori necessari durante il lavoro.<\/p>\n<p style=\"font-weight: 400;\">Il classico scollo a V allunga otticamente la silhouette, il taglio affusolato in vita mette in risalto i punti forti di ogni figura e la lunghezza delle maniche (che arrivano quasi al gomito) protegge le spalle senza limitare i movimenti.<\/p>\n<p style=\"font-weight: 400;\">Abbinate la <strong>camicetta da donna Basic medical in magic violet<\/strong> con i joggers medici. <a href=\"https:\/\/dev.medandbeauty.com\/product\/spodnie-medyczne-damskie-joggery-v1-scrubs-basic-magic-violet\/\" target=\"_blank\" rel=\"noopener\"><br \/>\n  <strong>joggers medici <\/strong><br \/>\n<\/a>o i classici <a href=\"https:\/\/dev.medandbeauty.com\/product\/spodnie-medyczne-damskie-proste-scrubs-basic-magic-violet\/\" target=\"_blank\" rel=\"noopener\"><strong>pantaloni medici dritti<\/strong> <\/a>dello stesso colore o scegliete un&#8217;altra tonalit\u00e0 tra le tante disponibili in collezione. <a href=\"https:\/\/dev.medandbeauty.com\/it\/shop\/per-lei\/collezione-basic-per-lei\/\" target=\"_blank\" rel=\"noopener\"><br \/>\n  <strong>Med &amp; Beauty Basic<\/strong><br \/>\n<\/a>.<\/p>\n<p style=\"font-weight: 400;\">Assicurate il massimo comfort e un aspetto professionale al lavoro con i<strong> camici medici<\/strong> <strong>Med &amp; Beauty Basic<\/strong>.<\/p>\n<ul>\n<li style=\"font-weight: 400;\">Due tasche grandi, pratiche e spaziose<\/li>\n<li style=\"font-weight: 400;\"><span style=\"font-family: inherit;\">Vita sagomata<\/span><\/li>\n<li style=\"font-weight: 400;\"><span style=\"font-family: inherit;\">Scollo a V classico<\/span><\/li>\n<li style=\"font-weight: 400;\"><span style=\"font-family: inherit;\">Confortevole, a maniche corte<\/span><\/li>\n<\/ul>\n<p>&nbsp;<\/p>\n<p style=\"font-weight: 400;\">\nI<strong>nformazioni aggiuntive:<\/strong> Le modelle nelle foto indossano la taglia S e sono alte 170-174 cm.<\/p>\n<p style=\"font-weight: 400;\">Se vi state chiedendo quale taglia scegliere, date un&#8217;occhiata alla tabella delle taglie. In caso di dubbi, inviateci le vostre misure e noi le adatteremo per voi. <\/p>\n<p style=\"font-weight: 400;\">I colori dei capi della <a href=\"https:\/\/dev.medandbeauty.com\/it\/shop\/per-lei\/collezione-basic-per-lei\/\" target=\"_blank\" rel=\"noopener\">collezione Basic<\/a> non corrispondono a quelli della <a href=\"https:\/\/dev.medandbeauty.com\/it\/shop\/per-lei\/collezione-premium-per-lei\/\" target=\"_blank\" rel=\"noopener\">collezione Premium<\/a>, poich\u00e9 sono realizzati con tessuti diversi.<\/p>\n<p style=\"font-weight: 400;\">Le tonalit\u00e0 dei singoli capi nelle immagini possono differire da quelle reali, a causa della variet\u00e0 di apparecchiature elettroniche disponibili e delle loro impostazioni individuali.<\/p>\n<p>&nbsp;<\/p>\n","protected":false},"excerpt":{"rendered":"<p>Scoprite i classici e affidabili camici Basic di cui migliaia di clienti si sono innamorati! Trascorrendo lunghe e intense ore al lavoro, hai bisogno di abbigliamento medico, che ti garantir\u00e0 il massimo comfort. Il camice medico da donna scrubs basic magic violet \u00e8 stato realizzato con materiali della migliore qualit\u00e0. La combinazione di poliestere, viscosa [&hellip;]<\/p>\n","protected":false},"featured_media":33423,"comment_status":"open","ping_status":"closed","template":"","meta":{"_acf_changed":false,"inline_featured_image":false},"kolor":[591],"rodzaj-ubrania":[557,556],"ubranie":[842],"product_brand":[],"product_cat":[552,615,2131],"product_tag":[],"class_list":{"0":"post-33395","1":"product","2":"type-product","3":"status-publish","4":"has-post-thumbnail","6":"kolor-violette","7":"rodzaj-ubrania-camicette-mediche","8":"rodzaj-ubrania-camici","9":"ubranie-camicetta-medica-da-donna-scrubs-basic-outlet","10":"product_cat-per-lei","11":"product_cat-presa","12":"product_cat-saldi-invernali","14":"first","15":"instock","16":"sale","17":"taxable","18":"shipping-taxable","19":"purchasable","20":"product-type-variable"},"acf":[],"_links":{"self":[{"href":"https:\/\/dev.medandbeauty.com\/it\/wp-json\/wp\/v2\/product\/33395","targetHints":{"allow":["GET"]}}],"collection":[{"href":"https:\/\/dev.medandbeauty.com\/it\/wp-json\/wp\/v2\/product"}],"about":[{"href":"https:\/\/dev.medandbeauty.com\/it\/wp-json\/wp\/v2\/types\/product"}],"replies":[{"embeddable":true,"href":"https:\/\/dev.medandbeauty.com\/it\/wp-json\/wp\/v2\/comments?post=33395"}],"wp:featuredmedia":[{"embeddable":true,"href":"https:\/\/dev.medandbeauty.com\/it\/wp-json\/wp\/v2\/media\/33423"}],"wp:attachment":[{"href":"https:\/\/dev.medandbeauty.com\/it\/wp-json\/wp\/v2\/media?parent=33395"}],"wp:term":[{"taxonomy":"kolor","embeddable":true,"href":"https:\/\/dev.medandbeauty.com\/it\/wp-json\/wp\/v2\/kolor?post=33395"},{"taxonomy":"rodzaj-ubrania","embeddable":true,"href":"https:\/\/dev.medandbeauty.com\/it\/wp-json\/wp\/v2\/rodzaj-ubrania?post=33395"},{"taxonomy":"ubranie","embeddable":true,"href":"https:\/\/dev.medandbeauty.com\/it\/wp-json\/wp\/v2\/ubranie?post=33395"},{"taxonomy":"product_brand","embeddable":true,"href":"https:\/\/dev.medandbeauty.com\/it\/wp-json\/wp\/v2\/product_brand?post=33395"},{"taxonomy":"product_cat","embeddable":true,"href":"https:\/\/dev.medandbeauty.com\/it\/wp-json\/wp\/v2\/product_cat?post=33395"},{"taxonomy":"product_tag","embeddable":true,"href":"https:\/\/dev.medandbeauty.com\/it\/wp-json\/wp\/v2\/product_tag?post=33395"}],"curies":[{"name":"wp","href":"https:\/\/api.w.org\/{rel}","templated":true}]}}