{"id":33205,"date":"2024-01-09T21:06:44","date_gmt":"2024-01-09T21:06:44","guid":{"rendered":"https:\/\/dev.medandbeauty.com\/product\/camicetta-medica-da-donna-basic-crystal-blue\/"},"modified":"2025-12-23T11:57:12","modified_gmt":"2025-12-23T10:57:12","slug":"camicetta-medica-da-donna-basic-crystal-blue","status":"publish","type":"product","link":"https:\/\/dev.medandbeauty.com\/it\/product\/camicetta-medica-da-donna-basic-crystal-blue\/","title":{"rendered":"Camicetta medica da donna Basic CRYSTAL BLUE"},"content":{"rendered":"<p style=\"font-weight: 400;\">Scoprite gli intramontabili <strong><a href=\"https:\/\/dev.medandbeauty.com\/it\/shop\/per-lei\/collezione-basic-per-lei\/\" target=\"_blank\" rel=\"noopener\">scrub Basic<\/a><\/strong> di cui migliaia di clienti si sono innamorati!<\/p>\n<p>Trascorrendo lunghe e intense ore al lavoro, hai bisogno di<strong style=\"font-weight: 400;\">  abbigliamento medico,  <\/strong>che ti garantir\u00e0 il massimo comfort. <strong>Il camice medico da donna scrubs basic crystal<span style=\"font-weight: 400;\"><strong> <\/strong>blu<\/span><\/strong> \u00e8 realizzato con materiali della migliore qualit\u00e0. <\/p>\n<p style=\"font-weight: 400;\">La combinazione di poliestere, viscosa e lycra rende il tessuto molto resistente, morbido, piacevole al tatto, adattabile a tutti i tipi di corpo, non limita i movimenti e, cosa estremamente importante per gli <strong>indumenti medici<\/strong>, \u00e8 anche traspirante e traspirante.<\/p>\n<p style=\"font-weight: 400;\"><strong>La camicetta da donna basic crystal blue medical scrubs <\/strong>\u00e8 la base perfetta per un guardaroba di <strong>abbigliamento medico<\/strong> pratico, affidabile e senza tempo.<\/p>\n<p style=\"font-weight: 400;\">\u00c8 dotato di due pratiche e capienti tasche per riporre tutti gli strumenti e gli accessori necessari durante il lavoro.<\/p>\n<p style=\"font-weight: 400;\">Il classico scollo a V allunga otticamente la silhouette, la vita affusolata mette in risalto tutti i punti forti della figura femminile e la lunghezza delle maniche (che arrivano quasi al gomito) protegge le spalle senza limitare i movimenti.<\/p>\n<p style=\"font-weight: 400;\">Abbinate il <strong>camice medico Basic da donna in blu cristallo<\/strong> con i joggers medici. <a href=\"https:\/\/dev.medandbeauty.com\/sk\/product\/lekarske-nohavice-damske-joggingove-nohavice-basic-crystal-blue\/\" target=\"_blank\" rel=\"noopener\"><br \/>\n  <strong>joggers medici <\/strong><br \/>\n<\/a>o i classici <a href=\"https:\/\/dev.medandbeauty.com\/sk\/product\/damske-lekarske-nohavice-proste-scrubs-basic-crystal-blue\/\" target=\"_blank\" rel=\"noopener\"><strong>pantaloni medici dritti<\/strong> <\/a>dello stesso colore o scegliete una tonalit\u00e0 diversa tra le tante disponibili nella collezione<a href=\"https:\/\/dev.medandbeauty.com\/it\/shop\/per-lei\/collezione-basic-per-lei\/\" target=\"_blank\" rel=\"noopener\"><br \/>\n  <strong> collezione Med &amp; Beauty Basic<\/strong><br \/>\n<\/a>.<\/p>\n<p style=\"font-weight: 400;\">Assicuratevi il massimo comfort e un aspetto professionale sul lavoro con<a href=\"https:\/\/dev.medandbeauty.com\/it\/shop\/per-lei\/collezione-basic-per-lei\/\" target=\"_blank\" rel=\"noopener\"><strong> camici medici<\/strong> <strong>Med &amp; Beauty Basic<\/strong><\/a>.<\/p>\n<p>Non dimenticare di vedere anche il nostro caldo pile  <a href=\"https:\/\/dev.medandbeauty.com\/it\/shop\/per-lei\/collezione-basic-per-lei\/felpe-mediche-basic-per-lei\/\" target=\"_blank\" rel=\"noopener\">camicette mediche<\/a>  in materiale traspirante certificato!<\/p>\n<ul>\n<li style=\"font-weight: 400;\">Due tasche grandi, pratiche e spaziose<\/li>\n<li style=\"font-weight: 400;\"><span style=\"font-family: inherit;\">Vita sagomata<\/span><\/li>\n<li style=\"font-weight: 400;\"><span style=\"font-family: inherit;\">Scollo a V classico<\/span><\/li>\n<li style=\"font-weight: 400;\"><span style=\"font-family: inherit;\">Confortevole, a maniche corte<\/span><\/li>\n<\/ul>\n<p>&nbsp;<\/p>\n<p style=\"font-weight: 400;\">\nI<strong>nformazioni aggiuntive:<\/strong> Le modelle nelle foto indossano la taglia S e sono alte 170-174 cm.<\/p>\n<p style=\"font-weight: 400;\">Se vi state chiedendo quale taglia scegliere, date un&#8217;occhiata alla tabella delle taglie. In caso di dubbi, inviateci le vostre misure e noi le adatteremo per voi. <\/p>\n<p style=\"font-weight: 400;\">I colori dei capi della <a href=\"https:\/\/dev.medandbeauty.com\/it\/shop\/per-lei\/collezione-basic-per-lei\/\" target=\"_blank\" rel=\"noopener\">collezione Basic<\/a> non corrispondono a quelli della <a href=\"https:\/\/dev.medandbeauty.com\/it\/shop\/per-lei\/collezione-premium-per-lei\/\" target=\"_blank\" rel=\"noopener\">collezione Premium<\/a>, poich\u00e9 sono realizzati con tessuti diversi.<\/p>\n<p style=\"font-weight: 400;\">Le tonalit\u00e0 dei singoli capi nelle immagini possono differire da quelle reali, a causa della variet\u00e0 di apparecchiature elettroniche disponibili e delle loro impostazioni individuali.<\/p>\n","protected":false},"excerpt":{"rendered":"<p>Scoprite gli intramontabili scrub Basic di cui migliaia di clienti si sono innamorati! Trascorrendo lunghe e intense ore al lavoro, hai bisogno di abbigliamento medico, che ti garantir\u00e0 il massimo comfort. Il camice medico da donna scrubs basic crystal blu \u00e8 realizzato con materiali della migliore qualit\u00e0. La combinazione di poliestere, viscosa e lycra rende [&hellip;]<\/p>\n","protected":false},"featured_media":33221,"comment_status":"open","ping_status":"closed","template":"","meta":{"_acf_changed":false,"inline_featured_image":false},"kolor":[567],"rodzaj-ubrania":[557,556],"ubranie":[558],"product_brand":[],"product_cat":[800,554,552,804],"product_tag":[],"class_list":{"0":"post-33205","1":"product","2":"type-product","3":"status-publish","4":"has-post-thumbnail","6":"kolor-blu","7":"rodzaj-ubrania-camicette-mediche","8":"rodzaj-ubrania-camici","9":"ubranie-camicetta-medica-da-donna-scrubs-basic","10":"product_cat-camicette-mediche-basic-per-lei","11":"product_cat-collezione-basic-per-lei","12":"product_cat-per-lei","13":"product_cat-scrubs-basic-per-lei","15":"first","16":"instock","17":"taxable","18":"shipping-taxable","19":"purchasable","20":"product-type-variable"},"acf":[],"_links":{"self":[{"href":"https:\/\/dev.medandbeauty.com\/it\/wp-json\/wp\/v2\/product\/33205","targetHints":{"allow":["GET"]}}],"collection":[{"href":"https:\/\/dev.medandbeauty.com\/it\/wp-json\/wp\/v2\/product"}],"about":[{"href":"https:\/\/dev.medandbeauty.com\/it\/wp-json\/wp\/v2\/types\/product"}],"replies":[{"embeddable":true,"href":"https:\/\/dev.medandbeauty.com\/it\/wp-json\/wp\/v2\/comments?post=33205"}],"wp:featuredmedia":[{"embeddable":true,"href":"https:\/\/dev.medandbeauty.com\/it\/wp-json\/wp\/v2\/media\/33221"}],"wp:attachment":[{"href":"https:\/\/dev.medandbeauty.com\/it\/wp-json\/wp\/v2\/media?parent=33205"}],"wp:term":[{"taxonomy":"kolor","embeddable":true,"href":"https:\/\/dev.medandbeauty.com\/it\/wp-json\/wp\/v2\/kolor?post=33205"},{"taxonomy":"rodzaj-ubrania","embeddable":true,"href":"https:\/\/dev.medandbeauty.com\/it\/wp-json\/wp\/v2\/rodzaj-ubrania?post=33205"},{"taxonomy":"ubranie","embeddable":true,"href":"https:\/\/dev.medandbeauty.com\/it\/wp-json\/wp\/v2\/ubranie?post=33205"},{"taxonomy":"product_brand","embeddable":true,"href":"https:\/\/dev.medandbeauty.com\/it\/wp-json\/wp\/v2\/product_brand?post=33205"},{"taxonomy":"product_cat","embeddable":true,"href":"https:\/\/dev.medandbeauty.com\/it\/wp-json\/wp\/v2\/product_cat?post=33205"},{"taxonomy":"product_tag","embeddable":true,"href":"https:\/\/dev.medandbeauty.com\/it\/wp-json\/wp\/v2\/product_tag?post=33205"}],"curies":[{"name":"wp","href":"https:\/\/api.w.org\/{rel}","templated":true}]}}