{"id":33203,"date":"2024-01-06T21:02:29","date_gmt":"2024-01-06T21:02:29","guid":{"rendered":"https:\/\/dev.medandbeauty.com\/product\/grembiule-medico-classico-premium-da-uomo-bianco\/"},"modified":"2025-12-23T11:30:01","modified_gmt":"2025-12-23T10:30:01","slug":"grembiule-medico-classico-premium-da-uomo-bianco","status":"publish","type":"product","link":"https:\/\/dev.medandbeauty.com\/it\/product\/grembiule-medico-classico-premium-da-uomo-bianco\/","title":{"rendered":"Grembiule medico classico Premium da uomo BIANCO"},"content":{"rendered":"<p style=\"font-weight: 400;\"><strong>Il classico grembiule medico da uomo Med &amp; Beauty<\/strong> della collezione <a href=\"https:\/\/dev.medandbeauty.com\/it\/shop\/per-lui\/collezione-premium-per-lui\/\" target=\"_blank\" rel=\"noopener\"><strong>collezione Premium<\/strong> <\/a>\u00e8 il <strong>grembiule<\/strong> pi\u00f9 comodo per il lavoro quotidiano di tutti i professionisti del settore medico ed estetico.<\/p>\n<p style=\"font-weight: 400;\">Il <strong>grembiule medico da uomo<\/strong> \u00e8 stato realizzato in cotone di alta qualit\u00e0 con una miscela di nylon e lycra, che rende il materiale traspirante, oltre ad avere una vestibilit\u00e0 perfetta per la figura maschile.<\/p>\n<p style=\"font-weight: 400;\">Sappiamo che le tasche funzionali facilitano il lavoro, ed \u00e8 per questo che ne troverete fino a tre nel <strong>grembiule medico da uomo Med &amp; Beauty <\/strong>.<\/p>\n<p style=\"font-weight: 400;\">Le due ampie tasche anteriori consentono di portare con s\u00e9 tutti gli oggetti di lavoro, mentre la tasca sul petto \u00e8 ideale per riporre, ad esempio, un badge identificativo.<\/p>\n<p style=\"font-weight: 400;\">Il taglio classico e minimalista del <strong>grembiule medico da uomo<\/strong> non solo \u00e8 bello da vedere, ma garantisce anche la massima libert\u00e0 di movimento, anche quando il grembiule \u00e8 allacciato.<\/p>\n<p style=\"font-weight: 400;\"><strong>Il classico grembiule medico da uomo <a href=\"https:\/\/dev.medandbeauty.com\/it\/shop\/per-lui\/collezione-premium-per-lui\/\" target=\"_blank\" rel=\"noopener\">Med &amp; Beauty premium<\/a><\/strong> si abbina ai camici della collezione Basic. <a href=\"https:\/\/dev.medandbeauty.com\/it\/shop\/per-lui\/collezione-basic-per-lui\/\" target=\"_blank\" rel=\"noopener\"><br \/>\n  <strong>camici della collezione Basic<\/strong><br \/>\n<\/a>.<\/p>\n<p style=\"font-weight: 400;\">Aggiungeteli al vostro carrello e create il vostro set di <strong>abbigliamento medico<\/strong> pi\u00f9 confortevole!<\/p>\n<ul>\n<li style=\"font-weight: 400;\">Un totale di 3 pratiche tasche<\/li>\n<li style=\"font-weight: 400;\"><span style=\"font-family: inherit;\">Tessuto flessibile e traspirante<\/span><\/li>\n<li style=\"font-weight: 400;\"><span style=\"font-family: inherit;\">Taglio classico ed elegante<\/span><\/li>\n<li style=\"font-weight: 400;\"><span style=\"font-family: inherit;\">Personalizzabile con ricamo<\/span><\/li>\n<\/ul>\n<p>&nbsp;<\/p>\n<p style=\"font-weight: 400;\"><strong>Informazioni aggiuntive:<\/strong><\/p>\n<p style=\"font-weight: 400;\">La modella nelle foto indossa una taglia L ed \u00e8 alta 186 cm.<\/p>\n<p style=\"font-weight: 400;\">Se vi state chiedendo quale taglia scegliere, date un&#8217;occhiata alla tabella delle taglie. In caso di dubbi, inviateci le vostre misure e noi le adatteremo per voi. <\/p>\n<p style=\"font-weight: 400;\">I colori dei capi della <a href=\"https:\/\/dev.medandbeauty.com\/it\/shop\/per-lui\/collezione-premium-per-lui\/\" target=\"_blank\" rel=\"noopener\">collezione Premium<\/a> non corrispondono a quelli della <a href=\"https:\/\/dev.medandbeauty.com\/it\/shop\/per-lui\/collezione-basic-per-lui\/\" target=\"_blank\" rel=\"noopener\">collezione Basic<\/a>, poich\u00e9 sono realizzati con tessuti diversi.<\/p>\n<p style=\"font-weight: 400;\">Le tonalit\u00e0 dei singoli capi nelle immagini possono differire da quelle reali, a causa della variet\u00e0 di apparecchiature elettroniche disponibili e delle loro impostazioni individuali.<\/p>\n","protected":false},"excerpt":{"rendered":"<p>Il classico grembiule medico da uomo Med &amp; Beauty della collezione collezione Premium \u00e8 il grembiule pi\u00f9 comodo per il lavoro quotidiano di tutti i professionisti del settore medico ed estetico. Il grembiule medico da uomo \u00e8 stato realizzato in cotone di alta qualit\u00e0 con una miscela di nylon e lycra, che rende il materiale [&hellip;]<\/p>\n","protected":false},"featured_media":33207,"comment_status":"open","ping_status":"closed","template":"","meta":{"_acf_changed":false,"inline_featured_image":false},"kolor":[559],"rodzaj-ubrania":[565],"ubranie":[609],"product_brand":[],"product_cat":[798,607,608,606],"product_tag":[],"class_list":{"0":"post-33203","1":"product","2":"type-product","3":"status-publish","4":"has-post-thumbnail","6":"kolor-bianchi","7":"rodzaj-ubrania-camici-medici","8":"ubranie-camice-medico-classico-da-uomo-di-qualita-superiore","9":"product_cat-camici-medici-premium-per-lui","10":"product_cat-collezione-premium-per-lui","11":"product_cat-i-piu-venduti-per-lui","12":"product_cat-per-lui","14":"first","15":"instock","16":"taxable","17":"shipping-taxable","18":"purchasable","19":"product-type-variable"},"acf":[],"_links":{"self":[{"href":"https:\/\/dev.medandbeauty.com\/it\/wp-json\/wp\/v2\/product\/33203","targetHints":{"allow":["GET"]}}],"collection":[{"href":"https:\/\/dev.medandbeauty.com\/it\/wp-json\/wp\/v2\/product"}],"about":[{"href":"https:\/\/dev.medandbeauty.com\/it\/wp-json\/wp\/v2\/types\/product"}],"replies":[{"embeddable":true,"href":"https:\/\/dev.medandbeauty.com\/it\/wp-json\/wp\/v2\/comments?post=33203"}],"wp:featuredmedia":[{"embeddable":true,"href":"https:\/\/dev.medandbeauty.com\/it\/wp-json\/wp\/v2\/media\/33207"}],"wp:attachment":[{"href":"https:\/\/dev.medandbeauty.com\/it\/wp-json\/wp\/v2\/media?parent=33203"}],"wp:term":[{"taxonomy":"kolor","embeddable":true,"href":"https:\/\/dev.medandbeauty.com\/it\/wp-json\/wp\/v2\/kolor?post=33203"},{"taxonomy":"rodzaj-ubrania","embeddable":true,"href":"https:\/\/dev.medandbeauty.com\/it\/wp-json\/wp\/v2\/rodzaj-ubrania?post=33203"},{"taxonomy":"ubranie","embeddable":true,"href":"https:\/\/dev.medandbeauty.com\/it\/wp-json\/wp\/v2\/ubranie?post=33203"},{"taxonomy":"product_brand","embeddable":true,"href":"https:\/\/dev.medandbeauty.com\/it\/wp-json\/wp\/v2\/product_brand?post=33203"},{"taxonomy":"product_cat","embeddable":true,"href":"https:\/\/dev.medandbeauty.com\/it\/wp-json\/wp\/v2\/product_cat?post=33203"},{"taxonomy":"product_tag","embeddable":true,"href":"https:\/\/dev.medandbeauty.com\/it\/wp-json\/wp\/v2\/product_tag?post=33203"}],"curies":[{"name":"wp","href":"https:\/\/api.w.org\/{rel}","templated":true}]}}