{"id":33065,"date":"2024-01-06T00:56:09","date_gmt":"2024-01-06T00:56:09","guid":{"rendered":"https:\/\/dev.medandbeauty.com\/product\/tunica-medicale-da-donna-a-maniche-corte-a-busta-premium-slavia\/"},"modified":"2025-12-23T11:33:20","modified_gmt":"2025-12-23T10:33:20","slug":"tunica-medicale-da-donna-a-maniche-corte-a-busta-premium-slavia","status":"publish","type":"product","link":"https:\/\/dev.medandbeauty.com\/it\/product\/tunica-medicale-da-donna-a-maniche-corte-a-busta-premium-slavia\/","title":{"rendered":"Tunica medicale da donna a maniche corte a busta Premium SLAVIA"},"content":{"rendered":"<p>La <strong>casacca premium a maniche corte in busta medica color salvia <\/strong>\u00e8 la scelta perfetta per le giornate pi\u00f9 calde, ma non solo! Il taglio classico con cintura in vita piacer\u00e0 sicuramente a tutte le donne che lavorano nel settore medico ed estetico e che amano il minimalismo e l&#8217;eleganza. <\/p>\n<p style=\"font-weight: 400;\"><strong>La casacca premium a maniche corte in busta medica<\/strong> <strong>color salvia<\/strong> \u00e8 stata realizzata con una miscela di cotone, nylon e lycra della migliore qualit\u00e0. Una tale combinazione di fibre nel tessuto rende <strong>le tuniche a busta a maniche corte di Med&amp;Beauty<\/strong> perfettamente adatte alla figura femminile e garantisce il massimo comfort durante le lunghe ore di lavoro. <\/p>\n<p style=\"font-weight: 400;\">Tutti i modelli di <strong>indumenti medicali<\/strong> top prodotti da <strong>Med &amp; Beauty<\/strong> sono dotati di tasche spaziose e pratiche, che consentono di riporre tutti gli oggetti che si desidera tenere a portata di mano.<\/p>\n<p>Una risorsa importante  <strong>casacca a busta medica salvia con maniche corte premium  <\/strong>\u00e8 l&#8217;allacciatura alla scollatura. Per offrirvi il massimo comfort, l&#8217;abbiamo dotato di un bottone e di una chiusura a scomparsa. <\/p>\n<p style=\"font-weight: 400;\">La scollatura a cuore \u00e8 al tempo stesso intramontabile e moderna, mentre la lunghezza della tunica \u00e8 stata scelta per adattarsi perfettamente a qualsiasi tipo di figura femminile.<\/p>\n<p style=\"font-weight: 400;\">Alla <strong>Med &amp; Beauty<\/strong> non ci concentriamo solo sul comfort, ma anche su un aspetto estetico e professionale. La<strong> tunica a maniche corte a busta medica della <a href=\"https:\/\/dev.medandbeauty.com\/it\/shop\/per-lei\/collezione-premium-per-lei\/\" target=\"_blank\" rel=\"noopener\">Premium Collection<\/a> in color salvia<\/strong> \u00e8 stata arricchita da una cintura in vita che accentua perfettamente tutti i punti forti della figura femminile. <\/p>\n<p style=\"font-weight: 400;\">La <strong>casacca premium a maniche corte in busta medica color salvia <\/strong>si abbina perfettamente ai <a href=\"https:\/\/dev.medandbeauty.com\/it\/product\/pantaloni-medici-da-donna-premium-slavia\/\" target=\"_blank\" rel=\"noopener\"><strong>pantaloni medici adiacenti<\/strong><\/a>, realizzati nello stesso materiale.<\/p>\n<p style=\"font-weight: 400;\">Abbinate i <strong>pantaloni da medico<\/strong> dello stesso colore o di qualsiasi altra tonalit\u00e0 tra le tante disponibili nella nostra gamma.<\/p>\n<ul>\n<li style=\"font-weight: 400;\">Due ampie tasche spaziose<\/li>\n<li style=\"font-weight: 400;\"><span style=\"font-family: inherit;\">Taglio in vita affusolato con cintura  <\/span><\/li>\n<li style=\"font-weight: 400;\"><span style=\"font-family: inherit;\">Nanna sulla scollatura per il massimo comfort<\/span><\/li>\n<li style=\"font-weight: 400;\"><span style=\"font-family: inherit;\">Manica corta<\/span><\/li>\n<li style=\"font-weight: 400;\"><span style=\"font-family: inherit;\">Personalizzabile con ricamo<\/span><\/li>\n<\/ul>\n<p>&nbsp;<\/p>\n<p style=\"font-weight: 400;\">\nI<strong>nformazioni aggiuntive:<\/strong> Le modelle nelle foto indossano la taglia S e sono alte 170-174 cm.<\/p>\n<p style=\"font-weight: 400;\">Se vi state chiedendo quale taglia scegliere, date un&#8217;occhiata alla tabella delle taglie. In caso di dubbi, inviateci le vostre misure e noi le adatteremo per voi. <\/p>\n<p style=\"font-weight: 400;\">I colori dei capi della <a href=\"https:\/\/dev.medandbeauty.com\/it\/shop\/per-lei\/collezione-premium-per-lei\/\" target=\"_blank\" rel=\"noopener\">collezione Premium<\/a> non corrispondono a quelli della <a href=\"https:\/\/dev.medandbeauty.com\/it\/shop\/per-lei\/collezione-basic-per-lei\/\" target=\"_blank\" rel=\"noopener\">collezione Basic<\/a>, poich\u00e9 sono realizzati con tessuti diversi.<\/p>\n<p style=\"font-weight: 400;\">Le tonalit\u00e0 dei singoli capi nelle immagini possono differire da quelle reali, a causa della variet\u00e0 di apparecchiature elettroniche disponibili e delle loro impostazioni individuali.<\/p>\n","protected":false},"excerpt":{"rendered":"<p>La casacca premium a maniche corte in busta medica color salvia \u00e8 la scelta perfetta per le giornate pi\u00f9 calde, ma non solo! Il taglio classico con cintura in vita piacer\u00e0 sicuramente a tutte le donne che lavorano nel settore medico ed estetico e che amano il minimalismo e l&#8217;eleganza. La casacca premium a maniche [&hellip;]<\/p>\n","protected":false},"featured_media":33078,"comment_status":"open","ping_status":"closed","template":"","meta":{"_acf_changed":false,"inline_featured_image":false},"kolor":[595],"rodzaj-ubrania":[602],"ubranie":[603],"product_brand":[],"product_cat":[561,552,814],"product_tag":[],"class_list":{"0":"post-33065","1":"product","2":"type-product","3":"status-publish","4":"has-post-thumbnail","6":"kolor-verdi","7":"rodzaj-ubrania-tuniche-mediche","8":"ubranie-tunica-premium-a-maniche-corte-da-donna-con-busta-medica","9":"product_cat-collezione-premium-per-lei","10":"product_cat-per-lei","11":"product_cat-tuniche-mediche-premium-per-lei","13":"first","14":"instock","15":"taxable","16":"shipping-taxable","17":"purchasable","18":"product-type-variable"},"acf":[],"_links":{"self":[{"href":"https:\/\/dev.medandbeauty.com\/it\/wp-json\/wp\/v2\/product\/33065","targetHints":{"allow":["GET"]}}],"collection":[{"href":"https:\/\/dev.medandbeauty.com\/it\/wp-json\/wp\/v2\/product"}],"about":[{"href":"https:\/\/dev.medandbeauty.com\/it\/wp-json\/wp\/v2\/types\/product"}],"replies":[{"embeddable":true,"href":"https:\/\/dev.medandbeauty.com\/it\/wp-json\/wp\/v2\/comments?post=33065"}],"wp:featuredmedia":[{"embeddable":true,"href":"https:\/\/dev.medandbeauty.com\/it\/wp-json\/wp\/v2\/media\/33078"}],"wp:attachment":[{"href":"https:\/\/dev.medandbeauty.com\/it\/wp-json\/wp\/v2\/media?parent=33065"}],"wp:term":[{"taxonomy":"kolor","embeddable":true,"href":"https:\/\/dev.medandbeauty.com\/it\/wp-json\/wp\/v2\/kolor?post=33065"},{"taxonomy":"rodzaj-ubrania","embeddable":true,"href":"https:\/\/dev.medandbeauty.com\/it\/wp-json\/wp\/v2\/rodzaj-ubrania?post=33065"},{"taxonomy":"ubranie","embeddable":true,"href":"https:\/\/dev.medandbeauty.com\/it\/wp-json\/wp\/v2\/ubranie?post=33065"},{"taxonomy":"product_brand","embeddable":true,"href":"https:\/\/dev.medandbeauty.com\/it\/wp-json\/wp\/v2\/product_brand?post=33065"},{"taxonomy":"product_cat","embeddable":true,"href":"https:\/\/dev.medandbeauty.com\/it\/wp-json\/wp\/v2\/product_cat?post=33065"},{"taxonomy":"product_tag","embeddable":true,"href":"https:\/\/dev.medandbeauty.com\/it\/wp-json\/wp\/v2\/product_tag?post=33065"}],"curies":[{"name":"wp","href":"https:\/\/api.w.org\/{rel}","templated":true}]}}