{"id":32894,"date":"2024-01-06T00:23:10","date_gmt":"2024-01-06T00:23:10","guid":{"rendered":"https:\/\/dev.medandbeauty.com\/product\/tunica-da-donna-a-maniche-corte-per-frizione-medica-premium-blue\/"},"modified":"2025-12-23T11:56:45","modified_gmt":"2025-12-23T10:56:45","slug":"tunica-da-donna-a-maniche-corte-per-frizione-medica-premium-blue","status":"publish","type":"product","link":"https:\/\/dev.medandbeauty.com\/it\/product\/tunica-da-donna-a-maniche-corte-per-frizione-medica-premium-blue\/","title":{"rendered":"Tunica da donna a maniche corte per frizione medica Premium BLUE"},"content":{"rendered":"<p style=\"font-weight: 400;\">La <strong>casacca premium blu a maniche corte in busta medica<\/strong> \u00e8 il modello perfetto per le giornate pi\u00f9 calde, ma non solo! Il taglio elegante con cintura in vita piacer\u00e0 sicuramente a tutte le donne che lavorano nel settore estetico e medico e che amano la classicit\u00e0 e il minimalismo. <\/p>\n<p style=\"font-weight: 400;\">Questa <strong>casacca blu a maniche corte della <a href=\"https:\/\/dev.medandbeauty.com\/it\/shop\/per-lei\/collezione-premium-per-lei\/\" target=\"_blank\" rel=\"noopener\">Premium Collection<\/a><\/strong> \u00e8 stata realizzata con una miscela di cotone, nylon e lycra della migliore qualit\u00e0. Una tale combinazione di fibre nel tessuto rende <strong>le tuniche a busta a maniche corte di Med&amp;Beauty<\/strong> perfettamente adatte alla figura femminile e garantisce piena libert\u00e0 di utilizzo durante le lunghe ore di lavoro.<\/p>\n<p style=\"font-weight: 400;\">Tutti i modelli di top <strong>medicale<\/strong> prodotti da <strong>Med &amp; Beauty<\/strong> sono dotati di tasche pratiche e capienti, che consentono di tenere a portata di mano tutti gli oggetti desiderati.<\/p>\n<p style=\"font-weight: 400;\">Un grande punto di forza della <strong>casacca premium blu a maniche corte <\/strong>\u00e8 l&#8217;allacciatura alla scollatura. Per offrirvi il massimo comfort, l&#8217;abbiamo dotato di un bottone e di una chiusura a scomparsa. <\/p>\n<p style=\"font-weight: 400;\">La scollatura a cuore \u00e8 al tempo stesso intramontabile e moderna, mentre la lunghezza della tunica \u00e8 stata scelta per adattarsi perfettamente a qualsiasi tipo di figura femminile.<\/p>\n<p style=\"font-weight: 400;\">Alla <strong>Med &amp; Beauty<\/strong> non ci concentriamo solo sul comfort, ma anche su un aspetto estetico e professionale. La<strong> casacca premium a maniche corte in busta medica blu<\/strong> \u00e8 stata accessoriata con una cintura in vita che accentua perfettamente tutte le qualit\u00e0 della figura femminile. <\/p>\n<p style=\"font-weight: 400;\">La <strong>casacca premium blu a maniche corte per uso medico <\/strong>si abbina perfettamente con <a href=\"https:\/\/dev.medandbeauty.com\/sk\/product\/damske-lekarske-nohavice-premium-priliehave-modre\/\" target=\"_blank\" rel=\"noopener\"><br \/>\n  <strong>i pantaloni medici abbinati<\/strong><br \/>\n<\/a>che sono realizzati nello stesso materiale.<\/p>\n<p style=\"font-weight: 400;\">Abbinate i <strong>pantaloni da medico<\/strong> in blu o in qualsiasi altra tonalit\u00e0 tra le tante disponibili nel nostro assortimento.<\/p>\n<ul>\n<li style=\"font-weight: 400;\">Due ampie tasche spaziose<\/li>\n<li style=\"font-weight: 400;\"><span style=\"font-family: inherit;\">Taglio in vita affusolato con cintura  <\/span><\/li>\n<li style=\"font-weight: 400;\"><span style=\"font-family: inherit;\">Nanna sulla scollatura per il massimo comfort<\/span><\/li>\n<li style=\"font-weight: 400;\"><span style=\"font-family: inherit;\">Manica corta<\/span><\/li>\n<li style=\"font-weight: 400;\"><span style=\"font-family: inherit;\">Personalizzabile con ricamo<\/span><\/li>\n<\/ul>\n<p>&nbsp;<\/p>\n<p style=\"font-weight: 400;\">\nI<strong>nformazioni aggiuntive:<\/strong> Le modelle nelle foto indossano la taglia S e sono alte 170-174 cm.<\/p>\n<p style=\"font-weight: 400;\">Se vi state chiedendo quale taglia scegliere, date un&#8217;occhiata alla tabella delle taglie. In caso di dubbi, inviateci le vostre misure e noi le adatteremo per voi. <\/p>\n<p style=\"font-weight: 400;\">I colori dei capi della <a href=\"https:\/\/dev.medandbeauty.com\/it\/shop\/per-lei\/collezione-premium-per-lei\/\" target=\"_blank\" rel=\"noopener\">collezione Premium<\/a> non corrispondono a quelli della <a href=\"https:\/\/dev.medandbeauty.com\/it\/shop\/per-lei\/collezione-basic-per-lei\/\" target=\"_blank\" rel=\"noopener\">collezione Basic<\/a>, poich\u00e9 sono realizzati con tessuti diversi.<\/p>\n<p style=\"font-weight: 400;\">Le tonalit\u00e0 dei singoli capi nelle immagini possono differire da quelle reali, a causa della variet\u00e0 di apparecchiature elettroniche disponibili e delle loro impostazioni individuali.<\/p>\n","protected":false},"excerpt":{"rendered":"<p>La casacca premium blu a maniche corte in busta medica \u00e8 il modello perfetto per le giornate pi\u00f9 calde, ma non solo! Il taglio elegante con cintura in vita piacer\u00e0 sicuramente a tutte le donne che lavorano nel settore estetico e medico e che amano la classicit\u00e0 e il minimalismo. Questa casacca blu a maniche [&hellip;]<\/p>\n","protected":false},"featured_media":394093,"comment_status":"open","ping_status":"closed","template":"","meta":{"_acf_changed":false,"inline_featured_image":false},"kolor":[567],"rodzaj-ubrania":[602],"ubranie":[603],"product_brand":[],"product_cat":[561,552,814],"product_tag":[1612],"class_list":{"0":"post-32894","1":"product","2":"type-product","3":"status-publish","4":"has-post-thumbnail","6":"kolor-blu","7":"rodzaj-ubrania-tuniche-mediche","8":"ubranie-tunica-premium-a-maniche-corte-da-donna-con-busta-medica","9":"product_cat-collezione-premium-per-lei","10":"product_cat-per-lei","11":"product_cat-tuniche-mediche-premium-per-lei","12":"product_tag-tuniche-cosmetiche","14":"first","15":"instock","16":"taxable","17":"shipping-taxable","18":"purchasable","19":"product-type-variable"},"acf":[],"_links":{"self":[{"href":"https:\/\/dev.medandbeauty.com\/it\/wp-json\/wp\/v2\/product\/32894","targetHints":{"allow":["GET"]}}],"collection":[{"href":"https:\/\/dev.medandbeauty.com\/it\/wp-json\/wp\/v2\/product"}],"about":[{"href":"https:\/\/dev.medandbeauty.com\/it\/wp-json\/wp\/v2\/types\/product"}],"replies":[{"embeddable":true,"href":"https:\/\/dev.medandbeauty.com\/it\/wp-json\/wp\/v2\/comments?post=32894"}],"wp:featuredmedia":[{"embeddable":true,"href":"https:\/\/dev.medandbeauty.com\/it\/wp-json\/wp\/v2\/media\/394093"}],"wp:attachment":[{"href":"https:\/\/dev.medandbeauty.com\/it\/wp-json\/wp\/v2\/media?parent=32894"}],"wp:term":[{"taxonomy":"kolor","embeddable":true,"href":"https:\/\/dev.medandbeauty.com\/it\/wp-json\/wp\/v2\/kolor?post=32894"},{"taxonomy":"rodzaj-ubrania","embeddable":true,"href":"https:\/\/dev.medandbeauty.com\/it\/wp-json\/wp\/v2\/rodzaj-ubrania?post=32894"},{"taxonomy":"ubranie","embeddable":true,"href":"https:\/\/dev.medandbeauty.com\/it\/wp-json\/wp\/v2\/ubranie?post=32894"},{"taxonomy":"product_brand","embeddable":true,"href":"https:\/\/dev.medandbeauty.com\/it\/wp-json\/wp\/v2\/product_brand?post=32894"},{"taxonomy":"product_cat","embeddable":true,"href":"https:\/\/dev.medandbeauty.com\/it\/wp-json\/wp\/v2\/product_cat?post=32894"},{"taxonomy":"product_tag","embeddable":true,"href":"https:\/\/dev.medandbeauty.com\/it\/wp-json\/wp\/v2\/product_tag?post=32894"}],"curies":[{"name":"wp","href":"https:\/\/api.w.org\/{rel}","templated":true}]}}