{"id":32742,"date":"2024-01-06T00:03:20","date_gmt":"2024-01-06T00:03:20","guid":{"rendered":"https:\/\/dev.medandbeauty.com\/product\/abito-medico-con-cerniera-premium-white\/"},"modified":"2025-12-23T11:55:58","modified_gmt":"2025-12-23T10:55:58","slug":"abito-medico-con-cerniera-premium-white","status":"publish","type":"product","link":"https:\/\/dev.medandbeauty.com\/it\/product\/abito-medico-con-cerniera-premium-white\/","title":{"rendered":"Abito medico con cerniera Premium BIANCA"},"content":{"rendered":"<p style=\"font-weight: 400;\">Associate il lavoro nel settore <strong>medico<\/strong> o <strong>estetico<\/strong> solo ai <strong>camici medici<\/strong> bianchi e semplici?<\/p>\n<p style=\"font-weight: 400;\">Rompiamo gli schemi con il nostro <strong>abito medico con zip<\/strong> <strong>della<a href=\"https:\/\/dev.medandbeauty.com\/it\/shop\/per-lei\/collezione-premium-per-lei\/\" target=\"_blank\" rel=\"noopener\"> collezione premium<\/a><\/strong>!<\/p>\n<p style=\"font-weight: 400;\">Un aspetto professionale ed elegante sul lavoro aumenta la fiducia di pazienti e clienti e migliora il benessere di chiunque indossi <strong>un abbigliamento medico <\/strong> comodo ed esteticamente gradevole.  <\/p>\n<p style=\"font-weight: 400;\"><strong>Abito medico bianco con cerniera<\/strong> della <a href=\"https:\/\/dev.medandbeauty.com\/it\/shop\/per-lei\/collezione-premium-per-lei\/\" target=\"_blank\" rel=\"noopener\"><br \/>\n  <strong>collezione Premium<\/strong><br \/>\n<\/a> \u00e8 stato cucito con l&#8217;80% di cotone di alta qualit\u00e0 combinato con nylon e lycra.<\/p>\n<p style=\"font-weight: 400;\">Questa combinazione di fibre nel tessuto lo rende traspirante, morbido e ben aderente alla figura.<\/p>\n<p style=\"font-weight: 400;\">Non dovrete preoccuparvi di abbottonarvi in modo dispendioso. Grazie alla lunga cerniera, \u00e8 possibile indossare e togliere l&#8217;abito con facilit\u00e0 e rapidit\u00e0. <\/p>\n<p style=\"font-weight: 400;\">Sappiamo bene quanto sia importante poter tenere a portata di mano i piccoli oggetti di lavoro, per questo abbiamo dotato <strong>l&#8217;abito da medico bianco con zip<\/strong> di ben quattro comode tasche, due sul petto e due sui lati.<\/p>\n<p style=\"font-weight: 400;\">Le maniche a 7\/8 di colore buffo sono rifinite con un polsino con bottone per una vestibilit\u00e0 perfetta e per evitare che le maniche si tirino su.<\/p>\n<p style=\"font-weight: 400;\">L&#8217;<strong>abito medico bianco con zip<\/strong> presenta eleganti impunture (sia davanti che dietro) che lo rendono perfettamente adatto a qualsiasi tipo di figura femminile.<\/p>\n<ul>\n<li style=\"font-weight: 400;\">Un totale di 4 pratiche tasche: due anteriori sul petto e due laterali.<\/li>\n<li style=\"font-weight: 400;\"><span style=\"font-family: inherit;\">Classico scollo a V<\/span><\/li>\n<li style=\"font-weight: 400;\"><span style=\"font-family: inherit;\">Taglio elegante e casual<\/span><\/li>\n<li style=\"font-weight: 400;\"><span style=\"font-family: inherit;\">A causa delle tasche sul petto, il ricamo su un abito medico con cerniera NON \u00e8 possibile.<br \/>\n<\/span><\/li>\n<\/ul>\n<p>&nbsp;<\/p>\n<p style=\"font-weight: 400;\"><strong style=\"font-family: inherit;\">Informazioni aggiuntive:<\/strong><\/p>\n<p style=\"font-weight: 400;\">Le modelle nelle foto indossano la taglia S e sono alte 170-174 cm.<\/p>\n<p style=\"font-weight: 400;\">Se vi state chiedendo quale taglia scegliere, date un&#8217;occhiata alla tabella delle taglie. In caso di dubbi, inviateci le vostre misure e noi le adatteremo per voi. <\/p>\n<p style=\"font-weight: 400;\">I colori dei capi della collezione Premium non corrispondono a quelli della <a href=\"https:\/\/dev.medandbeauty.com\/it\/shop\/per-lei\/collezione-basic-per-lei\/\" target=\"_blank\" rel=\"noopener\">collezione Basic<\/a>, poich\u00e9 sono realizzati con tessuti diversi.<\/p>\n<p style=\"font-weight: 400;\">Le tonalit\u00e0 dei singoli capi nelle immagini possono differire da quelle reali, a causa della variet\u00e0 di apparecchiature elettroniche disponibili e delle loro impostazioni individuali.<\/p>\n","protected":false},"excerpt":{"rendered":"<p>Associate il lavoro nel settore medico o estetico solo ai camici medici bianchi e semplici? Rompiamo gli schemi con il nostro abito medico con zip della collezione premium! Un aspetto professionale ed elegante sul lavoro aumenta la fiducia di pazienti e clienti e migliora il benessere di chiunque indossi un abbigliamento medico comodo ed esteticamente [&hellip;]<\/p>\n","protected":false},"featured_media":32769,"comment_status":"open","ping_status":"closed","template":"","meta":{"_acf_changed":false,"inline_featured_image":false},"kolor":[559],"rodzaj-ubrania":[593],"ubranie":[596],"product_brand":[],"product_cat":[813,561,552],"product_tag":[],"class_list":{"0":"post-32742","1":"product","2":"type-product","3":"status-publish","4":"has-post-thumbnail","6":"kolor-bianchi","7":"rodzaj-ubrania-abiti-da-medico","8":"ubranie-abito-medico-premium-con-cerniera","9":"product_cat-abiti-medici-premium-per-lei","10":"product_cat-collezione-premium-per-lei","11":"product_cat-per-lei","13":"first","14":"instock","15":"taxable","16":"shipping-taxable","17":"purchasable","18":"product-type-variable"},"acf":[],"_links":{"self":[{"href":"https:\/\/dev.medandbeauty.com\/it\/wp-json\/wp\/v2\/product\/32742","targetHints":{"allow":["GET"]}}],"collection":[{"href":"https:\/\/dev.medandbeauty.com\/it\/wp-json\/wp\/v2\/product"}],"about":[{"href":"https:\/\/dev.medandbeauty.com\/it\/wp-json\/wp\/v2\/types\/product"}],"replies":[{"embeddable":true,"href":"https:\/\/dev.medandbeauty.com\/it\/wp-json\/wp\/v2\/comments?post=32742"}],"wp:featuredmedia":[{"embeddable":true,"href":"https:\/\/dev.medandbeauty.com\/it\/wp-json\/wp\/v2\/media\/32769"}],"wp:attachment":[{"href":"https:\/\/dev.medandbeauty.com\/it\/wp-json\/wp\/v2\/media?parent=32742"}],"wp:term":[{"taxonomy":"kolor","embeddable":true,"href":"https:\/\/dev.medandbeauty.com\/it\/wp-json\/wp\/v2\/kolor?post=32742"},{"taxonomy":"rodzaj-ubrania","embeddable":true,"href":"https:\/\/dev.medandbeauty.com\/it\/wp-json\/wp\/v2\/rodzaj-ubrania?post=32742"},{"taxonomy":"ubranie","embeddable":true,"href":"https:\/\/dev.medandbeauty.com\/it\/wp-json\/wp\/v2\/ubranie?post=32742"},{"taxonomy":"product_brand","embeddable":true,"href":"https:\/\/dev.medandbeauty.com\/it\/wp-json\/wp\/v2\/product_brand?post=32742"},{"taxonomy":"product_cat","embeddable":true,"href":"https:\/\/dev.medandbeauty.com\/it\/wp-json\/wp\/v2\/product_cat?post=32742"},{"taxonomy":"product_tag","embeddable":true,"href":"https:\/\/dev.medandbeauty.com\/it\/wp-json\/wp\/v2\/product_tag?post=32742"}],"curies":[{"name":"wp","href":"https:\/\/api.w.org\/{rel}","templated":true}]}}