{"id":324115,"date":"2025-02-05T12:18:23","date_gmt":"2025-02-05T11:18:23","guid":{"rendered":"https:\/\/dev.medandbeauty.com\/product\/calze-mediche-med-student-life\/"},"modified":"2025-11-18T11:40:52","modified_gmt":"2025-11-18T10:40:52","slug":"calze-mediche-med-student-life","status":"publish","type":"product","link":"https:\/\/dev.medandbeauty.com\/it\/product\/calze-mediche-med-student-life\/","title":{"rendered":"Calze mediche MED STUDENT LIFE"},"content":{"rendered":"<p><strong>NOVIT\u00c0<\/strong>: <strong>calze mediche<\/strong> estremamente comode per sottolineare la passione per la tua professione!<\/p>\n<p>Sei uno studente di medicina? Completa il tuo guardaroba <strong>con i calzini da medico firmati: Med Student Life!<\/strong> <\/p>\n<p><span style=\"font-weight: 400;\">Quando si trascorrono lunghe e intense ore al lavoro, non solo \u00e8 necessario un<strong> abbigliamento medico <\/strong>che garantisca il massimo comfort, ma anche <strong>calze mediche<\/strong> comode e traspiranti!<\/span><\/p>\n<p><b>Le calze mediche rosa Med Student Life <\/b>sono realizzate con l&#8217;80% di cotone di alta qualit\u00e0 combinato con il 17% di poliammide e il 3% di elastan.<\/p>\n<p style=\"font-weight: 400;\">Questa miscela di fibre nel tessuto rende il materiale molto resistente, morbido, piacevole al tatto, si adatta al piede, non limita i movimenti e, cosa estremamente importante per le <strong>calze mediche<\/strong>, \u00e8 anche traspirante e traspirante.<\/p>\n<p>I bordi delle nostre calze mediche sono elasticizzati, in modo da non esercitare pressione sulla caviglia durante l&#8217;uso.<\/p>\n<p>Le scritte apposte sulle calze mediche sottolineeranno la tua professionalit\u00e0 e l&#8217;amore per la tua professione.<\/p>\n<p>Assicurati il massimo del comfort e della comodit\u00e0 al lavoro con le<strong> calze mediche Med Student Life!<\/strong><\/p>\n<ul>\n<li style=\"font-weight: 400;\">Materiale arioso, traspirante e flessibile<\/li>\n<li>Design unico<\/li>\n<li>Bordi elastici<\/li>\n<li>Iscrizioni che evidenziano la professione<\/li>\n<\/ul>\n<p><strong>Informazioni aggiuntive:<\/strong><\/p>\n<p>La tonalit\u00e0 dei calzini nelle immagini pu\u00f2 differire da quella reale: ci\u00f2 \u00e8 dovuto alla variet\u00e0 di apparecchiature elettroniche disponibili e alle loro impostazioni individuali.<\/p>\n","protected":false},"excerpt":{"rendered":"<p>NOVIT\u00c0: calze mediche estremamente comode per sottolineare la passione per la tua professione! Sei uno studente di medicina? Completa il tuo guardaroba con i calzini da medico firmati: Med Student Life! Quando si trascorrono lunghe e intense ore al lavoro, non solo \u00e8 necessario un abbigliamento medico che garantisca il massimo comfort, ma anche calze [&hellip;]<\/p>\n","protected":false},"featured_media":320093,"comment_status":"open","ping_status":"closed","template":"","meta":{"_acf_changed":false,"inline_featured_image":false},"kolor":[540],"rodzaj-ubrania":[],"ubranie":[906],"product_brand":[],"product_cat":[905,552],"product_tag":[],"class_list":{"0":"post-324115","1":"product","2":"type-product","3":"status-publish","4":"has-post-thumbnail","6":"kolor-le-rose","7":"ubranie-calze-mediche","8":"product_cat-accessori","9":"product_cat-per-lei","11":"first","12":"instock","13":"taxable","14":"shipping-taxable","15":"purchasable","16":"product-type-variable"},"acf":[],"_links":{"self":[{"href":"https:\/\/dev.medandbeauty.com\/it\/wp-json\/wp\/v2\/product\/324115","targetHints":{"allow":["GET"]}}],"collection":[{"href":"https:\/\/dev.medandbeauty.com\/it\/wp-json\/wp\/v2\/product"}],"about":[{"href":"https:\/\/dev.medandbeauty.com\/it\/wp-json\/wp\/v2\/types\/product"}],"replies":[{"embeddable":true,"href":"https:\/\/dev.medandbeauty.com\/it\/wp-json\/wp\/v2\/comments?post=324115"}],"wp:featuredmedia":[{"embeddable":true,"href":"https:\/\/dev.medandbeauty.com\/it\/wp-json\/wp\/v2\/media\/320093"}],"wp:attachment":[{"href":"https:\/\/dev.medandbeauty.com\/it\/wp-json\/wp\/v2\/media?parent=324115"}],"wp:term":[{"taxonomy":"kolor","embeddable":true,"href":"https:\/\/dev.medandbeauty.com\/it\/wp-json\/wp\/v2\/kolor?post=324115"},{"taxonomy":"rodzaj-ubrania","embeddable":true,"href":"https:\/\/dev.medandbeauty.com\/it\/wp-json\/wp\/v2\/rodzaj-ubrania?post=324115"},{"taxonomy":"ubranie","embeddable":true,"href":"https:\/\/dev.medandbeauty.com\/it\/wp-json\/wp\/v2\/ubranie?post=324115"},{"taxonomy":"product_brand","embeddable":true,"href":"https:\/\/dev.medandbeauty.com\/it\/wp-json\/wp\/v2\/product_brand?post=324115"},{"taxonomy":"product_cat","embeddable":true,"href":"https:\/\/dev.medandbeauty.com\/it\/wp-json\/wp\/v2\/product_cat?post=324115"},{"taxonomy":"product_tag","embeddable":true,"href":"https:\/\/dev.medandbeauty.com\/it\/wp-json\/wp\/v2\/product_tag?post=324115"}],"curies":[{"name":"wp","href":"https:\/\/api.w.org\/{rel}","templated":true}]}}