{"id":32370,"date":"2024-01-02T18:11:31","date_gmt":"2024-01-02T18:11:31","guid":{"rendered":"https:\/\/dev.medandbeauty.com\/product\/pantaloni-medici-da-donna-scrub-premium-pale-beige\/"},"modified":"2025-12-23T12:06:11","modified_gmt":"2025-12-23T11:06:11","slug":"pantaloni-medici-da-donna-scrub-premium-pale-beige","status":"publish","type":"product","link":"https:\/\/dev.medandbeauty.com\/it\/product\/pantaloni-medici-da-donna-scrub-premium-pale-beige\/","title":{"rendered":"Pantaloni medici da donna scrub premium PALE BEIGE"},"content":{"rendered":"<p style=\"font-weight: 400;\">Cercate i <strong>jogger medici<\/strong> perfetti che non vorrete pi\u00f9 togliere?<\/p>\n<p style=\"font-weight: 400;\">In risposta alle richieste delle nostre clienti donne, ora i nostri <strong>scrub<\/strong> pi\u00f9 venduti sono disponibili anche in una <a href=\"https:\/\/dev.medandbeauty.com\/it\/shop\/per-lei\/collezione-premium-per-lei\/\" target=\"_blank\" rel=\"noopener\">collezione premium<\/a>!<\/p>\n<p style=\"font-weight: 400;\">Se apprezzate l&#8217;eccellente qualit\u00e0 dei materiali e il massimo comfort e vi piace uno stile sportivo ma professionale, i nostri <strong>joggers medici di qualit\u00e0 superiore<\/strong> in beige chiaro sono un must del vostro guardaroba.<\/p>\n<p style=\"font-weight: 400;\">I <strong>pantaloni jogger medicali da donna <a href=\"https:\/\/dev.medandbeauty.com\/it\/shop\/per-lei\/collezione-premium-per-lei\/\" target=\"_blank\" rel=\"noopener\">scrubs premium<\/a> beige chiaro<\/strong> sono realizzati in un materiale morbido al tatto ed estremamente piacevole, in modo da garantire il comfort nell&#8217;indossarli pur mantenendo una gamma completa di movimenti. L&#8217;80% di cotone pregiato combinato con lycra e nylon rende il tessuto perfettamente adatto alla figura femminile, oltre ad essere resistente e traspirante.<\/p>\n<p style=\"font-weight: 400;\">La parte superiore delicatamente rialzata e l&#8217;ampia fascia elastica in vita garantiscono il 100% di comfort. I joggers medicali Med &amp; Beauty non limitano i movimenti, anche se indossati per lunghi periodi. <\/p>\n<p style=\"font-weight: 400;\">I <strong>joggers medici<\/strong> beige chiaro si abbinano bene a qualsiasi look, sia monocolore che multicolore, e le sei tasche pratiche e spaziose consentono di tenere a portata di mano tutti gli oggetti e gli strumenti di lavoro.<\/p>\n<p style=\"font-weight: 400;\">Abbiamo dotato <strong>i <a href=\"https:\/\/dev.medandbeauty.com\/it\/shop\/per-lei\/collezione-premium-per-lei\/\" target=\"_blank\" rel=\"noopener\">camici medici premium<\/a> da donna<\/strong> di coulisse in fondo alle gambe per evitare che i pantaloni si tirino su durante le ore di lavoro intenso.<\/p>\n<p style=\"font-weight: 400;\">Componi il tuo set di <strong>abbigliamento medico<\/strong> da sogno abbinando i <strong>joggers medici da donna beige chiaro<\/strong> con <strong> <a href=\"https:\/\/dev.medandbeauty.com\/sk\/product\/damska-lekarska-bluzka-scrubs-premium-light-beige\/\" target=\"_blank\" rel=\"noopener\">una camicetta medica<\/a><\/strong> realizzata con lo stesso materiale.<\/p>\n<p style=\"font-weight: 400;\">Mescolate liberamente i colori e create look unici o optate per un classico e intramontabile look monocolore.<\/p>\n<ul>\n<li style=\"font-weight: 400;\">6 tasche pratiche e capienti &#8211; due anteriori, due posteriori e due cargo con scomparto aggiuntivo per le penne<\/li>\n<li style=\"font-weight: 400;\"><span style=\"font-family: inherit;\">Vita leggermente alta con elastico in vita<\/span><\/li>\n<li style=\"font-weight: 400;\"><span style=\"font-family: inherit;\">Fondo gamba a coste<\/span><\/li>\n<li style=\"font-weight: 400;\"><span style=\"font-family: inherit;\">Tessuto morbido e confortevole da indossare<\/span><\/li>\n<\/ul>\n<p style=\"font-weight: 400;\">\nI<strong>nformazioni aggiuntive:<\/strong> Le modelle nelle foto indossano la taglia S e sono alte 170-174 cm.<\/p>\n<p style=\"font-weight: 400;\">Se vi state chiedendo quale taglia scegliere, date un&#8217;occhiata alla tabella delle taglie. In caso di dubbi, inviateci le vostre misure e noi le adatteremo per voi. <\/p>\n<p style=\"font-weight: 400;\">I colori dei capi della <a href=\"https:\/\/dev.medandbeauty.com\/it\/shop\/per-lei\/collezione-premium-per-lei\/\" target=\"_blank\" rel=\"noopener\">collezione Premium<\/a> non corrispondono a quelli della <a href=\"https:\/\/dev.medandbeauty.com\/it\/shop\/per-lei\/collezione-basic-per-lei\/\" target=\"_blank\" rel=\"noopener\">collezione Basic<\/a>, poich\u00e9 sono realizzati con tessuti diversi.<\/p>\n<p style=\"font-weight: 400;\">Le tonalit\u00e0 dei singoli capi nelle immagini possono differire da quelle reali, a causa della variet\u00e0 di apparecchiature elettroniche disponibili e delle loro impostazioni individuali.<\/p>\n","protected":false},"excerpt":{"rendered":"<p>Cercate i jogger medici perfetti che non vorrete pi\u00f9 togliere? In risposta alle richieste delle nostre clienti donne, ora i nostri scrub pi\u00f9 venduti sono disponibili anche in una collezione premium! Se apprezzate l&#8217;eccellente qualit\u00e0 dei materiali e il massimo comfort e vi piace uno stile sportivo ma professionale, i nostri joggers medici di qualit\u00e0 [&hellip;]<\/p>\n","protected":false},"featured_media":32391,"comment_status":"open","ping_status":"closed","template":"","meta":{"_acf_changed":false,"inline_featured_image":false},"kolor":[576],"rodzaj-ubrania":[572,556],"ubranie":[573],"product_brand":[],"product_cat":[561,812,552,811],"product_tag":[],"class_list":{"0":"post-32370","1":"product","2":"type-product","3":"status-publish","4":"has-post-thumbnail","6":"kolor-beiges","7":"rodzaj-ubrania-pantaloni-medici","8":"rodzaj-ubrania-camici","9":"ubranie-pantaloni-medici-da-donna-scrubs-premium","10":"product_cat-collezione-premium-per-lei","11":"product_cat-pantaloni-medicali-premium-per-lei","12":"product_cat-per-lei","13":"product_cat-scrubs-premium-per-lei","15":"first","16":"instock","17":"taxable","18":"shipping-taxable","19":"purchasable","20":"product-type-variable"},"acf":[],"_links":{"self":[{"href":"https:\/\/dev.medandbeauty.com\/it\/wp-json\/wp\/v2\/product\/32370","targetHints":{"allow":["GET"]}}],"collection":[{"href":"https:\/\/dev.medandbeauty.com\/it\/wp-json\/wp\/v2\/product"}],"about":[{"href":"https:\/\/dev.medandbeauty.com\/it\/wp-json\/wp\/v2\/types\/product"}],"replies":[{"embeddable":true,"href":"https:\/\/dev.medandbeauty.com\/it\/wp-json\/wp\/v2\/comments?post=32370"}],"wp:featuredmedia":[{"embeddable":true,"href":"https:\/\/dev.medandbeauty.com\/it\/wp-json\/wp\/v2\/media\/32391"}],"wp:attachment":[{"href":"https:\/\/dev.medandbeauty.com\/it\/wp-json\/wp\/v2\/media?parent=32370"}],"wp:term":[{"taxonomy":"kolor","embeddable":true,"href":"https:\/\/dev.medandbeauty.com\/it\/wp-json\/wp\/v2\/kolor?post=32370"},{"taxonomy":"rodzaj-ubrania","embeddable":true,"href":"https:\/\/dev.medandbeauty.com\/it\/wp-json\/wp\/v2\/rodzaj-ubrania?post=32370"},{"taxonomy":"ubranie","embeddable":true,"href":"https:\/\/dev.medandbeauty.com\/it\/wp-json\/wp\/v2\/ubranie?post=32370"},{"taxonomy":"product_brand","embeddable":true,"href":"https:\/\/dev.medandbeauty.com\/it\/wp-json\/wp\/v2\/product_brand?post=32370"},{"taxonomy":"product_cat","embeddable":true,"href":"https:\/\/dev.medandbeauty.com\/it\/wp-json\/wp\/v2\/product_cat?post=32370"},{"taxonomy":"product_tag","embeddable":true,"href":"https:\/\/dev.medandbeauty.com\/it\/wp-json\/wp\/v2\/product_tag?post=32370"}],"curies":[{"name":"wp","href":"https:\/\/api.w.org\/{rel}","templated":true}]}}