{"id":32213,"date":"2024-01-02T17:28:07","date_gmt":"2024-01-02T17:28:07","guid":{"rendered":"https:\/\/dev.medandbeauty.com\/product\/pantaloni-medici-da-donna-scrubs-premium-bianco\/"},"modified":"2025-12-23T12:05:45","modified_gmt":"2025-12-23T11:05:45","slug":"pantaloni-medici-da-donna-scrubs-premium-bianco","status":"publish","type":"product","link":"https:\/\/dev.medandbeauty.com\/it\/product\/pantaloni-medici-da-donna-scrubs-premium-bianco\/","title":{"rendered":"Pantaloni medici da donna scrubs premium BIANCO"},"content":{"rendered":"<p style=\"font-weight: 400;\">Vi presentiamo i <strong>jogger medici<\/strong> che non vorrete pi\u00f9 togliere.<\/p>\n<p style=\"font-weight: 400;\">In risposta alle richieste delle nostre clienti donne, ora i nostri <strong>scrub<\/strong> pi\u00f9 venduti sono disponibili in versione premium!<\/p>\n<p style=\"font-weight: 400;\">Se apprezzate il massimo comfort e materiali di qualit\u00e0 eccellente e vi piace uno stile sportivo ma professionale, i nostri <strong>joggers medici di qualit\u00e0<\/strong> sono un must del vostro guardaroba.<\/p>\n<p style=\"font-weight: 400;\">I <strong>pantaloni scrubs joggers da donna bianchi della <a href=\"https:\/\/dev.medandbeauty.com\/it\/shop\/per-lei\/collezione-premium-per-lei\/\" target=\"_blank\" rel=\"noopener\">collezione premium<\/a><\/strong> sono stati realizzati con un materiale piacevole e morbido al tatto, per cui garantiscono piena libert\u00e0 di movimento e comfort nell&#8217;indossarli. La combinazione dell&#8217;80% di cotone premium con lycra e nylon rende il tessuto perfettamente aderente, traspirante e resistente.<\/p>\n<p style=\"font-weight: 400;\">Leggermente rialzato, con un&#8217;ampia fascia elastica in vita, garantisce il 100% di comfort e non limita i movimenti, anche in caso di uso prolungato.<\/p>\n<p style=\"font-weight: 400;\">Il classico bianco dei <strong>joggers medici<\/strong> si abbina bene a qualsiasi abbigliamento e, grazie alle sei pratiche e capienti tasche, potrete portare con voi tutti gli accessori e gli strumenti pi\u00f9 necessari.<\/p>\n<p style=\"font-weight: 400;\">I nostri <strong>scrub da donna premium medical joggers<\/strong> sono stati dotati di nervature sul fondo delle gambe per evitare che i pantaloni si tirino durante le ore di lavoro intenso.<\/p>\n<p style=\"font-weight: 400;\">Componi il tuo set di <strong>abbigliamento medico<\/strong> da sogno abbinando i <strong>joggers medici bianchi da donna<\/strong> con <strong> <a href=\"https:\/\/dev.medandbeauty.com\/produkt\/bluzka-medyczna-damska-scrubs-premium-biala\/\" target=\"_blank\" rel=\"noopener\">una camicetta medica<\/a><\/strong> dello stesso materiale.<\/p>\n<p style=\"font-weight: 400;\">Mescolate liberamente i colori per creare look unici o optate per un look monocromatico e senza tempo.<\/p>\n<ul>\n<li style=\"font-weight: 400;\">6 tasche pratiche e capienti &#8211; due anteriori, due posteriori e due cargo con scomparto aggiuntivo per le penne<\/li>\n<li style=\"font-weight: 400;\"><span style=\"font-family: inherit;\">Vita leggermente alta con elastico in vita<\/span><\/li>\n<li style=\"font-weight: 400;\"><span style=\"font-family: inherit;\">Fondo gamba a coste<\/span><\/li>\n<li style=\"font-weight: 400;\"><span style=\"font-family: inherit;\">Tessuto morbido e confortevole da indossare<\/span><\/li>\n<\/ul>\n<p style=\"font-weight: 400;\">\nI<strong>nformazioni aggiuntive:<\/strong> Le modelle nelle foto indossano la taglia S e sono alte 170-174 cm.<\/p>\n<p style=\"font-weight: 400;\">Se vi state chiedendo quale taglia scegliere, date un&#8217;occhiata alla tabella delle taglie. In caso di dubbi, inviateci le vostre misure e noi le adatteremo per voi. <\/p>\n<p style=\"font-weight: 400;\">I colori dei capi della <a href=\"https:\/\/dev.medandbeauty.com\/it\/shop\/per-lei\/collezione-premium-per-lei\/\" target=\"_blank\" rel=\"noopener\">collezione Premium<\/a> non corrispondono a quelli della <a href=\"https:\/\/dev.medandbeauty.com\/it\/shop\/per-lei\/collezione-basic-per-lei\/\" target=\"_blank\" rel=\"noopener\">collezione Basic<\/a>, poich\u00e9 sono realizzati con tessuti diversi.<\/p>\n<p style=\"font-weight: 400;\">Le tonalit\u00e0 dei singoli capi nelle immagini possono differire da quelle reali, a causa della variet\u00e0 di apparecchiature elettroniche disponibili e delle loro impostazioni individuali.<\/p>\n","protected":false},"excerpt":{"rendered":"<p>Vi presentiamo i jogger medici che non vorrete pi\u00f9 togliere. In risposta alle richieste delle nostre clienti donne, ora i nostri scrub pi\u00f9 venduti sono disponibili in versione premium! Se apprezzate il massimo comfort e materiali di qualit\u00e0 eccellente e vi piace uno stile sportivo ma professionale, i nostri joggers medici di qualit\u00e0 sono un [&hellip;]<\/p>\n","protected":false},"featured_media":32240,"comment_status":"open","ping_status":"closed","template":"","meta":{"_acf_changed":false,"inline_featured_image":false},"kolor":[559],"rodzaj-ubrania":[572,556],"ubranie":[573],"product_brand":[],"product_cat":[561,812,552,811],"product_tag":[],"class_list":{"0":"post-32213","1":"product","2":"type-product","3":"status-publish","4":"has-post-thumbnail","6":"kolor-bianchi","7":"rodzaj-ubrania-pantaloni-medici","8":"rodzaj-ubrania-camici","9":"ubranie-pantaloni-medici-da-donna-scrubs-premium","10":"product_cat-collezione-premium-per-lei","11":"product_cat-pantaloni-medicali-premium-per-lei","12":"product_cat-per-lei","13":"product_cat-scrubs-premium-per-lei","15":"first","16":"instock","17":"taxable","18":"shipping-taxable","19":"purchasable","20":"product-type-variable"},"acf":[],"_links":{"self":[{"href":"https:\/\/dev.medandbeauty.com\/it\/wp-json\/wp\/v2\/product\/32213","targetHints":{"allow":["GET"]}}],"collection":[{"href":"https:\/\/dev.medandbeauty.com\/it\/wp-json\/wp\/v2\/product"}],"about":[{"href":"https:\/\/dev.medandbeauty.com\/it\/wp-json\/wp\/v2\/types\/product"}],"replies":[{"embeddable":true,"href":"https:\/\/dev.medandbeauty.com\/it\/wp-json\/wp\/v2\/comments?post=32213"}],"wp:featuredmedia":[{"embeddable":true,"href":"https:\/\/dev.medandbeauty.com\/it\/wp-json\/wp\/v2\/media\/32240"}],"wp:attachment":[{"href":"https:\/\/dev.medandbeauty.com\/it\/wp-json\/wp\/v2\/media?parent=32213"}],"wp:term":[{"taxonomy":"kolor","embeddable":true,"href":"https:\/\/dev.medandbeauty.com\/it\/wp-json\/wp\/v2\/kolor?post=32213"},{"taxonomy":"rodzaj-ubrania","embeddable":true,"href":"https:\/\/dev.medandbeauty.com\/it\/wp-json\/wp\/v2\/rodzaj-ubrania?post=32213"},{"taxonomy":"ubranie","embeddable":true,"href":"https:\/\/dev.medandbeauty.com\/it\/wp-json\/wp\/v2\/ubranie?post=32213"},{"taxonomy":"product_brand","embeddable":true,"href":"https:\/\/dev.medandbeauty.com\/it\/wp-json\/wp\/v2\/product_brand?post=32213"},{"taxonomy":"product_cat","embeddable":true,"href":"https:\/\/dev.medandbeauty.com\/it\/wp-json\/wp\/v2\/product_cat?post=32213"},{"taxonomy":"product_tag","embeddable":true,"href":"https:\/\/dev.medandbeauty.com\/it\/wp-json\/wp\/v2\/product_tag?post=32213"}],"curies":[{"name":"wp","href":"https:\/\/api.w.org\/{rel}","templated":true}]}}