{"id":32209,"date":"2024-01-02T17:53:45","date_gmt":"2024-01-02T17:53:45","guid":{"rendered":"https:\/\/dev.medandbeauty.com\/product\/pantaloni-medici-da-donna-scrubs-premium-nero\/"},"modified":"2025-12-23T12:06:11","modified_gmt":"2025-12-23T11:06:11","slug":"pantaloni-medici-da-donna-scrubs-premium-nero","status":"publish","type":"product","link":"https:\/\/dev.medandbeauty.com\/it\/product\/pantaloni-medici-da-donna-scrubs-premium-nero\/","title":{"rendered":"Pantaloni medici da donna scrubs premium NERO"},"content":{"rendered":"<p>&nbsp;<\/p>\n<h2>Pantaloni medici neri &#8211; materiali pregiati<\/h2>\n<p>Stai cercando i <strong>joggers medici da donna neri<\/strong> pi\u00f9 comodi che non vorrai mai togliere?<\/p>\n<p>In risposta alle richieste delle nostre clienti donne, ora i nostri <strong>scrub<\/strong> pi\u00f9 venduti sono disponibili anche in una collezione premium!<\/p>\n<p>Se il comfort e i materiali di prima qualit\u00e0 sono ci\u00f2 che cerchi nell&#8217;abbigliamento medico, i nostri <strong>joggers medici<\/strong> <strong>neri<\/strong> <strong>di prima qualit\u00e0<\/strong> ti piaceranno sicuramente!<\/p>\n<p><strong>I pantaloni medici joggers scrubs neri della <a href=\"https:\/\/dev.medandbeauty.com\/it\/shop\/per-lei\/collezione-premium-per-lei\/\" target=\"_blank\" rel=\"noopener\">collezione premium<\/a><\/strong> sono <strong>realizzati in<\/strong> un tessuto morbido e traspirante, per cui non limitano i movimenti e offrono un comfort totale quando vengono indossati. L <strong>&#8216;80% di cotone di alta qualit\u00e0 con una miscela di lycra e nylon rende il tessuto perfetto<\/strong> per qualsiasi tipo di figura femminile, oltre a essere resistente e traspirante.<\/p>\n<p>Grazie alla vita leggermente rialzata con un&#8217;ampia fascia elastica, i pantaloni medici neri non limitano i movimenti e sono quindi molto comodi, anche se indossati per lunghi periodi di tempo.<\/p>\n<p>Il classico nero dei joggers medici si abbina a qualsiasi abbigliamento e, grazie alle sei pratiche e capienti tasche, avrai sempre a portata di mano tutti i piccoli strumenti e gli accessori di cui hai bisogno per lavorare.<\/p>\n<p><strong>I joggers medici premium scrubs da donna neri sono caratterizzati da polsini a costine nella parte inferiore delle gambe<\/strong> per garantire che i pantaloni non si sollevino durante l&#8217;uso.<\/p>\n<h2>Pantaloni medici da donna neri<\/h2>\n<p>Crea il tuo set di abbigliamento medico da sogno abbinando i pantaloni jogger da donna neri con <a href=\"https:\/\/dev.medandbeauty.com\/produkt\/bluzka-medyczna-damska-scrubs-premium-czarna\/\" target=\"_blank\" rel=\"noopener\">una camicetta medica<\/a> dello stesso materiale.<\/p>\n<p>Puoi mescolare liberamente le tonalit\u00e0 per creare stili unici oppure optare per un look nero classico monocolore. Cosa caratterizza i nostri pantaloni neri da medico? <\/p>\n<ul>\n<li>Sei tasche pratiche e capienti: due tasche anteriori, due tasche posteriori e due tasche cargo con un ulteriore scomparto per le penne,<\/li>\n<li>Parte superiore leggermente rialzata con elastico in vita,<\/li>\n<li>costole nella parte inferiore delle gambe.<\/li>\n<li>tessuto morbido e confortevole da indossare.<\/li>\n<\/ul>\n<p><strong>Informazioni aggiuntive:<\/strong> Le modelle nelle foto indossano pantaloni medici da donna neri della taglia S e sono alte 170-174 cm.<\/p>\n<h2>Joggers medici da donna neri &#8211; taglie<\/h2>\n<p>Se vi state chiedendo quale taglia scegliere, date un&#8217;occhiata alla tabella delle taglie. Se hai ancora dei dubbi, inviaci le tue misure e <strong>ti adatteremo esattamente la taglia dei pantaloni medici neri da donna.<\/strong> <\/p>\n<p>I colori dei capi della <a href=\"https:\/\/dev.medandbeauty.com\/it\/shop\/per-lei\/collezione-premium-per-lei\/\" target=\"_blank\" rel=\"noopener\">collezione Premium<\/a> non corrispondono a quelli della <a href=\"https:\/\/dev.medandbeauty.com\/it\/shop\/per-lei\/collezione-basic-per-lei\/\" target=\"_blank\" rel=\"noopener\">collezione Basic<\/a>, poich\u00e9 sono realizzati con tessuti diversi.<\/p>\n<p>Il negozio di abbigliamento medico Med&amp;Beauty offre:<\/p>\n<ul>\n<li><a href=\"https:\/\/dev.medandbeauty.com\/it\/shop\/per-lei\/\" target=\"_new\" rel=\"noopener\">abbigliamento medico da donna<\/a>,<\/li>\n<li><a href=\"https:\/\/dev.medandbeauty.com\/it\/rodzaj-ubrania\/pantaloni-medici\/\" target=\"_new\" rel=\"noopener\">pantaloni da medico<\/a>,<\/li>\n<li><a href=\"https:\/\/dev.medandbeauty.com\/it\/shop\/per-lei\/collezione-basic-per-lei\/pantaloni-medici-basic-per-lei\/\" target=\"_new\" rel=\"noopener\">pantaloni medici da donna<\/a>,<\/li>\n<li><a href=\"https:\/\/dev.medandbeauty.com\/it\/shop\/per-lei\/collezione-premium-per-lei\/pantaloni-medicali-premium-per-lei\/\" target=\"_new\" rel=\"noopener\">pantaloni da donna in cotone medicale<\/a>.<\/li>\n<\/ul>\n<p>Le tonalit\u00e0 dei singoli capi nelle immagini possono differire da quelle reali, a causa della variet\u00e0 di apparecchiature elettroniche disponibili e delle loro impostazioni individuali.<\/p>\n","protected":false},"excerpt":{"rendered":"<p>&nbsp; Pantaloni medici neri &#8211; materiali pregiati Stai cercando i joggers medici da donna neri pi\u00f9 comodi che non vorrai mai togliere? In risposta alle richieste delle nostre clienti donne, ora i nostri scrub pi\u00f9 venduti sono disponibili anche in una collezione premium! Se il comfort e i materiali di prima qualit\u00e0 sono ci\u00f2 che [&hellip;]<\/p>\n","protected":false},"featured_media":32226,"comment_status":"open","ping_status":"closed","template":"","meta":{"_acf_changed":false,"inline_featured_image":false},"kolor":[563],"rodzaj-ubrania":[572,556],"ubranie":[573],"product_brand":[],"product_cat":[561,812,552,811],"product_tag":[],"class_list":{"0":"post-32209","1":"product","2":"type-product","3":"status-publish","4":"has-post-thumbnail","6":"kolor-czernie-it","7":"rodzaj-ubrania-pantaloni-medici","8":"rodzaj-ubrania-camici","9":"ubranie-pantaloni-medici-da-donna-scrubs-premium","10":"product_cat-collezione-premium-per-lei","11":"product_cat-pantaloni-medicali-premium-per-lei","12":"product_cat-per-lei","13":"product_cat-scrubs-premium-per-lei","15":"first","16":"instock","17":"taxable","18":"shipping-taxable","19":"purchasable","20":"product-type-variable"},"acf":[],"_links":{"self":[{"href":"https:\/\/dev.medandbeauty.com\/it\/wp-json\/wp\/v2\/product\/32209","targetHints":{"allow":["GET"]}}],"collection":[{"href":"https:\/\/dev.medandbeauty.com\/it\/wp-json\/wp\/v2\/product"}],"about":[{"href":"https:\/\/dev.medandbeauty.com\/it\/wp-json\/wp\/v2\/types\/product"}],"replies":[{"embeddable":true,"href":"https:\/\/dev.medandbeauty.com\/it\/wp-json\/wp\/v2\/comments?post=32209"}],"wp:featuredmedia":[{"embeddable":true,"href":"https:\/\/dev.medandbeauty.com\/it\/wp-json\/wp\/v2\/media\/32226"}],"wp:attachment":[{"href":"https:\/\/dev.medandbeauty.com\/it\/wp-json\/wp\/v2\/media?parent=32209"}],"wp:term":[{"taxonomy":"kolor","embeddable":true,"href":"https:\/\/dev.medandbeauty.com\/it\/wp-json\/wp\/v2\/kolor?post=32209"},{"taxonomy":"rodzaj-ubrania","embeddable":true,"href":"https:\/\/dev.medandbeauty.com\/it\/wp-json\/wp\/v2\/rodzaj-ubrania?post=32209"},{"taxonomy":"ubranie","embeddable":true,"href":"https:\/\/dev.medandbeauty.com\/it\/wp-json\/wp\/v2\/ubranie?post=32209"},{"taxonomy":"product_brand","embeddable":true,"href":"https:\/\/dev.medandbeauty.com\/it\/wp-json\/wp\/v2\/product_brand?post=32209"},{"taxonomy":"product_cat","embeddable":true,"href":"https:\/\/dev.medandbeauty.com\/it\/wp-json\/wp\/v2\/product_cat?post=32209"},{"taxonomy":"product_tag","embeddable":true,"href":"https:\/\/dev.medandbeauty.com\/it\/wp-json\/wp\/v2\/product_tag?post=32209"}],"curies":[{"name":"wp","href":"https:\/\/api.w.org\/{rel}","templated":true}]}}