{"id":681424,"date":"2026-02-03T09:07:01","date_gmt":"2026-02-03T08:07:01","guid":{"rendered":"https:\/\/dev.medandbeauty.com\/calzature-mediche-cracovia\/"},"modified":"2026-02-03T09:08:11","modified_gmt":"2026-02-03T08:08:11","slug":"calzature-mediche-cracovia","status":"publish","type":"page","link":"https:\/\/dev.medandbeauty.com\/it\/calzature-mediche-cracovia\/","title":{"rendered":"Calzature mediche Cracovia"},"content":{"rendered":"\n<h2 class=\"wp-block-heading\">Calzature mediche Cracovia &#8211; trova il paio perfetto online!<\/h2>\n\n<p>Cerchi delle <strong>calzature mediche<\/strong> professionali <strong>a Cracovia<\/strong>? Lavorare sempre in movimento ed essere reperibili per molte ore mette a dura prova i tuoi piedi. Hai bisogno di scarpe che ti garantiscano il massimo comfort e che diano sollievo ai piedi stanchi. Anche se non abbiamo un negozio fisso a Cracovia, ti offriamo qualcosa di molto pi\u00f9 comodo. Sul nostro sito web troverai un&#8217;ampia selezione di calzature mediche di alta qualit\u00e0, con consegna rapida direttamente a casa tua. Investi nella tua salute e nel tuo comfort: dimentica il dolore ai piedi una volta per tutte!     <\/p>\n\n<h2 class=\"wp-block-heading\">Perch\u00e9 scegliere le nostre calzature mediche?<\/h2>\n\n<p>Lavorare nel settore medico \u00e8 una vera sfida per i piedi. Le nostre calzature sono state progettate pensando a professionisti come te, che ogni giorno si prendono cura della salute degli altri. Cosa contraddistingue i comodi modelli disponibili nello shop online di Med&amp;Beauty?  <\/p>\n\n<ul class=\"wp-block-list\">\n<li><strong>Comfort e ammortizzazione insuperabili: le<\/strong> calzature comode sono una parte fondamentale del guardaroba del personale medico. Le nostre scarpe sono dotate di un&#8217;ammortizzazione avanzata e di una soletta ergonomica e anatomica. Di conseguenza, riducono efficacemente gli urti e minimizzano la sensazione di affaticamento, anche durante un lungo turno di lavoro,  <\/li>\n\n\n\n<li><strong>sicurezza in ogni passo &#8211;<\/strong> la suola antiscivolo \u00e8 uno standard delle nostre calzature, che garantisce stabilit\u00e0 e passo sicuro su qualsiasi superficie. La struttura leggera ma resistente assicura una completa libert\u00e0 di movimento. I materiali traspiranti, come l&#8217;innovativa schiuma EVA, garantiscono igiene e comfort termico ai tuoi piedi per tutto il giorno,  <\/li>\n\n\n\n<li><strong>Uno stile che enfatizza la professionalit\u00e0:<\/strong> i tempi in cui le calzature mediche dovevano essere noiose e senza forma sono ormai lontani. Noi di Med&amp;Beauty combiniamo funzionalit\u00e0 ed estetica moderna. Offriamo scarpe in un&#8217;ampia gamma di colori e stili. I nostri modelli completano perfettamente la tua immagine professionale e si abbinano perfettamente ai camici o ai set medici.   <\/li>\n<\/ul>\n\n<h2 class=\"wp-block-heading\">Come trovare le scarpe mediche perfette?<\/h2>\n\n<p>Scegliere le calzature giuste \u00e8 un investimento per la tua salute e il tuo benessere. Ecco alcuni consigli pratici per aiutarti a prendere la decisione migliore: <\/p>\n\n<ol class=\"wp-block-list\">\n<li><strong>Presta attenzione alla tua taglia:<\/strong> sia le scarpe troppo strette che quelle troppo larghe possono causare sfregamenti, dolore e persino aumentare il rischio di lesioni. Per evitare tutto ci\u00f2, misura il tuo piede con attenzione e utilizza la nostra tabella dettagliata delle taglie, <\/li>\n\n\n\n<li><strong>Adatta il modello alle tue esigenze:<\/strong> hai bisogno della massima ventilazione nelle giornate calde? Scegli infradito leggere con cinghie regolabili che permettano al piede di respirare. O forse stai cercando una maggiore stabilit\u00e0 per la tua caviglia? Dai un&#8217;occhiata ai modelli integrati di scarpe mediche. Ogni taglio \u00e8 stato progettato tenendo conto delle esigenze specifiche di chi lavora in movimento,    <\/li>\n\n\n\n<li><strong>Punta su materiali di qualit\u00e0:<\/strong> le nostre calzature sono realizzate con materiali di alta qualit\u00e0 e certificati. Non solo sono facili da pulire e da disinfettare, ma sono anche rispettose della pelle. Il design ergonomico favorisce il corretto posizionamento del piede, aiutando a prevenire i problemi posturali.  <\/li>\n<\/ol>\n\n<h2 class=\"wp-block-heading\">Calzature mediche Cracovia &#8211; ordina comodamente con consegna a domicilio<\/h2>\n\n<p>Acquistare online su Med&amp;Beauty \u00e8 una soluzione che ti offre molti pi\u00f9 vantaggi che visitare un negozio fisso:<\/p>\n\n<ul class=\"wp-block-list\">\n<li><strong>la gamma completa in un unico posto:<\/strong> hai accesso a tutti i modelli, i colori e le dimensioni senza dover uscire di casa,<\/li>\n\n\n\n<li><strong>Comodit\u00e0 e risparmio di tempo:<\/strong> ordina quando hai tempo, durante la pausa caff\u00e8 o al rientro dal lavoro,<\/li>\n\n\n\n<li><strong>Garanzia di consegna rapida &#8211;<\/strong> le tue nuove e comode scarpe mediche arriveranno a Cracovia a passo spedito,<\/li>\n\n\n\n<li><strong>assistenza professionale &#8211;<\/strong> hai domande o dubbi? Il nostro team sar\u00e0 lieto di aiutarti a scegliere il modello perfetto per telefono o via e-mail. <\/li>\n<\/ul>\n\n<p>Non lasciare che le scarpe scomode compromettano il tuo benessere e la tua efficienza sul lavoro. Prenditi cura della salute dei tuoi piedi con l&#8217;aiuto di professionisti. Esplora la nostra collezione di calzature mediche e trasforma la tua vita quotidiana oggi stesso!  <\/p>\n","protected":false},"excerpt":{"rendered":"<p>Calzature mediche Cracovia &#8211; trova il paio perfetto online! Cerchi delle calzature mediche professionali a Cracovia? Lavorare sempre in movimento ed essere reperibili per molte ore mette a dura prova i tuoi piedi. Hai bisogno di scarpe che ti garantiscano il massimo comfort e che diano sollievo ai piedi stanchi. Anche se non abbiamo un [&hellip;]<\/p>\n","protected":false},"author":43705,"featured_media":0,"parent":0,"menu_order":0,"comment_status":"closed","ping_status":"closed","template":"","meta":{"_acf_changed":false,"inline_featured_image":false,"footnotes":""},"class_list":["post-681424","page","type-page","status-publish","hentry"],"acf":[],"_links":{"self":[{"href":"https:\/\/dev.medandbeauty.com\/it\/wp-json\/wp\/v2\/pages\/681424","targetHints":{"allow":["GET"]}}],"collection":[{"href":"https:\/\/dev.medandbeauty.com\/it\/wp-json\/wp\/v2\/pages"}],"about":[{"href":"https:\/\/dev.medandbeauty.com\/it\/wp-json\/wp\/v2\/types\/page"}],"author":[{"embeddable":true,"href":"https:\/\/dev.medandbeauty.com\/it\/wp-json\/wp\/v2\/users\/43705"}],"replies":[{"embeddable":true,"href":"https:\/\/dev.medandbeauty.com\/it\/wp-json\/wp\/v2\/comments?post=681424"}],"version-history":[{"count":1,"href":"https:\/\/dev.medandbeauty.com\/it\/wp-json\/wp\/v2\/pages\/681424\/revisions"}],"predecessor-version":[{"id":681425,"href":"https:\/\/dev.medandbeauty.com\/it\/wp-json\/wp\/v2\/pages\/681424\/revisions\/681425"}],"wp:attachment":[{"href":"https:\/\/dev.medandbeauty.com\/it\/wp-json\/wp\/v2\/media?parent=681424"}],"curies":[{"name":"wp","href":"https:\/\/api.w.org\/{rel}","templated":true}]}}