{"id":681335,"date":"2026-02-03T08:18:14","date_gmt":"2026-02-03T07:18:14","guid":{"rendered":"https:\/\/dev.medandbeauty.com\/calzature-mediche-lublino-trova-le-scarpe-perfette-per-i-professionisti\/"},"modified":"2026-02-03T09:09:39","modified_gmt":"2026-02-03T08:09:39","slug":"calzature-mediche-lublino-trova-le-scarpe-perfette-per-i-professionisti","status":"publish","type":"page","link":"https:\/\/dev.medandbeauty.com\/it\/calzature-mediche-lublino-trova-le-scarpe-perfette-per-i-professionisti\/","title":{"rendered":"Calzature mediche Lublino"},"content":{"rendered":"\n<p>Lavori nel settore medico o estetico a Lublino e passi molte ore in piedi? I tuoi piedi meritano il massimo livello di comfort e supporto. Una buona calzatura medica non \u00e8 un lusso, ma la base del tuo benessere e della tua efficienza durante la giornata lavorativa. \u00c8 un investimento per la salute della colonna vertebrale, delle articolazioni e dei piedi, che ti permette di concentrarti su ci\u00f2 che conta di pi\u00f9: i tuoi pazienti e i tuoi clienti.   <\/p>\n\n<h2 class=\"wp-block-heading\">Dove acquistare calzature mediche a Lublino? Scommetti sulla convenienza dello shopping online! <\/h2>\n\n<p>Se digiti la frase<strong>&#8220;calzature mediche Lublino<\/strong>&#8221; in un motore di ricerca, troverai sicuramente diversi negozi medici fissi. Ma la loro offerta \u00e8 in grado di soddisfare le tue esigenze in termini di scelta, qualit\u00e0 ed estetica moderna? Invece di perdere tempo a fare il pendolare, scegli una soluzione pi\u00f9 conveniente!  <\/p>\n\n<p>Il negozio online Med&amp;Beauty \u00e8 un luogo dove puoi trovare un vasto assortimento di calzature mediche professionali. Puoi acquistare i modelli dei tuoi sogni e usufruire di una consegna rapida direttamente a casa tua o sul posto di lavoro a Lublino. <\/p>\n\n<p>Quando acquisti online su Med&amp;Beauty, sei garantito:<\/p>\n\n<ul class=\"wp-block-list\">\n<li><strong>Ampia scelta:<\/strong> sfoglia decine di modelli, colori e tagli in un unico posto, senza uscire di casa. Offriamo una gamma molto pi\u00f9 ampia rispetto alla maggior parte delle cartolerie, <\/li>\n\n\n\n<li><strong>Risparmio di tempo:<\/strong> ordina le tue scarpe mediche perfette in pochi minuti, a qualsiasi ora del giorno e della notte,<\/li>\n\n\n\n<li><strong>informazioni dettagliate:<\/strong> ogni prodotto \u00e8 corredato da una descrizione dettagliata, da foto e da una precisa tabella delle taglie, che rendono pi\u00f9 facile prendere la decisione migliore,<\/li>\n\n\n\n<li><strong>consegne in tutta la Polonia:<\/strong> che tu viva nel centro di Lublino o in periferia, consegneremo il tuo ordine in modo rapido ed efficiente.<\/li>\n<\/ul>\n\n<h2 class=\"wp-block-heading\">Perch\u00e9 una buona calzatura medica \u00e8 essenziale?<\/h2>\n\n<p>Le scarpe giuste sono una parte fondamentale del tuo abbigliamento da lavoro. Sono quelle che sopportano lo sforzo durante le lunghe ore di lavoro. Investendo in calzature mediche di alta qualit\u00e0, ti assicuri:  <\/p>\n\n<ul class=\"wp-block-list\">\n<li><strong>comfort e riduzione della fatica &#8211; le<\/strong> solette ergonomiche e le suole ammortizzanti alleviano la pressione su piedi, ginocchia e colonna vertebrale, riducendo al minimo il dolore e la sensazione di gambe pesanti,<\/li>\n\n\n\n<li><strong>Sicurezza &#8211;<\/strong> una suola antiscivolo \u00e8 un must assoluto in un ambiente di lavoro dinamico. Riduce il rischio di scivolare e cadere, <\/li>\n\n\n\n<li><strong>supporto alla salute del piede &#8211; le<\/strong> calzature professionali aiutano a prevenire problemi ortopedici come i piedi piatti, l&#8217;alluce valgo o i dolori articolari,<\/li>\n\n\n\n<li><strong>igiene &#8211;<\/strong> le nostre scarpe sono realizzate con materiali facili da pulire e disinfettare, un aspetto fondamentale nelle strutture mediche e nei saloni di bellezza.<\/li>\n<\/ul>\n\n<h2 class=\"wp-block-heading\">Come scegliere le migliori calzature mediche? Caratteristiche principali <\/h2>\n\n<p>Quando scegli il paio di scarpe perfetto, presta attenzione a diversi elementi importanti. Questi sono gli elementi che ne dimostrano la qualit\u00e0 e la funzionalit\u00e0: <\/p>\n\n<ol class=\"wp-block-list\">\n<li><strong>Materiale &#8211;<\/strong> opta per tessuti traspiranti ma resistenti. La pelle di alta qualit\u00e0 o i moderni materiali sintetici garantiscono un&#8217;adeguata circolazione dell&#8217;aria e sono resistenti alla pulizia frequente, <\/li>\n\n\n\n<li><strong>suola &#8211;<\/strong> deve essere flessibile e antiscivolo. \u00c8 bene che abbia propriet\u00e0 ammortizzanti per assorbire lo shock della camminata su superfici dure, <\/li>\n\n\n\n<li><strong>vestibilit\u00e0 ed ergonomia &#8211; le<\/strong> scarpe devono essere leggere e adattarsi perfettamente alla forma del piede. La soletta anatomica, che sostiene l&#8217;arco del piede, \u00e8 una garanzia di comfort per molte ore, <\/li>\n\n\n\n<li><strong>funzionalit\u00e0 &#8211;<\/strong> la possibilit\u00e0 di regolazione (ad esempio con un cinturino sul tallone) consente una calzata ancora migliore della scarpa ed evita che scivoli via.<\/li>\n<\/ol>\n\n<p>Non scendere a compromessi con il tuo comfort e la tua immagine professionale! Noi di Med&amp;Beauty comprendiamo le esigenze dei professionisti e offriamo prodotti che combinano funzionalit\u00e0, lavorazione di alta qualit\u00e0 e un look moderno. Nel nostro negozio non troverai solo calzature mediche, ma anche un&#8217;ampia gamma di abbigliamento medico, tra cui camici, camici, pantaloni e grembiuli. Tutti questi articoli ti aiuteranno a creare un&#8217;uniforme completa, comoda ed elegante.   <\/p>\n\n<p>Ti invitiamo a dare un&#8217;occhiata alla nostra offerta. Scopri come ordinare in modo semplice e veloce le calzature mediche professionali che cambieranno il comfort del tuo lavoro! <\/p>\n","protected":false},"excerpt":{"rendered":"<p>Lavori nel settore medico o estetico a Lublino e passi molte ore in piedi? I tuoi piedi meritano il massimo livello di comfort e supporto. Una buona calzatura medica non \u00e8 un lusso, ma la base del tuo benessere e della tua efficienza durante la giornata lavorativa. \u00c8 un investimento per la salute della colonna [&hellip;]<\/p>\n","protected":false},"author":43705,"featured_media":0,"parent":0,"menu_order":0,"comment_status":"closed","ping_status":"closed","template":"","meta":{"_acf_changed":false,"inline_featured_image":false,"footnotes":""},"class_list":["post-681335","page","type-page","status-publish","hentry"],"acf":[],"_links":{"self":[{"href":"https:\/\/dev.medandbeauty.com\/it\/wp-json\/wp\/v2\/pages\/681335","targetHints":{"allow":["GET"]}}],"collection":[{"href":"https:\/\/dev.medandbeauty.com\/it\/wp-json\/wp\/v2\/pages"}],"about":[{"href":"https:\/\/dev.medandbeauty.com\/it\/wp-json\/wp\/v2\/types\/page"}],"author":[{"embeddable":true,"href":"https:\/\/dev.medandbeauty.com\/it\/wp-json\/wp\/v2\/users\/43705"}],"replies":[{"embeddable":true,"href":"https:\/\/dev.medandbeauty.com\/it\/wp-json\/wp\/v2\/comments?post=681335"}],"version-history":[{"count":2,"href":"https:\/\/dev.medandbeauty.com\/it\/wp-json\/wp\/v2\/pages\/681335\/revisions"}],"predecessor-version":[{"id":681439,"href":"https:\/\/dev.medandbeauty.com\/it\/wp-json\/wp\/v2\/pages\/681335\/revisions\/681439"}],"wp:attachment":[{"href":"https:\/\/dev.medandbeauty.com\/it\/wp-json\/wp\/v2\/media?parent=681335"}],"curies":[{"name":"wp","href":"https:\/\/api.w.org\/{rel}","templated":true}]}}