{"id":624625,"date":"2025-11-27T14:45:27","date_gmt":"2025-11-27T13:45:27","guid":{"rendered":"https:\/\/dev.medandbeauty.com\/grembiule-da-laboratorio-wroclaw\/"},"modified":"2025-11-27T14:46:36","modified_gmt":"2025-11-27T13:46:36","slug":"grembiule-da-laboratorio-wroclaw","status":"publish","type":"page","link":"https:\/\/dev.medandbeauty.com\/it\/grembiule-da-laboratorio-wroclaw\/","title":{"rendered":"Grembiule da laboratorio Wroc\u0142aw"},"content":{"rendered":"\n<p>Quando scegli di acquistare nel nostro negozio, scegli un prodotto progettato tenendo conto delle esigenze dei professionisti. Invece di limitarti a una gamma locale, avrai accesso a capi creati con passione e testati da professionisti. Perch\u00e9 dovresti puntare sul nostro abbigliamento?  <\/p>\n\n<ul class=\"wp-block-list\">\n<li><strong>Prova un comfort senza pari:<\/strong> i nostri grembiuli sono realizzati con tessuti traspiranti di alta qualit\u00e0 che assicurano un comfort termico per tutto il giorno. Le fibre elastiche garantiscono una completa libert\u00e0 di movimento e il tessuto \u00e8 resistente alle pieghe. In questo modo avrai sempre un aspetto ordinato e professionale.  <\/li>\n\n\n\n<li><strong>Un aspetto professionale e una sensazione di sicurezza:<\/strong> dimentica i camici informi e scomodi! Offriamo grembiuli medici da donna e da uomo con tagli moderni e leggermente aderenti. Questi abiti enfatizzano la silhouette e aiutano a costruire un&#8217;immagine professionale.  <\/li>\n\n\n\n<li><strong>Funzionalit\u00e0 in ogni dettaglio:<\/strong> sappiamo quanto sia importante la praticit\u00e0. I nostri grembiuli sono dotati di tasche spaziose e strategicamente posizionate per gli accessori essenziali. I resistenti bottoni a pressione permettono di indossarli e toglierli rapidamente.  <\/li>\n\n\n\n<li><strong>Distinguiti con la personalizzazione:<\/strong> vuoi aggiungere un tocco personale al tuo grembiule? Ti offriamo l&#8217;opzione di personalizzazione tramite ricamo: inserisci il tuo nome, la tua specialit\u00e0 o il logo del tuo locale per sottolineare la tua professionalit\u00e0 e creare un&#8217;immagine coerente del team. <\/li>\n<\/ul>\n\n<h2 class=\"wp-block-heading\">Dove acquistare un grembiule da laboratorio a Breslavia?<\/h2>\n\n<p>Quando cerchi il grembiule perfetto, hai diverse opzioni. Puoi visitare i negozi di abbigliamento medico e per la sicurezza, che offrono modelli standard disponibili in pronta consegna. Questa \u00e8 una buona opzione quando il tempo \u00e8 fondamentale.  <\/p>\n\n<p>Tuttavia, se vuoi la massima qualit\u00e0, il massimo comfort e un look moderno, la scelta migliore \u00e8 quella di acquistare online. Noi di Med&amp;Beauty ti offriamo: <\/p>\n\n<ul class=\"wp-block-list\">\n<li><strong>ampia scelta di tagli e colori,<\/strong> non disponibili presso i grossisti locali,<\/li>\n\n\n\n<li><strong>garanzia di qualit\u00e0<\/strong> &#8211; cuciamo i nostri prodotti in Polonia con attenzione ad ogni dettaglio,<\/li>\n\n\n\n<li><strong>la comodit\u00e0 di fare acquisti<\/strong> senza uscire di casa e la consegna rapida a Wroc\u0142aw,<\/li>\n\n\n\n<li><strong>la possibilit\u00e0 di restituire<\/strong> il prodotto <strong>entro 100 giorni<\/strong> se non soddisfa le tue aspettative.<\/li>\n<\/ul>\n\n<h2 class=\"wp-block-heading\">Creato per i professionisti di Wroclaw<\/h2>\n\n<p>I nostri grembiuli da laboratorio sono la soluzione ideale per:<\/p>\n\n<ul class=\"wp-block-list\">\n<li><strong>studenti e accademici<\/strong> delle universit\u00e0 di Breslavia, tra cui l&#8217;Universit\u00e0 di Tecnologia di Breslavia e l&#8217;Universit\u00e0 di Medicina,<\/li>\n\n\n\n<li><strong>personale di laboratori<\/strong> di analisi, di ricerca e industriali,<\/li>\n\n\n\n<li><strong>medici, farmacisti e tecnici sanitari<\/strong> in cliniche e ospedali,<\/li>\n\n\n\n<li><strong>professionisti dell&#8217;estetica e della cosmetologia<\/strong> per i quali la sterilit\u00e0 e l&#8217;immagine professionale sono importanti.<\/li>\n<\/ul>\n\n<p>Non scendere a compromessi con la tua immagine professionale e il tuo comfort. Unisciti al gruppo di professionisti soddisfatti che si affidano a Med&amp;Beauty! Dai un&#8217;occhiata alla nostra collezione di camici e ordina un modello per te con consegna a Wroc\u0142aw!  <\/p>\n","protected":false},"excerpt":{"rendered":"<p>Quando scegli di acquistare nel nostro negozio, scegli un prodotto progettato tenendo conto delle esigenze dei professionisti. Invece di limitarti a una gamma locale, avrai accesso a capi creati con passione e testati da professionisti. Perch\u00e9 dovresti puntare sul nostro abbigliamento? Dove acquistare un grembiule da laboratorio a Breslavia? Quando cerchi il grembiule perfetto, hai [&hellip;]<\/p>\n","protected":false},"author":43705,"featured_media":0,"parent":0,"menu_order":0,"comment_status":"closed","ping_status":"closed","template":"","meta":{"_acf_changed":false,"inline_featured_image":false,"footnotes":""},"class_list":["post-624625","page","type-page","status-publish","hentry"],"acf":[],"_links":{"self":[{"href":"https:\/\/dev.medandbeauty.com\/it\/wp-json\/wp\/v2\/pages\/624625","targetHints":{"allow":["GET"]}}],"collection":[{"href":"https:\/\/dev.medandbeauty.com\/it\/wp-json\/wp\/v2\/pages"}],"about":[{"href":"https:\/\/dev.medandbeauty.com\/it\/wp-json\/wp\/v2\/types\/page"}],"author":[{"embeddable":true,"href":"https:\/\/dev.medandbeauty.com\/it\/wp-json\/wp\/v2\/users\/43705"}],"replies":[{"embeddable":true,"href":"https:\/\/dev.medandbeauty.com\/it\/wp-json\/wp\/v2\/comments?post=624625"}],"version-history":[{"count":1,"href":"https:\/\/dev.medandbeauty.com\/it\/wp-json\/wp\/v2\/pages\/624625\/revisions"}],"predecessor-version":[{"id":624626,"href":"https:\/\/dev.medandbeauty.com\/it\/wp-json\/wp\/v2\/pages\/624625\/revisions\/624626"}],"wp:attachment":[{"href":"https:\/\/dev.medandbeauty.com\/it\/wp-json\/wp\/v2\/media?parent=624625"}],"curies":[{"name":"wp","href":"https:\/\/api.w.org\/{rel}","templated":true}]}}