{"id":624612,"date":"2025-11-27T14:44:50","date_gmt":"2025-11-27T13:44:50","guid":{"rendered":"https:\/\/dev.medandbeauty.com\/grembiule-da-laboratorio-varsavia\/"},"modified":"2025-11-27T14:45:45","modified_gmt":"2025-11-27T13:45:45","slug":"grembiule-da-laboratorio-varsavia","status":"publish","type":"page","link":"https:\/\/dev.medandbeauty.com\/it\/grembiule-da-laboratorio-varsavia\/","title":{"rendered":"Grembiule da laboratorio Varsavia"},"content":{"rendered":"\n<p>Ti stai chiedendo quale sia il posto della capitale che offre la migliore selezione di abbigliamento medico alla moda? Med&amp;Beauty \u00e8 una soluzione unica per ogni professionista. Ti offriamo due comode opzioni di acquisto:  <\/p>\n\n<ul class=\"wp-block-list\">\n<li><strong>negozio fisso a Varsavia &#8211;<\/strong> sei il benvenuto a visitare il nostro showroom a Wilan\u00f3w in Klimczaka 6A\/U4. In loco potrai provare diversi modelli, toccare il tessuto e ricevere i consigli dei nostri consulenti. Questo \u00e8 il modo migliore per assicurarti che il camice medico che sceglierai sia perfettamente adatto alla tua figura e alle tue aspettative,   <\/li>\n\n\n\n<li><strong>Acquisti online con consegna rapida:<\/strong> se apprezzi la convenienza, il nostro negozio online \u00e8 al tuo servizio. Ti offriamo una gamma completa di <a href=\"https:\/\/dev.medandbeauty.com\/it\/abbigliamento-medico-varsavia\/\" target=\"_blank\" rel=\"noreferrer noopener\">abbigliamento medico a Varsavia<\/a> disponibile in pronta consegna, con consegna rapida al tuo indirizzo. Grazie a descrizioni dettagliate, tabelle delle taglie accurate e foto di alta qualit\u00e0, lo shopping online \u00e8 semplice e intuitivo.  <\/li>\n<\/ul>\n\n<h2 class=\"wp-block-heading\">Cosa distingue i nostri grembiuli da laboratorio?<\/h2>\n\n<p>Quando decidi di acquistare da Med&amp;Beauty, scegli un prodotto pensato per i professionisti. I nostri grembiuli si distinguono per: <\/p>\n\n<ul class=\"wp-block-list\">\n<li><strong>materiali di altissima qualit\u00e0 &#8211;<\/strong> cuciamo in Polonia, utilizzando tessuti traspiranti che garantiscono libert\u00e0 di movimento e sono resistenti alle pieghe,<\/li>\n\n\n\n<li><strong>Funzionalit\u00e0 ed estetica moderna:<\/strong> progettiamo ogni modello pensando al tuo comfort. Tasche spaziose per gli oggetti essenziali, comode chiusure a pressione e tagli sartoriali sono i nostri standard. Offriamo un&#8217;ampia gamma di tagli, dal classico al moderno, che metteranno in risalto la tua immagine professionale,  <\/li>\n\n\n\n<li><strong>Opzione di personalizzazione:<\/strong> vuoi che il tuo grembiule sia davvero unico? Offriamo un servizio di personalizzazione con il ricamo del tuo nome o del logo della tua struttura. \u00c8 un ottimo modo per distinguersi e creare un&#8217;identit\u00e0 aziendale coerente per il tuo team.  <\/li>\n<\/ul>\n\n<h2 class=\"wp-block-heading\">Servizi di abbigliamento da laboratorio a Varsavia<\/h2>\n\n<p>Sappiamo che il comfort non \u00e8 tutto: conta anche la facilit\u00e0 con cui si pu\u00f2 tenere pulito un abito. Anche se a Varsavia esistono lavanderie specializzate, i nostri grembiuli sono realizzati con tessuti che possono essere facilmente puliti a casa, mantenendo il loro colore e il loro taglio. Grazie all&#8217;ampia gamma di taglie e alle diverse tipologie di taglio, non sono necessarie correzioni sartoriali. \u00c8 disponibile un servizio di ricamo personalizzato a partire dallo stock del nostro negozio.   <\/p>\n\n<p><strong>Perch\u00e9 fidarsi di noi?<\/strong><\/p>\n\n<ul class=\"wp-block-list\">\n<li><strong>Lavorazione lucida<\/strong> e attenzione ai dettagli.<\/li>\n\n\n\n<li>Politica di <strong>restituzione di 100 giorni<\/strong>: acquista senza fretta e senza preoccupazioni.<\/li>\n\n\n\n<li><strong>Consegna gratuita<\/strong> per ordini superiori a 500\u20ac.<\/li>\n\n\n\n<li><strong>Sconti interessanti<\/strong> per gli studenti.<\/li>\n\n\n\n<li><strong>Possibilit\u00e0 di provarlo<\/strong> presso il nostro punto fisso nella capitale.<\/li>\n<\/ul>\n\n<p>Non perdere tempo nella ricerca. Visita il nostro negozio di abbigliamento medico a Varsavia o sfoglia l&#8217;offerta online e trova il camice che soddisfa tutte le tue aspettative. Punta su qualit\u00e0, stile e comfort con Med&amp;Beauty!  <\/p>\n","protected":false},"excerpt":{"rendered":"<p>Ti stai chiedendo quale sia il posto della capitale che offre la migliore selezione di abbigliamento medico alla moda? Med&amp;Beauty \u00e8 una soluzione unica per ogni professionista. Ti offriamo due comode opzioni di acquisto: Cosa distingue i nostri grembiuli da laboratorio? Quando decidi di acquistare da Med&amp;Beauty, scegli un prodotto pensato per i professionisti. I [&hellip;]<\/p>\n","protected":false},"author":43705,"featured_media":0,"parent":0,"menu_order":0,"comment_status":"closed","ping_status":"closed","template":"","meta":{"_acf_changed":false,"inline_featured_image":false,"footnotes":""},"class_list":["post-624612","page","type-page","status-publish","hentry"],"acf":[],"_links":{"self":[{"href":"https:\/\/dev.medandbeauty.com\/it\/wp-json\/wp\/v2\/pages\/624612","targetHints":{"allow":["GET"]}}],"collection":[{"href":"https:\/\/dev.medandbeauty.com\/it\/wp-json\/wp\/v2\/pages"}],"about":[{"href":"https:\/\/dev.medandbeauty.com\/it\/wp-json\/wp\/v2\/types\/page"}],"author":[{"embeddable":true,"href":"https:\/\/dev.medandbeauty.com\/it\/wp-json\/wp\/v2\/users\/43705"}],"replies":[{"embeddable":true,"href":"https:\/\/dev.medandbeauty.com\/it\/wp-json\/wp\/v2\/comments?post=624612"}],"version-history":[{"count":1,"href":"https:\/\/dev.medandbeauty.com\/it\/wp-json\/wp\/v2\/pages\/624612\/revisions"}],"predecessor-version":[{"id":624613,"href":"https:\/\/dev.medandbeauty.com\/it\/wp-json\/wp\/v2\/pages\/624612\/revisions\/624613"}],"wp:attachment":[{"href":"https:\/\/dev.medandbeauty.com\/it\/wp-json\/wp\/v2\/media?parent=624612"}],"curies":[{"name":"wp","href":"https:\/\/api.w.org\/{rel}","templated":true}]}}